{"id":13075,"date":"2024-08-25T11:46:54","date_gmt":"2024-08-25T11:46:54","guid":{"rendered":"https:\/\/digistar.ma\/?post_type=product&#038;p=13075"},"modified":"2024-08-25T11:47:34","modified_gmt":"2024-08-25T11:47:34","slug":"epson-eb-w51-videoprojecteur-wxga-v11h977040","status":"publish","type":"product","link":"https:\/\/digistar.ma\/?product=epson-eb-w51-videoprojecteur-wxga-v11h977040","title":{"rendered":"Epson EB-W51 Vid\u00e9oprojecteur WXGA V11H977040"},"content":{"rendered":"<h3>Epson EB-W51 Vid\u00e9oprojecteur WXGA V11H977040<\/h3>\n<h2>Projecteur WXGA<\/h2>\n<div class=\"briefdescription\">Projetez \u00e0 la maison et au bureau gr\u00e2ce \u00e0 ce projecteur WXGA flexible, durable et de haute qualit\u00e9.<\/div>\n<div class=\"highlights\">\n<ul>\n<li>Projecteur WXGA<\/li>\n<li>Luminosit\u00e9 de\u00a04\u00a0000\u00a0lumens<\/li>\n<li>Taux de contraste de 16\u00a0000:1<\/li>\n<li>Technologie\u00a03LCD<\/li>\n<\/ul>\n<\/div>\n<div class=\"introtext\">Ce projecteur polyvalent de haute qualit\u00e9 vous permet de projeter vos contenus sur grand \u00e9cran aussi bien au bureau qu\u2019\u00e0 la maison.<\/div>\n<div><\/div>\n<div class=\"introtext\">Tr\u00e8s performant avec une luminosit\u00e9 de\u00a04\u00a0000\u00a0lumens et sa technologie\u00a03LCD, il offre des images incroyablement claires et lumineuses, m\u00eame \u00e0 la lumi\u00e8re ambiante. La source lumineuse de sa lampe \u00e0 longue dur\u00e9e de vie atteste qu\u2019il s\u2019agit l\u00e0 d\u2019une solution \u00e9conomique.<\/div>\n<div><\/div>\n<div class=\"introtext\">Il est \u00e9galement facile \u00e0 transporter et \u00e0 installer.<\/div>\n<div><\/div>\n<div><strong>Une grande image, c\u2019est encore mieux<\/strong><br \/>\nQue ce soit pour regarder votre film pr\u00e9f\u00e9r\u00e9 ou pour faire une pr\u00e9sentation, ce projecteur peut offrir un affichage impressionnant de 320\u00a0pouces (812,8\u00a0cm). Dot\u00e9 de la technologie\u00a03LCD, sa qualit\u00e9 exceptionnelle g\u00e9n\u00e8re des images jusqu\u2019\u00e0 trois fois plus lumineuses que les images des produits concurrents\u00b9.<\/div>\n<div><\/div>\n<div>\n<p>Outre ses couleurs lumineuses et \u00e9clatantes, son taux de contraste de 16\u00a0000:1 offre des zones d\u2019ombres clairement d\u00e9finies et des noirs profonds. Famille, amis, coll\u00e8gues ou clients, vous captiverez votre public \u00e0 coup s\u00fbr.<\/p>\n<p><strong>Des images lumineuses de haute qualit\u00e9<\/strong><br \/>\nM\u00eame dans une pi\u00e8ce lumineuse, ce projecteur WXGA, \u00e0 la fois tr\u00e8s performant et b\u00e9n\u00e9ficiant d\u2019un prix attractif, restitue des images extr\u00eamement lumineuses et color\u00e9es, avec des d\u00e9tails tr\u00e8s nets.<\/p>\n<\/div>\n<div><\/div>\n<div>\n<p>Tout cela est rendu possible gr\u00e2ce \u00e0 la technologie\u00a03LCD, qui garantit des images avec des niveaux \u00e9quivalents de luminosit\u00e9 blanche et couleur, \u00e0 4\u00a0000\u00a0lumens.<\/p>\n<p><strong>Une solution durable<\/strong><br \/>\nVous \u00eates \u00e0 la recherche d\u2019une solution de projection \u00e9conomique, simple et durable\u00a0? Avec sa source lumineuse longue dur\u00e9e, ce mod\u00e8le vous offre l\u2019\u00e9quivalent de 18\u00a0ans de divertissement\u00b2.<\/p>\n<p><strong>Une configuration simple<\/strong><br \/>\nVoici un projecteur con\u00e7u dans un souci de portabilit\u00e9 et de rapidit\u00e9 d\u2019installation. La housse de transport facilite les d\u00e9placements d\u2019une pi\u00e8ce \u00e0 l\u2019autre. L\u2019image peut \u00eatre rapidement positionn\u00e9e avec la correction du trap\u00e8ze et l\u2019acc\u00e8s au contenu est facilit\u00e9 par les entr\u00e9es\u00a0HDMI.<\/p>\n<\/div>\n<div><\/div>\n<div>Gr\u00e2ce \u00e0 l\u2019adaptateur ELPAP10 disponible en option, la connexion Wi-Fi\u00ae est disponible pour partager le contenu depuis un appareil mobile \u00e0 l\u2019aide de l\u2019application iProjection.<\/div>\n","protected":false},"excerpt":{"rendered":"<p>R\u00e9solution: WXGA (1280 x 800), 16:10<br \/>\nLuminosit\u00e9: 4.000 lumen- 2.600 lumen (\u00e9conomie) conform\u00e9ment \u00e0 la norme IDMS15.4<br \/>\nRapport de contraste: 16.000 : 1<br \/>\nUHE, 210 W, 6.000 h Long\u00e9vit\u00e9, 12.000 h Long\u00e9vit\u00e9 (en mode \u00e9conomique)<br \/>\nRapport de projection: 1,30 &#8211; 1,56:1<br \/>\nTaille de l&#8217;image: 33 pouces &#8211; 320 pouces<br \/>\nSyst\u00e8me de projection: Technologie 3LCD, Obturateur RVB \u00e0 cristaux liquides<br \/>\nHaut : 2 W<br \/>\nPoids: 2,5 kg<br \/>\nConnexions: USB 2.0 type A, USB 2.0 type B, Entr\u00e9e VGA, Entr\u00e9e HDMI, Entr\u00e9e composite, Entr\u00e9e RCA<\/p>\n","protected":false},"featured_media":13076,"comment_status":"open","ping_status":"closed","template":"","meta":{"_acf_changed":false,"_monsterinsights_skip_tracking":false,"_monsterinsights_sitenote_active":false,"_monsterinsights_sitenote_note":"","_monsterinsights_sitenote_category":0,"_uf_show_specific_survey":0,"_uf_disable_surveys":false,"_joinchat":[]},"product_brand":[],"product_cat":[380,244,340,274],"product_tag":[],"class_list":{"0":"post-13075","1":"product","2":"type-product","3":"status-publish","4":"has-post-thumbnail","6":"product_cat-epson","7":"product_cat-image-son","8":"product_cat-videoprojecteur","9":"product_cat-videoprojecteur-ecran","11":"first","12":"instock","13":"sale","14":"shipping-taxable","15":"purchasable","16":"product-type-simple"},"acf":[],"jetpack_sharing_enabled":true,"_links":{"self":[{"href":"https:\/\/digistar.ma\/index.php?rest_route=\/wp\/v2\/product\/13075","targetHints":{"allow":["GET"]}}],"collection":[{"href":"https:\/\/digistar.ma\/index.php?rest_route=\/wp\/v2\/product"}],"about":[{"href":"https:\/\/digistar.ma\/index.php?rest_route=\/wp\/v2\/types\/product"}],"replies":[{"embeddable":true,"href":"https:\/\/digistar.ma\/index.php?rest_route=%2Fwp%2Fv2%2Fcomments&post=13075"}],"version-history":[{"count":2,"href":"https:\/\/digistar.ma\/index.php?rest_route=\/wp\/v2\/product\/13075\/revisions"}],"predecessor-version":[{"id":13081,"href":"https:\/\/digistar.ma\/index.php?rest_route=\/wp\/v2\/product\/13075\/revisions\/13081"}],"wp:featuredmedia":[{"embeddable":true,"href":"https:\/\/digistar.ma\/index.php?rest_route=\/wp\/v2\/media\/13076"}],"wp:attachment":[{"href":"https:\/\/digistar.ma\/index.php?rest_route=%2Fwp%2Fv2%2Fmedia&parent=13075"}],"wp:term":[{"taxonomy":"product_brand","embeddable":true,"href":"https:\/\/digistar.ma\/index.php?rest_route=%2Fwp%2Fv2%2Fproduct_brand&post=13075"},{"taxonomy":"product_cat","embeddable":true,"href":"https:\/\/digistar.ma\/index.php?rest_route=%2Fwp%2Fv2%2Fproduct_cat&post=13075"},{"taxonomy":"product_tag","embeddable":true,"href":"https:\/\/digistar.ma\/index.php?rest_route=%2Fwp%2Fv2%2Fproduct_tag&post=13075"}],"curies":[{"name":"wp","href":"https:\/\/api.w.org\/{rel}","templated":true}]}}