{"id":13103,"date":"2024-08-25T18:11:05","date_gmt":"2024-08-25T18:11:05","guid":{"rendered":"https:\/\/digistar.ma\/?post_type=product&#038;p=13103"},"modified":"2024-08-25T18:11:06","modified_gmt":"2024-08-25T18:11:06","slug":"epson-eb-2250u-videoprojecteur-wuxga-v11h871040","status":"publish","type":"product","link":"https:\/\/digistar.ma\/?product=epson-eb-2250u-videoprojecteur-wuxga-v11h871040","title":{"rendered":"Epson EB-2250U Vid\u00e9oprojecteur WUXGA V11H871040"},"content":{"rendered":"<h3>Epson EB-2250U Vid\u00e9oprojecteur WUXGA V11H871040<\/h3>\n<div>Mettez toutes les chances de votre c\u00f4t\u00e9. Le vid\u00e9oprojecteur\u00a0<strong>Epson EB-2250U<\/strong>\u00a0poss\u00e8de une r\u00e9solution WUXGA accompagn\u00e9e de la technologie 3LCD et 5000 lumens pour une luminosit\u00e9 adapt\u00e9e \u00e0 vos besoins, m\u00eame dans les pi\u00e8ces lumineuses.<\/div>\n<div><\/div>\n<div>Vos pr\u00e9sentations seront plus vivantes gr\u00e2ce \u00e0 la fonction Gesture Presenter pour un contr\u00f4le innovant.<\/p>\n<p>Profitez d&#8217;un large choix de connectiques avec notamment deux entr\u00e9es HDMI, du VGA et une connexion Ethernet Gigabit. Enfin, via un module disponible en option, ce vid\u00e9oprojecteur pourra vous offrir une connexion sans fil.\n<\/p><\/div>\n<div>\n<table border=\"0\" width=\"100%\" cellspacing=\"1\" cellpadding=\"1\">\n<tbody>\n<tr>\n<td>\n<h2>Des pr\u00e9sentations vivantes<\/h2>\n<div>R\u00e9alisez des pr\u00e9sentations de qualit\u00e9 \u00e0 l&#8217;aide du vid\u00e9oprojecteur Epson EB-2250U, sa r\u00e9solution de\u00a0<strong>1920 x 1200 pixels<\/strong>\u00a0et sa belle luminosit\u00e9 de\u00a0<strong>5000 lumens<\/strong>.<\/div>\n<div><\/div>\n<div>Ainsi, les contenus projet\u00e9s seront\u00a0parfaitement lisibles m\u00eame dans une pi\u00e8ce imbib\u00e9e de lumi\u00e8re. La\u00a0<strong>technologie 3LCD<\/strong>\u00a0viendra renforcer ce ph\u00e9nom\u00e8ne pour un r\u00e9sultat toujours impeccable.<\/p>\n<p>Gr\u00e2ce \u00e0 ce mod\u00e8le, vous pourrez projeter une image pouvant atteindre\u00a0<strong>260 pouces<\/strong>. De plus, ce dernier int\u00e8gre la fonction\u00a0<strong>Gesture Presenter<\/strong>\u00a0qui vous permettra de passer une diapositive par un simple geste de la main.<\/div>\n<\/td>\n<td width=\"450\"><img decoding=\"async\" src=\"https:\/\/media.ldlc.com\/bo\/images\/fiches\/videoprojecteur\/epson\/eb-2250u\/texte1.jpg\" alt=\"\" \/><\/td>\n<\/tr>\n<\/tbody>\n<\/table>\n<div>\n<\/div>\n<table border=\"0\" width=\"100%\" cellspacing=\"1\" cellpadding=\"1\">\n<tbody>\n<tr>\n<td width=\"450\"><img decoding=\"async\" src=\"https:\/\/media.ldlc.com\/bo\/images\/fiches\/videoprojecteur\/epson\/eb-2250u\/texte2.jpg\" alt=\"\" \/><\/td>\n<td>\n<h2>Installation simple et partage de contenu<\/h2>\n<div>Les fonctions d\u2019aide au r\u00e9glage, de correction du trap\u00e8ze et d\u2019ajustement \u00e0 l\u2019\u00e9cran visent \u00e0 garantir une installation simple, tandis que les options de connectivit\u00e9 polyvalentes viendront faciliter votre quotidien.<\/div>\n<div><\/div>\n<div>Enfin, outre une image haute r\u00e9solution, ce projecteur professionnel se caract\u00e9rise \u00e9galement par des haut-parleurs\u00a0<strong>16W int\u00e9gr\u00e9s<\/strong>.<\/p>\n<p>Le vid\u00e9oprojecteur dispose \u00e9galement d&#8217;une connexion sans fil (en option) pour vous faciliter la vie au quotidien.<\/p><\/div>\n<div><\/div>\n<div>Le contenu peut aussi\u00a0\u00eatre affich\u00e9 dans un \u00e9cran partag\u00e9, tandis que le logiciel\u00a0<strong>Multi-PC Projection<\/strong>\u00a0prend en charge jusqu\u2019\u00e0 50 PC pour faciliter la collaboration lors de grandes r\u00e9unions.<\/div>\n<\/td>\n<\/tr>\n<\/tbody>\n<\/table>\n<\/div>\n","protected":false},"excerpt":{"rendered":"<ul>\n<li><strong>Vid\u00e9oprojecteur interactif WXGA<\/strong><\/li>\n<li>Technologie 3LCD<\/li>\n<li><strong>Source lumineuse laser<\/strong>\u00a0: dur\u00e9e de vie jusqu&#8217;\u00e0 30 000 heures (mode Eco)<\/li>\n<li>Luminosit\u00e9 : 4000 Lumens<\/li>\n<li><strong>Focale ultra-courte<\/strong><\/li>\n<li><b>Stylets interactifs avec embouts inclus<\/b><\/li>\n<li>Interface tactile et interface multi-touches en option<\/li>\n<li>Application iProjection : connectivit\u00e9 et contr\u00f4le collaboratif sans fil via plusieurs appareils (Windows et iOS)<\/li>\n<li>Connectiques : HDMI\u00a0\/ VGA\u00a0\/ USB \/ S\u00e9rie \/ Fast Ethernet<\/li>\n<li>Fonctionnalit\u00e9 sans fil Wi-Fi avec Miracast (via module optionnel ELPAP11)<\/li>\n<li>Puissance sonore : 1\u00a0x 16\u00a0Watts<\/li>\n<\/ul>\n","protected":false},"featured_media":13104,"comment_status":"open","ping_status":"closed","template":"","meta":{"_acf_changed":false,"_monsterinsights_skip_tracking":false,"_monsterinsights_sitenote_active":false,"_monsterinsights_sitenote_note":"","_monsterinsights_sitenote_category":0,"_uf_show_specific_survey":0,"_uf_disable_surveys":false,"_joinchat":[]},"product_brand":[],"product_cat":[244,380,340,274],"product_tag":[],"class_list":{"0":"post-13103","1":"product","2":"type-product","3":"status-publish","4":"has-post-thumbnail","6":"product_cat-image-son","7":"product_cat-epson","8":"product_cat-videoprojecteur","9":"product_cat-videoprojecteur-ecran","11":"first","12":"instock","13":"sale","14":"shipping-taxable","15":"purchasable","16":"product-type-simple"},"acf":[],"jetpack_sharing_enabled":true,"_links":{"self":[{"href":"https:\/\/digistar.ma\/index.php?rest_route=\/wp\/v2\/product\/13103","targetHints":{"allow":["GET"]}}],"collection":[{"href":"https:\/\/digistar.ma\/index.php?rest_route=\/wp\/v2\/product"}],"about":[{"href":"https:\/\/digistar.ma\/index.php?rest_route=\/wp\/v2\/types\/product"}],"replies":[{"embeddable":true,"href":"https:\/\/digistar.ma\/index.php?rest_route=%2Fwp%2Fv2%2Fcomments&post=13103"}],"version-history":[{"count":1,"href":"https:\/\/digistar.ma\/index.php?rest_route=\/wp\/v2\/product\/13103\/revisions"}],"predecessor-version":[{"id":13108,"href":"https:\/\/digistar.ma\/index.php?rest_route=\/wp\/v2\/product\/13103\/revisions\/13108"}],"wp:featuredmedia":[{"embeddable":true,"href":"https:\/\/digistar.ma\/index.php?rest_route=\/wp\/v2\/media\/13104"}],"wp:attachment":[{"href":"https:\/\/digistar.ma\/index.php?rest_route=%2Fwp%2Fv2%2Fmedia&parent=13103"}],"wp:term":[{"taxonomy":"product_brand","embeddable":true,"href":"https:\/\/digistar.ma\/index.php?rest_route=%2Fwp%2Fv2%2Fproduct_brand&post=13103"},{"taxonomy":"product_cat","embeddable":true,"href":"https:\/\/digistar.ma\/index.php?rest_route=%2Fwp%2Fv2%2Fproduct_cat&post=13103"},{"taxonomy":"product_tag","embeddable":true,"href":"https:\/\/digistar.ma\/index.php?rest_route=%2Fwp%2Fv2%2Fproduct_tag&post=13103"}],"curies":[{"name":"wp","href":"https:\/\/api.w.org\/{rel}","templated":true}]}}