{"id":13185,"date":"2024-09-23T21:42:19","date_gmt":"2024-09-23T21:42:19","guid":{"rendered":"https:\/\/digistar.ma\/?post_type=product&#038;p=13185"},"modified":"2024-09-23T21:42:20","modified_gmt":"2024-09-23T21:42:20","slug":"oreillette-bluetooth-mono-jabra-talk-15-se-noir","status":"publish","type":"product","link":"https:\/\/digistar.ma\/?product=oreillette-bluetooth-mono-jabra-talk-15-se-noir","title":{"rendered":"Oreillette Bluetooth mono Jabra Talk 15 SE Noir"},"content":{"rendered":"<h4>Oreillette Bluetooth mono Jabra Talk 15 SE Noir<\/h4>\n<h2 class=\"h2-master\">Le casque\/oreillette con\u00e7u pour simplifier vos conversations<\/h2>\n<section>L&#8217;<strong>oreillette\/casque\u00a0Talk 15 SE<\/strong>\u00a0de\u00a0<strong>Jabra<\/strong>\u00a0a \u00e9t\u00e9 con\u00e7u\u00a0pour vous faciliter au maximum toutes vos conversations. Ce casque vous permet de profiter d&#8217;appels clairs. Il est dot\u00e9 d&#8217;une technologie audio optimis\u00e9e pour des appels de haute qualit\u00e9.<\/section>\n<section><\/section>\n<section>Gr\u00e2ce \u00e0 lui vous pouvez profiter de tous les avantages du streaming depuis votre t\u00e9l\u00e9phone (Musique, podcasts et itin\u00e9raires GPS&#8230;). Il est dot\u00e9 d&#8217;une batterie longue dur\u00e9e qui vous apporte jusqu&#8217;\u00e0 7 heures d\u2019autonomie en conversation et jusqu&#8217;\u00e0 14 jours en mode veille.<\/section>\n<section><\/section>\n<section>\n<div class=\"desc-image\"><img decoding=\"async\" src=\"https:\/\/media.ldlc.com\/bo\/images\/fiches\/casque\/jabra\/Talk%2015%20SE\/Talk15SE_800_1.jpg\" alt=\"\" \/><\/div>\n<div class=\"desc-text\">\n<h2>Des Appels\u00a0d&#8217;une grande clart\u00e9<\/h2>\n<p>B\u00e9n\u00e9ficiez d&#8217;une qualit\u00e9 audio sup\u00e9rieure avec un microphone et des haut-parleurs de pointe con\u00e7us pour des appels d&#8217;une grande clart\u00e9.<\/p><\/div>\n<\/section>\n<section>\n<div class=\"desc-text\">\n<h2>Diffusion en streaming des indications GPS et contenus multim\u00e9dia<\/h2>\n<p>Le\u00a0<strong>Talk 15 SE<\/strong>\u00a0vous permet de l<strong>ib\u00e9rer le potentiel de vos contenus multim\u00e9dia<\/strong>. Vous pouvez ainsi diffuser vos indications GPS, chansons et podcasts depuis votre mobile.<\/p>\n<p>Gr\u00e2ce \u00e0 une\u00a0<strong>autonomie en conversation de 7 heures et \u00e0 14 heures en mode veille<\/strong>, vous pouvez passer des appels sans fil en Bluetooth en toute fiabilit\u00e9 toute la journ\u00e9e, en une seule recharge.<\/div>\n<\/section>\n","protected":false},"excerpt":{"rendered":"<ul>\n<li>Voix HD assurant une qualit\u00e9 audio haute d\u00e9finition clart\u00e9 sonore incomparable<\/li>\n<li>Connectivit\u00e9 Bluetooth 5.0 : Pas de perte audio ni d\u2019interruptions<\/li>\n<li>Technologie A2DP pour le streaming Vous permet de diffuser en streaming de la musique, des podcasts et des itin\u00e9raires GPS<\/li>\n<li>Multiconnexion : Se connecte \u00e0 2 p\u00e9riph\u00e9riques Bluetooth simultan\u00e9ment<\/li>\n<li>LED d\u2019\u00e9tat Jabra : Affiche l\u2019\u00e9tat de connexion et l\u2019\u00e9tat de la batterie<\/li>\n<li>EarGels ultra confortables : Tenue parfaite toute la journ\u00e9e<\/li>\n<li>2 tailles d\u2019EarHooks au choix : Possibilit\u00e9 de les porter sur l\u2019oreille droite ou sur l\u2019oreille gauche\/confort et tenue am\u00e9lior\u00e9e<\/li>\n<li>Puissance d\u2019entr\u00e9e max. du haut-parleur 10 mW<\/li>\n<li>Plage de fr\u00e9quences du haut-parleur 100Hz &#8211; 10000Hz<\/li>\n<li>Imp\u00e9dance du haut-parleur 32 \u03a9<\/li>\n<li>Type de microphone Omnidirectionnel<\/li>\n<li>Sensibilit\u00e9 du microphone -42\u00b11dB\uff080dB=1V\/Pa, at 1KHz)<\/li>\n<li>Autonomie en conversation :\u00a0 jusqu&#8217;\u00e0 7\u00a0heures<\/li>\n<li>Autonomie en veille : jusqu&#8217;\u00e0 14 heures<\/li>\n<li>Port\u00e9e de fonctionnement : Jusqu&#8217;\u00e0 10 m\u00e8tres<\/li>\n<li>Dimensions du micro-casque : 16.4\u00a0x 21.7\u00a0x 53.6 mm<\/li>\n<li>Poids du micro-casque : 9.6 g<\/li>\n<\/ul>\n","protected":false},"featured_media":13186,"comment_status":"open","ping_status":"closed","template":"","meta":{"_acf_changed":false,"_monsterinsights_skip_tracking":false,"_monsterinsights_sitenote_active":false,"_monsterinsights_sitenote_note":"","_monsterinsights_sitenote_category":0,"_uf_show_specific_survey":0,"_uf_disable_surveys":false,"_joinchat":[]},"product_brand":[],"product_cat":[244,344,278],"product_tag":[],"class_list":{"0":"post-13185","1":"product","2":"type-product","3":"status-publish","4":"has-post-thumbnail","6":"product_cat-image-son","7":"product_cat-casque-ecouteur","8":"product_cat-son","10":"first","11":"instock","12":"sale","13":"shipping-taxable","14":"purchasable","15":"product-type-simple"},"acf":[],"jetpack_sharing_enabled":true,"_links":{"self":[{"href":"https:\/\/digistar.ma\/index.php?rest_route=\/wp\/v2\/product\/13185","targetHints":{"allow":["GET"]}}],"collection":[{"href":"https:\/\/digistar.ma\/index.php?rest_route=\/wp\/v2\/product"}],"about":[{"href":"https:\/\/digistar.ma\/index.php?rest_route=\/wp\/v2\/types\/product"}],"replies":[{"embeddable":true,"href":"https:\/\/digistar.ma\/index.php?rest_route=%2Fwp%2Fv2%2Fcomments&post=13185"}],"version-history":[{"count":1,"href":"https:\/\/digistar.ma\/index.php?rest_route=\/wp\/v2\/product\/13185\/revisions"}],"predecessor-version":[{"id":13190,"href":"https:\/\/digistar.ma\/index.php?rest_route=\/wp\/v2\/product\/13185\/revisions\/13190"}],"wp:featuredmedia":[{"embeddable":true,"href":"https:\/\/digistar.ma\/index.php?rest_route=\/wp\/v2\/media\/13186"}],"wp:attachment":[{"href":"https:\/\/digistar.ma\/index.php?rest_route=%2Fwp%2Fv2%2Fmedia&parent=13185"}],"wp:term":[{"taxonomy":"product_brand","embeddable":true,"href":"https:\/\/digistar.ma\/index.php?rest_route=%2Fwp%2Fv2%2Fproduct_brand&post=13185"},{"taxonomy":"product_cat","embeddable":true,"href":"https:\/\/digistar.ma\/index.php?rest_route=%2Fwp%2Fv2%2Fproduct_cat&post=13185"},{"taxonomy":"product_tag","embeddable":true,"href":"https:\/\/digistar.ma\/index.php?rest_route=%2Fwp%2Fv2%2Fproduct_tag&post=13185"}],"curies":[{"name":"wp","href":"https:\/\/api.w.org\/{rel}","templated":true}]}}