{"id":13191,"date":"2024-09-23T22:02:17","date_gmt":"2024-09-23T22:02:17","guid":{"rendered":"https:\/\/digistar.ma\/?post_type=product&#038;p=13191"},"modified":"2024-09-23T22:02:18","modified_gmt":"2024-09-23T22:02:18","slug":"jabra-evolve-20-ms-stereo-micro-casque-filaire","status":"publish","type":"product","link":"https:\/\/digistar.ma\/?product=jabra-evolve-20-ms-stereo-micro-casque-filaire","title":{"rendered":"Jabra Evolve 20 MS St\u00e9r\u00e9o Micro casque filaire"},"content":{"rendered":"<h4>Jabra Evolve 20 MS St\u00e9r\u00e9o Micro casque filaire<\/h4>\n<h2 class=\"h2-master\">Restez pleinement concentr\u00e9<\/h2>\n<section>Le\u00a0<strong>Jabra Evolve 20 MS Stereo<\/strong>\u00a0est un micro-casque professionnel sp\u00e9cialement con\u00e7u pour am\u00e9liorer la qualit\u00e9 des conversations et optimis\u00e9 pour Microsoft Lync. Son microphone antibruit de pointe \u00e9limine les bruits environnants, vous permettant ainsi de mieux entendre et de rester pleinement concentr\u00e9 sur la conversation.<\/p>\n<\/section>\n<section>\n<div class=\"desc-image\"><img decoding=\"async\" src=\"https:\/\/media.ldlc.com\/bo\/images\/fiches\/casque\/jabra\/Evolve\/3.jpg\" alt=\"\" \/><\/div>\n<div class=\"desc-text\">\n<h2>Plus de flexibilit\u00e9<\/h2>\n<p>Le Jabra Evolve 20 MS\u00a0Stereo est \u00e9quip\u00e9 d&#8217;une unit\u00e9 de contr\u00f4le pour un acc\u00e8s simple et pratique aux fonctions les plus utilis\u00e9es (r\u00e9glage du volume, d\u00e9sactivation du micro, etc.).<\/p>\n<p>L&#8217;unit\u00e9 de contr\u00f4le vous offre \u00e9galement la possibilit\u00e9 de d\u00e9crocher et raccrocher vos appels.<br \/>\nCette flexibilit\u00e9 vous permet d&#8217;\u00eatre mieux concentr\u00e9 sur votre conversation.<\/p>\n<\/div>\n<\/section>\n<section class=\"list\">\n<h2>Caract\u00e9ristiques principales :<\/h2>\n<ul>\n<li>Optimis\u00e9 pour les communications unifi\u00e9es et dot\u00e9 d\u2019un adaptateur USB pour une int\u00e9gration simplissime avec votre PC<\/li>\n<li>Coussinets d\u2019oreille en mousse<\/li>\n<li><strong>Optimis\u00e9 pour Microsoft Lync<\/strong><\/li>\n<\/ul>\n<\/section>\n","protected":false},"excerpt":{"rendered":"<ul>\n<li>Optimis\u00e9 pour les communications unifi\u00e9es et dot\u00e9 d\u2019un adaptateur USB pour une int\u00e9gration simplissime avec votre PC<\/li>\n<li>Coussinets d\u2019oreille en mousse<\/li>\n<li><strong>Optimis\u00e9 pour Microsoft Lync<\/strong><\/li>\n<\/ul>\n","protected":false},"featured_media":13192,"comment_status":"open","ping_status":"closed","template":"","meta":{"_acf_changed":false,"_monsterinsights_skip_tracking":false,"_monsterinsights_sitenote_active":false,"_monsterinsights_sitenote_note":"","_monsterinsights_sitenote_category":0,"_uf_show_specific_survey":0,"_uf_disable_surveys":false,"_joinchat":[]},"product_brand":[],"product_cat":[244,344,278],"product_tag":[],"class_list":{"0":"post-13191","1":"product","2":"type-product","3":"status-publish","4":"has-post-thumbnail","6":"product_cat-image-son","7":"product_cat-casque-ecouteur","8":"product_cat-son","10":"first","11":"instock","12":"sale","13":"shipping-taxable","14":"purchasable","15":"product-type-simple"},"acf":[],"jetpack_sharing_enabled":true,"_links":{"self":[{"href":"https:\/\/digistar.ma\/index.php?rest_route=\/wp\/v2\/product\/13191","targetHints":{"allow":["GET"]}}],"collection":[{"href":"https:\/\/digistar.ma\/index.php?rest_route=\/wp\/v2\/product"}],"about":[{"href":"https:\/\/digistar.ma\/index.php?rest_route=\/wp\/v2\/types\/product"}],"replies":[{"embeddable":true,"href":"https:\/\/digistar.ma\/index.php?rest_route=%2Fwp%2Fv2%2Fcomments&post=13191"}],"version-history":[{"count":1,"href":"https:\/\/digistar.ma\/index.php?rest_route=\/wp\/v2\/product\/13191\/revisions"}],"predecessor-version":[{"id":13196,"href":"https:\/\/digistar.ma\/index.php?rest_route=\/wp\/v2\/product\/13191\/revisions\/13196"}],"wp:featuredmedia":[{"embeddable":true,"href":"https:\/\/digistar.ma\/index.php?rest_route=\/wp\/v2\/media\/13192"}],"wp:attachment":[{"href":"https:\/\/digistar.ma\/index.php?rest_route=%2Fwp%2Fv2%2Fmedia&parent=13191"}],"wp:term":[{"taxonomy":"product_brand","embeddable":true,"href":"https:\/\/digistar.ma\/index.php?rest_route=%2Fwp%2Fv2%2Fproduct_brand&post=13191"},{"taxonomy":"product_cat","embeddable":true,"href":"https:\/\/digistar.ma\/index.php?rest_route=%2Fwp%2Fv2%2Fproduct_cat&post=13191"},{"taxonomy":"product_tag","embeddable":true,"href":"https:\/\/digistar.ma\/index.php?rest_route=%2Fwp%2Fv2%2Fproduct_tag&post=13191"}],"curies":[{"name":"wp","href":"https:\/\/api.w.org\/{rel}","templated":true}]}}