{"id":13197,"date":"2024-09-23T22:25:57","date_gmt":"2024-09-23T22:25:57","guid":{"rendered":"https:\/\/digistar.ma\/?post_type=product&#038;p=13197"},"modified":"2026-03-11T12:52:10","modified_gmt":"2026-03-11T12:52:10","slug":"micro-casque-jabra-evolve-30-ii-stereo-ms","status":"publish","type":"product","link":"https:\/\/digistar.ma\/?product=micro-casque-jabra-evolve-30-ii-stereo-ms","title":{"rendered":"Micro casque Jabra Evolve 30 II Stereo MS"},"content":{"rendered":"<h4>Micro casque Jabra Evolve 30 II Stereo MS<\/h4>\n<h2 class=\"h2-master\">Restez parfaitement concentr\u00e9 sur la conversation<\/h2>\n<section>Le\u00a0<strong>Jabra Evolve 30 II\u00a0Stereo MS<\/strong>\u00a0est un\u00a0<strong>micro-casque professionnel<\/strong>\u00a0sp\u00e9cialement con\u00e7u pour am\u00e9liorer la qualit\u00e9 des conversations et\u00a0<strong>optimis\u00e9 pour Microsoft Teams<\/strong>. Son microphone antibruit de pointe \u00e9limine les bruits environnants, vous permettant ainsi de mieux entendre et de rester pleinement concentr\u00e9 sur la conversation.<\/section>\n<section>\n<div class=\"desc-image\"><img decoding=\"async\" src=\"https:\/\/media.ldlc.com\/bo\/images\/fiches\/casque\/jabra\/Evolve%2030%20II\/Evolve30IISt%C3%A9r%C3%A9oMS_800_1.jpg\" alt=\"\" \/><\/div>\n<div class=\"desc-text\">\n<h2>Restez connect\u00e9, simplifiez vos appels et am\u00e9liorez votre productivit\u00e9<\/h2>\n<p>Connectez votre micro-casque \u00e0 un ordinateur via<strong>\u00a0USB<\/strong>\u00a0ou \u00e0 votre appareil personnel (smartphone, tablette, etc.) par la biais de son<strong>\u00a0jack 3,5 mm<\/strong>\u00a0et passez vos appels ou \u00e9coutez votre musique pr\u00e9f\u00e9r\u00e9e o\u00f9 que vous soyez.<\/p>\n<p>L&#8217;Evolve 30 II est \u00e9quip\u00e9 d&#8217;un\u00a0<strong>syst\u00e8me de contr\u00f4le d&#8217;appel int\u00e9gr\u00e9\u00a0<\/strong>dot\u00e9 de larges boutons et d&#8217;indicateurs LED pour une gestion simplifi\u00e9e des appels et de la musique. Vous pouvez d\u00e9crocher\/raccrocher vos appels, r\u00e9gler le volume ou d\u00e9sactiver le micro.<\/p>\n<p>Le microphone de\u00a0l&#8217;Evolve 30 II est dot\u00e9 d&#8217;une<strong>\u00a0technologie de pointe permettant d&#8217;\u00e9liminer les bruits de fond<\/strong>. Votre interlocuteur n&#8217;a pas besoin de tendre l&#8217;oreille pour vous comprendre.<\/p>\n<p>L&#8217;Evolve 30 II est pr\u00eat \u00e0 l&#8217;emploi avec les principaux syst\u00e8mes de t\u00e9l\u00e9phonie. Il vous suffit de brancher le micro-casque et le tour est jou\u00e9 !<\/p>\n<\/div>\n<\/section>\n<section>\n<h2>Caract\u00e9ristiques principales :<\/h2>\n<ul>\n<li>Optimis\u00e9 pour les communications unifi\u00e9es et dot\u00e9 d\u2019un adaptateur USB pour une int\u00e9gration simplissime avec votre PC<\/li>\n<li>Coussinets d\u2019oreille en mousse<\/li>\n<li><strong>Optimis\u00e9 pour Microsoft Teams<\/strong><\/li>\n<li>Bande passante micro-casque : Large bande<\/li>\n<li>Bande passante haut-parleurs en mode musique : Large bande<\/li>\n<li>Bande passante haut-parleurs en mode voix : Large bande<\/li>\n<li>Bande passante du micro : Large bande<\/li>\n<li>Certifications Autorisations r\u00e9glementaires : CE, FCC, KCC, RCM, UL,<\/li>\n<li>Certifications industrielles : Microsoft Teams, Avaya, Cisco<\/li>\n<li>Alimentation USB<\/li>\n<li>Connexion : USB-A, jack 3,5 mm<\/li>\n<li>Longueur cordon : C\u00e2ble de contr\u00f4le\u00a095 cm et c\u00e2ble HS 120 cm<\/li>\n<li>Poids : 171.1 g<\/li>\n<\/ul>\n<\/section>\n","protected":false},"excerpt":{"rendered":"<ul>\n<li>Optimis\u00e9 pour les communications unifi\u00e9es et dot\u00e9 d\u2019un adaptateur USB pour une int\u00e9gration simplissime avec votre PC<\/li>\n<li>Coussinets d\u2019oreille en mousse<\/li>\n<li><strong>Optimis\u00e9 pour Microsoft Teams<\/strong><\/li>\n<li>Bande passante micro-casque : Large bande<\/li>\n<li>Bande passante haut-parleurs en mode musique : Large bande<\/li>\n<li>Bande passante haut-parleurs en mode voix : Large bande<\/li>\n<li>Bande passante du micro : Large bande<\/li>\n<li>Certifications Autorisations r\u00e9glementaires : CE, FCC, KCC, RCM, UL,<\/li>\n<li>Certifications industrielles : Microsoft Teams, Avaya, Cisco<\/li>\n<li>Alimentation USB<\/li>\n<li>Connexion : USB-A, jack 3,5 mm<\/li>\n<li>Longueur cordon : C\u00e2ble de contr\u00f4le\u00a095 cm et c\u00e2ble HS 120 cm<\/li>\n<li>Poids : 171.1 g<\/li>\n<\/ul>\n","protected":false},"featured_media":13198,"comment_status":"open","ping_status":"closed","template":"","meta":{"_acf_changed":false,"_monsterinsights_skip_tracking":false,"_monsterinsights_sitenote_active":false,"_monsterinsights_sitenote_note":"","_monsterinsights_sitenote_category":0,"_uf_show_specific_survey":0,"_uf_disable_surveys":false,"_joinchat":[]},"product_brand":[],"product_cat":[244,344,278],"product_tag":[],"class_list":{"0":"post-13197","1":"product","2":"type-product","3":"status-publish","4":"has-post-thumbnail","6":"product_cat-image-son","7":"product_cat-casque-ecouteur","8":"product_cat-son","10":"first","11":"instock","12":"sale","13":"shipping-taxable","14":"purchasable","15":"product-type-simple"},"acf":[],"jetpack_sharing_enabled":true,"_links":{"self":[{"href":"https:\/\/digistar.ma\/index.php?rest_route=\/wp\/v2\/product\/13197","targetHints":{"allow":["GET"]}}],"collection":[{"href":"https:\/\/digistar.ma\/index.php?rest_route=\/wp\/v2\/product"}],"about":[{"href":"https:\/\/digistar.ma\/index.php?rest_route=\/wp\/v2\/types\/product"}],"replies":[{"embeddable":true,"href":"https:\/\/digistar.ma\/index.php?rest_route=%2Fwp%2Fv2%2Fcomments&post=13197"}],"version-history":[{"count":2,"href":"https:\/\/digistar.ma\/index.php?rest_route=\/wp\/v2\/product\/13197\/revisions"}],"predecessor-version":[{"id":16736,"href":"https:\/\/digistar.ma\/index.php?rest_route=\/wp\/v2\/product\/13197\/revisions\/16736"}],"wp:featuredmedia":[{"embeddable":true,"href":"https:\/\/digistar.ma\/index.php?rest_route=\/wp\/v2\/media\/13198"}],"wp:attachment":[{"href":"https:\/\/digistar.ma\/index.php?rest_route=%2Fwp%2Fv2%2Fmedia&parent=13197"}],"wp:term":[{"taxonomy":"product_brand","embeddable":true,"href":"https:\/\/digistar.ma\/index.php?rest_route=%2Fwp%2Fv2%2Fproduct_brand&post=13197"},{"taxonomy":"product_cat","embeddable":true,"href":"https:\/\/digistar.ma\/index.php?rest_route=%2Fwp%2Fv2%2Fproduct_cat&post=13197"},{"taxonomy":"product_tag","embeddable":true,"href":"https:\/\/digistar.ma\/index.php?rest_route=%2Fwp%2Fv2%2Fproduct_tag&post=13197"}],"curies":[{"name":"wp","href":"https:\/\/api.w.org\/{rel}","templated":true}]}}