{"id":13202,"date":"2024-09-23T22:42:42","date_gmt":"2024-09-23T22:42:42","guid":{"rendered":"https:\/\/digistar.ma\/?post_type=product&#038;p=13202"},"modified":"2024-09-23T22:42:43","modified_gmt":"2024-09-23T22:42:43","slug":"micro-casque-jabra-evolve-40-ms-stereo","status":"publish","type":"product","link":"https:\/\/digistar.ma\/?product=micro-casque-jabra-evolve-40-ms-stereo","title":{"rendered":"Micro casque Jabra Evolve 40 MS Stereo"},"content":{"rendered":"<h2>Micro casque Jabra Evolve 40 MS Stereo<\/h2>\n<h2 class=\"h2-master\">Restez pleinement concentr\u00e9<\/h2>\n<section>Le\u00a0<strong>Jabra Evolve 40 MS St\u00e9r\u00e9o<\/strong>\u00a0est un micro-casque professionnel con\u00e7u pour renforcer la concentration et am\u00e9liorer la qualit\u00e9 des conversations.<\/p>\n<p>Sa technologie antibruit de tr\u00e8s haut niveau vous procure la tranquillit\u00e9 d\u2019esprit dans les espaces de travail ouverts et bruyants gr\u00e2ce \u00e0 la cr\u00e9ation d&#8217;une zone de concentration autour de vous. Vous pouvez ainsi vous concentrer pleinement sur votre travail.<\/p>\n<p>Les \u00e9couteurs, munis de coussinets d&#8217;oreille en similicuir pour un look \u00e9l\u00e9gant et un confort optimal, ont \u00e9t\u00e9 sp\u00e9cialement con\u00e7us pour r\u00e9duire le bruit au bureau.<br \/>\nLa zone de concentration comprend \u00e9galement un indicateur lumineux \u00ab Busylight \u00bb signalant \u00e0 vos coll\u00e8gues lorsque vous \u00eates en ligne.<\/p>\n<\/section>\n<section>\n<div class=\"desc-image\"><img decoding=\"async\" src=\"https:\/\/media.ldlc.com\/bo\/images\/fiches\/casque\/jabra\/Evolve\/1.jpg\" alt=\"\" \/><\/div>\n<div class=\"desc-text\">\n<h2>Plus de flexibilit\u00e9<\/h2>\n<p>\u00c0 vous de choisir o\u00f9 vous souhaitez travailler ! Le Jabra Evolve 40 dispose d&#8217;un jack 3,5 mm int\u00e9gr\u00e9 dans l&#8217;unit\u00e9 de contr\u00f4le qui vous permet de connecter votre micro-casque filaire \u00e0 votre PC, smartphone ou tablette.<\/p>\n<p>L&#8217;unit\u00e9 de contr\u00f4le assure \u00e9galement un acc\u00e8s simple et pratique aux fonctions les plus utilis\u00e9es (r\u00e9glage du volume, d\u00e9sactivation du micro, etc.).<\/p>\n<p>L&#8217;unit\u00e9 de contr\u00f4le vous offre \u00e9galement la possibilit\u00e9 de d\u00e9crocher et raccrocher vos appels.<br \/>\nCette flexibilit\u00e9 vous permet d&#8217;\u00eatre mieux concentr\u00e9 sur votre conversation.<\/p>\n<p>Vous \u00eates en d\u00e9placement ou n&#8217;\u00eates pas en ligne ? Dans ce cas, vous pouvez ramener la perche micro dans le serre-t\u00eate &#8211; et ainsi transformer votre micro-casque de bureau en casque personnel.<\/p>\n<\/div>\n<\/section>\n<section class=\"list\">\n<h2>Caract\u00e9ristiques principales :<\/h2>\n<ul>\n<li><strong>Adaptateur USB avec jack 3,5 mm int\u00e9gr\u00e9 dans\u00a0l\u2019unit\u00e9 de contr\u00f4le<\/strong><\/li>\n<li>Connectez facilement votre\u00a0micro-casque \u00e0 votre PC, smartphone ou tablette<\/li>\n<li>Indicateur lumineux signalant lorsque vous \u00eates en ligne<\/li>\n<li>Possibilit\u00e9 de ramener la perche micro dans le\u00a0serre-t\u00eate lorsque vous n\u2019\u00eates pas en ligne ou\u00a0\u00e9coutez de la musique.<\/li>\n<li><strong>Coussinets d\u2019oreille en similicuir<\/strong><\/li>\n<li>Pochette souple incluse<\/li>\n<li><strong>Optimis\u00e9 pour Microsoft Lync<\/strong><\/li>\n<\/ul>\n<\/section>\n","protected":false},"excerpt":{"rendered":"<ul>\n<li><strong>Adaptateur USB avec jack 3,5 mm int\u00e9gr\u00e9 dans\u00a0l\u2019unit\u00e9 de contr\u00f4le<\/strong><\/li>\n<li>Connectez facilement votre\u00a0micro-casque \u00e0 votre PC, smartphone ou tablette<\/li>\n<li>Indicateur lumineux signalant lorsque vous \u00eates en ligne<\/li>\n<li>Possibilit\u00e9 de ramener la perche micro dans le\u00a0serre-t\u00eate lorsque vous n\u2019\u00eates pas en ligne ou\u00a0\u00e9coutez de la musique.<\/li>\n<li><strong>Coussinets d\u2019oreille en similicuir<\/strong><\/li>\n<li>Pochette souple incluse<\/li>\n<li><strong>Optimis\u00e9 pour Microsoft Lync<\/strong><\/li>\n<\/ul>\n","protected":false},"featured_media":13203,"comment_status":"open","ping_status":"closed","template":"","meta":{"_acf_changed":false,"_monsterinsights_skip_tracking":false,"_monsterinsights_sitenote_active":false,"_monsterinsights_sitenote_note":"","_monsterinsights_sitenote_category":0,"_uf_show_specific_survey":0,"_uf_disable_surveys":false,"_joinchat":[]},"product_brand":[],"product_cat":[244,344,278],"product_tag":[],"class_list":{"0":"post-13202","1":"product","2":"type-product","3":"status-publish","4":"has-post-thumbnail","6":"product_cat-image-son","7":"product_cat-casque-ecouteur","8":"product_cat-son","10":"first","11":"instock","12":"sale","13":"shipping-taxable","14":"purchasable","15":"product-type-simple"},"acf":[],"jetpack_sharing_enabled":true,"_links":{"self":[{"href":"https:\/\/digistar.ma\/index.php?rest_route=\/wp\/v2\/product\/13202","targetHints":{"allow":["GET"]}}],"collection":[{"href":"https:\/\/digistar.ma\/index.php?rest_route=\/wp\/v2\/product"}],"about":[{"href":"https:\/\/digistar.ma\/index.php?rest_route=\/wp\/v2\/types\/product"}],"replies":[{"embeddable":true,"href":"https:\/\/digistar.ma\/index.php?rest_route=%2Fwp%2Fv2%2Fcomments&post=13202"}],"version-history":[{"count":1,"href":"https:\/\/digistar.ma\/index.php?rest_route=\/wp\/v2\/product\/13202\/revisions"}],"predecessor-version":[{"id":13210,"href":"https:\/\/digistar.ma\/index.php?rest_route=\/wp\/v2\/product\/13202\/revisions\/13210"}],"wp:featuredmedia":[{"embeddable":true,"href":"https:\/\/digistar.ma\/index.php?rest_route=\/wp\/v2\/media\/13203"}],"wp:attachment":[{"href":"https:\/\/digistar.ma\/index.php?rest_route=%2Fwp%2Fv2%2Fmedia&parent=13202"}],"wp:term":[{"taxonomy":"product_brand","embeddable":true,"href":"https:\/\/digistar.ma\/index.php?rest_route=%2Fwp%2Fv2%2Fproduct_brand&post=13202"},{"taxonomy":"product_cat","embeddable":true,"href":"https:\/\/digistar.ma\/index.php?rest_route=%2Fwp%2Fv2%2Fproduct_cat&post=13202"},{"taxonomy":"product_tag","embeddable":true,"href":"https:\/\/digistar.ma\/index.php?rest_route=%2Fwp%2Fv2%2Fproduct_tag&post=13202"}],"curies":[{"name":"wp","href":"https:\/\/api.w.org\/{rel}","templated":true}]}}