{"id":13231,"date":"2024-09-23T23:40:15","date_gmt":"2024-09-23T23:40:15","guid":{"rendered":"https:\/\/digistar.ma\/?post_type=product&#038;p=13231"},"modified":"2024-09-23T23:40:15","modified_gmt":"2024-09-23T23:40:15","slug":"speakerphone-portable-jabra-speak2-55-ms-teams","status":"publish","type":"product","link":"https:\/\/digistar.ma\/?product=speakerphone-portable-jabra-speak2-55-ms-teams","title":{"rendered":"Speakerphone portable Jabra Speak2 55 MS Teams"},"content":{"rendered":"<h4>Speakerphone portable Jabra Speak2 55 MS Teams<\/h4>\n<p>Speakerphone portable IP64 &#8211; 4 microphones \u00e0 r\u00e9duction de bruit &#8211; Bluetooth\/USB-C\/USB-A &#8211; certifi\u00e9 Microsoft Teams<\/p>\n<section>Que ce soit dans votre salon,\u00a0dans un train\u00a0comme dans votre caf\u00e9 pr\u00e9f\u00e9r\u00e9, organisez vos r\u00e9unions o\u00f9 que vous soyez avec le\u00a0<strong>Jabra Speak2\u00a055<\/strong>. Cette nouvelle g\u00e9n\u00e9ration de speakerphones allie son full duplex, technologie de microphone avanc\u00e9e et haut-parleurs de pointe pour vous aider \u00e0 lib\u00e9rer tout le potentiel du travail hybride.<\/p>\n<\/section>\n<section>\n<div class=\"desc-image\"><img decoding=\"async\" src=\"https:\/\/media.ldlc.com\/bo\/images\/fiches\/enceintes\/Jabra\/Speak2\/1.jpg\" alt=\"\" \/><\/div>\n<div class=\"desc-text\">\n<h2>Une qualit\u00e9 audio exceptionnelle<\/h2>\n<p>Le Speak2 est le seul mod\u00e8le de sa cat\u00e9gorie \u00e9quip\u00e9 de\u00a0<strong>quatre microphones beamforming de pointe<\/strong>\u00a0(une premi\u00e8re sur les speakerphones Jabra) et d\u2019une technologie de r\u00e9duction de bruit tr\u00e8s puissante.\u00a0<strong>Les microphones captent les sons \u00e0 360\u00b0<\/strong>\u00a0tout en \u00e9liminant les bruits ind\u00e9sirables pour offrir une clart\u00e9 vocale irr\u00e9prochable. Plus aucun d\u00e9tail ne vous \u00e9chappera.<\/p>\n<p>Gr\u00e2ce \u00e0 son\u00a0<strong>haut-parleur 50 mm<\/strong>\u00a0et \u00e0 sa qualit\u00e9 audio large bande, le Speak2 restitue votre voix dans toute son ampleur pour que vous et vos coll\u00e8gues puissiez saisir toutes les nuances de la conversation. Parce que ce qui compte, c\u2019est ce que vous dites, mais aussi et surtout comment vous le dites.<\/p>\n<\/div>\n<\/section>\n<section class=\"list\">\n<h2>Caract\u00e9ristiques principales :<\/h2>\n<ul>\n<li><b>Enceintes pour conf\u00e9rence<\/b><\/li>\n<li><strong>Son Full Duplex pour des \u00e9changes naturels<\/strong><\/li>\n<li>Haut-parleur 50 mm<\/li>\n<li>4 microphones bamforming de pointe<\/li>\n<li>Normalisation du niveau de la voix<\/li>\n<li>Connectivit\u00e9 : Bluetooth 5.1 \/ USB-C \/ USB-A<\/li>\n<li>Plug &amp; Play<\/li>\n<li>Possibilit\u00e9 d&#8217;appairer jusqu&#8217;\u00e0 8 appareils<\/li>\n<li>Autonomie : jusqu&#8217;\u00e0 12 heures<\/li>\n<li>Certifi\u00e9 Microsoft Teams<\/li>\n<\/ul>\n<\/section>\n","protected":false},"excerpt":{"rendered":"<ul>\n<li><b>Enceintes pour conf\u00e9rence<\/b><\/li>\n<li><strong>Son Full Duplex pour des \u00e9changes naturels<\/strong><\/li>\n<li>Haut-parleur 50 mm<\/li>\n<li>4 microphones bamforming de pointe<\/li>\n<li>Normalisation du niveau de la voix<\/li>\n<li>Connectivit\u00e9 : Bluetooth 5.1 \/ USB-C \/ USB-A<\/li>\n<li>Plug &amp; Play<\/li>\n<li>Possibilit\u00e9 d&#8217;appairer jusqu&#8217;\u00e0 8 appareils<\/li>\n<li>Autonomie : jusqu&#8217;\u00e0 12 heures<\/li>\n<li>Certifi\u00e9 Microsoft Teams<\/li>\n<\/ul>\n","protected":false},"featured_media":13232,"comment_status":"open","ping_status":"closed","template":"","meta":{"_acf_changed":false,"_monsterinsights_skip_tracking":false,"_monsterinsights_sitenote_active":false,"_monsterinsights_sitenote_note":"","_monsterinsights_sitenote_category":0,"_uf_show_specific_survey":0,"_uf_disable_surveys":false,"_joinchat":[]},"product_brand":[],"product_cat":[244,343,278],"product_tag":[],"class_list":{"0":"post-13231","1":"product","2":"type-product","3":"status-publish","4":"has-post-thumbnail","6":"product_cat-image-son","7":"product_cat-haut-parleur","8":"product_cat-son","10":"first","11":"instock","12":"sale","13":"shipping-taxable","14":"purchasable","15":"product-type-simple"},"acf":[],"jetpack_sharing_enabled":true,"_links":{"self":[{"href":"https:\/\/digistar.ma\/index.php?rest_route=\/wp\/v2\/product\/13231","targetHints":{"allow":["GET"]}}],"collection":[{"href":"https:\/\/digistar.ma\/index.php?rest_route=\/wp\/v2\/product"}],"about":[{"href":"https:\/\/digistar.ma\/index.php?rest_route=\/wp\/v2\/types\/product"}],"replies":[{"embeddable":true,"href":"https:\/\/digistar.ma\/index.php?rest_route=%2Fwp%2Fv2%2Fcomments&post=13231"}],"version-history":[{"count":1,"href":"https:\/\/digistar.ma\/index.php?rest_route=\/wp\/v2\/product\/13231\/revisions"}],"predecessor-version":[{"id":13236,"href":"https:\/\/digistar.ma\/index.php?rest_route=\/wp\/v2\/product\/13231\/revisions\/13236"}],"wp:featuredmedia":[{"embeddable":true,"href":"https:\/\/digistar.ma\/index.php?rest_route=\/wp\/v2\/media\/13232"}],"wp:attachment":[{"href":"https:\/\/digistar.ma\/index.php?rest_route=%2Fwp%2Fv2%2Fmedia&parent=13231"}],"wp:term":[{"taxonomy":"product_brand","embeddable":true,"href":"https:\/\/digistar.ma\/index.php?rest_route=%2Fwp%2Fv2%2Fproduct_brand&post=13231"},{"taxonomy":"product_cat","embeddable":true,"href":"https:\/\/digistar.ma\/index.php?rest_route=%2Fwp%2Fv2%2Fproduct_cat&post=13231"},{"taxonomy":"product_tag","embeddable":true,"href":"https:\/\/digistar.ma\/index.php?rest_route=%2Fwp%2Fv2%2Fproduct_tag&post=13231"}],"curies":[{"name":"wp","href":"https:\/\/api.w.org\/{rel}","templated":true}]}}