{"id":13282,"date":"2024-10-12T14:26:28","date_gmt":"2024-10-12T14:26:28","guid":{"rendered":"https:\/\/digistar.ma\/?post_type=product&#038;p=13282"},"modified":"2024-10-12T14:26:28","modified_gmt":"2024-10-12T14:26:28","slug":"barre-de-visioconference-jabra-panacast-50-emea","status":"publish","type":"product","link":"https:\/\/digistar.ma\/?product=barre-de-visioconference-jabra-panacast-50-emea","title":{"rendered":"Barre de visioconf\u00e9rence Jabra PanaCast 50 EMEA"},"content":{"rendered":"<h2>Barre de visioconf\u00e9rence Jabra PanaCast 50 EMEA<\/h2>\n<h2 class=\"h2-master\">Une nouvelle id\u00e9e de la visioconf\u00e9rence<\/h2>\n<section>Avec\u00a0<strong>Jabra<\/strong>, profitez d&#8217;une solution de visioconf\u00e9rence de qualit\u00e9 professionnelle avec\u00a0<strong>PanaCast 50<\/strong>\u00a0! Ce mod\u00e8le d\u00e9livre une image 4K UHD avec un champ de vision de 180\u00b0 et dispose d&#8217;un syst\u00e8me audio performant avec 4 haut-parleurs et 8 microphones. Intelligente, elle optimise les collaborations \u00e0 distance en offrant une utilisation simple et intuitive et de nombreuses possibilit\u00e9s.<\/p>\n<\/section>\n<section>\n<div class=\"desc-image\"><img decoding=\"async\" src=\"https:\/\/media.ldlc.com\/bo\/images\/fiches\/webcam\/Jabra\/PanaCast_50\/grand-angle.jpg\" alt=\"\" \/><\/div>\n<div class=\"desc-text\">\n<h2>Des r\u00e9unions immersives<\/h2>\n<p>Gr\u00e2ce \u00e0 ses 3 cam\u00e9ras et \u00e0 la technologie d&#8217;assemblage d&#8217;images en temps r\u00e9el, la barre de visioconf\u00e9rence Jabra PanaCast 50 couvre un\u00a0<strong>champ de 180 degr\u00e9s<\/strong>\u00a0et diffuse une image en\u00a0<strong>haute r\u00e9solution 4K UHD<\/strong>. Tous les participants apparaissent alors \u00e0 l&#8217;image pour des r\u00e9unions optimis\u00e9es ! En outre, la\u00a0<strong>fonction Virtual Director<\/strong>\u00a0est capable de d\u00e9tecter l&#8217;intervenant pour se concentrer uniquement sur lui puis de passer au prochain intervenant, et ce de mani\u00e8re automatique.<\/p>\n<p>Cet \u00e9quipement intelligent se dote \u00e9galement d&#8217;une fonction de comptage des participants pour vous assurer de ne pas d\u00e9passer la limite pr\u00e9alablement fix\u00e9e. Enfin, la\u00a0<strong>technologie de partage de tableau blanc<\/strong>\u00a0capture le contenu en temps r\u00e9el pour diffuser en direct \u00e0 tous les participants.<\/p>\n<\/div>\n<\/section>\n<section>\n<div class=\"desc-text\">\n<h2>Son d&#8217;exception, installation optimis\u00e9e<\/h2>\n<p>En plus d&#8217;offrir une qualit\u00e9 vid\u00e9o sup\u00e9rieure, la PanaCast 50 se dote d&#8217;une\u00a0<strong>section audio de haute vol\u00e9e<\/strong>.\u00a0<strong>4 haut-parleurs<\/strong>\u00a0embarqu\u00e9s offrent un son id\u00e9al pour entendre vos coll\u00e8gues tandis que les\u00a0<strong>8 microphones<\/strong>\u00a0s&#8217;occuperont de saisir chaque nuance des \u00e9changes en r\u00e9union.<\/p>\n<p>L&#8217;installation de cette barre de visioconf\u00e9rence Jabra se fera tr\u00e8s facilement. Fix\u00e9e au mur gr\u00e2ce au support mural inclus, pos\u00e9e sur une table ou fix\u00e9e sur l&#8217;\u00e9cran (supports en option), choisissez la mise en place adapt\u00e9e \u00e0 vos besoins.<\/p>\n<\/div>\n<div class=\"desc-image\"><img decoding=\"async\" src=\"https:\/\/media.ldlc.com\/bo\/images\/fiches\/webcam\/Jabra\/PanaCast_50\/visio.jpg\" alt=\"\" \/><\/div>\n<\/section>\n","protected":false},"excerpt":{"rendered":"<ul>\n<li><strong>Barre de visioconf\u00e9rence 4K\/30fps<\/strong><\/li>\n<li>3 cam\u00e9ras, 13 m\u00e9gapixels, zoom num\u00e9rique 6x<\/li>\n<li><strong>Champ de vision<\/strong>\u00a0: Horizontal : 180\u00b0 \/ Vertical : 54\u00b0<\/li>\n<li>Technologie d\u2019assemblage d\u2019images en temps r\u00e9el<\/li>\n<li><strong>Fonctions intelligentes<\/strong>\u00a0: Virtual Director, compteur de participants, partage de tableau blanc en direct<\/li>\n<li><strong>8 microphones int\u00e9gr\u00e9s<\/strong>\u00a0: suppression auto \u00e9cho\/bruit<\/li>\n<li><strong>4 haut-parleurs<\/strong>\u00a0: 2 woofers 50 mm + 2 tweeters 20 mm<\/li>\n<li>PTZ manuel<\/li>\n<li>Fonctionnement fluide gr\u00e2ce \u00e0 9 processeurs embarqu\u00e9s<\/li>\n<li><strong>Montage<\/strong>\u00a0: mur (support inclus), table (option) ou \u00e9cran (option)<\/li>\n<li>Optimisation UC, compatible Microsoft Team, Zoom<\/li>\n<li>Port USB-C, port Jack 3.5 mm AUX, Ethernet (Jabra Xpress)<\/li>\n<li>Dimensions\u00a0: 650\u00a0x 80\u00a0x 125\u00a0mm<\/li>\n<li>Poids : 2.2 kg<\/li>\n<\/ul>\n","protected":false},"featured_media":13283,"comment_status":"open","ping_status":"closed","template":"","meta":{"_acf_changed":false,"_monsterinsights_skip_tracking":false,"_monsterinsights_sitenote_active":false,"_monsterinsights_sitenote_note":"","_monsterinsights_sitenote_category":0,"_uf_show_specific_survey":0,"_uf_disable_surveys":false,"_joinchat":[]},"product_brand":[],"product_cat":[337,246],"product_tag":[],"class_list":{"0":"post-13282","1":"product","2":"type-product","3":"status-publish","4":"has-post-thumbnail","6":"product_cat-visioconference","7":"product_cat-peripherique","9":"first","10":"instock","11":"sale","12":"shipping-taxable","13":"purchasable","14":"product-type-simple"},"acf":[],"jetpack_sharing_enabled":true,"_links":{"self":[{"href":"https:\/\/digistar.ma\/index.php?rest_route=\/wp\/v2\/product\/13282","targetHints":{"allow":["GET"]}}],"collection":[{"href":"https:\/\/digistar.ma\/index.php?rest_route=\/wp\/v2\/product"}],"about":[{"href":"https:\/\/digistar.ma\/index.php?rest_route=\/wp\/v2\/types\/product"}],"replies":[{"embeddable":true,"href":"https:\/\/digistar.ma\/index.php?rest_route=%2Fwp%2Fv2%2Fcomments&post=13282"}],"version-history":[{"count":1,"href":"https:\/\/digistar.ma\/index.php?rest_route=\/wp\/v2\/product\/13282\/revisions"}],"predecessor-version":[{"id":13288,"href":"https:\/\/digistar.ma\/index.php?rest_route=\/wp\/v2\/product\/13282\/revisions\/13288"}],"wp:featuredmedia":[{"embeddable":true,"href":"https:\/\/digistar.ma\/index.php?rest_route=\/wp\/v2\/media\/13283"}],"wp:attachment":[{"href":"https:\/\/digistar.ma\/index.php?rest_route=%2Fwp%2Fv2%2Fmedia&parent=13282"}],"wp:term":[{"taxonomy":"product_brand","embeddable":true,"href":"https:\/\/digistar.ma\/index.php?rest_route=%2Fwp%2Fv2%2Fproduct_brand&post=13282"},{"taxonomy":"product_cat","embeddable":true,"href":"https:\/\/digistar.ma\/index.php?rest_route=%2Fwp%2Fv2%2Fproduct_cat&post=13282"},{"taxonomy":"product_tag","embeddable":true,"href":"https:\/\/digistar.ma\/index.php?rest_route=%2Fwp%2Fv2%2Fproduct_tag&post=13282"}],"curies":[{"name":"wp","href":"https:\/\/api.w.org\/{rel}","templated":true}]}}