{"id":13315,"date":"2024-10-15T21:42:23","date_gmt":"2024-10-15T21:42:23","guid":{"rendered":"https:\/\/digistar.ma\/?post_type=product&#038;p=13315"},"modified":"2026-01-10T15:16:55","modified_gmt":"2026-01-10T15:16:55","slug":"telephone-alcatel-t76-ce-noir","status":"publish","type":"product","link":"https:\/\/digistar.ma\/?product=telephone-alcatel-t76-ce-noir","title":{"rendered":"T\u00e9l\u00e9phone Alcatel T76 CE Noir"},"content":{"rendered":"<h3>T\u00e9l\u00e9phone Alcatel T76 CE Noir<\/h3>\n<h2>Le t\u00e9l\u00e9phone filaire avec grand \u00e9cran et fonction mains-libres<\/h2>\n<p><strong>Alcatel T76 est un t\u00e9l\u00e9phone ultra-complet !<\/strong><\/p>\n<p>Gr\u00e2ce \u00e0 son<strong>\u00a0grand \u00e9cran ultra-lisible\u00a0<\/strong>vous voyez imm\u00e9diatement qui vous appelle*.<\/p>\n<p>Partagez vos communications gr\u00e2ce \u00e0 la\u00a0<strong>fonction mains-libres<\/strong>\u00a0et profitez du confort des\u00a0<strong>grandes touches<\/strong>\u00a0et des\u00a0<strong>8 touches de m\u00e9moires directes<\/strong>\u00a0pour appeler tr\u00e8s simplement vos contacts privil\u00e9gi\u00e9s.<\/p>\n<p><strong>Toujours fonctionnel, m\u00eame en cas de coupure de courant:\u00a0<\/strong>Alcatel T76 fonctionne en effet sans batterie ni alimentation secteur.<\/p>\n<p>Enfin, la\u00a0<strong>touche BIS<\/strong>\u00a0vous permet de recomposer directement le dernier num\u00e9ro appel\u00e9 et le journal des appels vous permet de v\u00e9rifier si vous avez manqu\u00e9 un appel.<\/p>\n<p><em>T\u00e9l\u00e9phone filaire fixe avec ID d&#8217;appelant noir, Fonctionnant dans un environnement respectueux de l&#8217;environnement et sans batterie, \u00a0est \u00e9quip\u00e9 d&#8217;un grand \u00e9cran num\u00e9rique prenant en charge des fonctionnalit\u00e9s telles que l&#8217;identification de l&#8217;appelant, la notification des appels nouveaux \/ manqu\u00e9s, l&#8217;affichage de la date \/ heure, Capacit\u00e9 r\u00e9pertoire 10 noms et num\u00e9ros, Ecran 3 lignes, R\u00e9glage volume 5 niveaux + off, Renvoi d&#8217;appels, Conf\u00e9rence \u00e0 3<\/em><\/p>\n","protected":false},"excerpt":{"rendered":"<ul>\n<li>Fonction\u00a0<strong>mains-libres<\/strong><\/li>\n<li><strong>8 touches<\/strong>\u00a0<strong>de m\u00e9moires directes<\/strong><\/li>\n<li>Capacit\u00e9 r\u00e9pertoir:\u00a0<strong>10 noms et num\u00e9ros<\/strong><\/li>\n<li>Rappel de\u00a0<strong>25 derniers num\u00e9ros\u00a0<\/strong>compos\u00e9s<\/li>\n<li>Journal de\u00a0<strong>58 derni\u00e8res appels<\/strong>\u00a0re\u00e7us avant identification de l\u2019appelant*<\/li>\n<li>Couleur du boitier: Noir<\/li>\n<li>Lieu de composition : Base<\/li>\n<li>Affichage Type :\u00a0<strong>Ecran LCD<\/strong>\u00a0\u2013 monochrome<\/li>\n<\/ul>\n","protected":false},"featured_media":13320,"comment_status":"open","ping_status":"closed","template":"","meta":{"_acf_changed":false,"_monsterinsights_skip_tracking":false,"_monsterinsights_sitenote_active":false,"_monsterinsights_sitenote_note":"","_monsterinsights_sitenote_category":0,"_uf_show_specific_survey":0,"_uf_disable_surveys":false,"_joinchat":[]},"product_brand":[],"product_cat":[246],"product_tag":[],"class_list":{"0":"post-13315","1":"product","2":"type-product","3":"status-publish","4":"has-post-thumbnail","6":"product_cat-peripherique","8":"first","9":"instock","10":"sale","11":"shipping-taxable","12":"purchasable","13":"product-type-simple"},"acf":[],"jetpack_sharing_enabled":true,"_links":{"self":[{"href":"https:\/\/digistar.ma\/index.php?rest_route=\/wp\/v2\/product\/13315","targetHints":{"allow":["GET"]}}],"collection":[{"href":"https:\/\/digistar.ma\/index.php?rest_route=\/wp\/v2\/product"}],"about":[{"href":"https:\/\/digistar.ma\/index.php?rest_route=\/wp\/v2\/types\/product"}],"replies":[{"embeddable":true,"href":"https:\/\/digistar.ma\/index.php?rest_route=%2Fwp%2Fv2%2Fcomments&post=13315"}],"version-history":[{"count":1,"href":"https:\/\/digistar.ma\/index.php?rest_route=\/wp\/v2\/product\/13315\/revisions"}],"predecessor-version":[{"id":13322,"href":"https:\/\/digistar.ma\/index.php?rest_route=\/wp\/v2\/product\/13315\/revisions\/13322"}],"wp:featuredmedia":[{"embeddable":true,"href":"https:\/\/digistar.ma\/index.php?rest_route=\/wp\/v2\/media\/13320"}],"wp:attachment":[{"href":"https:\/\/digistar.ma\/index.php?rest_route=%2Fwp%2Fv2%2Fmedia&parent=13315"}],"wp:term":[{"taxonomy":"product_brand","embeddable":true,"href":"https:\/\/digistar.ma\/index.php?rest_route=%2Fwp%2Fv2%2Fproduct_brand&post=13315"},{"taxonomy":"product_cat","embeddable":true,"href":"https:\/\/digistar.ma\/index.php?rest_route=%2Fwp%2Fv2%2Fproduct_cat&post=13315"},{"taxonomy":"product_tag","embeddable":true,"href":"https:\/\/digistar.ma\/index.php?rest_route=%2Fwp%2Fv2%2Fproduct_tag&post=13315"}],"curies":[{"name":"wp","href":"https:\/\/api.w.org\/{rel}","templated":true}]}}