{"id":13323,"date":"2024-10-15T22:04:56","date_gmt":"2024-10-15T22:04:56","guid":{"rendered":"https:\/\/digistar.ma\/?post_type=product&#038;p=13323"},"modified":"2024-10-15T22:26:06","modified_gmt":"2024-10-15T22:26:06","slug":"telephone-alcatel-temporis-t26-ce-noir","status":"publish","type":"product","link":"https:\/\/digistar.ma\/?product=telephone-alcatel-temporis-t26-ce-noir","title":{"rendered":"T\u00e9l\u00e9phone Alcatel Temporis T26 CE Noir"},"content":{"rendered":"<h3>T\u00e9l\u00e9phone Alcatel Temporis T26 CE Noir<\/h3>\n<p><strong>Alcatel T26 est un t\u00e9l\u00e9phone simple dot\u00e9s de fonctions essentielles et d&#8217;un design contemporain.<\/strong><\/p>\n<p>Con\u00e7u pour une utilisation confort, T26 est \u00e9quip\u00e9 d&#8217;un\u00a0<strong>clavier avec de grandes touches<\/strong>\u00a0et de fonctions pratiques comme la\u00a0<strong>touche Bis<\/strong>, la touche secret (coupure du micro) et la pause.<\/p>\n<p><strong>La sonnerie est r\u00e9glagle sur 3 niveaux.<\/strong><br \/>\nUn indicateur lumineux vous avertit des appels entrants.<\/p>\n<p><strong>Alcatel T26 peut \u00eatre install\u00e9 au mur.<\/strong><\/p>\n<p>T\u00e9l\u00e9phone de base avec des fonctionnalit\u00e9s conventionnelles et un design contemporain, Il est con\u00e7u pour une utilisation confortable, C\u2019est pour cela qu\u2019il comporte de grandes touches avec des fonctions pratiques comme le rappel, le flash, le silence et la pause,<\/p>\n<p>De plus un indicateur LED fournit une notification visuelle pour les appels entrants, Sonnerie a 3 niveaux de volume, Boutons de Fonction R\u00e9acheminement, Flash Muet, Interface RJ11, Type de num\u00e9roteur Clavier<\/p>\n","protected":false},"excerpt":{"rendered":"<div><span style=\"font-family: Arial, Verdana;\">Indicateur visuel d&#8217;appel entrant: Oui<\/span><\/div>\n<div><span style=\"font-family: Arial, Verdana;\">Nombre de sonnerie: 1<\/span><\/div>\n<div><span style=\"font-family: Arial, Verdana;\">Contr\u00f4le du volume de la sonnerie: 3 (haut \/ bas \/ \u00e9teint)<\/span><\/div>\n<div><span style=\"font-family: Arial, Verdana;\">Recomposition du dernier num\u00e9ro: Oui<\/span><\/div>\n<div><span style=\"font-family: Arial, Verdana;\">Touche secret: Oui<\/span><\/div>\n<div><span style=\"font-family: Arial, Verdana;\">Touche Flash (R): Oui<\/span><\/div>\n","protected":false},"featured_media":13325,"comment_status":"open","ping_status":"closed","template":"","meta":{"_acf_changed":false,"_monsterinsights_skip_tracking":false,"_monsterinsights_sitenote_active":false,"_monsterinsights_sitenote_note":"","_monsterinsights_sitenote_category":0,"_uf_show_specific_survey":0,"_uf_disable_surveys":false,"_joinchat":[]},"product_brand":[],"product_cat":[246],"product_tag":[],"class_list":{"0":"post-13323","1":"product","2":"type-product","3":"status-publish","4":"has-post-thumbnail","6":"product_cat-peripherique","8":"first","9":"onbackorder","10":"sale","11":"shipping-taxable","12":"purchasable","13":"product-type-simple"},"acf":[],"jetpack_sharing_enabled":true,"_links":{"self":[{"href":"https:\/\/digistar.ma\/index.php?rest_route=\/wp\/v2\/product\/13323","targetHints":{"allow":["GET"]}}],"collection":[{"href":"https:\/\/digistar.ma\/index.php?rest_route=\/wp\/v2\/product"}],"about":[{"href":"https:\/\/digistar.ma\/index.php?rest_route=\/wp\/v2\/types\/product"}],"replies":[{"embeddable":true,"href":"https:\/\/digistar.ma\/index.php?rest_route=%2Fwp%2Fv2%2Fcomments&post=13323"}],"version-history":[{"count":1,"href":"https:\/\/digistar.ma\/index.php?rest_route=\/wp\/v2\/product\/13323\/revisions"}],"predecessor-version":[{"id":13328,"href":"https:\/\/digistar.ma\/index.php?rest_route=\/wp\/v2\/product\/13323\/revisions\/13328"}],"wp:featuredmedia":[{"embeddable":true,"href":"https:\/\/digistar.ma\/index.php?rest_route=\/wp\/v2\/media\/13325"}],"wp:attachment":[{"href":"https:\/\/digistar.ma\/index.php?rest_route=%2Fwp%2Fv2%2Fmedia&parent=13323"}],"wp:term":[{"taxonomy":"product_brand","embeddable":true,"href":"https:\/\/digistar.ma\/index.php?rest_route=%2Fwp%2Fv2%2Fproduct_brand&post=13323"},{"taxonomy":"product_cat","embeddable":true,"href":"https:\/\/digistar.ma\/index.php?rest_route=%2Fwp%2Fv2%2Fproduct_cat&post=13323"},{"taxonomy":"product_tag","embeddable":true,"href":"https:\/\/digistar.ma\/index.php?rest_route=%2Fwp%2Fv2%2Fproduct_tag&post=13323"}],"curies":[{"name":"wp","href":"https:\/\/api.w.org\/{rel}","templated":true}]}}