{"id":13335,"date":"2024-10-15T22:35:40","date_gmt":"2024-10-15T22:35:40","guid":{"rendered":"https:\/\/digistar.ma\/?post_type=product&#038;p=13335"},"modified":"2024-10-15T23:09:10","modified_gmt":"2024-10-15T23:09:10","slug":"telephone-ip-monobloc-alcatel-ip12-noir-poe","status":"publish","type":"product","link":"https:\/\/digistar.ma\/?product=telephone-ip-monobloc-alcatel-ip12-noir-poe","title":{"rendered":"T\u00e9l\u00e9phone IP monobloc Alcatel IP12 Noir PoE"},"content":{"rendered":"<h3>T\u00e9l\u00e9phone IP monobloc Alcatel IP12 Noir PoE<\/h3>\n<h3><strong>Simple et efficace : le t\u00e9l\u00e9phone monobloc dans toute sa splendeur !<br \/>\n<\/strong><\/h3>\n<p>Le\u00a0<strong>Temporis 12 IP d&#8217;Alcatel<\/strong>, c&#8217;est le mod\u00e8le\u00a0<strong>compact<\/strong>\u00a0et\u00a0<strong>pratique<\/strong>\u00a0par excellence ! Disponible en\u00a0<strong>noir\u00a0<\/strong>et en\u00a0<strong>blanc<\/strong>, ce t\u00e9l\u00e9phone monobloc peut \u00eatre\u00a0<strong>pos\u00e9 sur un bureau<\/strong>\u00a0ou\u00a0<strong>fix\u00e9 au mur<\/strong>\u00a0pour gagner de la place.<\/p>\n<p>Ne passez \u00e0 c\u00f4t\u00e9 d&#8217;aucun \u00e9v\u00e8nement gr\u00e2ce au\u00a0<strong>t\u00e9moin\u00a0<\/strong><strong>LED bicolore<\/strong>, et profitez d&#8217;appels clairs comme de l&#8217;eau de roche gr\u00e2ce au\u00a0<strong>son HD large bande\u00a0<\/strong>offert par ce t\u00e9l\u00e9phone\u00a0<strong>(<em>via le combin\u00e9 ET en mains-libres<\/em>).\u00a0<\/strong><\/p>\n<p>Prenant en charge jusqu\u2019\u00e0\u00a0<strong>2 comptes SIP<\/strong>, et \u00e9tant aliment\u00e9 via\u00a0<strong>PoE<\/strong>, il dispose d\u2019un journal d\u2019appel de\u00a0<strong>600 entr\u00e9es<\/strong>\u00a0(<em>via l\u2019interface web<\/em>), permettant de consulter l\u2019historique de tous les deniers appels\u00a0<strong>re\u00e7us<\/strong>,\u00a0<strong>\u00e9mis<\/strong>\u00a0et\u00a0<strong>manqu\u00e9s<\/strong>.<\/p>\n<h3><strong><br \/>\n<span class=\"od_red\">Caract\u00e9ristiques techniques de T\u00e9l\u00e9phone IP monobloc Alcatel IP12 Noir PoE<\/span><\/strong><\/h3>\n<ul>\n<li>T\u00e9l\u00e9phone monobloc avec montage mural<\/li>\n<li>2 comptes SIP<\/li>\n<li>Interface multi-langues (changement via l\u2019interface web)<\/li>\n<li>Indicateur d&#8217;\u00e9tat LED bicolore<\/li>\n<li>Clavier 19 touches : 12 num\u00e9rotation + 1 fonction programmable + touches d\u00e9di\u00e9es<\/li>\n<li>Qualit\u00e9 audio HD + mode mains-libres<\/li>\n<li>Annulation d\u2019\u00e9cho acoustique (AEC) et d\u00e9tection d\u2019activit\u00e9 vocale (VAD)<\/li>\n<li>Fonctions t\u00e9l\u00e9phoniques : D\u00e9crocher\/raccrocher ; mise en attente ; conf\u00e9rence \u00e0 3 ; r\u00e9ponse automatique ; BIS etc.<\/li>\n<li>Journal d&#8217;appels : 600 entr\u00e9es (re\u00e7us, pass\u00e9s, manqu\u00e9s) via l\u2019interface web<\/li>\n<li>Alimentation sur Ethernet (PoE)<\/li>\n<li>Adaptateur secteur (non inclus) : AC100 \u2013 240V d\u2019entr\u00e9e et 5Vdc\/2000mA de sortie<\/li>\n<li>Consommation d\u2019\u00e9nergie : 0.9 \u00e0 1.65W (inactif) ; 1.8 \u00e0 2.95W (en utilisation)<\/li>\n<li>Ports et interfaces : 1 prise RJ45 auto-d\u00e9tection ; 1 prise RJ11 (combin\u00e9) et 1 prise Jack<\/li>\n<li>Dimensions : 55,8 x 215 x 57,8mm<\/li>\n<li>Couleur du t\u00e9l\u00e9phone\u00a0: Noir<\/li>\n<\/ul>\n","protected":false},"excerpt":{"rendered":"<ul>\n<li>T\u00e9l\u00e9phone monobloc avec montage mural<\/li>\n<li>2 comptes SIP<\/li>\n<li>Interface multi-langues (changement via l\u2019interface web)<\/li>\n<li>Indicateur d&#8217;\u00e9tat LED bicolore<\/li>\n<li>Clavier 19 touches : 12 num\u00e9rotation + 1 fonction programmable + touches d\u00e9di\u00e9es<\/li>\n<li>Qualit\u00e9 audio HD + mode mains-libres<\/li>\n<li>Annulation d\u2019\u00e9cho acoustique (AEC) et d\u00e9tection d\u2019activit\u00e9 vocale (VAD)<\/li>\n<li>Fonctions t\u00e9l\u00e9phoniques : D\u00e9crocher\/raccrocher ; mise en attente ; conf\u00e9rence \u00e0 3 ; r\u00e9ponse automatique ; BIS etc.<\/li>\n<li>Journal d&#8217;appels : 600 entr\u00e9es (re\u00e7us, pass\u00e9s, manqu\u00e9s) via l\u2019interface web<\/li>\n<li>Alimentation sur Ethernet (PoE)<\/li>\n<li>Adaptateur secteur (non inclus) : AC100 \u2013 240V d\u2019entr\u00e9e et 5Vdc\/2000mA de sortie<\/li>\n<li>Consommation d\u2019\u00e9nergie : 0.9 \u00e0 1.65W (inactif) ; 1.8 \u00e0 2.95W (en utilisation)<\/li>\n<li>Ports et interfaces : 1 prise RJ45 auto-d\u00e9tection ; 1 prise RJ11 (combin\u00e9) et 1 prise Jack<\/li>\n<li>Dimensions : 55,8 x 215 x 57,8mm<\/li>\n<li>Couleur du t\u00e9l\u00e9phone\u00a0: Noir<\/li>\n<\/ul>\n","protected":false},"featured_media":13336,"comment_status":"open","ping_status":"closed","template":"","meta":{"_acf_changed":false,"_monsterinsights_skip_tracking":false,"_monsterinsights_sitenote_active":false,"_monsterinsights_sitenote_note":"","_monsterinsights_sitenote_category":0,"_uf_show_specific_survey":0,"_uf_disable_surveys":false,"_joinchat":[]},"product_brand":[],"product_cat":[246],"product_tag":[],"class_list":{"0":"post-13335","1":"product","2":"type-product","3":"status-publish","4":"has-post-thumbnail","6":"product_cat-peripherique","8":"first","9":"onbackorder","10":"sale","11":"shipping-taxable","12":"purchasable","13":"product-type-simple"},"acf":[],"jetpack_sharing_enabled":true,"_links":{"self":[{"href":"https:\/\/digistar.ma\/index.php?rest_route=\/wp\/v2\/product\/13335","targetHints":{"allow":["GET"]}}],"collection":[{"href":"https:\/\/digistar.ma\/index.php?rest_route=\/wp\/v2\/product"}],"about":[{"href":"https:\/\/digistar.ma\/index.php?rest_route=\/wp\/v2\/types\/product"}],"replies":[{"embeddable":true,"href":"https:\/\/digistar.ma\/index.php?rest_route=%2Fwp%2Fv2%2Fcomments&post=13335"}],"version-history":[{"count":1,"href":"https:\/\/digistar.ma\/index.php?rest_route=\/wp\/v2\/product\/13335\/revisions"}],"predecessor-version":[{"id":13340,"href":"https:\/\/digistar.ma\/index.php?rest_route=\/wp\/v2\/product\/13335\/revisions\/13340"}],"wp:featuredmedia":[{"embeddable":true,"href":"https:\/\/digistar.ma\/index.php?rest_route=\/wp\/v2\/media\/13336"}],"wp:attachment":[{"href":"https:\/\/digistar.ma\/index.php?rest_route=%2Fwp%2Fv2%2Fmedia&parent=13335"}],"wp:term":[{"taxonomy":"product_brand","embeddable":true,"href":"https:\/\/digistar.ma\/index.php?rest_route=%2Fwp%2Fv2%2Fproduct_brand&post=13335"},{"taxonomy":"product_cat","embeddable":true,"href":"https:\/\/digistar.ma\/index.php?rest_route=%2Fwp%2Fv2%2Fproduct_cat&post=13335"},{"taxonomy":"product_tag","embeddable":true,"href":"https:\/\/digistar.ma\/index.php?rest_route=%2Fwp%2Fv2%2Fproduct_tag&post=13335"}],"curies":[{"name":"wp","href":"https:\/\/api.w.org\/{rel}","templated":true}]}}