{"id":13341,"date":"2024-10-15T22:47:39","date_gmt":"2024-10-15T22:47:39","guid":{"rendered":"https:\/\/digistar.ma\/?post_type=product&#038;p=13341"},"modified":"2025-03-18T20:31:13","modified_gmt":"2025-03-18T20:31:13","slug":"telephone-filaire-avec-ecran-alcatel-temporis-580","status":"publish","type":"product","link":"https:\/\/digistar.ma\/?product=telephone-filaire-avec-ecran-alcatel-temporis-580","title":{"rendered":"T\u00e9l\u00e9phone filaire avec \u00e9cran Alcatel Temporis 580"},"content":{"rendered":"<h3>T\u00e9l\u00e9phone filaire avec \u00e9cran Alcatel Temporis 580<\/h3>\n<p><strong>T\u00e9l\u00e9phone professionnel avec \u00e9cran, mains libres, prise casque et 10 touches de m\u00e9moires directes<\/strong><\/p>\n<p><span class=\"text-primary\">Avec ses 10 touches m\u00e9moires<\/span>, vous pouvez enregistrer vos correspondants favoris ou les codes PABX afin d\u2019acc\u00e9der directement aux services. Ses 50 m\u00e9moires indirectes vous permettront de param\u00e9trer l&#8217;ensemble des num\u00e9ros de vos collaborateurs.<\/p>\n<p>Adapt\u00e9 pour une utilisation en entreprise,\u00a0<span class=\"text-primary\"><strong>son t\u00e9moin lumineux<\/strong><\/span>\u00a0permet de\u00a0<strong>visualiser un appel entrant<\/strong>\u00a0ou le d\u00e9p\u00f4t d\u2019un message.<br \/>\n<span class=\"text-primary\">La prise casque<\/span>\u00a0du t\u00e9l\u00e9phone fixe Alcatel Temporis 580 vous permet de\u00a0<strong>t\u00e9l\u00e9phoner confortablement les mains libres<\/strong>.<\/p>\n<p>Pratique : avec\u00a0<strong>la touche directe de prise de ligne<\/strong>, vous prenez l&#8217;appel sur votre casque d&#8217;une simple pression de bouton !<br \/>\nAvec la\u00a0<span class=\"text-primary\">fonction mains libres<\/span>, vous pouvez\u00a0<strong>partager vos appels<\/strong>\u00a0avec les personnes autour de vous.<\/p>\n<p><strong><span class=\"text-primary\">Caract\u00e9ristiques techniques :<\/span><\/strong><\/p>\n<ul>\n<li><strong>Ecran noir et blanc:\u00a0<\/strong>58 mm x 20 mm<\/li>\n<li><strong>Haut-parleur pour fonction mains libres<\/strong><\/li>\n<li>R\u00e9glage du volume mains libres sur 8 niveaux<\/li>\n<li><strong>10 touches de m\u00e9moires directes programmables<\/strong><\/li>\n<li><strong>50 touches de m\u00e9moires indirectes<\/strong><\/li>\n<li><strong>Prise casque avec touche d\u00e9di\u00e9e<\/strong>\u00a0: prenez les appels sur votre casque d&#8217;une simple pression de bouton<\/li>\n<li><strong>T\u00e9moin lumineux :<\/strong>\u00a0visualisez les appels entrants et les messages en attente<\/li>\n<li>Augmentation du volume sonore sur 4 niveaux<\/li>\n<li>4 m\u00e9lodies sonneries, r\u00e9glables sur 3 niveaux<\/li>\n<li>Rappel du dernier num\u00e9ro compos\u00e9 (touche Bis)<\/li>\n<li><strong>Touche secret\u00a0<\/strong>: coupez momentan\u00e9ment le micro en cours de conversation<\/li>\n<li>Verrouillage clavier<\/li>\n<li>Touche R et touches d&#8217;acc\u00e8s direct aux services op\u00e9rateurs<\/li>\n<li><strong>Fixation murale<\/strong>\u00a0possible<\/li>\n<li>S\u00e9lection du temps de Flashing : 100 \/ 300 \/ 600 ms<\/li>\n<li>C\u00e2ble RJ11 \/ RJ11<\/li>\n<li>Dimensions avec combin\u00e9 : 184 x 190 x 55 mm<\/li>\n<li><strong>Prise T : non fournie<\/strong><\/li>\n<\/ul>\n<h3><a href=\"https:\/\/digistar.ma\/wp-content\/uploads\/2024\/10\/Telephone-filaire-avec-ecran-Alcatel-Temporis-580.pdf\"><strong>FICHE TECHNIQUE DU PRODUIT<\/strong><\/a><\/h3>\n","protected":false},"excerpt":{"rendered":"<ul>\n<li><strong>Ecran noir et blanc:\u00a0<\/strong>58 mm x 20 mm<\/li>\n<li><strong>Haut-parleur pour fonction mains libres<\/strong><\/li>\n<li>R\u00e9glage du volume mains libres sur 8 niveaux<\/li>\n<li><strong>10 touches de m\u00e9moires directes programmables<\/strong><\/li>\n<li><strong>50 touches de m\u00e9moires indirectes<\/strong><\/li>\n<li><strong>Prise casque avec touche d\u00e9di\u00e9e<\/strong>\u00a0: prenez les appels sur votre casque d&#8217;une simple pression de bouton<\/li>\n<li><strong>T\u00e9moin lumineux :<\/strong>\u00a0visualisez les appels entrants et les messages en attente<\/li>\n<li>Augmentation du volume sonore sur 4 niveaux<\/li>\n<li>4 m\u00e9lodies sonneries, r\u00e9glables sur 3 niveaux<\/li>\n<li>Rappel du dernier num\u00e9ro compos\u00e9 (touche Bis)<\/li>\n<li><strong>Touche secret\u00a0<\/strong>: coupez momentan\u00e9ment le micro en cours de conversation<\/li>\n<li>Verrouillage clavier<\/li>\n<li>Touche R et touches d&#8217;acc\u00e8s direct aux services op\u00e9rateurs<\/li>\n<li><strong>Fixation murale<\/strong>\u00a0possible<\/li>\n<li>S\u00e9lection du temps de Flashing : 100 \/ 300 \/ 600 ms<\/li>\n<li>C\u00e2ble RJ11 \/ RJ11<\/li>\n<li>Dimensions avec combin\u00e9 : 184 x 190 x 55 mm<\/li>\n<li><strong>Prise T : non fournie<\/strong><\/li>\n<\/ul>\n","protected":false},"featured_media":13342,"comment_status":"open","ping_status":"closed","template":"","meta":{"_acf_changed":false,"_monsterinsights_skip_tracking":false,"_monsterinsights_sitenote_active":false,"_monsterinsights_sitenote_note":"","_monsterinsights_sitenote_category":0,"_uf_show_specific_survey":0,"_uf_disable_surveys":false,"_joinchat":[]},"product_brand":[],"product_cat":[246],"product_tag":[],"class_list":{"0":"post-13341","1":"product","2":"type-product","3":"status-publish","4":"has-post-thumbnail","6":"product_cat-peripherique","8":"first","9":"instock","10":"sale","11":"shipping-taxable","12":"purchasable","13":"product-type-simple"},"acf":[],"jetpack_sharing_enabled":true,"_links":{"self":[{"href":"https:\/\/digistar.ma\/index.php?rest_route=\/wp\/v2\/product\/13341","targetHints":{"allow":["GET"]}}],"collection":[{"href":"https:\/\/digistar.ma\/index.php?rest_route=\/wp\/v2\/product"}],"about":[{"href":"https:\/\/digistar.ma\/index.php?rest_route=\/wp\/v2\/types\/product"}],"replies":[{"embeddable":true,"href":"https:\/\/digistar.ma\/index.php?rest_route=%2Fwp%2Fv2%2Fcomments&post=13341"}],"version-history":[{"count":1,"href":"https:\/\/digistar.ma\/index.php?rest_route=\/wp\/v2\/product\/13341\/revisions"}],"predecessor-version":[{"id":13345,"href":"https:\/\/digistar.ma\/index.php?rest_route=\/wp\/v2\/product\/13341\/revisions\/13345"}],"wp:featuredmedia":[{"embeddable":true,"href":"https:\/\/digistar.ma\/index.php?rest_route=\/wp\/v2\/media\/13342"}],"wp:attachment":[{"href":"https:\/\/digistar.ma\/index.php?rest_route=%2Fwp%2Fv2%2Fmedia&parent=13341"}],"wp:term":[{"taxonomy":"product_brand","embeddable":true,"href":"https:\/\/digistar.ma\/index.php?rest_route=%2Fwp%2Fv2%2Fproduct_brand&post=13341"},{"taxonomy":"product_cat","embeddable":true,"href":"https:\/\/digistar.ma\/index.php?rest_route=%2Fwp%2Fv2%2Fproduct_cat&post=13341"},{"taxonomy":"product_tag","embeddable":true,"href":"https:\/\/digistar.ma\/index.php?rest_route=%2Fwp%2Fv2%2Fproduct_tag&post=13341"}],"curies":[{"name":"wp","href":"https:\/\/api.w.org\/{rel}","templated":true}]}}