{"id":13346,"date":"2024-10-15T22:58:27","date_gmt":"2024-10-15T22:58:27","guid":{"rendered":"https:\/\/digistar.ma\/?post_type=product&#038;p=13346"},"modified":"2024-10-15T23:08:49","modified_gmt":"2024-10-15T23:08:49","slug":"telephone-filaire-alcatel-temporis-380","status":"publish","type":"product","link":"https:\/\/digistar.ma\/?product=telephone-filaire-alcatel-temporis-380","title":{"rendered":"T\u00e9l\u00e9phone filaire Alcatel Temporis 380"},"content":{"rendered":"<h3>T\u00e9l\u00e9phone filaire Alcatel Temporis 380<\/h3>\n<p>Le t\u00e9l\u00e9phone de bureau\u00a0<strong>Alcatel Temporis 380<\/strong>\u00a0est un produit\u00a0<strong>moderne<\/strong>\u00a0et\u00a0<strong>performant<\/strong>\u00a0qui vous permettra de g\u00e9rer efficacement vos appels tout au long de vos journ\u00e9es de travail.<\/p>\n<p>Pratique, vous pourrez l&#8217;utiliser de\u00a0<strong>3 fa\u00e7ons diff\u00e9rentes<\/strong>\u00a0: de mani\u00e8re traditionnelle via le\u00a0<strong>combin\u00e9<\/strong>, en mode\u00a0<strong>haut-parleur<\/strong>\u00a0lors d&#8217;une conf\u00e9rence t\u00e9l\u00e9phonique ou encore avec un\u00a0<strong>casque<\/strong>\u00a0pour plus de confort et de confidentialit\u00e9.<\/p>\n<p>Ainsi, il s&#8217;adapte \u00e0 tous les professionnels selon leurs pr\u00e9f\u00e9rences et leurs diff\u00e9rents besoins.<\/p>\n<p>Ce t\u00e9l\u00e9phone de bureau dispose de multiples fonctionnalit\u00e9s t\u00e9l\u00e9phoniques pour vous aider dans la gestion de vos appels. Parmi ces derni\u00e8res on retrouve notamment la\u00a0<strong>touche BIS<\/strong>\u00a0qui vous permet de rappeler le dernier num\u00e9ro, la\u00a0<strong>fonction mute<\/strong>\u00a0pour couper momentan\u00e9ment le micro ou encore les\u00a0<strong>10 touches &#8220;m\u00e9moire&#8221;<\/strong>\u00a0pour enregistrer vos num\u00e9ros favoris ou fr\u00e9quents.<\/p>\n<p>Ce t\u00e9l\u00e9phone Alcatel Temporis 380 dispose \u00e9galement d&#8217;une prise\u00a0<strong>RJ9<\/strong>\u00a0pour casque, et d&#8217;un bouton d\u00e9di\u00e9 situ\u00e9 sur le t\u00e9l\u00e9phone pour prendre, d&#8217;un simple clic, directement l&#8217;appel sur votre casque.<\/p>\n<p>Avec le t\u00e9l\u00e9phone Alcatel Temporis 380, vous \u00eates assur\u00e9s de ne manquer aucune information importante. En effet, ce dernier est \u00e9quip\u00e9 d&#8217;un\u00a0<strong>t\u00e9moin lumineux<\/strong>\u00a0qui vous permet \u00e0 la fois d&#8217;\u00eatre notifi\u00e9s lorsque vous avez des\u00a0<strong>appels entrants<\/strong>, mais qui vous indique \u00e9galement les diff\u00e9rents\u00a0<strong>messages en attente<\/strong>\u00a0pr\u00e9sents sur votre t\u00e9l\u00e9phone.<\/p>\n<p>Enfin, les postes analogiques se branchent directement sur une\u00a0<strong>ligne analogique<\/strong>\u00a0raccord\u00e9e au r\u00e9seau\u00a0<strong>France T\u00e9l\u00e9com<\/strong>, sur les\u00a0<strong>lignes analogiques de votre standard<\/strong>\u00a0t\u00e9l\u00e9phonique quelque soit la marque ou\u00a0<strong>derri\u00e8re une box ADSL<\/strong>.<\/p>\n<p>&nbsp;<\/p>\n<h3><span class=\"od_red\"><strong>Caract\u00e9ristiques techniques :\u00a0<\/strong><\/span><\/h3>\n<ul>\n<li>T\u00e9l\u00e9phone de bureau filaire pour professionnels<\/li>\n<li>3 modes d&#8217;utilisation : via le combin\u00e9, en mode haut-parleur ou avec un casque<\/li>\n<li>10 touches &#8220;m\u00e9moire&#8221; pour enregistrer vos num\u00e9ros fr\u00e9quents<\/li>\n<li>Touche BIS : rappel du dernier num\u00e9ro<\/li>\n<li>Fonction mute : coupez momentan\u00e9ment le micro<\/li>\n<li>T\u00e9moin lumineux : visualisez les appels entrants et les messages en attente<\/li>\n<li>Produit disposant de 4 sonneries r\u00e9glables sur 3 niveaux<\/li>\n<li>Possibilit\u00e9 de r\u00e9gler le volume sur 4 niveaux<\/li>\n<li>R\u00e9glage du volume mains libres sur 8 niveaux<\/li>\n<li>Possibilit\u00e9 de verrouiller le clavier<\/li>\n<li>Touche R et touches d&#8217;acc\u00e8s direct aux services op\u00e9rateurs<\/li>\n<li>Connectivit\u00e9 : prise RJ9 pour casque + bouton d\u00e9di\u00e9 sur le t\u00e9l\u00e9phone<\/li>\n<li>Temps de Flashing : 100, 300, 600ms<\/li>\n<li>Cordon de ligne d\u00e9tachable : RJ11<\/li>\n<li>Produit auto-aliment\u00e9 par la ligne t\u00e9l\u00e9phonique<\/li>\n<li>Fixation murale possible<\/li>\n<li>Dimensions avec combin\u00e9 : 169 x 189 x 55 mm<\/li>\n<li>Poids : 504 g<\/li>\n<li>Couleur : noir<\/li>\n<\/ul>\n","protected":false},"excerpt":{"rendered":"<ul>\n<li>T\u00e9l\u00e9phone de bureau filaire pour professionnels<\/li>\n<li>3 modes d&#8217;utilisation : via le combin\u00e9, en mode haut-parleur ou avec un casque<\/li>\n<li>10 touches &#8220;m\u00e9moire&#8221; pour enregistrer vos num\u00e9ros fr\u00e9quents<\/li>\n<li>Touche BIS : rappel du dernier num\u00e9ro<\/li>\n<li>Fonction mute : coupez momentan\u00e9ment le micro<\/li>\n<li>T\u00e9moin lumineux : visualisez les appels entrants et les messages en attente<\/li>\n<li>Produit disposant de 4 sonneries r\u00e9glables sur 3 niveaux<\/li>\n<li>Possibilit\u00e9 de r\u00e9gler le volume sur 4 niveaux<\/li>\n<li>R\u00e9glage du volume mains libres sur 8 niveaux<\/li>\n<li>Possibilit\u00e9 de verrouiller le clavier<\/li>\n<li>Touche R et touches d&#8217;acc\u00e8s direct aux services op\u00e9rateurs<\/li>\n<li>Connectivit\u00e9 : prise RJ9 pour casque + bouton d\u00e9di\u00e9 sur le t\u00e9l\u00e9phone<\/li>\n<li>Temps de Flashing : 100, 300, 600ms<\/li>\n<li>Cordon de ligne d\u00e9tachable : RJ11<\/li>\n<li>Produit auto-aliment\u00e9 par la ligne t\u00e9l\u00e9phonique<\/li>\n<li>Fixation murale possible<\/li>\n<li>Dimensions avec combin\u00e9 : 169 x 189 x 55 mm<\/li>\n<li>Poids : 504 g<\/li>\n<li>Couleur : noir<\/li>\n<\/ul>\n","protected":false},"featured_media":13347,"comment_status":"open","ping_status":"closed","template":"","meta":{"_acf_changed":false,"_monsterinsights_skip_tracking":false,"_monsterinsights_sitenote_active":false,"_monsterinsights_sitenote_note":"","_monsterinsights_sitenote_category":0,"_uf_show_specific_survey":0,"_uf_disable_surveys":false,"_joinchat":[]},"product_brand":[],"product_cat":[246],"product_tag":[],"class_list":{"0":"post-13346","1":"product","2":"type-product","3":"status-publish","4":"has-post-thumbnail","6":"product_cat-peripherique","8":"first","9":"onbackorder","10":"sale","11":"shipping-taxable","12":"purchasable","13":"product-type-simple"},"acf":[],"jetpack_sharing_enabled":true,"_links":{"self":[{"href":"https:\/\/digistar.ma\/index.php?rest_route=\/wp\/v2\/product\/13346","targetHints":{"allow":["GET"]}}],"collection":[{"href":"https:\/\/digistar.ma\/index.php?rest_route=\/wp\/v2\/product"}],"about":[{"href":"https:\/\/digistar.ma\/index.php?rest_route=\/wp\/v2\/types\/product"}],"replies":[{"embeddable":true,"href":"https:\/\/digistar.ma\/index.php?rest_route=%2Fwp%2Fv2%2Fcomments&post=13346"}],"version-history":[{"count":1,"href":"https:\/\/digistar.ma\/index.php?rest_route=\/wp\/v2\/product\/13346\/revisions"}],"predecessor-version":[{"id":13349,"href":"https:\/\/digistar.ma\/index.php?rest_route=\/wp\/v2\/product\/13346\/revisions\/13349"}],"wp:featuredmedia":[{"embeddable":true,"href":"https:\/\/digistar.ma\/index.php?rest_route=\/wp\/v2\/media\/13347"}],"wp:attachment":[{"href":"https:\/\/digistar.ma\/index.php?rest_route=%2Fwp%2Fv2%2Fmedia&parent=13346"}],"wp:term":[{"taxonomy":"product_brand","embeddable":true,"href":"https:\/\/digistar.ma\/index.php?rest_route=%2Fwp%2Fv2%2Fproduct_brand&post=13346"},{"taxonomy":"product_cat","embeddable":true,"href":"https:\/\/digistar.ma\/index.php?rest_route=%2Fwp%2Fv2%2Fproduct_cat&post=13346"},{"taxonomy":"product_tag","embeddable":true,"href":"https:\/\/digistar.ma\/index.php?rest_route=%2Fwp%2Fv2%2Fproduct_tag&post=13346"}],"curies":[{"name":"wp","href":"https:\/\/api.w.org\/{rel}","templated":true}]}}