{"id":13383,"date":"2024-10-17T22:17:47","date_gmt":"2024-10-17T22:17:47","guid":{"rendered":"https:\/\/digistar.ma\/?post_type=product&#038;p=13383"},"modified":"2026-03-25T15:09:32","modified_gmt":"2026-03-25T15:09:32","slug":"imprimante-etiquettes-godex-ge300-transfert-thermique","status":"publish","type":"product","link":"https:\/\/digistar.ma\/?product=imprimante-etiquettes-godex-ge300-transfert-thermique","title":{"rendered":"Imprimante \u00e9tiquettes Godex GE300 transfert thermique"},"content":{"rendered":"<h3>Imprimante \u00e9tiquettes Godex GE300 transfert thermique<\/h3>\n<div class=\"product__detail editor\" data-v-47def444=\"\">\n<p>Utilisez l\u2019imprimante \u00e0 \u00e9tiquettes Godex GE300 pour toutes vos applications d\u2019impression de codes-barres en transfert thermique l\u00e9g\u00e8res \u00e0 moyennes. Dot\u00e9e de ports Ethernet, s\u00e9rie et USB, elle offre une polyvalence optimale.<\/p>\n<p>Elle utilise des \u00e9tiquettes et rubans standard \u00e0 faible co\u00fbt, assurant une rentabilit\u00e9 \u00e9lev\u00e9e pour les impressions en grande quantit\u00e9. Profitez de l\u2019efficacit\u00e9 accrue avec le logiciel d\u2019\u00e9tiquetage gratuit GoLabel\/QLabel inclus, facilitant votre exp\u00e9rience d\u2019impression.<\/p>\n<\/div>\n<h4>Caracteristiques de l\u2019Imprimante Godex GE300<\/h4>\n<p>Methode d\u2019impression<\/p>\n<div class=\"spec\" data-v-af84bba8=\"\" data-v-44ffa332=\"\">\n<div class=\"spec__content\" data-v-af84bba8=\"\">Thermal Transfer \/ Direct Thermal<\/div>\n<\/div>\n<div class=\"spec\" data-v-af84bba8=\"\" data-v-44ffa332=\"\">\n<div class=\"spec__title\" data-v-af84bba8=\"\">Resolution<\/div>\n<div class=\"spec__content\" data-v-af84bba8=\"\">203 dpi (8 dot\/mm) \/ 300 dpi (12 dots\/mm)<\/div>\n<\/div>\n<div class=\"spec\" data-v-af84bba8=\"\" data-v-44ffa332=\"\">\n<div class=\"spec__title\" data-v-af84bba8=\"\">Print Speed<\/div>\n<div class=\"spec__content\" data-v-af84bba8=\"\">5 IPS (127 mm\/s) \/ 4 IPS (102 mm\/s)<\/div>\n<\/div>\n<div class=\"spec\" data-v-af84bba8=\"\" data-v-44ffa332=\"\">\n<div class=\"spec__title\" data-v-af84bba8=\"\">Print Width<\/div>\n<div class=\"spec__content\" data-v-af84bba8=\"\">4.25\u201d (108 mm) \/ 4.16\u201d (105.7 mm)<\/div>\n<\/div>\n<div class=\"spec\" data-v-af84bba8=\"\" data-v-44ffa332=\"\">\n<div class=\"spec__title\" data-v-af84bba8=\"\">Print Length<\/div>\n<div class=\"spec__content\" data-v-af84bba8=\"\">Min. 0.16\u201d (4 mm)** ; Max. 68\u201d (1727 mm) \/ Min. 0.16\u201d (4 mm)**; Max. 30\u201d (762 mm)<\/div>\n<\/div>\n<div class=\"spec\" data-v-af84bba8=\"\" data-v-44ffa332=\"\">\n<div class=\"spec__title\" data-v-af84bba8=\"\">Processor<\/div>\n<div class=\"spec__content\" data-v-af84bba8=\"\">32 Bit RISC CPU<\/div>\n<\/div>\n<div class=\"spec\" data-v-af84bba8=\"\" data-v-44ffa332=\"\">\n<div class=\"spec__title\" data-v-af84bba8=\"\">Memory<\/div>\n<div class=\"spec__content\" data-v-af84bba8=\"\">Flash 8 MB Flash (4 MB for user storage) SDRAM 16 MB<\/div>\n<\/div>\n<div class=\"spec\" data-v-af84bba8=\"\" data-v-44ffa332=\"\">\n<div class=\"spec__title\" data-v-af84bba8=\"\">Interfaces<\/div>\n<div class=\"spec__content\" data-v-af84bba8=\"\">\u2022 USB 2.0 \u2022 Serial port: RS-232 (DB-9) \u2022 Ethernet 10\/100 Mbps<\/div>\n<\/div>\n<div class=\"spec\" data-v-af84bba8=\"\" data-v-44ffa332=\"\">\n<div class=\"spec__title\" data-v-af84bba8=\"\">Ribbon<\/div>\n<div class=\"spec__content\" data-v-af84bba8=\"\">Types Wax, Wax \/ Resin, Resin Length 360\u2019 (110 m) Width Min. 1.18\u201d (30 mm) \u2013 Max. 4.33\u201d (110 mm) Ribbon Roll Diameter 1.57\u201d (40 mm) Core Diameter 0.5\u201d (12.7 mm)<\/div>\n<\/div>\n<div class=\"spec\" data-v-af84bba8=\"\" data-v-44ffa332=\"\">\n<div class=\"spec__title\" data-v-af84bba8=\"\">Control Panel<\/div>\n<div class=\"spec__content\" data-v-af84bba8=\"\">\u2022 One Tri-color LED: Power (Green, Orange and Red) \u2022 Function Key: FEED \u2022 Calibration Button<\/div>\n<\/div>\n<p>&nbsp;<\/p>\n","protected":false},"excerpt":{"rendered":"<p>Utilisez Imprimante Godex GE300 USB pour toutes vos applications d\u2019impression de codes \u00e0 barres \u00e0 transfert thermique de service l\u00e9ger \u00e0 moyen.<\/p>\n<p>Ports Ethernet, s\u00e9rie et USB inclus Utilise des \u00e9tiquettes et des rubans standard \u00e0 faible co\u00fbt Haute rentabilit\u00e9 pour une impression en grande quantit\u00e9 Logiciel d\u2019\u00e9tiquetage gratuit GoLabel \/ QLabel pour une impression facile Mod\u00e8le 203 DPI<\/p>\n","protected":false},"featured_media":13384,"comment_status":"open","ping_status":"closed","template":"","meta":{"_acf_changed":false,"_monsterinsights_skip_tracking":false,"_monsterinsights_sitenote_active":false,"_monsterinsights_sitenote_note":"","_monsterinsights_sitenote_category":0,"_uf_show_specific_survey":0,"_uf_disable_surveys":false,"_joinchat":[]},"product_brand":[],"product_cat":[15,292],"product_tag":[],"class_list":{"0":"post-13383","1":"product","2":"type-product","3":"status-publish","4":"has-post-thumbnail","6":"product_cat-imprimante-scanner","7":"product_cat-etiqueteuse-imprimante-de-tickets","9":"first","10":"instock","11":"sale","12":"shipping-taxable","13":"purchasable","14":"product-type-simple"},"acf":[],"jetpack_sharing_enabled":true,"_links":{"self":[{"href":"https:\/\/digistar.ma\/index.php?rest_route=\/wp\/v2\/product\/13383","targetHints":{"allow":["GET"]}}],"collection":[{"href":"https:\/\/digistar.ma\/index.php?rest_route=\/wp\/v2\/product"}],"about":[{"href":"https:\/\/digistar.ma\/index.php?rest_route=\/wp\/v2\/types\/product"}],"replies":[{"embeddable":true,"href":"https:\/\/digistar.ma\/index.php?rest_route=%2Fwp%2Fv2%2Fcomments&post=13383"}],"version-history":[{"count":1,"href":"https:\/\/digistar.ma\/index.php?rest_route=\/wp\/v2\/product\/13383\/revisions"}],"predecessor-version":[{"id":13387,"href":"https:\/\/digistar.ma\/index.php?rest_route=\/wp\/v2\/product\/13383\/revisions\/13387"}],"wp:featuredmedia":[{"embeddable":true,"href":"https:\/\/digistar.ma\/index.php?rest_route=\/wp\/v2\/media\/13384"}],"wp:attachment":[{"href":"https:\/\/digistar.ma\/index.php?rest_route=%2Fwp%2Fv2%2Fmedia&parent=13383"}],"wp:term":[{"taxonomy":"product_brand","embeddable":true,"href":"https:\/\/digistar.ma\/index.php?rest_route=%2Fwp%2Fv2%2Fproduct_brand&post=13383"},{"taxonomy":"product_cat","embeddable":true,"href":"https:\/\/digistar.ma\/index.php?rest_route=%2Fwp%2Fv2%2Fproduct_cat&post=13383"},{"taxonomy":"product_tag","embeddable":true,"href":"https:\/\/digistar.ma\/index.php?rest_route=%2Fwp%2Fv2%2Fproduct_tag&post=13383"}],"curies":[{"name":"wp","href":"https:\/\/api.w.org\/{rel}","templated":true}]}}