{"id":13388,"date":"2024-10-17T22:50:29","date_gmt":"2024-10-17T22:50:29","guid":{"rendered":"https:\/\/digistar.ma\/?post_type=product&#038;p=13388"},"modified":"2024-10-17T22:50:29","modified_gmt":"2024-10-17T22:50:29","slug":"systeme-de-partage-decran-sans-fil-barco-clickshare-cx-50","status":"publish","type":"product","link":"https:\/\/digistar.ma\/?product=systeme-de-partage-decran-sans-fil-barco-clickshare-cx-50","title":{"rendered":"Syst\u00e8me de partage d&#8217;\u00e9cran sans fil Barco ClickShare CX-50"},"content":{"rendered":"<h3>Syst\u00e8me de partage d&#8217;\u00e9cran sans fil Barco ClickShare CX-50<\/h3>\n<h2 class=\"h2-master\">Des conf\u00e9rences sans fil \u00e0 distance en un clic et en haute qualit\u00e9<\/h2>\n<section>En proposant un syst\u00e8me de conf\u00e9rence sans fil de haute qualit\u00e9,\u00a0<strong>ClickShare CX-50 sign\u00e9 Barco<\/strong>\u00a0transforme\u00a0vos espaces professionnels en environnement de travail productif, pratique et efficace.<\/p>\n<p>Simple \u00e0 installer et \u00e0 utiliser, ce mod\u00e8le propose \u00e9galement des fonctions de mod\u00e9ration et d&#8217;interaction. Il\u00a0se montre compatible avec de nombreux \u00e9quipements, de vos ordinateurs aux p\u00e9riph\u00e9riques en passant par les dispositifs audio et vid\u00e9o. Faites le choix de la solution Barco et passez au niveau sup\u00e9rieur !<\/p>\n<\/section>\n<section>\n<div class=\"desc-image\"><img decoding=\"async\" src=\"https:\/\/media.ldlc.com\/bo\/images\/fiches\/Accessoires%20Vid%C3%A9oprojecteurs\/Barco\/CX-20\/collaboration_sans_fil.jpg\" alt=\"\" \/><\/div>\n<div class=\"desc-text\">\n<h2>Optimisez vos r\u00e9unions<\/h2>\n<p>Avec ClickShare CX-50, d\u00e9marrez plus facilement que jamais des r\u00e9unions collaboratives \u00e0 distance depuis votre appareil, et proposez ainsi une exp\u00e9rience de conf\u00e9rence immersive et transparente \u00e0 l\u2019ensemble des participants, qu\u2019ils soient sur site, invit\u00e9s ou \u00e0 distance.<\/p>\n<p>En moins de sept\u00a0secondes, d\u00e9butez votre conf\u00e9rence en combinant le logiciel de conf\u00e9rence de votre choix au ClickShare Conferencing Button.<\/p>\n<p><strong>Le CX-50 se connecte sans fil aux cam\u00e9ras, aux haut-parleurs et aux p\u00e9riph\u00e9riques audio des salles de r\u00e9union<\/strong>, ce qui permet de gagner du temps et de maximiser l\u2019efficacit\u00e9.<\/p>\n<\/div>\n<\/section>\n<section>\n<div class=\"desc-text\">\n<h2>Compatibilit\u00e9 \u00e9tendue, s\u00e9curit\u00e9 accrue<\/h2>\n<p>Profitez d&#8217;une libert\u00e9 et d&#8217;une souplesse exceptionnelles dans le choix des moyens et outils de collaboration.<\/p>\n<p>Sur PC, Mac ou sur les appareils mobiles, le ClickShare Conferencing Button et l\u2019application Collaboration de ClickShare permettent\u00a0aux utilisateurs de collaborer dans les meilleures conditions.<\/p>\n<p>Id\u00e9al pour les environnements professionnels, ce mod\u00e8le embarque des fonctionnalit\u00e9s\u00a0pour une\u00a0<strong>s\u00e9curit\u00e9 accrue et une int\u00e9gration transparente<\/strong>. L&#8217;int\u00e9gration se fait sans probl\u00e8me avec n\u2019importe quel r\u00e9seau informatique.<\/p>\n<p>De son c\u00f4t\u00e9, la\u00a0<strong>plateforme XMS\u00a0(Cloud)\u00a0Management<\/strong>\u00a0assure une gestion ais\u00e9e des appareils, ainsi qu\u2019une exp\u00e9rience utilisateur intuitive et des analyses claires pour tirer le meilleur parti de l\u2019espace de travail num\u00e9rique.<\/p>\n<\/div>\n<\/section>\n","protected":false},"excerpt":{"rendered":"<ul>\n<li><strong>Syst\u00e8me de conf\u00e9rence sans fil et de\u00a0collaboration \u00e0 distance haute qualit\u00e9<\/strong><\/li>\n<li>Compatibilit\u00e9 BYOD<\/li>\n<li>Connexion en 1 clic via le\u00a0bouton\u00a0de conf\u00e9rence (USB-C)<\/li>\n<li>Compatibilit\u00e9 \u00e9tendue avec vos \u00e9quipements (PC, p\u00e9riph\u00e9riques, plateforme de conf\u00e9rence)<\/li>\n<li><strong>S\u00e9curit\u00e9 renforc\u00e9e<\/strong>\u00a0: certification ISO 27001<\/li>\n<li>Connexion et gestion dans le cloud<\/li>\n<li><strong>Fonctions d&#8217;interaction et de mod\u00e9ration (via MAJ microcode)<\/strong>\u00a0: TouchBack (retour tactile), annotation, tableau noir<\/li>\n<li><strong>Univers adapt\u00e9<\/strong>\u00a0: salles de r\u00e9union, salles de conf\u00e9rence<\/li>\n<li>Application ClickShare Collaboration<\/li>\n<li>Unit\u00e9 de base : 3x USB-A, USB-C, HDMI 1.4 (entr\u00e9e et sortie), Gigabit Ethernet, sorties audio Jack et S\/PDIF<\/li>\n<li>Protocoles compatibles : AirPlay, Miracast, Google Cast<\/li>\n<\/ul>\n","protected":false},"featured_media":13389,"comment_status":"open","ping_status":"closed","template":"","meta":{"_acf_changed":false,"_monsterinsights_skip_tracking":false,"_monsterinsights_sitenote_active":false,"_monsterinsights_sitenote_note":"","_monsterinsights_sitenote_category":0,"_uf_show_specific_survey":0,"_uf_disable_surveys":false,"_joinchat":[]},"product_brand":[],"product_cat":[246,337],"product_tag":[],"class_list":{"0":"post-13388","1":"product","2":"type-product","3":"status-publish","4":"has-post-thumbnail","6":"product_cat-peripherique","7":"product_cat-visioconference","9":"first","10":"instock","11":"sale","12":"shipping-taxable","13":"purchasable","14":"product-type-simple"},"acf":[],"jetpack_sharing_enabled":true,"_links":{"self":[{"href":"https:\/\/digistar.ma\/index.php?rest_route=\/wp\/v2\/product\/13388","targetHints":{"allow":["GET"]}}],"collection":[{"href":"https:\/\/digistar.ma\/index.php?rest_route=\/wp\/v2\/product"}],"about":[{"href":"https:\/\/digistar.ma\/index.php?rest_route=\/wp\/v2\/types\/product"}],"replies":[{"embeddable":true,"href":"https:\/\/digistar.ma\/index.php?rest_route=%2Fwp%2Fv2%2Fcomments&post=13388"}],"version-history":[{"count":1,"href":"https:\/\/digistar.ma\/index.php?rest_route=\/wp\/v2\/product\/13388\/revisions"}],"predecessor-version":[{"id":13394,"href":"https:\/\/digistar.ma\/index.php?rest_route=\/wp\/v2\/product\/13388\/revisions\/13394"}],"wp:featuredmedia":[{"embeddable":true,"href":"https:\/\/digistar.ma\/index.php?rest_route=\/wp\/v2\/media\/13389"}],"wp:attachment":[{"href":"https:\/\/digistar.ma\/index.php?rest_route=%2Fwp%2Fv2%2Fmedia&parent=13388"}],"wp:term":[{"taxonomy":"product_brand","embeddable":true,"href":"https:\/\/digistar.ma\/index.php?rest_route=%2Fwp%2Fv2%2Fproduct_brand&post=13388"},{"taxonomy":"product_cat","embeddable":true,"href":"https:\/\/digistar.ma\/index.php?rest_route=%2Fwp%2Fv2%2Fproduct_cat&post=13388"},{"taxonomy":"product_tag","embeddable":true,"href":"https:\/\/digistar.ma\/index.php?rest_route=%2Fwp%2Fv2%2Fproduct_tag&post=13388"}],"curies":[{"name":"wp","href":"https:\/\/api.w.org\/{rel}","templated":true}]}}