{"id":13395,"date":"2024-10-17T23:02:40","date_gmt":"2024-10-17T23:02:40","guid":{"rendered":"https:\/\/digistar.ma\/?post_type=product&#038;p=13395"},"modified":"2024-10-17T23:02:40","modified_gmt":"2024-10-17T23:02:40","slug":"systeme-de-presentation-sans-fil-barco-clickshare-c-10-gen2","status":"publish","type":"product","link":"https:\/\/digistar.ma\/?product=systeme-de-presentation-sans-fil-barco-clickshare-c-10-gen2","title":{"rendered":"Syst\u00e8me de pr\u00e9sentation sans-fil Barco ClickShare C-10 GEN2"},"content":{"rendered":"<h3>Syst\u00e8me de pr\u00e9sentation sans-fil Barco ClickShare C-10 GEN2<\/h3>\n<h2 class=\"h2-master\">Des r\u00e9unions efficaces avec Barco<\/h2>\n<section>Avec\u00a0<strong>Barco ClickShare C-10<\/strong>, vous avez \u00e0 votre disposition un syst\u00e8me de pr\u00e9sentation sans fil simple \u00e0 utiliser pour rendre vos r\u00e9unions efficaces et confortables. Ce mod\u00e8le simplifie le partage de contenus sur grand \u00e9cran pour faire de vos instants de r\u00e9flexions collectives\u00a0des moments productifs !<\/p>\n<\/section>\n<section>\n<div class=\"desc-image\"><img decoding=\"async\" src=\"https:\/\/media.ldlc.com\/bo\/images\/fiches\/Accessoires%20Vid%C3%A9oprojecteurs\/Barco\/C5\/collaboration.jpg\" alt=\"\" \/><\/div>\n<div class=\"desc-text\">\n<h2>Collaborations optimis\u00e9es<\/h2>\n<p>Avec ClickShare C-10, d\u00e9marrez\u00a0une r\u00e9union et affichez\u00a0votre contenu \u00e0 l\u2019\u00e9cran en quelques secondes. Quel que soit l&#8217;appareil que vous utilisez. Optez pour l&#8217;int\u00e9gration des flux de travail avec l&#8217;application ClickShare sur ordinateur portable, appareil mobile ou tablette.<\/p>\n<p>Ou mettez en \u0153uvre le BYOD complet en r\u00e9solution 4K\u00a0: la duplication d&#8217;\u00e9cran avec Airplay, GoogleCast et Miracast fonctionne parfaitement. Tout le monde, y compris les invit\u00e9s, peut partager du contenu sans fil sur l&#8217;\u00e9cran principal de la salle gr\u00e2ce \u00e0 notre exp\u00e9rience de r\u00e9union en un clic. Deux utilisateurs peuvent partager c\u00f4te \u00e0 c\u00f4te en r\u00e9solution Full HD \u00e0 l&#8217;\u00e9cran.<\/p>\n<p>Les utilisateurs de ClickShare C-10 peuvent b\u00e9n\u00e9ficier de fonctionnalit\u00e9s interactives avanc\u00e9es, notamment une vue locale de l&#8217;\u00e9cran de la salle, le choix de ce que vous partagez (plein \u00e9cran ou une seule fen\u00eatre), des annotations, un tableau noir et une prise en charge Touch Back qui permet aux utilisateurs de contr\u00f4ler l&#8217;\u00e9cran tactile dans la salle.<\/p>\n<\/div>\n<\/section>\n<section>\n<div class=\"desc-text\">\n<h2>Syst\u00e8me s\u00e9curis\u00e9<\/h2>\n<p>Con\u00e7u pour les d\u00e9ploiements en entreprise, le C-10 vous propose des\u00a0<strong>fonctions de s\u00e9curit\u00e9 avanc\u00e9es (certifi\u00e9es ISO27001)<\/strong>\u00a0et un grand nombre d\u2019options de connectivit\u00e9. Avec la plateforme XMS Cloud Management, vous b\u00e9n\u00e9ficiez de la gestion \u00e0 distance des unit\u00e9s et d&#8217;analyses claires pour piloter votre lieu de travail num\u00e9rique.<\/p>\n<p><strong>Le ClickShare C-10 peut \u00eatre utilis\u00e9 de mani\u00e8re autonome ou en combinaison avec votre salle de conf\u00e9rence existante<\/strong>. Il\u00a0permet des r\u00e9unions hybrides dans les salles de conf\u00e9rence Microsoft Teams, Zoom ou Webex existantes avec un partage de contenu sans fil simple d&#8217;un seul clic.<\/p>\n<p>ClickShare compl\u00e8te la configuration existante et fluidifie la collaboration hybride. Con\u00e7u pour s&#8217;adapter parfaitement \u00e0 votre entreprise et pour \u00e9voluer avec elle. Offrant une r\u00e9elle flexibilit\u00e9 face \u00e0 l\u2019avenir, elle repr\u00e9sente un investissement des plus judicieux dans votre \u00e9cosyst\u00e8me de salle de r\u00e9union ou de salle de conf\u00e9rence.<\/p>\n<\/div>\n<div class=\"desc-image\"><img decoding=\"async\" src=\"https:\/\/media.ldlc.com\/bo\/images\/fiches\/Accessoires%20Vid%C3%A9oprojecteurs\/Barco\/CX-20\/conferencing_button.jpg\" alt=\"\" \/><\/div>\n<\/section>\n<section class=\"list\">\n<h2>Caract\u00e9ristiques principales :<\/h2>\n<ul>\n<li><strong>Syst\u00e8me de pr\u00e9sentation sans fil<\/strong><\/li>\n<li>Compatibilit\u00e9 BYOD<\/li>\n<li>Sortie vid\u00e9o 4K UHD \u00e0 30 Hz<\/li>\n<li><strong>Connexion en 1 clic via le bouton de conf\u00e9rence (USB-C)<\/strong><\/li>\n<li>Compatibilit\u00e9 \u00e9tendue avec vos \u00e9quipements (PC, p\u00e9riph\u00e9riques, plateforme de conf\u00e9rence)<\/li>\n<li><strong>S\u00e9curit\u00e9 renforc\u00e9e<\/strong>\u00a0: certification ISO 27001<\/li>\n<li>Connexion et gestion dans le cloud<\/li>\n<li><strong>Univers adapt\u00e9<\/strong>\u00a0: espaces collaboratifs, moyennes\/grandes salles de r\u00e9union<\/li>\n<li>Application ClickShare Collaboration<\/li>\n<li>R\u00e9seau : Wi-Fi AC, Gigabit Ethernet<\/li>\n<li>Unit\u00e9 de base : USB-A 3.0, USB-C 3.0, HDMI 1.4<\/li>\n<li>Protocoles compatibles : AirPlay, Miracast, Google Cast<\/li>\n<\/ul>\n<\/section>\n","protected":false},"excerpt":{"rendered":"<ul>\n<li><strong>Syst\u00e8me de pr\u00e9sentation sans fil<\/strong><\/li>\n<li>Compatibilit\u00e9 BYOD<\/li>\n<li>Sortie vid\u00e9o 4K UHD \u00e0 30 Hz<\/li>\n<li><strong>Connexion en 1 clic via le bouton de conf\u00e9rence (USB-C)<\/strong><\/li>\n<li>Compatibilit\u00e9 \u00e9tendue avec vos \u00e9quipements (PC, p\u00e9riph\u00e9riques, plateforme de conf\u00e9rence)<\/li>\n<li><strong>S\u00e9curit\u00e9 renforc\u00e9e<\/strong>\u00a0: certification ISO 27001<\/li>\n<li>Connexion et gestion dans le cloud<\/li>\n<li><strong>Univers adapt\u00e9<\/strong>\u00a0: espaces collaboratifs, moyennes\/grandes salles de r\u00e9union<\/li>\n<li>Application ClickShare Collaboration<\/li>\n<li>R\u00e9seau : Wi-Fi AC, Gigabit Ethernet<\/li>\n<li>Unit\u00e9 de base : USB-A 3.0, USB-C 3.0, HDMI 1.4<\/li>\n<li>Protocoles compatibles : AirPlay, Miracast, Google Cast<\/li>\n<\/ul>\n","protected":false},"featured_media":13396,"comment_status":"open","ping_status":"closed","template":"","meta":{"_acf_changed":false,"_monsterinsights_skip_tracking":false,"_monsterinsights_sitenote_active":false,"_monsterinsights_sitenote_note":"","_monsterinsights_sitenote_category":0,"_uf_show_specific_survey":0,"_uf_disable_surveys":false,"_joinchat":[]},"product_brand":[],"product_cat":[246,337],"product_tag":[],"class_list":{"0":"post-13395","1":"product","2":"type-product","3":"status-publish","4":"has-post-thumbnail","6":"product_cat-peripherique","7":"product_cat-visioconference","9":"first","10":"instock","11":"sale","12":"shipping-taxable","13":"purchasable","14":"product-type-simple"},"acf":[],"jetpack_sharing_enabled":true,"_links":{"self":[{"href":"https:\/\/digistar.ma\/index.php?rest_route=\/wp\/v2\/product\/13395","targetHints":{"allow":["GET"]}}],"collection":[{"href":"https:\/\/digistar.ma\/index.php?rest_route=\/wp\/v2\/product"}],"about":[{"href":"https:\/\/digistar.ma\/index.php?rest_route=\/wp\/v2\/types\/product"}],"replies":[{"embeddable":true,"href":"https:\/\/digistar.ma\/index.php?rest_route=%2Fwp%2Fv2%2Fcomments&post=13395"}],"version-history":[{"count":1,"href":"https:\/\/digistar.ma\/index.php?rest_route=\/wp\/v2\/product\/13395\/revisions"}],"predecessor-version":[{"id":13399,"href":"https:\/\/digistar.ma\/index.php?rest_route=\/wp\/v2\/product\/13395\/revisions\/13399"}],"wp:featuredmedia":[{"embeddable":true,"href":"https:\/\/digistar.ma\/index.php?rest_route=\/wp\/v2\/media\/13396"}],"wp:attachment":[{"href":"https:\/\/digistar.ma\/index.php?rest_route=%2Fwp%2Fv2%2Fmedia&parent=13395"}],"wp:term":[{"taxonomy":"product_brand","embeddable":true,"href":"https:\/\/digistar.ma\/index.php?rest_route=%2Fwp%2Fv2%2Fproduct_brand&post=13395"},{"taxonomy":"product_cat","embeddable":true,"href":"https:\/\/digistar.ma\/index.php?rest_route=%2Fwp%2Fv2%2Fproduct_cat&post=13395"},{"taxonomy":"product_tag","embeddable":true,"href":"https:\/\/digistar.ma\/index.php?rest_route=%2Fwp%2Fv2%2Fproduct_tag&post=13395"}],"curies":[{"name":"wp","href":"https:\/\/api.w.org\/{rel}","templated":true}]}}