{"id":13407,"date":"2024-10-26T16:28:36","date_gmt":"2024-10-26T16:28:36","guid":{"rendered":"https:\/\/digistar.ma\/?post_type=product&#038;p=13407"},"modified":"2026-01-10T14:57:26","modified_gmt":"2026-01-10T14:57:26","slug":"telephone-fixe-sans-fil-gigaset-cl660-solo-anthracite","status":"publish","type":"product","link":"https:\/\/digistar.ma\/?product=telephone-fixe-sans-fil-gigaset-cl660-solo-anthracite","title":{"rendered":"T\u00e9l\u00e9phone fixe sans fil Gigaset CL660 Solo Anthracite"},"content":{"rendered":"<h4>T\u00e9l\u00e9phone fixe sans fil Gigaset CL660 Solo Anthracite<\/h4>\n<h2 class=\"h2-master\">La qualit\u00e9 sans compromis<\/h2>\n<section>Avec le\u00a0<strong>Gigaset CL660<\/strong>, offrez-vous tout ce dont vous avez besoin pour une communication parfaite. En effet, ce mod\u00e8le se pare d&#8217;un \u00e9cran couleur de 2.4&#8243; \u00e0 r\u00e9solution 240 x 320 pixels, d&#8217;un r\u00e9pertoire pouvant accueillir jusqu&#8217;\u00e0 400 noms de contact et de nombreuses fonctionnalit\u00e9s pour simplifier la vie au quotidien.<\/p>\n<p>B\u00e9n\u00e9ficiant \u00e9galement de la technologie ECO DECT, le t\u00e9l\u00e9phone est sans \u00e9missions en mode veille et lors d&#8217;un appel, la puissance transmise est automatiquement ajust\u00e9e en fonction de la distance entre la base et le combin\u00e9. Ainsi, plus la distance vers la base est r\u00e9duite, plus les \u00e9missions sont faibles.<\/p>\n<\/section>\n<section>\n<div class=\"desc-image\"><img decoding=\"async\" src=\"https:\/\/media.ldlc.com\/bo\/images\/fiches\/telephone_fixe\/gigaset\/CL660\/4.jpg\" alt=\"\" \/><\/div>\n<div class=\"desc-text\">\n<h2>Moderne et fonctionnel<\/h2>\n<p>Le Gigaset CL660 int\u00e8gre une touche de navigation clairement visible ainsi qu&#8217;un\u00a0<strong>\u00e9cran haute r\u00e9solution de 2.4&#8243;<\/strong>\u00a0permettant une utilisation simple et intuitive pour votre plus grand confort.<\/p>\n<p>Quant \u00e0 sa couleur gris anthracite, elle permet au Gigaset CL660 de s&#8217;int\u00e9grer avec \u00e9l\u00e9gance dans votre int\u00e9rieur. Le t\u00e9l\u00e9phone dispose \u00e9galement de\u00a0<strong>nombreuses fonctionnalit\u00e9s<\/strong>\u00a0comme l&#8217;affichage de la date, de l&#8217;heure, des nouveaux messages, de la dur\u00e9e des appels et du niveau de charge de la batterie.<\/p>\n<p>La\u00a0<strong>fonction Clip image<\/strong>\u00a0vous permet de transf\u00e9rer\u00a0<strong>des images de vos contacts<\/strong>\u00a0vers votre r\u00e9pertoire, afin de savoir imm\u00e9diatement qui appelle. En outre, vous pouvez utiliser vos propres photos pour\u00a0<strong>changer l&#8217;arri\u00e8re-plan ou l&#8217;\u00e9cran de veille sur le combin\u00e9<\/strong>. Il est \u00e9galement tr\u00e8s facile de d\u00e9finir vos propres sonneries.<\/p>\n<p>De plus, le grand r\u00e9pertoire\u00a0du CL660 permet d&#8217;enregistrer jusqu&#8217;\u00e0 400 entr\u00e9es avec trois num\u00e9ros pour chacune. Vous pouvez synchroniser rapidement ces num\u00e9ros avec votre PC ou Mac &#8211; via micro USB et les r\u00e9pertoires de MS Outlook, Windows ou Google Cloud.<\/p>\n<\/div>\n<\/section>\n<section class=\"list\">\n<h2>Principales caract\u00e9ristiques :<\/h2>\n<ul>\n<li><b>T\u00e9l\u00e9phone sans fil<\/b><\/li>\n<li><strong>Grand \u00e9cran couleur TFT 2,4 pouces\u00a0\u00e0 r\u00e9solution 240 x 320 pixels<\/strong><\/li>\n<li>Grande qualit\u00e9 de son, m\u00eame en mode mains libres<\/li>\n<li><strong>R\u00e9pertoire contenant jusqu&#8217;\u00e0 400 contacts<\/strong>\u00a0avec 3 num\u00e9ros diff\u00e9rents pour chacun<\/li>\n<li>Design moderne<\/li>\n<li><strong>Fonction mains libres<\/strong><\/li>\n<li>20 sonneries<\/li>\n<li>Autonomie : 14h en communication \/ 300h en veille<\/li>\n<li>Dimensions du combin\u00e9 : 157 x 52 x 21 mm<\/li>\n<li>Dimensions de la base : 117 x 115 x 47 mm<\/li>\n<\/ul>\n<\/section>\n","protected":false},"excerpt":{"rendered":"<ul>\n<li><b>T\u00e9l\u00e9phone sans fil<\/b><\/li>\n<li><strong>Grand \u00e9cran couleur TFT 2,4 pouces\u00a0\u00e0 r\u00e9solution 240 x 320 pixels<\/strong><\/li>\n<li>Grande qualit\u00e9 de son, m\u00eame en mode mains libres<\/li>\n<li><strong>R\u00e9pertoire contenant jusqu&#8217;\u00e0 400 contacts<\/strong>\u00a0avec 3 num\u00e9ros diff\u00e9rents pour chacun<\/li>\n<li>Design moderne<\/li>\n<li><strong>Fonction mains libres<\/strong><\/li>\n<li>20 sonneries<\/li>\n<li>Autonomie : 14h en communication \/ 300h en veille<\/li>\n<li>Dimensions du combin\u00e9 : 157 x 52 x 21 mm<\/li>\n<li>Dimensions de la base : 117 x 115 x 47 mm<\/li>\n<\/ul>\n","protected":false},"featured_media":13408,"comment_status":"open","ping_status":"closed","template":"","meta":{"_acf_changed":false,"_monsterinsights_skip_tracking":false,"_monsterinsights_sitenote_active":false,"_monsterinsights_sitenote_note":"","_monsterinsights_sitenote_category":0,"_uf_show_specific_survey":0,"_uf_disable_surveys":false,"_joinchat":[]},"product_brand":[],"product_cat":[246,242],"product_tag":[],"class_list":{"0":"post-13407","1":"product","2":"type-product","3":"status-publish","4":"has-post-thumbnail","6":"product_cat-peripherique","7":"product_cat-telephonie","9":"first","10":"instock","11":"sale","12":"shipping-taxable","13":"purchasable","14":"product-type-simple"},"acf":[],"jetpack_sharing_enabled":true,"_links":{"self":[{"href":"https:\/\/digistar.ma\/index.php?rest_route=\/wp\/v2\/product\/13407","targetHints":{"allow":["GET"]}}],"collection":[{"href":"https:\/\/digistar.ma\/index.php?rest_route=\/wp\/v2\/product"}],"about":[{"href":"https:\/\/digistar.ma\/index.php?rest_route=\/wp\/v2\/types\/product"}],"replies":[{"embeddable":true,"href":"https:\/\/digistar.ma\/index.php?rest_route=%2Fwp%2Fv2%2Fcomments&post=13407"}],"version-history":[{"count":1,"href":"https:\/\/digistar.ma\/index.php?rest_route=\/wp\/v2\/product\/13407\/revisions"}],"predecessor-version":[{"id":13413,"href":"https:\/\/digistar.ma\/index.php?rest_route=\/wp\/v2\/product\/13407\/revisions\/13413"}],"wp:featuredmedia":[{"embeddable":true,"href":"https:\/\/digistar.ma\/index.php?rest_route=\/wp\/v2\/media\/13408"}],"wp:attachment":[{"href":"https:\/\/digistar.ma\/index.php?rest_route=%2Fwp%2Fv2%2Fmedia&parent=13407"}],"wp:term":[{"taxonomy":"product_brand","embeddable":true,"href":"https:\/\/digistar.ma\/index.php?rest_route=%2Fwp%2Fv2%2Fproduct_brand&post=13407"},{"taxonomy":"product_cat","embeddable":true,"href":"https:\/\/digistar.ma\/index.php?rest_route=%2Fwp%2Fv2%2Fproduct_cat&post=13407"},{"taxonomy":"product_tag","embeddable":true,"href":"https:\/\/digistar.ma\/index.php?rest_route=%2Fwp%2Fv2%2Fproduct_tag&post=13407"}],"curies":[{"name":"wp","href":"https:\/\/api.w.org\/{rel}","templated":true}]}}