{"id":13423,"date":"2024-10-26T21:07:54","date_gmt":"2024-10-26T21:07:54","guid":{"rendered":"https:\/\/digistar.ma\/?post_type=product&#038;p=13423"},"modified":"2024-10-26T21:07:54","modified_gmt":"2024-10-26T21:07:54","slug":"telephone-sans-fil-avec-repondeur-gigaset-as690a-dect","status":"publish","type":"product","link":"https:\/\/digistar.ma\/?product=telephone-sans-fil-avec-repondeur-gigaset-as690a-dect","title":{"rendered":"T\u00e9l\u00e9phone sans fil avec r\u00e9pondeur Gigaset AS690A DECT"},"content":{"rendered":"<h3>T\u00e9l\u00e9phone sans fil avec r\u00e9pondeur Gigaset AS690A DECT<\/h3>\n<section>Gardez le contact avec vos proches et amis en toute simplicit\u00e9 gr\u00e2ce au t\u00e9l\u00e9phone\u00a0<strong>Gigaset AS690A<\/strong>\u00a0! Intuitif et agr\u00e9able \u00e0 prendre en main, il vous laisse le choix de passer un appel en utilisant le combin\u00e9 ou en mode mains-libres, ce qui vous permet de faire autre chose en m\u00eame temps ou d&#8217;inclure d&#8217;autres personnes dans la conversation.<\/p>\n<p>Parmi ses points forts, vous appr\u00e9cierez son affichage ultra lisible ainsi que son r\u00e9pertoire de 100 contacts et son autonomie allant jusqu&#8217;\u00e0 14h en communication. Gr\u00e2ce \u00e0 lui, faites vous comprendre et ne manquez aucun d\u00e9tail de vos conversations.<\/p>\n<p>Parfaitement stable sur sa base, il trouvera ais\u00e9ment sa place au sein des diff\u00e9rentes pi\u00e8ces de la maison.<\/p>\n<\/section>\n<section>\n<div class=\"desc-image\"><img decoding=\"async\" src=\"https:\/\/media.ldlc.com\/bo\/images\/fiches\/telephone_fixe\/gigaset\/AS690\/1.jpg\" alt=\"\" \/><\/div>\n<div class=\"desc-text\">\n<h2>Tr\u00e8s simple \u00e0 utiliser<\/h2>\n<p>Le Gigaset AS690A joue la carte de la simplicit\u00e9 et sait r\u00e9pondre \u00e0 vos attentes gr\u00e2ce\u00a0\u00e0 ses nombreuses fonctionnalit\u00e9s utiles. Profitez de l&#8217;<strong>affichage du num\u00e9ro et du nom<\/strong>\u00a0pour savoir qui vous appelle et gardez un \u0153il sur vos coups de fils manqu\u00e9s via le journal d&#8217;appels.<\/p>\n<p>Acc\u00e9dez aux diff\u00e9rentes donn\u00e9es en utilisant les\u00a0<strong>touches de navigation<\/strong>\u00a0qui facilitent votre utilisation quotidienne.<\/p>\n<p>C\u00f4t\u00e9 son, le AS690A propose une acoustique de qualit\u00e9 avec un\u00a0<strong>son High Sound Performance<\/strong>. R\u00e9glez le volume comme bon vous semble et g\u00e9rer \u00e9galement les sonneries.<\/p>\n<\/div>\n<\/section>\n<section class=\"list\">\n<h2>Caract\u00e9ristiques principales :<\/h2>\n<ul>\n<li><strong>Mode mains-libres avec son High Sound Performance<\/strong>\u00a0(HSP)<\/li>\n<li>Affichage ultra lisible : \u00e9cran r\u00e9tro-\u00e9clair\u00e9 blanc 2&#8243;<\/li>\n<li>R\u00e9tro-\u00e9clairage du clavier<\/li>\n<li><strong>R\u00e9pertoire 100 contacts<\/strong><\/li>\n<li><strong>Liste des 10 derniers num\u00e9ros compos\u00e9s<\/strong><\/li>\n<li>Notification d\u2019appels manqu\u00e9s sur l\u2019\u00e9cran et sur la touche &#8220;Message&#8221;<\/li>\n<li>Journal des 25 derniers appels manqu\u00e9s et appels re\u00e7us avec affichage de l\u2019horodatage, du nom et du num\u00e9ro<\/li>\n<li><strong>Pr\u00e9sentation du Num\u00e9ro et du Nom<\/strong><\/li>\n<li><strong>R\u00e9pondeur avec capacit\u00e9 d&#8217;enregistrement jusqu&#8217;\u00e0 20 minutes<\/strong><\/li>\n<li>Interrogeable \u00e0 distance<\/li>\n<li>Annonces personnalisabels<\/li>\n<li>Blocage d\u2019appels<\/li>\n<li>Volume du combin\u00e9 r\u00e9glable sur 5 niveaux<\/li>\n<li>20 sonneries r\u00e9glables sur 5 niveaux, arr\u00eat et crescendo<\/li>\n<li><strong>Configuration multi-combin\u00e9s<\/strong>\u00a0(x4 max)<\/li>\n<li>2 appels simultan\u00e9s (1 externe + 1 interne)<\/li>\n<li>Conf\u00e9rence \u00e0 3 (1 externe + 2 internes) via la fonction &#8220;Intrusion&#8221;<\/li>\n<li>Fonction r\u00e9veil avec s\u00e9lection de la m\u00e9lodie<\/li>\n<li>Autonomie en communication : 18 heures<\/li>\n<li>Autonomie en veille : 200 heures<\/li>\n<li>Port\u00e9e en int\u00e9rieur : jusqu&#8217;\u00e0 50 m<\/li>\n<li>Port\u00e9e en ext\u00e9rieur : jusqu&#8217;\u00e0 300 m<\/li>\n<li>Dimensions combin\u00e9 : 155 x 49 x 28 mm<\/li>\n<li>Dimensions base : 126 x 44 x 102 mm<\/li>\n<li>Poids du combin\u00e9 : 119 g<\/li>\n<\/ul>\n<\/section>\n","protected":false},"excerpt":{"rendered":"<ul>\n<li><strong>Mode mains-libres avec son High Sound Performance<\/strong>\u00a0(HSP)<\/li>\n<li>Affichage ultra lisible : \u00e9cran r\u00e9tro-\u00e9clair\u00e9 blanc 2&#8243;<\/li>\n<li>R\u00e9tro-\u00e9clairage du clavier<\/li>\n<li><strong>R\u00e9pertoire 100 contacts<\/strong><\/li>\n<li><strong>Liste des 10 derniers num\u00e9ros compos\u00e9s<\/strong><\/li>\n<li>Notification d\u2019appels manqu\u00e9s sur l\u2019\u00e9cran et sur la touche &#8220;Message&#8221;<\/li>\n<li>Journal des 25 derniers appels manqu\u00e9s et appels re\u00e7us avec affichage de l\u2019horodatage, du nom et du num\u00e9ro<\/li>\n<li><strong>Pr\u00e9sentation du Num\u00e9ro et du Nom<\/strong><\/li>\n<li><strong>R\u00e9pondeur avec capacit\u00e9 d&#8217;enregistrement jusqu&#8217;\u00e0 20 minutes<\/strong><\/li>\n<li>Interrogeable \u00e0 distance<\/li>\n<li>Annonces personnalisabels<\/li>\n<li>Blocage d\u2019appels<\/li>\n<li>Volume du combin\u00e9 r\u00e9glable sur 5 niveaux<\/li>\n<li>20 sonneries r\u00e9glables sur 5 niveaux, arr\u00eat et crescendo<\/li>\n<li><strong>Configuration multi-combin\u00e9s<\/strong>\u00a0(x4 max)<\/li>\n<li>2 appels simultan\u00e9s (1 externe + 1 interne)<\/li>\n<li>Conf\u00e9rence \u00e0 3 (1 externe + 2 internes) via la fonction &#8220;Intrusion&#8221;<\/li>\n<li>Fonction r\u00e9veil avec s\u00e9lection de la m\u00e9lodie<\/li>\n<li>Autonomie en communication : 18 heures<\/li>\n<li>Autonomie en veille : 200 heures<\/li>\n<li>Port\u00e9e en int\u00e9rieur : jusqu&#8217;\u00e0 50 m<\/li>\n<li>Port\u00e9e en ext\u00e9rieur : jusqu&#8217;\u00e0 300 m<\/li>\n<li>Dimensions combin\u00e9 : 155 x 49 x 28 mm<\/li>\n<li>Dimensions base : 126 x 44 x 102 mm<\/li>\n<li>Poids du combin\u00e9 : 119 g<\/li>\n<\/ul>\n","protected":false},"featured_media":13424,"comment_status":"open","ping_status":"closed","template":"","meta":{"_acf_changed":false,"_monsterinsights_skip_tracking":false,"_monsterinsights_sitenote_active":false,"_monsterinsights_sitenote_note":"","_monsterinsights_sitenote_category":0,"_uf_show_specific_survey":0,"_uf_disable_surveys":false,"_joinchat":[]},"product_brand":[],"product_cat":[246,242],"product_tag":[],"class_list":{"0":"post-13423","1":"product","2":"type-product","3":"status-publish","4":"has-post-thumbnail","6":"product_cat-peripherique","7":"product_cat-telephonie","9":"first","10":"onbackorder","11":"sale","12":"shipping-taxable","13":"purchasable","14":"product-type-simple"},"acf":[],"jetpack_sharing_enabled":true,"_links":{"self":[{"href":"https:\/\/digistar.ma\/index.php?rest_route=\/wp\/v2\/product\/13423","targetHints":{"allow":["GET"]}}],"collection":[{"href":"https:\/\/digistar.ma\/index.php?rest_route=\/wp\/v2\/product"}],"about":[{"href":"https:\/\/digistar.ma\/index.php?rest_route=\/wp\/v2\/types\/product"}],"replies":[{"embeddable":true,"href":"https:\/\/digistar.ma\/index.php?rest_route=%2Fwp%2Fv2%2Fcomments&post=13423"}],"version-history":[{"count":1,"href":"https:\/\/digistar.ma\/index.php?rest_route=\/wp\/v2\/product\/13423\/revisions"}],"predecessor-version":[{"id":13430,"href":"https:\/\/digistar.ma\/index.php?rest_route=\/wp\/v2\/product\/13423\/revisions\/13430"}],"wp:featuredmedia":[{"embeddable":true,"href":"https:\/\/digistar.ma\/index.php?rest_route=\/wp\/v2\/media\/13424"}],"wp:attachment":[{"href":"https:\/\/digistar.ma\/index.php?rest_route=%2Fwp%2Fv2%2Fmedia&parent=13423"}],"wp:term":[{"taxonomy":"product_brand","embeddable":true,"href":"https:\/\/digistar.ma\/index.php?rest_route=%2Fwp%2Fv2%2Fproduct_brand&post=13423"},{"taxonomy":"product_cat","embeddable":true,"href":"https:\/\/digistar.ma\/index.php?rest_route=%2Fwp%2Fv2%2Fproduct_cat&post=13423"},{"taxonomy":"product_tag","embeddable":true,"href":"https:\/\/digistar.ma\/index.php?rest_route=%2Fwp%2Fv2%2Fproduct_tag&post=13423"}],"curies":[{"name":"wp","href":"https:\/\/api.w.org\/{rel}","templated":true}]}}