{"id":13431,"date":"2024-10-26T21:27:27","date_gmt":"2024-10-26T21:27:27","guid":{"rendered":"https:\/\/digistar.ma\/?post_type=product&#038;p=13431"},"modified":"2026-01-10T14:56:33","modified_gmt":"2026-01-10T14:56:33","slug":"telephone-sans-fil-gigaset-cl660a-dect","status":"publish","type":"product","link":"https:\/\/digistar.ma\/?product=telephone-sans-fil-gigaset-cl660a-dect","title":{"rendered":"T\u00e9l\u00e9phone sans fil Gigaset CL660A DECT"},"content":{"rendered":"<h3>T\u00e9l\u00e9phone sans fil Gigaset CL660A DECT<\/h3>\n<div class=\"container\" data-section-id=\"100293\">\n<div class=\"b_fce_textmedia b_fce_textmedia--even\">\n<div class=\"b_fce_textmedia__wrap\">\n<div class=\"b_fce_textmedia__row\">\n<div class=\"b_fce_textmedia__col b_fce_textmedia__col--left b_fce_textmedia__col--valign-middle\">\n<div class=\"b_fce_textmedia__content-wrap\">\n<div class=\"b_fce_textmedia__content\">\n<div class=\"b_fce_textmedia__headline\">\n<h2>La qualit\u00e9 sans compromis &#8211; le Gigaset CL660<\/h2>\n<\/div>\n<div class=\"b_fce_textmedia__text\">\n<p class=\"bodytext\">Vous n&#8217;avez plus \u00e0 choisir entre le design et les fonctionnalit\u00e9s ; le t\u00e9l\u00e9phone sans fil Gigaset CL660 vous offre les deux. Il poss\u00e8de un grand \u00e9cran couleur haute qualit\u00e9, ainsi\u00a0 qu&#8217;un son exceptionnel et des param\u00e8tres personnalisables. Ce t\u00e9l\u00e9phone vous offre tout ce dont vous avez besoin pour une communication parfaite.<\/p>\n<p class=\"bodytext\">Le Gigaset CL660A comporte \u00e9galement un r\u00e9pondeur int\u00e9gr\u00e9 avec jusqu&#8217;\u00e0 30 minutes d&#8217;enregistrement.<\/p>\n<\/div>\n<div class=\"b_fce_textmedia__cta-wrap b_fce_textmedia__cta-wrap--align-top\"><\/div>\n<\/div>\n<\/div>\n<\/div>\n<div class=\"b_fce_textmedia__col b_fce_textmedia__col--right b_fce_textmedia__col--valign-middle b_fce_textmedia__col--halign-outside\">\n<div class=\"b_fce_textmedia__media-wrap\">\n<div class=\"b_fce_textmedia__media\"><picture><source srcset=\"\/\/gse.gigaset.com\/typo3temp\/_processed_\/csm_01_CL660HX_KeyVisual_EN_01_7ffe0b5164.jpg\" media=\"(min-width: 1230px)\" \/><source srcset=\"\/\/gse.gigaset.com\/typo3temp\/_processed_\/csm_01_CL660HX_KeyVisual_EN_01_ecbc08d8ba.jpg\" media=\"(min-width: 1010px)\" \/><source srcset=\"\/\/gse.gigaset.com\/typo3temp\/_processed_\/csm_01_CL660HX_KeyVisual_EN_01_5fb74c5348.jpg\" media=\"(min-width: 640px)\" \/><source srcset=\"\/\/gse.gigaset.com\/typo3temp\/_processed_\/csm_01_CL660HX_KeyVisual_EN_01_6a70d1d01f.jpg, \/\/gse.gigaset.com\/typo3temp\/_processed_\/csm_01_CL660HX_KeyVisual_EN_01_8ccc402fd0.jpg 2x\" \/><img decoding=\"async\" class=\"b_fce_textmedia__image\" title=\"\" src=\"https:\/\/gse.gigaset.com\/typo3temp\/_processed_\/csm_01_CL660HX_KeyVisual_EN_01_7ffe0b5164.jpg\" alt=\"\" \/><\/picture><\/div>\n<\/div>\n<\/div>\n<\/div>\n<\/div>\n<\/div>\n<\/div>\n<div class=\"container\" data-section-id=\"74348\">\n<div class=\"b_fce_textmedia b_fce_textmedia--odd\">\n<div class=\"b_fce_textmedia__wrap\">\n<div class=\"b_fce_textmedia__row\">\n<div class=\"b_fce_textmedia__col b_fce_textmedia__col--left b_fce_textmedia__col--valign-top b_fce_textmedia__col--halign-center\">\n<div class=\"b_fce_textmedia__media-wrap\">\n<div class=\"b_fce_textmedia__media\"><picture><source srcset=\"\/\/gse.gigaset.com\/uploads\/tx_templavoila\/CL660HX_02_Design_439px_en_09.jpg\" media=\"(min-width: 1230px)\" \/><source srcset=\"\/\/gse.gigaset.com\/uploads\/tx_templavoila\/CL660HX_02_Design_439px_en_09.jpg\" media=\"(min-width: 1010px)\" \/><source srcset=\"\/\/gse.gigaset.com\/typo3temp\/_processed_\/csm_CL660HX_02_Design_720x_en_09_7c57d258d6.jpg\" media=\"(min-width: 640px)\" \/><source srcset=\"\/\/gse.gigaset.com\/typo3temp\/_processed_\/csm_CL660HX_02_Design_720x_en_09_68f3941206.jpg, \/\/gse.gigaset.com\/uploads\/tx_templavoila\/CL660HX_02_Design_720x_en_09.jpg 2x\" \/><img decoding=\"async\" class=\"b_fce_textmedia__image\" title=\"\" src=\"https:\/\/gse.gigaset.com\/uploads\/tx_templavoila\/CL660HX_02_Design_439px_en_09.jpg\" alt=\"\" \/><\/picture><\/div>\n<\/div>\n<\/div>\n<div class=\"b_fce_textmedia__col b_fce_textmedia__col--right b_fce_textmedia__col--valign-middle\">\n<div class=\"b_fce_textmedia__content-wrap\">\n<div class=\"b_fce_textmedia__content\">\n<div class=\"b_fce_textmedia__headline\">\n<h2>Le look et les fonctionnalit\u00e9s.<\/h2>\n<\/div>\n<div class=\"b_fce_textmedia__text\">\n<p class=\"bodytext\">Le CL660 combine un aspect moderne et des fonctionnalit\u00e9s impressionnantes. La touche de navigation clairement visible et le grand \u00e9cran haute r\u00e9solution permettent une utilisation simple et intuitive, pour votre plus grand confort. Enfin, sa couleur gris anthracite lui permet de s&#8217;int\u00e9grer avec \u00e9l\u00e9gance dans votre int\u00e9rieur.<\/p>\n<\/div>\n<div class=\"b_fce_textmedia__cta-wrap b_fce_textmedia__cta-wrap--align-top\"><\/div>\n<\/div>\n<\/div>\n<\/div>\n<\/div>\n<\/div>\n<\/div>\n<\/div>\n<div class=\"container\" data-section-id=\"74352\">\n<div class=\"b_fce_textmedia b_fce_textmedia--even\">\n<div class=\"b_fce_textmedia__wrap\">\n<div class=\"b_fce_textmedia__row\">\n<div class=\"b_fce_textmedia__col b_fce_textmedia__col--left b_fce_textmedia__col--valign-middle\">\n<div class=\"b_fce_textmedia__content-wrap\">\n<div class=\"b_fce_textmedia__content\">\n<div class=\"b_fce_textmedia__headline\">\n<h2>Une touche personnelle &#8211; vos photos et sonneries.<\/h2>\n<\/div>\n<div class=\"b_fce_textmedia__text\">\n<p class=\"bodytext\">Personnalisez votre Gigaset CL660 : La fonction Clip image vous permet de transf\u00e9rer des images de vos contacts vers votre r\u00e9pertoire, afin de savoir imm\u00e9diatement qui appelle.<\/p>\n<p class=\"bodytext\">En outre, vous pouvez utiliser vos propres photos pour changer l&#8217;arri\u00e8re-plan ou l&#8217;\u00e9cran de veille sur le combin\u00e9. Il est \u00e9galement tr\u00e8s facile de d\u00e9finir vos propres sonneries. Personnalisez facilement votre CL660 \u00e0 l&#8217;aide du logiciel gratuit Gigaset QuickSync. T\u00e9l\u00e9chargez-le ici pour PC ou Mac.<\/p>\n<\/div>\n<div class=\"b_fce_textmedia__cta-wrap b_fce_textmedia__cta-wrap--align-top\"><\/div>\n<\/div>\n<\/div>\n<\/div>\n<div class=\"b_fce_textmedia__col b_fce_textmedia__col--right b_fce_textmedia__col--valign-top b_fce_textmedia__col--halign-center\">\n<div class=\"b_fce_textmedia__media-wrap\">\n<div class=\"b_fce_textmedia__media\"><picture><source srcset=\"\/\/gse.gigaset.com\/uploads\/tx_templavoila\/CL660HX_04_Personalisierung_352px_en_04.jpg\" media=\"(min-width: 1230px)\" \/><source srcset=\"\/\/gse.gigaset.com\/uploads\/tx_templavoila\/CL660HX_04_Personalisierung_352px_en_04.jpg\" media=\"(min-width: 1010px)\" \/><source srcset=\"\/\/gse.gigaset.com\/typo3temp\/_processed_\/csm_CL660HX_04_Personalisierung_720px_en_04_6bbd06b470.jpg\" media=\"(min-width: 640px)\" \/><source srcset=\"\/\/gse.gigaset.com\/typo3temp\/_processed_\/csm_CL660HX_04_Personalisierung_720px_en_04_5f12da7aa7.jpg, \/\/gse.gigaset.com\/uploads\/tx_templavoila\/CL660HX_04_Personalisierung_720px_en_04.jpg 2x\" \/><img decoding=\"async\" class=\"b_fce_textmedia__image\" title=\"\" src=\"https:\/\/gse.gigaset.com\/uploads\/tx_templavoila\/CL660HX_04_Personalisierung_352px_en_04.jpg\" alt=\"\" \/><\/picture><\/div>\n<\/div>\n<\/div>\n<\/div>\n<\/div>\n<\/div>\n<\/div>\n<div class=\"container\" data-section-id=\"74356\">\n<div class=\"b_fce_textmedia b_fce_textmedia--odd\">\n<div class=\"b_fce_textmedia__wrap\">\n<div class=\"b_fce_textmedia__row\">\n<div class=\"b_fce_textmedia__col b_fce_textmedia__col--left b_fce_textmedia__col--valign-top b_fce_textmedia__col--halign-center\">\n<div class=\"b_fce_textmedia__media-wrap\">\n<div class=\"b_fce_textmedia__media\"><picture><source srcset=\"\/\/gse.gigaset.com\/uploads\/tx_templavoila\/CL660HX_05_Connectivity_439px_14.jpg\" media=\"(min-width: 1230px)\" \/><source srcset=\"\/\/gse.gigaset.com\/uploads\/tx_templavoila\/CL660HX_05_Connectivity_439px_14.jpg\" media=\"(min-width: 1010px)\" \/><source srcset=\"\/\/gse.gigaset.com\/typo3temp\/_processed_\/csm_CL660HX_05_Connectivity_720px_01_1e6fd789af.jpg\" media=\"(min-width: 640px)\" \/><source srcset=\"\/\/gse.gigaset.com\/typo3temp\/_processed_\/csm_CL660HX_05_Connectivity_720px_01_5c6c1535a8.jpg, \/\/gse.gigaset.com\/uploads\/tx_templavoila\/CL660HX_05_Connectivity_720px_01.jpg 2x\" \/><img decoding=\"async\" class=\"b_fce_textmedia__image\" title=\"\" src=\"https:\/\/gse.gigaset.com\/uploads\/tx_templavoila\/CL660HX_05_Connectivity_439px_14.jpg\" alt=\"\" \/><\/picture><\/div>\n<\/div>\n<\/div>\n<div class=\"b_fce_textmedia__col b_fce_textmedia__col--right b_fce_textmedia__col--valign-middle\">\n<div class=\"b_fce_textmedia__content-wrap\">\n<div class=\"b_fce_textmedia__content\">\n<div class=\"b_fce_textmedia__headline\">\n<h2>G\u00e9rer vos contacts ? C&#8217;est facile avec le CL660.<\/h2>\n<\/div>\n<div class=\"b_fce_textmedia__text\">\n<p class=\"bodytext\">G\u00e9rez vos contacts tr\u00e8s facilement avec le logiciel Gigaset QuickSync ! Le grand r\u00e9pertoire du CL660 permet d&#8217;enregistrer jusqu&#8217;\u00e0 400 entr\u00e9es avec trois num\u00e9ros pour chacune.<\/p>\n<p class=\"bodytext\">Vous pouvez synchroniser rapidement ces num\u00e9ros avec votre PC ou Mac &#8211; via micro USB et les r\u00e9pertoires de MS Outlook ou Windows. Il est \u00e9galement possible de synchroniser les contacts et les photos. Autre fonction pratique : les num\u00e9ros importants et la fonction rappel d&#8217;anniversaire pour les gens et les \u00e9v\u00e9nements importants.<\/p>\n<\/div>\n<ul>\n<li>Grand \u00e9cran couleur TFT 2,4 pouces avec interface utilisateur moderne (50 x 38 mm)<\/li>\n<li>Grande qualit\u00e9 de son, m\u00eame en mode mains libres<\/li>\n<li>R\u00e9pertoire contenant jusqu&#8217;\u00e0 400 contacts avec 3 num\u00e9ros diff\u00e9rents pour chacun<\/li>\n<li>R\u00e9pondeur int\u00e9gr\u00e9 offrant jusqu&#8217;\u00e0 30 minutes d&#8217;enregistrement<\/li>\n<li>Design moderne<\/li>\n<\/ul>\n<\/div>\n<\/div>\n<\/div>\n<\/div>\n<\/div>\n<\/div>\n<\/div>\n","protected":false},"excerpt":{"rendered":"<ul>\n<li><b>T\u00e9l\u00e9phone sans fil avec r\u00e9pondeur<\/b><\/li>\n<li><strong>Grand \u00e9cran couleur TFT 2,4 pouces\u00a0\u00e0 r\u00e9solution 240 x 320 pixels<\/strong><\/li>\n<li>Grande qualit\u00e9 de son, m\u00eame en mode mains libres<\/li>\n<li><strong>R\u00e9pertoire contenant jusqu&#8217;\u00e0 400 contacts<\/strong>\u00a0avec 3 num\u00e9ros diff\u00e9rents pour chacun<\/li>\n<li>Design moderne<\/li>\n<li><strong>Fonction mains libres<\/strong><\/li>\n<li>20 sonneries<\/li>\n<li>Autonomie : 14h en communication \/ 300h en veille<\/li>\n<li>Dimensions du combin\u00e9 : 157 x 52 x 21 mm<\/li>\n<li>Dimensions de la base : 117 x 115 x 47 mm<\/li>\n<\/ul>\n","protected":false},"featured_media":13432,"comment_status":"open","ping_status":"closed","template":"","meta":{"_acf_changed":false,"_monsterinsights_skip_tracking":false,"_monsterinsights_sitenote_active":false,"_monsterinsights_sitenote_note":"","_monsterinsights_sitenote_category":0,"_uf_show_specific_survey":0,"_uf_disable_surveys":false,"_joinchat":[]},"product_brand":[],"product_cat":[242,246],"product_tag":[],"class_list":{"0":"post-13431","1":"product","2":"type-product","3":"status-publish","4":"has-post-thumbnail","6":"product_cat-telephonie","7":"product_cat-peripherique","9":"first","10":"instock","11":"sale","12":"shipping-taxable","13":"purchasable","14":"product-type-simple"},"acf":[],"jetpack_sharing_enabled":true,"_links":{"self":[{"href":"https:\/\/digistar.ma\/index.php?rest_route=\/wp\/v2\/product\/13431","targetHints":{"allow":["GET"]}}],"collection":[{"href":"https:\/\/digistar.ma\/index.php?rest_route=\/wp\/v2\/product"}],"about":[{"href":"https:\/\/digistar.ma\/index.php?rest_route=\/wp\/v2\/types\/product"}],"replies":[{"embeddable":true,"href":"https:\/\/digistar.ma\/index.php?rest_route=%2Fwp%2Fv2%2Fcomments&post=13431"}],"version-history":[{"count":1,"href":"https:\/\/digistar.ma\/index.php?rest_route=\/wp\/v2\/product\/13431\/revisions"}],"predecessor-version":[{"id":13436,"href":"https:\/\/digistar.ma\/index.php?rest_route=\/wp\/v2\/product\/13431\/revisions\/13436"}],"wp:featuredmedia":[{"embeddable":true,"href":"https:\/\/digistar.ma\/index.php?rest_route=\/wp\/v2\/media\/13432"}],"wp:attachment":[{"href":"https:\/\/digistar.ma\/index.php?rest_route=%2Fwp%2Fv2%2Fmedia&parent=13431"}],"wp:term":[{"taxonomy":"product_brand","embeddable":true,"href":"https:\/\/digistar.ma\/index.php?rest_route=%2Fwp%2Fv2%2Fproduct_brand&post=13431"},{"taxonomy":"product_cat","embeddable":true,"href":"https:\/\/digistar.ma\/index.php?rest_route=%2Fwp%2Fv2%2Fproduct_cat&post=13431"},{"taxonomy":"product_tag","embeddable":true,"href":"https:\/\/digistar.ma\/index.php?rest_route=%2Fwp%2Fv2%2Fproduct_tag&post=13431"}],"curies":[{"name":"wp","href":"https:\/\/api.w.org\/{rel}","templated":true}]}}