{"id":13443,"date":"2024-10-26T22:23:31","date_gmt":"2024-10-26T22:23:31","guid":{"rendered":"https:\/\/digistar.ma\/?post_type=product&#038;p=13443"},"modified":"2024-10-26T22:23:31","modified_gmt":"2024-10-26T22:23:31","slug":"telephone-sans-fil-gigaset-c575a-solo-dect","status":"publish","type":"product","link":"https:\/\/digistar.ma\/?product=telephone-sans-fil-gigaset-c575a-solo-dect","title":{"rendered":"T\u00e9l\u00e9phone sans fil Gigaset C575A Solo DECT"},"content":{"rendered":"<h3>T\u00e9l\u00e9phone sans fil Gigaset C575A Solo DECT<\/h3>\n<div class=\"container\" data-section-id=\"89891\">\n<div class=\"b_fce_textmedia b_fce_textmedia--even\">\n<div class=\"b_fce_textmedia__wrap\">\n<div class=\"b_fce_textmedia__row\">\n<div class=\"b_fce_textmedia__col b_fce_textmedia__col--left b_fce_textmedia__col--valign-middle\">\n<div class=\"b_fce_textmedia__content-wrap\">\n<div class=\"b_fce_textmedia__content\">\n<div class=\"b_fce_textmedia__headline\">\n<h2>Un t\u00e9l\u00e9phone confortable pour tous vos appels<\/h2>\n<\/div>\n<div class=\"b_fce_textmedia__text\">\n<p class=\"bodytext\">Le t\u00e9l\u00e9phone sans fil Gigaset C575 allie design, ergonomie et fiabilit\u00e9 pour un confort d&#8217;utilisation optimal.<\/p>\n<p class=\"bodytext\">Ses formes arrondies facilitent la prise en main et lui conf\u00e8rent un aspect \u00e9l\u00e9gant : compact \u00e0 l&#8217;ext\u00e9rieur et plein d&#8217;astuces pratiques \u00e0 l&#8217;int\u00e9rieur, ce t\u00e9l\u00e9phone familial est fiable et convivial. Gr\u00e2ce \u00e0 ses qualit\u00e9s sonores et acoustiques remarquables, les appels t\u00e9l\u00e9phoniques deviennent un plaisir.<\/p>\n<p class=\"bodytext\">Le mod\u00e8le Gigaset C575A offre \u00e9galement un r\u00e9pondeur\u00a0 int\u00e9gr\u00e9 avec 30 minutes d&#8217;enregistrement.<\/p>\n<\/div>\n<div class=\"b_fce_textmedia__cta-wrap b_fce_textmedia__cta-wrap--align-top\"><\/div>\n<\/div>\n<\/div>\n<\/div>\n<div class=\"b_fce_textmedia__col b_fce_textmedia__col--right b_fce_textmedia__col--valign-middle b_fce_textmedia__col--halign-outside\">\n<div class=\"b_fce_textmedia__media-wrap\">\n<div class=\"b_fce_textmedia__media\"><picture><source srcset=\"\/\/gse.gigaset.com\/typo3temp\/_processed_\/csm_Produktseite-C575-1200x1200_2020_1_EN_01_6c038a9f2d.png\" media=\"(min-width: 1230px)\" \/><source srcset=\"\/\/gse.gigaset.com\/typo3temp\/_processed_\/csm_Produktseite-C575-1200x1200_2020_1_EN_01_ff3a966932.png\" media=\"(min-width: 1010px)\" \/><source srcset=\"\/\/gse.gigaset.com\/typo3temp\/_processed_\/csm_Produktseite-C575-1200x1200_2020_1_EN_01_bec0061ab6.png\" media=\"(min-width: 640px)\" \/><source srcset=\"\/\/gse.gigaset.com\/typo3temp\/_processed_\/csm_Produktseite-C575-1200x1200_2020_1_EN_01_6b025cde91.png, \/\/gse.gigaset.com\/typo3temp\/_processed_\/csm_Produktseite-C575-1200x1200_2020_1_EN_01_0c3bc54a46.png 2x\" \/><img decoding=\"async\" class=\"b_fce_textmedia__image\" title=\"\" src=\"https:\/\/gse.gigaset.com\/typo3temp\/_processed_\/csm_Produktseite-C575-1200x1200_2020_1_EN_01_6c038a9f2d.png\" alt=\"\" \/><\/picture><\/div>\n<\/div>\n<\/div>\n<\/div>\n<\/div>\n<\/div>\n<\/div>\n<div class=\"b_container-wrap b_container-wrap--background b_container-wrap--no-padding\" data-section-id=\"89896\">\n<div class=\"container\">\n<div class=\"b_fce_textmedia b_fce_textmedia--odd b_fce_textmedia--mb-0\">\n<div class=\"b_fce_textmedia__wrap\">\n<div class=\"b_fce_textmedia__row\">\n<div class=\"b_fce_textmedia__col b_fce_textmedia__col--left b_fce_textmedia__col--valign-bottom-edge b_fce_textmedia__col--halign-outside\">\n<div class=\"b_fce_textmedia__media-wrap\">\n<div class=\"b_fce_textmedia__media\"><picture><source srcset=\"\/\/gse.gigaset.com\/typo3temp\/_processed_\/csm_Produktseite-C575-1200x1200_2020_2_EN_01_308610bab6.png\" media=\"(min-width: 1230px)\" \/><source srcset=\"\/\/gse.gigaset.com\/typo3temp\/_processed_\/csm_Produktseite-C575-1200x1200_2020_2_EN_01_c4ec3a83cf.png\" media=\"(min-width: 1010px)\" \/><source srcset=\"\/\/gse.gigaset.com\/typo3temp\/_processed_\/csm_Produktseite-C575-1200x1200_2020_2_EN_01_9663639ae7.png\" media=\"(min-width: 640px)\" \/><source srcset=\"\/\/gse.gigaset.com\/typo3temp\/_processed_\/csm_Produktseite-C575-1200x1200_2020_2_EN_01_8ca4fc07d4.png, \/\/gse.gigaset.com\/typo3temp\/_processed_\/csm_Produktseite-C575-1200x1200_2020_2_EN_01_410611c748.png 2x\" \/><img decoding=\"async\" class=\"b_fce_textmedia__image\" title=\"\" src=\"https:\/\/gse.gigaset.com\/typo3temp\/_processed_\/csm_Produktseite-C575-1200x1200_2020_2_EN_01_308610bab6.png\" alt=\"\" \/><\/picture><\/div>\n<\/div>\n<\/div>\n<div class=\"b_fce_textmedia__col b_fce_textmedia__col--right b_fce_textmedia__col--valign-middle\">\n<div class=\"b_fce_textmedia__content-wrap\">\n<div class=\"b_fce_textmedia__content\">\n<div class=\"b_fce_textmedia__headline\">\n<h2>Toutes les informations disponibles en un clin d&#8217;\u0153il avec le Gigaset C575<\/h2>\n<\/div>\n<div class=\"b_fce_textmedia__text\">\n<p class=\"bodytext\">Le Gigaset C575 est tr\u00e8s pratique gr\u00e2ce \u00e0 sa navigation simple. De plus, le grand \u00e9cran couleur TFT aux contrastes \u00e9lev\u00e9s offre de nombreux avantages : lisibilit\u00e9 excellente des textes, six symboles pour acc\u00e9der au menu principal, ainsi qu&#8217;un mode Jumbo qui permet d&#8217;agrandir les caract\u00e8res.<\/p>\n<p class=\"bodytext\">Avec les touches \u00e9clair\u00e9es bien espac\u00e9es, le Gigaset C575 est extraordinairement lisible et pratique.<\/p>\n<\/div>\n<div class=\"b_fce_textmedia__cta-wrap b_fce_textmedia__cta-wrap--align-top\"><\/div>\n<\/div>\n<\/div>\n<\/div>\n<\/div>\n<\/div>\n<\/div>\n<\/div>\n<\/div>\n<div class=\"container\" data-section-id=\"89900\">\n<div class=\"b_fce_textmedia b_fce_textmedia--even\">\n<div class=\"b_fce_textmedia__wrap\">\n<div class=\"b_fce_textmedia__row\">\n<div class=\"b_fce_textmedia__col b_fce_textmedia__col--left b_fce_textmedia__col--valign-middle\">\n<div class=\"b_fce_textmedia__content-wrap\">\n<div class=\"b_fce_textmedia__content\">\n<div class=\"b_fce_textmedia__headline\">\n<h2>Tous vos contacts \u00e0 port\u00e9e de main<\/h2>\n<\/div>\n<div class=\"b_fce_textmedia__text\">\n<p class=\"bodytext\">Le Gigaset C575 permet une gestion des contacts extr\u00eamement facile : son carnet d&#8217;adresses\u00a0 peut contenir jusqu&#8217;\u00e0 200 contacts, avec nom, pr\u00e9nom, ainsi que 3 num\u00e9ros de t\u00e9l\u00e9phone pour chacun.<\/p>\n<p class=\"bodytext\">Les touches de num\u00e9rotation rapide vous permettent d&#8217;appeler vos contacts favoris sans avoir \u00e0 composer de longs num\u00e9ros ni parcourir tout le carnet d&#8217;adresses. Autre touche pratique : le rappel d&#8217;anniversaire afin de ne jamais oublier les dates cl\u00e9s pour ceux que vous aimez \u2013 et gr\u00e2ce \u00e0 la sonnerie VIP, vous reconna\u00eetrez facilement les appels importants.<\/p>\n<p class=\"bodytext\">En outre, vous pouvez partager facilement les contacts de votre carnet d&#8217;adresses entre tous vos combin\u00e9s Gigaset.<\/p>\n<\/div>\n<div class=\"b_fce_textmedia__cta-wrap b_fce_textmedia__cta-wrap--align-top\"><\/div>\n<\/div>\n<\/div>\n<\/div>\n<div class=\"b_fce_textmedia__col b_fce_textmedia__col--right b_fce_textmedia__col--valign-middle b_fce_textmedia__col--halign-outside\">\n<div class=\"b_fce_textmedia__media-wrap\">\n<div class=\"b_fce_textmedia__media\"><picture><source srcset=\"\/\/gse.gigaset.com\/typo3temp\/_processed_\/csm_C575-1200x1200_2020_3_EN_01_b60c5e5d14.png\" media=\"(min-width: 1230px)\" \/><source srcset=\"\/\/gse.gigaset.com\/typo3temp\/_processed_\/csm_C575-1200x1200_2020_3_EN_01_cf5916d5e4.png\" media=\"(min-width: 1010px)\" \/><source srcset=\"\/\/gse.gigaset.com\/typo3temp\/_processed_\/csm_C575-1200x1200_2020_3_EN_01_4e3f00a133.png\" media=\"(min-width: 640px)\" \/><source srcset=\"\/\/gse.gigaset.com\/typo3temp\/_processed_\/csm_C575-1200x1200_2020_3_EN_01_b06b629db8.png, \/\/gse.gigaset.com\/typo3temp\/_processed_\/csm_C575-1200x1200_2020_3_EN_01_4326d57d56.png 2x\" \/><img decoding=\"async\" class=\"b_fce_textmedia__image\" title=\"\" src=\"https:\/\/gse.gigaset.com\/typo3temp\/_processed_\/csm_C575-1200x1200_2020_3_EN_01_b60c5e5d14.png\" alt=\"\" \/><\/picture><\/div>\n<\/div>\n<\/div>\n<\/div>\n<\/div>\n<\/div>\n<\/div>\n<div class=\"b_container-wrap b_container-wrap--background b_container-wrap--no-padding\" data-section-id=\"89902\">\n<div class=\"container\">\n<div class=\"b_fce_textmedia b_fce_textmedia--odd b_fce_textmedia--mb-0\">\n<div class=\"b_fce_textmedia__wrap\">\n<div class=\"b_fce_textmedia__row\">\n<div class=\"b_fce_textmedia__col b_fce_textmedia__col--left b_fce_textmedia__col--valign-bottom-edge b_fce_textmedia__col--halign-outside\">\n<div class=\"b_fce_textmedia__media-wrap\">\n<div class=\"b_fce_textmedia__media\"><picture><source srcset=\"\/\/gse.gigaset.com\/typo3temp\/_processed_\/csm_Produktseite-C575-1200x1200_2020_4_EN_01_b081f94bc8.png\" media=\"(min-width: 1230px)\" \/><source srcset=\"\/\/gse.gigaset.com\/typo3temp\/_processed_\/csm_Produktseite-C575-1200x1200_2020_4_EN_01_b0407e456b.png\" media=\"(min-width: 1010px)\" \/><source srcset=\"\/\/gse.gigaset.com\/typo3temp\/_processed_\/csm_Produktseite-C575-1200x1200_2020_4_EN_01_1961f7d949.png\" media=\"(min-width: 640px)\" \/><source srcset=\"\/\/gse.gigaset.com\/typo3temp\/_processed_\/csm_Produktseite-C575-1200x1200_2020_4_EN_01_a98645feab.png, \/\/gse.gigaset.com\/typo3temp\/_processed_\/csm_Produktseite-C575-1200x1200_2020_4_EN_01_aa9ce82190.png 2x\" \/><img decoding=\"async\" class=\"b_fce_textmedia__image\" title=\"\" src=\"https:\/\/gse.gigaset.com\/typo3temp\/_processed_\/csm_Produktseite-C575-1200x1200_2020_4_EN_01_b081f94bc8.png\" alt=\"\" \/><\/picture><\/div>\n<\/div>\n<\/div>\n<div class=\"b_fce_textmedia__col b_fce_textmedia__col--right b_fce_textmedia__col--valign-middle\">\n<div class=\"b_fce_textmedia__content-wrap\">\n<div class=\"b_fce_textmedia__content\">\n<div class=\"b_fce_textmedia__headline\">\n<h2>Un t\u00e9l\u00e9phone personnalisable<\/h2>\n<\/div>\n<div class=\"b_fce_textmedia__text\">\n<p class=\"bodytext\">Le Gigaset C575 comprend toute une gamme d&#8217;options de personnalisation qui vous permettent d&#8217;adapter votre t\u00e9l\u00e9phone \u00e0 vos pr\u00e9f\u00e9rences.<\/p>\n<p class=\"bodytext\">Vous pouvez choisir votre \u00e9conomiseur d&#8217;\u00e9cran, le th\u00e8me de couleur pour l&#8217;affichage des textes ou configurer des sonneries sp\u00e9ciales pour les contacts les plus importants pour vous. Autre caract\u00e9ristique utile : vous pouvez choisir entre 2 profils acoustiques selon le niveau sonore qui vous convient le mieux.<\/p>\n<\/div>\n<\/div>\n<\/div>\n<\/div>\n<\/div>\n<\/div>\n<\/div>\n<\/div>\n<\/div>\n","protected":false},"excerpt":{"rendered":"<p>&nbsp;<\/p>\n<ul>\n<li><b>Ecran couleur TFT 2.2&#8243; (176 x 220 pixels)<\/b><\/li>\n<li>R\u00e9pertoire 200 contacts<\/li>\n<li>Recomposition des 20 derniers num\u00e9ros<\/li>\n<li><strong>Sonneries param\u00e9trables : 18 m\u00e9lodies dans le combin\u00e9, 6 m\u00e9lodies dans la station de base<\/strong><\/li>\n<li>Affichage de la liste des appelants et des appels manqu\u00e9s<\/li>\n<li>Interface utilisateur moderne et intuitive pour un fonctionnement ais\u00e9 dans plusieurs langues<\/li>\n<li>Calendrier<\/li>\n<li>Fonction r\u00e9veil avec m\u00e9lodie r\u00e9glable<\/li>\n<li><strong>Compatible babyphone<\/strong><\/li>\n<li>2 appels simultan\u00e9s possibles (1 externe et l\u2019autre interne entre 2 combin\u00e9s)<\/li>\n<li>Compatible avec les appareils auditifs<\/li>\n<li><strong>R\u00e9pondeur num\u00e9rique int\u00e9gr\u00e9 avec jusqu\u2019\u00e0 30 minutes d\u2019enregistrement<\/strong><\/li>\n<li>Affichage des nouveaux messages sur le combin\u00e9 et la base<\/li>\n<li>Date et heure de chaque appel annonc\u00e9es vocalement<\/li>\n<li>Dur\u00e9e de l\u2019enregistrement r\u00e9glable<\/li>\n<li>Autonomie en communication : 17 heures<\/li>\n<li>Autonomie en veille : 320 heures<\/li>\n<li>Port\u00e9e en int\u00e9rieur : jusqu&#8217;\u00e0 50 m<\/li>\n<li>Port\u00e9e en ext\u00e9rieur : jusqu&#8217;\u00e0 300 m<\/li>\n<li>Dimensions combin\u00e9 : 168 x 48 x 22 mm<\/li>\n<li>Dimensions base r\u00e9pondeur : 44 x 126 x 102 mm<\/li>\n<li>Poids : 118 g<\/li>\n<\/ul>\n","protected":false},"featured_media":13444,"comment_status":"open","ping_status":"closed","template":"","meta":{"_acf_changed":false,"_monsterinsights_skip_tracking":false,"_monsterinsights_sitenote_active":false,"_monsterinsights_sitenote_note":"","_monsterinsights_sitenote_category":0,"_uf_show_specific_survey":0,"_uf_disable_surveys":false,"_joinchat":[]},"product_brand":[],"product_cat":[246,242],"product_tag":[],"class_list":{"0":"post-13443","1":"product","2":"type-product","3":"status-publish","4":"has-post-thumbnail","6":"product_cat-peripherique","7":"product_cat-telephonie","9":"first","10":"onbackorder","11":"sale","12":"shipping-taxable","13":"purchasable","14":"product-type-simple"},"acf":[],"jetpack_sharing_enabled":true,"_links":{"self":[{"href":"https:\/\/digistar.ma\/index.php?rest_route=\/wp\/v2\/product\/13443","targetHints":{"allow":["GET"]}}],"collection":[{"href":"https:\/\/digistar.ma\/index.php?rest_route=\/wp\/v2\/product"}],"about":[{"href":"https:\/\/digistar.ma\/index.php?rest_route=\/wp\/v2\/types\/product"}],"replies":[{"embeddable":true,"href":"https:\/\/digistar.ma\/index.php?rest_route=%2Fwp%2Fv2%2Fcomments&post=13443"}],"version-history":[{"count":1,"href":"https:\/\/digistar.ma\/index.php?rest_route=\/wp\/v2\/product\/13443\/revisions"}],"predecessor-version":[{"id":13448,"href":"https:\/\/digistar.ma\/index.php?rest_route=\/wp\/v2\/product\/13443\/revisions\/13448"}],"wp:featuredmedia":[{"embeddable":true,"href":"https:\/\/digistar.ma\/index.php?rest_route=\/wp\/v2\/media\/13444"}],"wp:attachment":[{"href":"https:\/\/digistar.ma\/index.php?rest_route=%2Fwp%2Fv2%2Fmedia&parent=13443"}],"wp:term":[{"taxonomy":"product_brand","embeddable":true,"href":"https:\/\/digistar.ma\/index.php?rest_route=%2Fwp%2Fv2%2Fproduct_brand&post=13443"},{"taxonomy":"product_cat","embeddable":true,"href":"https:\/\/digistar.ma\/index.php?rest_route=%2Fwp%2Fv2%2Fproduct_cat&post=13443"},{"taxonomy":"product_tag","embeddable":true,"href":"https:\/\/digistar.ma\/index.php?rest_route=%2Fwp%2Fv2%2Fproduct_tag&post=13443"}],"curies":[{"name":"wp","href":"https:\/\/api.w.org\/{rel}","templated":true}]}}