{"id":13465,"date":"2024-10-26T23:09:34","date_gmt":"2024-10-26T23:09:34","guid":{"rendered":"https:\/\/digistar.ma\/?post_type=product&#038;p=13465"},"modified":"2024-10-26T23:09:35","modified_gmt":"2024-10-26T23:09:35","slug":"telephone-de-bureau-gigaset-desk-400","status":"publish","type":"product","link":"https:\/\/digistar.ma\/?product=telephone-de-bureau-gigaset-desk-400","title":{"rendered":"T\u00e9l\u00e9phone de bureau Gigaset DESK 400"},"content":{"rendered":"<h3>T\u00e9l\u00e9phone de bureau Gigaset DESK 400<\/h3>\n<section>Le\u00a0<strong>Gigaset Desk 400<\/strong>\u00a0permet de passer et de recevoir des appels en toute simplicit\u00e9. Quatre touches de num\u00e9rotation directe et dix touches de num\u00e9rotation abr\u00e9g\u00e9e vous permettent de joindre rapidement vos contacts importants.<\/p>\n<p>Le t\u00e9l\u00e9phone vous offre un choix de 3 m\u00e9lodies et niveaux de volume, et vous pouvez d\u00e9sactiver la sonnerie si vous souhaitez rester au calme.<\/p>\n<p>Le volume du combin\u00e9 peut \u00eatre r\u00e9gl\u00e9 sur 2 niveaux. Le Gigaset Desk 400 peut \u00eatre \u00e9galement pos\u00e9 sur un bureau ou bien fix\u00e9 au mur \u00e0 l&#8217;aide de deux vis.<\/p>\n<\/section>\n<section>\n<div class=\"desc-image\"><img decoding=\"async\" src=\"https:\/\/media.ldlc.com\/bo\/images\/fiches\/telephone_fixe\/gigaset\/Desk_400\/1.jpg\" alt=\"\" \/><\/div>\n<div class=\"desc-text\">\n<h2>Une utilisation flexible<\/h2>\n<p>Le Gigaset Desk 400 est facile \u00e0 utiliser et polyvalent. Il est facile \u00e0 installer et peut \u00eatre connect\u00e9 au r\u00e9seau fixe ou utilis\u00e9 comme \u00e9l\u00e9ment d&#8217;un r\u00e9seau t\u00e9l\u00e9phonique interne. La m\u00e9thode de num\u00e9rotation &#8211; tonalit\u00e9 ou impulsion &#8211; est \u00e9galement r\u00e9glable, de m\u00eame que le temps de clignotement de la fonction d&#8217;interrogation (\u00e0 l&#8217;aide d&#8217;un commutateur \u00e0 glissi\u00e8re).<\/p>\n<p>Gr\u00e2ce aux\u00a0<strong>quatre touches de num\u00e9rotation directe<\/strong>, les contacts importants sont facilement accessibles. En outre,<strong>\u00a0jusqu&#8217;\u00e0 dix num\u00e9ros de t\u00e9l\u00e9phone peuvent \u00eatre enregistr\u00e9s comme num\u00e9ros abr\u00e9g\u00e9s<\/strong>.<\/p>\n<p>Ces contacts peuvent \u00eatre not\u00e9s sur la fiche cartonn\u00e9e fournie de fa\u00e7on \u00e0 \u00eatre visibles \u00e0 tout moment. Pour rappeler rapidement votre dernier correspondant, il vous suffit d&#8217;utiliser la\u00a0<strong>touche Bis<\/strong>.<\/p>\n<p>La touche Muet permet de couper momentan\u00e9ment le son de la conversation pour plus de confidentialit\u00e9.<\/p>\n<\/div>\n<\/section>\n<section class=\"list\">\n<h2>Principales caract\u00e9ristiques :<\/h2>\n<ul>\n<li><b>T\u00e9l\u00e9phone filaire<\/b><\/li>\n<li>Volume r\u00e9glable (2-7 niveaux)<\/li>\n<li><b>4 touches de s\u00e9lection directe<\/b><\/li>\n<li><b>10 touches num\u00e9riques<\/b><\/li>\n<li><b>Touche bis<\/b><\/li>\n<li>Montage mural<\/li>\n<li>3 sonneries r\u00e9glables<\/li>\n<li>Dimensions : 73 x 146 x 208 mm<\/li>\n<li>Poids : 423g<\/li>\n<\/ul>\n<\/section>\n","protected":false},"excerpt":{"rendered":"<ul>\n<li><b>T\u00e9l\u00e9phone filaire<\/b><\/li>\n<li>Volume r\u00e9glable (2-7 niveaux)<\/li>\n<li><b>4 touches de s\u00e9lection directe<\/b><\/li>\n<li><b>10 touches num\u00e9riques<\/b><\/li>\n<li><b>Touche bis<\/b><\/li>\n<li>Montage mural<\/li>\n<li>3 sonneries r\u00e9glables<\/li>\n<li>Dimensions : 73 x 146 x 208 mm<\/li>\n<li>Poids : 423g<\/li>\n<\/ul>\n","protected":false},"featured_media":13466,"comment_status":"open","ping_status":"closed","template":"","meta":{"_acf_changed":false,"_monsterinsights_skip_tracking":false,"_monsterinsights_sitenote_active":false,"_monsterinsights_sitenote_note":"","_monsterinsights_sitenote_category":0,"_uf_show_specific_survey":0,"_uf_disable_surveys":false,"_joinchat":[]},"product_brand":[],"product_cat":[246,242],"product_tag":[],"class_list":{"0":"post-13465","1":"product","2":"type-product","3":"status-publish","4":"has-post-thumbnail","6":"product_cat-peripherique","7":"product_cat-telephonie","9":"first","10":"instock","11":"sale","12":"shipping-taxable","13":"purchasable","14":"product-type-simple"},"acf":[],"jetpack_sharing_enabled":true,"_links":{"self":[{"href":"https:\/\/digistar.ma\/index.php?rest_route=\/wp\/v2\/product\/13465","targetHints":{"allow":["GET"]}}],"collection":[{"href":"https:\/\/digistar.ma\/index.php?rest_route=\/wp\/v2\/product"}],"about":[{"href":"https:\/\/digistar.ma\/index.php?rest_route=\/wp\/v2\/types\/product"}],"replies":[{"embeddable":true,"href":"https:\/\/digistar.ma\/index.php?rest_route=%2Fwp%2Fv2%2Fcomments&post=13465"}],"version-history":[{"count":1,"href":"https:\/\/digistar.ma\/index.php?rest_route=\/wp\/v2\/product\/13465\/revisions"}],"predecessor-version":[{"id":13473,"href":"https:\/\/digistar.ma\/index.php?rest_route=\/wp\/v2\/product\/13465\/revisions\/13473"}],"wp:featuredmedia":[{"embeddable":true,"href":"https:\/\/digistar.ma\/index.php?rest_route=\/wp\/v2\/media\/13466"}],"wp:attachment":[{"href":"https:\/\/digistar.ma\/index.php?rest_route=%2Fwp%2Fv2%2Fmedia&parent=13465"}],"wp:term":[{"taxonomy":"product_brand","embeddable":true,"href":"https:\/\/digistar.ma\/index.php?rest_route=%2Fwp%2Fv2%2Fproduct_brand&post=13465"},{"taxonomy":"product_cat","embeddable":true,"href":"https:\/\/digistar.ma\/index.php?rest_route=%2Fwp%2Fv2%2Fproduct_cat&post=13465"},{"taxonomy":"product_tag","embeddable":true,"href":"https:\/\/digistar.ma\/index.php?rest_route=%2Fwp%2Fv2%2Fproduct_tag&post=13465"}],"curies":[{"name":"wp","href":"https:\/\/api.w.org\/{rel}","templated":true}]}}