{"id":13474,"date":"2024-10-26T23:20:28","date_gmt":"2024-10-26T23:20:28","guid":{"rendered":"https:\/\/digistar.ma\/?post_type=product&#038;p=13474"},"modified":"2025-03-14T13:41:26","modified_gmt":"2025-03-14T13:41:26","slug":"telephone-sans-fil-gigaset-a170-dect","status":"publish","type":"product","link":"https:\/\/digistar.ma\/?product=telephone-sans-fil-gigaset-a170-dect","title":{"rendered":"T\u00e9l\u00e9phone sans fil Gigaset A170 DECT"},"content":{"rendered":"<h4>T\u00e9l\u00e9phone sans fil Gigaset A170 DECT<\/h4>\n<p>Gardez le contact avec vos proches et amis en toute simplicit\u00e9 gr\u00e2ce au t\u00e9l\u00e9phone\u00a0<strong>Gigaset AS170\u00a0<\/strong>! Intuitif et facile \u00e0 prendre en main, il se dote de fonctionnalit\u00e9s utiles et essentielles pour r\u00e9pondre \u00e0 tous vos besoins du quotidien.<\/p>\n<p>Parmi ses points forts, vous appr\u00e9cierez son \u00e9cran r\u00e9tro\u00e9clair\u00e9 assurant un affichage tr\u00e8s lisible ainsi que son r\u00e9pertoire de 50 contacts et son autonomie allant jusqu&#8217;\u00e0 18h en communication. Gr\u00e2ce \u00e0 lui, faites vous comprendre et ne manquez aucun d\u00e9tail de vos conversations gr\u00e2ce au son Haute Qualit\u00e9.<\/p>\n<p>Parfaitement stable sur sa base, il trouvera ais\u00e9ment sa place au sein des diff\u00e9rentes pi\u00e8ces de la maison.<\/p>\n<div>\n<table border=\"0\" width=\"100%\" cellspacing=\"1\" cellpadding=\"1\">\n<tbody>\n<tr>\n<td>\n<h2>\u00c9tonnante simplicit\u00e9<\/h2>\n<div>Le Gigaset AS170 joue la carte de la simplicit\u00e9 et sait r\u00e9pondre \u00e0 vos attentes gr\u00e2ces \u00e0 ses fonctionnalit\u00e9s utiles.<\/div>\n<div>Profitez de l&#8217;<strong>affichage du num\u00e9ro et du nom<\/strong>\u00a0pour savoir qui vous appelle et gardez un \u0153il sur vos coups de fils manqu\u00e9s via le journal des appels.<\/div>\n<div>Acc\u00e9dez aux diff\u00e9rentes donn\u00e9es en utilisant le clavier ergonomique.<\/p>\n<p>C\u00f4t\u00e9 son, le AS170 propose une acoustique de qualit\u00e9 avec un\u00a0<strong>son haute qualit\u00e9\u00a0<\/strong>et annulateur d&#8217;\u00e9cho.<\/div>\n<div><\/div>\n<div>R\u00e9glez le volume comme bon vous semble et g\u00e9rer \u00e9galement les sonneries. Bien s\u00fbr, ce t\u00e9l\u00e9phone permet une\u00a0<strong>configuration multi-combin\u00e9s<\/strong>\u00a0(x4 max) pour \u00e9quiper ais\u00e9ment toute la maison.<\/div>\n<\/td>\n<td width=\"450\"><img decoding=\"async\" src=\"https:\/\/media.ldlc.com\/bo\/images\/fiches\/telephone_fixe\/gigaset\/AS470\/DECT_Gigaset.jpg\" alt=\"\" \/><\/td>\n<\/tr>\n<\/tbody>\n<\/table>\n<p>Caract\u00e9ristiques principales :<\/p>\n<ul>\n<li><b>Son Haute Qualit\u00e9 : technologie brevet\u00e9e avec annulateur d&#8217;\u00e9cho<\/b><\/li>\n<li>Excellente lisibilit\u00e9 : \u00e9cran r\u00e9tro-\u00e9clair\u00e9 ambr\u00e9 1.5&#8243;<\/li>\n<li><strong>R\u00e9pertoire 50 contacts<\/strong><\/li>\n<li>Liste des 10 derniers diff\u00e9rents num\u00e9ros compos\u00e9s<\/li>\n<li>Liste des 25 derniers appels manqu\u00e9s<\/li>\n<li><strong>Pr\u00e9sentation du Num\u00e9ro et du Nom de l&#8217;appelant\u00a0<\/strong><\/li>\n<li>Volume du combin\u00e9 r\u00e9glable sur 5 niveaux<\/li>\n<li>10 m\u00e9lodies<\/li>\n<li><strong>Configuration multi-combin\u00e9s<\/strong>\u00a0(x4 max)<\/li>\n<li>2 appels simultan\u00e9s (1 externe + 1 interne)<\/li>\n<li>Conf\u00e9rence \u00e0 3 (1 externe + 2 internes) via la fonction &#8220;Intrusion&#8221;<\/li>\n<li>Fonction r\u00e9veil<\/li>\n<li>Dimensions combin\u00e9 : 159 x 48 x 30 mm<\/li>\n<li>Poids : 114 g<\/li>\n<\/ul>\n<\/div>\n","protected":false},"excerpt":{"rendered":"<ul>\n<li><b>Son Haute Qualit\u00e9 : technologie brevet\u00e9e avec annulateur d&#8217;\u00e9cho<\/b><\/li>\n<li>Excellente lisibilit\u00e9 : \u00e9cran r\u00e9tro-\u00e9clair\u00e9 ambr\u00e9 1.5&#8243;<\/li>\n<li><strong>R\u00e9pertoire 50 contacts<\/strong><\/li>\n<li>Liste des 10 derniers diff\u00e9rents num\u00e9ros compos\u00e9s<\/li>\n<li>Liste des 25 derniers appels manqu\u00e9s<\/li>\n<li><strong>Pr\u00e9sentation du Num\u00e9ro et du Nom de l&#8217;appelant\u00a0<\/strong><\/li>\n<li>Volume du combin\u00e9 r\u00e9glable sur 5 niveaux<\/li>\n<li>10 m\u00e9lodies<\/li>\n<li><strong>Configuration multi-combin\u00e9s<\/strong>\u00a0(x4 max)<\/li>\n<li>2 appels simultan\u00e9s (1 externe + 1 interne)<\/li>\n<li>Conf\u00e9rence \u00e0 3 (1 externe + 2 internes) via la fonction &#8220;Intrusion&#8221;<\/li>\n<li>Fonction r\u00e9veil<\/li>\n<li>Dimensions combin\u00e9 : 159 x 48 x 30 mm<\/li>\n<li>Poids : 114 g<\/li>\n<\/ul>\n","protected":false},"featured_media":13475,"comment_status":"open","ping_status":"closed","template":"","meta":{"_acf_changed":false,"_monsterinsights_skip_tracking":false,"_monsterinsights_sitenote_active":false,"_monsterinsights_sitenote_note":"","_monsterinsights_sitenote_category":0,"_uf_show_specific_survey":0,"_uf_disable_surveys":false,"_joinchat":[]},"product_brand":[],"product_cat":[246,242],"product_tag":[],"class_list":{"0":"post-13474","1":"product","2":"type-product","3":"status-publish","4":"has-post-thumbnail","6":"product_cat-peripherique","7":"product_cat-telephonie","9":"first","10":"instock","11":"sale","12":"shipping-taxable","13":"purchasable","14":"product-type-simple"},"acf":[],"jetpack_sharing_enabled":true,"_links":{"self":[{"href":"https:\/\/digistar.ma\/index.php?rest_route=\/wp\/v2\/product\/13474","targetHints":{"allow":["GET"]}}],"collection":[{"href":"https:\/\/digistar.ma\/index.php?rest_route=\/wp\/v2\/product"}],"about":[{"href":"https:\/\/digistar.ma\/index.php?rest_route=\/wp\/v2\/types\/product"}],"replies":[{"embeddable":true,"href":"https:\/\/digistar.ma\/index.php?rest_route=%2Fwp%2Fv2%2Fcomments&post=13474"}],"version-history":[{"count":1,"href":"https:\/\/digistar.ma\/index.php?rest_route=\/wp\/v2\/product\/13474\/revisions"}],"predecessor-version":[{"id":13479,"href":"https:\/\/digistar.ma\/index.php?rest_route=\/wp\/v2\/product\/13474\/revisions\/13479"}],"wp:featuredmedia":[{"embeddable":true,"href":"https:\/\/digistar.ma\/index.php?rest_route=\/wp\/v2\/media\/13475"}],"wp:attachment":[{"href":"https:\/\/digistar.ma\/index.php?rest_route=%2Fwp%2Fv2%2Fmedia&parent=13474"}],"wp:term":[{"taxonomy":"product_brand","embeddable":true,"href":"https:\/\/digistar.ma\/index.php?rest_route=%2Fwp%2Fv2%2Fproduct_brand&post=13474"},{"taxonomy":"product_cat","embeddable":true,"href":"https:\/\/digistar.ma\/index.php?rest_route=%2Fwp%2Fv2%2Fproduct_cat&post=13474"},{"taxonomy":"product_tag","embeddable":true,"href":"https:\/\/digistar.ma\/index.php?rest_route=%2Fwp%2Fv2%2Fproduct_tag&post=13474"}],"curies":[{"name":"wp","href":"https:\/\/api.w.org\/{rel}","templated":true}]}}