{"id":13492,"date":"2024-11-02T16:26:55","date_gmt":"2024-11-02T16:26:55","guid":{"rendered":"https:\/\/digistar.ma\/?post_type=product&#038;p=13492"},"modified":"2024-11-02T16:26:56","modified_gmt":"2024-11-02T16:26:56","slug":"support-de-table-jabra-panacast-pour-camera-de-conference","status":"publish","type":"product","link":"https:\/\/digistar.ma\/?product=support-de-table-jabra-panacast-pour-camera-de-conference","title":{"rendered":"Support de Table Jabra PanaCast pour Cam\u00e9ra de Conf\u00e9rence"},"content":{"rendered":"<h3>Support de Table Jabra PanaCast pour Cam\u00e9ra de Conf\u00e9rence<\/h3>\n<h3>Pour utiliser votre Jabra PanaCast \u00e0 divers endroits<\/h3>\n<p><strong>Jabra<\/strong>\u00a0vous propose un<strong>\u00a0support<\/strong>\u00a0qui vous permet d\u2019utiliser votre\u00a0<strong>PanaCast<\/strong>\u00a0en tant qu\u2019unit\u00e9 autonome. Ce support est id\u00e9al pour utiliser votre\u00a0<strong>PanaCast\u00a0<\/strong>\u00e0 divers endroits, comme votre bureau ou vos salles de r\u00e9union&#8230;<\/p>\n<ul class=\"product-features\">\n<li>Stabilit\u00e9 optimale pour la cam\u00e9ra Jabra PanaCast<\/li>\n<li>R\u00e9glage en hauteur jusqu&#8217;\u00e0 30 cm<\/li>\n<li>Installation flexible pour table ou \u00e9tag\u00e8re<\/li>\n<li>Qualit\u00e9 de capture vid\u00e9o professionnelle<\/li>\n<li>Am\u00e9liore l&#8217;exp\u00e9rience de r\u00e9union collaborative<\/li>\n<\/ul>\n<p><strong>Caract\u00e9ristiques :<\/strong><\/p>\n<ul>\n<li><strong>Support pour Jabra PanaCast<\/strong><\/li>\n<li><strong>Accessoire officiel Jabra<\/strong><\/li>\n<li>Hauteur r\u00e9glable : 152 &#8211; 317 mm<\/li>\n<\/ul>\n","protected":false},"excerpt":{"rendered":"<ul>\n<li><strong>Support pour Jabra PanaCast<\/strong><\/li>\n<li><strong>Accessoire officiel Jabra<\/strong><\/li>\n<li>Hauteur r\u00e9glable : 152 &#8211; 317 mm<\/li>\n<\/ul>\n","protected":false},"featured_media":13493,"comment_status":"open","ping_status":"closed","template":"","meta":{"_acf_changed":false,"_monsterinsights_skip_tracking":false,"_monsterinsights_sitenote_active":false,"_monsterinsights_sitenote_note":"","_monsterinsights_sitenote_category":0,"_uf_show_specific_survey":0,"_uf_disable_surveys":false,"_joinchat":[]},"product_brand":[],"product_cat":[246],"product_tag":[],"class_list":{"0":"post-13492","1":"product","2":"type-product","3":"status-publish","4":"has-post-thumbnail","6":"product_cat-peripherique","8":"first","9":"instock","10":"sale","11":"shipping-taxable","12":"purchasable","13":"product-type-simple"},"acf":[],"jetpack_sharing_enabled":true,"_links":{"self":[{"href":"https:\/\/digistar.ma\/index.php?rest_route=\/wp\/v2\/product\/13492","targetHints":{"allow":["GET"]}}],"collection":[{"href":"https:\/\/digistar.ma\/index.php?rest_route=\/wp\/v2\/product"}],"about":[{"href":"https:\/\/digistar.ma\/index.php?rest_route=\/wp\/v2\/types\/product"}],"replies":[{"embeddable":true,"href":"https:\/\/digistar.ma\/index.php?rest_route=%2Fwp%2Fv2%2Fcomments&post=13492"}],"version-history":[{"count":1,"href":"https:\/\/digistar.ma\/index.php?rest_route=\/wp\/v2\/product\/13492\/revisions"}],"predecessor-version":[{"id":13496,"href":"https:\/\/digistar.ma\/index.php?rest_route=\/wp\/v2\/product\/13492\/revisions\/13496"}],"wp:featuredmedia":[{"embeddable":true,"href":"https:\/\/digistar.ma\/index.php?rest_route=\/wp\/v2\/media\/13493"}],"wp:attachment":[{"href":"https:\/\/digistar.ma\/index.php?rest_route=%2Fwp%2Fv2%2Fmedia&parent=13492"}],"wp:term":[{"taxonomy":"product_brand","embeddable":true,"href":"https:\/\/digistar.ma\/index.php?rest_route=%2Fwp%2Fv2%2Fproduct_brand&post=13492"},{"taxonomy":"product_cat","embeddable":true,"href":"https:\/\/digistar.ma\/index.php?rest_route=%2Fwp%2Fv2%2Fproduct_cat&post=13492"},{"taxonomy":"product_tag","embeddable":true,"href":"https:\/\/digistar.ma\/index.php?rest_route=%2Fwp%2Fv2%2Fproduct_tag&post=13492"}],"curies":[{"name":"wp","href":"https:\/\/api.w.org\/{rel}","templated":true}]}}