{"id":13524,"date":"2024-11-03T12:52:01","date_gmt":"2024-11-03T12:52:01","guid":{"rendered":"https:\/\/digistar.ma\/?post_type=product&#038;p=13524"},"modified":"2024-11-03T12:52:02","modified_gmt":"2024-11-03T12:52:02","slug":"micro-casque-jabra-evolve2-30-ms-duo-usb-c-se","status":"publish","type":"product","link":"https:\/\/digistar.ma\/?product=micro-casque-jabra-evolve2-30-ms-duo-usb-c-se","title":{"rendered":"Micro-casque Jabra Evolve2 30 MS Duo USB-C SE"},"content":{"rendered":"<h3>Micro-casque Jabra Evolve2 30 MS Duo USB-C SE<\/h3>\n<h3><strong>Le micro-casque l\u00e9ger et solide par excellence<br \/>\n<\/strong><\/h3>\n<p>Jabra pr\u00e9sente aujourd\u2019hui sa\u00a0<strong>nouvelle gamme de micro-casques<\/strong>, les\u00a0<strong>Evolve2 30<\/strong>. D\u00e9clin\u00e9s en plusieurs mod\u00e8les, ces produits alliant modernit\u00e9, l\u00e9g\u00e8ret\u00e9 et fiabilit\u00e9 conviendront \u00e0 tous types de professionnels, qu\u2019ils soient s\u00e9dentaires ou nomades.<\/p>\n<p><strong>Fournis avec une housse de transport<\/strong>, les casques de cette gamme vous accompagneront facilement dans tous vos d\u00e9placements, sans que vous soyez encombr\u00e9s pour autant.<\/p>\n<p>Le mod\u00e8le\u00a0<strong>Evolve2 30 MS Duo USB-C SE<\/strong>\u00a0est un casque solide et fiable, dont les composants internes et externes ont \u00e9t\u00e9 largement renforc\u00e9s afin de vous garantir une\u00a0<strong>robustesse<\/strong>\u00a0\u00e0 toute \u00e9preuve. L\u2019<strong>arceau et la perche micro<\/strong>\u00a0ont notamment \u00e9t\u00e9 am\u00e9lior\u00e9s puisqu\u2019ils sont d\u00e9sormais\u00a0<strong>en acier,<\/strong>\u00a0un mat\u00e9riau plus solide sur le long terme.<\/p>\n<p>&nbsp;<\/p>\n<h3><strong>Des performances \u00e0 la hauteur de votre travail<\/strong><\/h3>\n<p>Le casque, dont l\u2019utilisation s\u2019est g\u00e9n\u00e9ralis\u00e9e en seulement quelques mois, est aujourd\u2019hui un outil de communication essentiel pour tous les professionnels.<\/p>\n<p>Par cons\u00e9quent, les marques doivent proposer des produits aux caract\u00e9ristiques sonores bien sup\u00e9rieures si elles veulent avoir une chance de se d\u00e9marquer.<\/p>\n<p>C\u2019est ce que Jabra parvient \u00e0 faire gr\u00e2ce \u00e0 son\u00a0<strong>Evolve2 30 MS duo USB-C SE<\/strong>, qui est un casque dot\u00e9 d\u2019un\u00a0<strong>double microphone haute qualit\u00e9<\/strong>, d\u2019un\u00a0<strong>haut-parleur 28mm<\/strong>\u00a0et d\u2019un indicateur LED \u00ab ne pas d\u00e9ranger \u00bb qui notifie aux autres que vous \u00eates d\u00e9j\u00e0 occup\u00e9s..<\/p>\n<p>Gr\u00e2ce \u00e0 ses\u00a0<strong>coussinets \u00e0 isolation phonique<\/strong>, le micro-casque\u00a0<strong>Evolve2 30 duo USB-C SE<\/strong>\u00a0vous permet d&#8217;acc\u00e9der \u00e0 une immersion sonore totale pour vous concentrer pleinement sur la conversation en cours et non sur les bruits ext\u00e9rieurs.<\/p>\n<p>La technologie<strong>\u00a0Jabra SafeTone<\/strong>, pr\u00e9sente sur tous les casques de cette gamme, leur permet d\u2019\u00eatre certifi\u00e9s selon les normes europ\u00e9ennes et am\u00e9ricaines relatives au bruit au travail. Votre audition sera alors prot\u00e9g\u00e9e en toutes circonstances, que ce soit contre les chocs acoustiques ou contre les pics sonores qui peuvent survenir pendant une conversation.<\/p>\n<p>&nbsp;<\/p>\n","protected":false},"excerpt":{"rendered":"<ul>\n<li>Micro-casque duo USB-C avec arceau supra-auriculaire<\/li>\n<li>Puissance d\u2019entr\u00e9e max. du haut-parleur : 30mW<\/li>\n<li>Plage de fr\u00e9quence du haut-parleur : 20 \u2013 20 000Hz<\/li>\n<li>Sensibilit\u00e9 du haut-parleur : 115dB<\/li>\n<li>Technologie 2 microphones : 1 MEME analogique et 1 ECM analogique<\/li>\n<li>Dispose des commandes suivantes : prise d\u2019appels, r\u00e9glage du volume, fonction mute\/unmute<\/li>\n<li>Protection auditive de l\u2019utilisateur gr\u00e2ce au Jabra SafeTone<\/li>\n<li>Indicateur LED \u00ab ne pas d\u00e9ranger \u00bb qui notifie aux autres que vous \u00eates occup\u00e9<\/li>\n<li>Connectivit\u00e9 : USB-C<\/li>\n<li>Longueur du c\u00e2ble : 1,5m<\/li>\n<li>Taille du haut-parleur : 28mm \u00d8<\/li>\n<li>Dimensions et poids : 178,7&#215;136,2&#215;54,3mm \/ 125g<\/li>\n<\/ul>\n","protected":false},"featured_media":13525,"comment_status":"open","ping_status":"closed","template":"","meta":{"_acf_changed":false,"_monsterinsights_skip_tracking":false,"_monsterinsights_sitenote_active":false,"_monsterinsights_sitenote_note":"","_monsterinsights_sitenote_category":0,"_uf_show_specific_survey":0,"_uf_disable_surveys":false,"_joinchat":[]},"product_brand":[],"product_cat":[244,344,278],"product_tag":[],"class_list":{"0":"post-13524","1":"product","2":"type-product","3":"status-publish","4":"has-post-thumbnail","6":"product_cat-image-son","7":"product_cat-casque-ecouteur","8":"product_cat-son","10":"first","11":"instock","12":"sale","13":"shipping-taxable","14":"purchasable","15":"product-type-simple"},"acf":[],"jetpack_sharing_enabled":true,"_links":{"self":[{"href":"https:\/\/digistar.ma\/index.php?rest_route=\/wp\/v2\/product\/13524","targetHints":{"allow":["GET"]}}],"collection":[{"href":"https:\/\/digistar.ma\/index.php?rest_route=\/wp\/v2\/product"}],"about":[{"href":"https:\/\/digistar.ma\/index.php?rest_route=\/wp\/v2\/types\/product"}],"replies":[{"embeddable":true,"href":"https:\/\/digistar.ma\/index.php?rest_route=%2Fwp%2Fv2%2Fcomments&post=13524"}],"version-history":[{"count":1,"href":"https:\/\/digistar.ma\/index.php?rest_route=\/wp\/v2\/product\/13524\/revisions"}],"predecessor-version":[{"id":13529,"href":"https:\/\/digistar.ma\/index.php?rest_route=\/wp\/v2\/product\/13524\/revisions\/13529"}],"wp:featuredmedia":[{"embeddable":true,"href":"https:\/\/digistar.ma\/index.php?rest_route=\/wp\/v2\/media\/13525"}],"wp:attachment":[{"href":"https:\/\/digistar.ma\/index.php?rest_route=%2Fwp%2Fv2%2Fmedia&parent=13524"}],"wp:term":[{"taxonomy":"product_brand","embeddable":true,"href":"https:\/\/digistar.ma\/index.php?rest_route=%2Fwp%2Fv2%2Fproduct_brand&post=13524"},{"taxonomy":"product_cat","embeddable":true,"href":"https:\/\/digistar.ma\/index.php?rest_route=%2Fwp%2Fv2%2Fproduct_cat&post=13524"},{"taxonomy":"product_tag","embeddable":true,"href":"https:\/\/digistar.ma\/index.php?rest_route=%2Fwp%2Fv2%2Fproduct_tag&post=13524"}],"curies":[{"name":"wp","href":"https:\/\/api.w.org\/{rel}","templated":true}]}}