{"id":13543,"date":"2024-11-03T14:04:39","date_gmt":"2024-11-03T14:04:39","guid":{"rendered":"https:\/\/digistar.ma\/?post_type=product&#038;p=13543"},"modified":"2024-11-03T14:04:40","modified_gmt":"2024-11-03T14:04:40","slug":"bundle-visioconference-jabra-panacast-ms-8401-154","status":"publish","type":"product","link":"https:\/\/digistar.ma\/?product=bundle-visioconference-jabra-panacast-ms-8401-154","title":{"rendered":"Bundle visioconf\u00e9rence Jabra PanaCast MS 8401-154"},"content":{"rendered":"<h3>Bundle visioconf\u00e9rence Jabra PanaCast MS 8401-154<\/h3>\n<p><strong><span>Cam\u00e9ra Jabra Panacast MS<\/span><\/strong><\/p>\n<p><span>&#8211; Panacast MS est la gamme de produits de conf\u00e9rence de Jabra con\u00e7ue pour am\u00e9liorer les r\u00e9unions dans les salles de r\u00e9union, utilisant trois cam\u00e9ras de 13 m\u00e9gapixels pour offrir une v\u00e9ritable exp\u00e9rience panoramique avec une vue panoramique naturelle, sans angles morts.<\/span><\/p>\n<p><span>&#8211; Cam\u00e9ra PTZ haut de gamme avec syst\u00e8me d&#8217;image Ultra HD 4K.\u00a0<\/span><\/p>\n<p><span>&#8211; La cam\u00e9ra dispose d&#8217;une fonction Smart Zoom qui inclut automatiquement tout le monde dans la conversation. De plus, Vivid Auto-light garantit une exp\u00e9rience vid\u00e9o exceptionnelle, m\u00eame dans diff\u00e9rentes conditions d&#8217;\u00e9clairage.<\/span><\/p>\n<p><span>&#8211; La cam\u00e9ra \u00e9quilibre automatiquement la lumi\u00e8re et prend en charge le HDR pour rendre les images plus claires lorsqu&#8217;elles sont r\u00e9tro\u00e9clair\u00e9es.<\/span><\/p>\n<p><strong><span>Jabra 710 MS Haut-Parleur<\/span><\/strong><\/p>\n<p><span>&#8211; L&#8217;enceinte de conf\u00e9rence Jabra Speak 710 MS contribue \u00e0 augmenter la productivit\u00e9 et vous offre des conversations audio de haute qualit\u00e9 \u00e0 tout moment et en tout lieu. L&#8217;enceinte est adapt\u00e9e aux salles de r\u00e9union de moins de 10 personnes.<\/span><\/p>\n<p><span>&#8211; D\u00e9couvrez le microphone omnidirectionnel et l&#8217;audio HD, id\u00e9al pour la voix, la musique et le multim\u00e9dia.<\/span><\/p>\n<p><span>&#8211; Connectez facilement Jabra Speak 710 MS \u00e0 votre PC, tablette ou smartphone via un c\u00e2ble USB ou Bluetooth.<\/span><\/p>\n<p><span>&#8211; Temps de conversation : jusqu&#8217;\u00e0 15 heures.<\/span><\/p>\n<p><span>&#8211; Autonomie en veille : maximum 480 jours.<\/span><\/p>\n<p><span>&#8211; Contr\u00f4lez facilement le son et le volume des r\u00e9unions gr\u00e2ce aux touches de fonction directement sur l&#8217;appareil, comme mettre fin aux appels, augmenter ou diminuer le volume.<\/span><\/p>\n<p><span>&#8211; Compatible avec toutes les applications Softphone.<\/span><\/p>\n<p><span>&#8211; Commandes intuitives et simples, il suffit de brancher et de jouer.<\/span><\/p>\n<p><span>&#8211; Certifi\u00e9 pour Skype Entreprise et Microsoft Lync.<\/span><\/p>\n<p>&nbsp;<\/p>\n<p><em><strong>*) L&#8217;ensemble de produits comprend\u00a0:<\/strong><\/em><\/p>\n<p>o 01 <a href=\"https:\/\/digistar.ma\/?product=camera-de-videoconference-jabra-panacast-panoramic-4k\">PanaCast MS Global<\/a> + 01 C\u00e2ble USB PanaCast<\/p>\n<p>o 01<a href=\"https:\/\/digistar.ma\/?product=haut-parleur-jabra-speak-710-ms-usb-et-bluetooth-avec-link-370\"> Jabra Speak 710 MS<\/a><\/p>\n<p>o 01 <a href=\"https:\/\/digistar.ma\/?product=support-de-table-jabra-panacast-pour-camera-de-conference\">Support de table Jabra PanaCast<\/a><\/p>\n<p>o 01 <a href=\"https:\/\/digistar.ma\/?product=support-mural-jabra-panacast-pour-camera-de-conference\">Support mural Jabra PanaCast<\/a><\/p>\n<p>o 01 Hub Jabra (02 USB-A ; 01 VGA ; 01 HDMI ; 01RJ45 ; 01 Type-C)<\/p>\n<p>&nbsp;<\/p>\n","protected":false},"excerpt":{"rendered":"<p><em><strong><span>L&#8217;ensemble de produits comprend\u00a0:<\/span><\/strong><\/em><\/p>\n<p><span>01 PanaCast MS Global + 01 C\u00e2ble USB PanaCast<\/span><\/p>\n<p><span>01 Jabra Speak 710 MS<\/span><\/p>\n<p><span>01 Support de table Jabra PanaCast<\/span><\/p>\n<p><span>01 Support mural Jabra PanaCast<\/span><\/p>\n<p><span>01 Hub Jabra (02 USB-A ; 01 VGA ; 01 HDMI ; 01RJ45 ; 01 Type-C)<\/span><\/p>\n","protected":false},"featured_media":13545,"comment_status":"open","ping_status":"closed","template":"","meta":{"_acf_changed":false,"_monsterinsights_skip_tracking":false,"_monsterinsights_sitenote_active":false,"_monsterinsights_sitenote_note":"","_monsterinsights_sitenote_category":0,"_uf_show_specific_survey":0,"_uf_disable_surveys":false,"_joinchat":[]},"product_brand":[],"product_cat":[244,278,337],"product_tag":[],"class_list":{"0":"post-13543","1":"product","2":"type-product","3":"status-publish","4":"has-post-thumbnail","6":"product_cat-image-son","7":"product_cat-son","8":"product_cat-visioconference","10":"first","11":"instock","12":"sale","13":"shipping-taxable","14":"purchasable","15":"product-type-simple"},"acf":[],"jetpack_sharing_enabled":true,"_links":{"self":[{"href":"https:\/\/digistar.ma\/index.php?rest_route=\/wp\/v2\/product\/13543","targetHints":{"allow":["GET"]}}],"collection":[{"href":"https:\/\/digistar.ma\/index.php?rest_route=\/wp\/v2\/product"}],"about":[{"href":"https:\/\/digistar.ma\/index.php?rest_route=\/wp\/v2\/types\/product"}],"replies":[{"embeddable":true,"href":"https:\/\/digistar.ma\/index.php?rest_route=%2Fwp%2Fv2%2Fcomments&post=13543"}],"version-history":[{"count":1,"href":"https:\/\/digistar.ma\/index.php?rest_route=\/wp\/v2\/product\/13543\/revisions"}],"predecessor-version":[{"id":13546,"href":"https:\/\/digistar.ma\/index.php?rest_route=\/wp\/v2\/product\/13543\/revisions\/13546"}],"wp:featuredmedia":[{"embeddable":true,"href":"https:\/\/digistar.ma\/index.php?rest_route=\/wp\/v2\/media\/13545"}],"wp:attachment":[{"href":"https:\/\/digistar.ma\/index.php?rest_route=%2Fwp%2Fv2%2Fmedia&parent=13543"}],"wp:term":[{"taxonomy":"product_brand","embeddable":true,"href":"https:\/\/digistar.ma\/index.php?rest_route=%2Fwp%2Fv2%2Fproduct_brand&post=13543"},{"taxonomy":"product_cat","embeddable":true,"href":"https:\/\/digistar.ma\/index.php?rest_route=%2Fwp%2Fv2%2Fproduct_cat&post=13543"},{"taxonomy":"product_tag","embeddable":true,"href":"https:\/\/digistar.ma\/index.php?rest_route=%2Fwp%2Fv2%2Fproduct_tag&post=13543"}],"curies":[{"name":"wp","href":"https:\/\/api.w.org\/{rel}","templated":true}]}}