{"id":13547,"date":"2024-11-03T14:22:15","date_gmt":"2024-11-03T14:22:15","guid":{"rendered":"https:\/\/digistar.ma\/?post_type=product&#038;p=13547"},"modified":"2024-11-03T14:22:15","modified_gmt":"2024-11-03T14:22:15","slug":"micro-casque-jabra-evolve2-40-duo-uc-usb-c-se","status":"publish","type":"product","link":"https:\/\/digistar.ma\/?product=micro-casque-jabra-evolve2-40-duo-uc-usb-c-se","title":{"rendered":"Micro-casque Jabra Evolve2 40 Duo UC USB-C SE"},"content":{"rendered":"<h3>Micro-casque Jabra Evolve2 40 Duo UC USB-C SE<\/h3>\n<h3><strong>Un casque flexible et endurant<\/strong><\/h3>\n<p>Les casques de la gamme Jabra Evolve2 40 sont des dispositifs professionnels sp\u00e9cialement con\u00e7us pour\u00a0s&#8217;adapter \u00e0<strong>\u00a0tous les environnements de travail\u00a0<\/strong>et<strong>\u00a0tous les utilisateurs<\/strong>. Ce sont des\u00a0<strong>casques hauts de gamme destin\u00e9s \u00e0 un usage quotidien intensif<\/strong><strong>.\u00a0<\/strong><\/p>\n<p>Confortable, le mod\u00e8le\u00a0<strong>Jabra Evolve2 40 UC Duo USB-C SE<\/strong>\u00a0dispose de\u00a0<strong>deux \u00e9couteurs en similicuir<\/strong>\u00a0\u00e0 m\u00e9moire de forme qui\u00a0<strong>isolent parfaitement contre les nuisances sonores<\/strong>, qui permettent \u00e0 l&#8217;utilisateur de s&#8217;immerger dans une bulle sonore professionnelle et qui procurent un\u00a0<strong>confort exceptionnel<\/strong><\/p>\n<p><strong>\u00a0<\/strong><\/p>\n<h3><strong>Une qualit\u00e9 sonore irr\u00e9prochable<\/strong><\/h3>\n<p>Son\u00a0<strong>r\u00e9seau de 3 micros MEMS num\u00e9riques<\/strong>\u00a0permet de transmettre clairement vos paroles, et la\u00a0<strong>fonction anti bruit<\/strong>\u00a0permet d&#8217;att\u00e9nuer, de mani\u00e8re passive, les\u00a0<strong>nuisances sonores.<\/strong>\u00a0Le\u00a0<strong>large haut-parleur<\/strong>\u00a0assure une r\u00e9ception\u00a0<strong>fluide<\/strong>\u00a0et\u00a0<strong>naturelle<\/strong>\u00a0des propos de vos interlocuteurs.<\/p>\n<p>La\u00a0<strong>technologie Jabra SafeTone<\/strong>\u00a0int\u00e9gr\u00e9e au casque assure une\u00a0<strong>protection active de l&#8217;audition des utilisateurs<\/strong>\u00a0contre les\u00a0<strong>pics sonores<\/strong>\u00a0qui peuvent suvenir au cours d&#8217;un appel, notamment en cas de mauvaise connexion.<\/p>\n<p>Profitez d&#8217;une\u00a0<strong>gestion simplifi\u00e9e<\/strong>\u00a0des appels gr\u00e2ce au casque\u00a0<strong>Evolve2 40 UC Duo USB-C SE<\/strong>. En effet, les\u00a0<strong>touches<\/strong>\u00a0pr\u00e9sentes sur le casque permettent de\u00a0<strong>r\u00e9gler le volume<\/strong>, de\u00a0<strong>prendre des appels<\/strong>\u00a0ou encore de\u00a0<strong>couper le microphone\u00a0<\/strong>sans avoir \u00e0 utiliser votre PC\/Mac. La\u00a0<strong>perche r\u00e9tractable<\/strong>\u00a0permet de\u00a0<strong>d\u00e9sactiver le micro<\/strong>\u00a0en la relevant.<\/p>\n<p>Enfin, le\u00a0<strong>voyant busylight<\/strong>\u00a0permet \u00e0 vos interlocuteurs de conna\u00eetre votre\u00a0<strong>statut d&#8217;occupation<\/strong>, afin que vous ne soyez pas constamment interrompus lors de vos appels.<\/p>\n<p><img decoding=\"async\" class=\"img-fluid\" src=\"https:\/\/www.onedirect.fr\/media\/wysiwyg\/images\/Jabra\/evolve2_40_uc.JPG\" alt=\"Evolve2 40 UC-Onedirect\" width=\"100%\" \/><\/p>\n<h3><\/h3>\n<h3><span class=\"od_red\"><strong>Caract\u00e9ristiques techniques :<\/strong><\/span><\/h3>\n<div><strong>Propri\u00e9t\u00e9s audio :\u00a0<\/strong><\/div>\n<div>\n<ul>\n<li>Casque duo avec \u00e9couteurs en similicuir<\/li>\n<li>Ultra confortable : \u00e9couteur \u00e0 m\u00e9moire de forme<\/li>\n<li>Qualit\u00e9 audio HD<\/li>\n<li>R\u00e9seau de 3 microphones MEMS num\u00e9riques anti bruit : r\u00e9duction passive des nuisances sonores<\/li>\n<li>Large haut-parleur de 40mm<\/li>\n<li>Technologie Jabra SafeTone : protection auditive de l&#8217;utilisateur contre les pics sonores et chocs acoustiques<\/li>\n<\/ul>\n<\/div>\n<div><strong>Informations compl\u00e9mentaires :<\/strong><\/div>\n<ul>\n<li>Casque filaire pour PC\/Mac<\/li>\n<li>Voyant Busylight qui indique l&#8217;\u00e9tat d&#8217;occupation<\/li>\n<li>Compatible avec tous les softphones du march\u00e9<\/li>\n<li>Application Jabra Direct et Jabra Xpress : mise \u00e0 jour automatique des logiciels et gestion des param\u00e8tres \u00e0 distance<\/li>\n<li>Connectivit\u00e9 : USB-C<\/li>\n<li>Branchement facile et rapide : Plug &amp; Play<\/li>\n<li>Dimensions et poids : 186 x 157 x 60,5mm \/ 188g<\/li>\n<\/ul>\n","protected":false},"excerpt":{"rendered":"<div><strong>Propri\u00e9t\u00e9s audio :\u00a0<\/strong><\/div>\n<div>\n<ul>\n<li>Casque duo avec \u00e9couteurs en similicuir<\/li>\n<li>Ultra confortable : \u00e9couteur \u00e0 m\u00e9moire de forme<\/li>\n<li>Qualit\u00e9 audio HD<\/li>\n<li>R\u00e9seau de 3 microphones MEMS num\u00e9riques anti bruit : r\u00e9duction passive des nuisances sonores<\/li>\n<li>Large haut-parleur de 40mm<\/li>\n<li>Technologie Jabra SafeTone : protection auditive de l&#8217;utilisateur contre les pics sonores et chocs acoustiques<\/li>\n<\/ul>\n<\/div>\n<div><strong>Informations compl\u00e9mentaires :<\/strong><\/div>\n<ul>\n<li>Casque filaire pour PC\/Mac<\/li>\n<li>Voyant Busylight qui indique l&#8217;\u00e9tat d&#8217;occupation<\/li>\n<li>Compatible avec tous les softphones du march\u00e9<\/li>\n<li>Application Jabra Direct et Jabra Xpress : mise \u00e0 jour automatique des logiciels et gestion des param\u00e8tres \u00e0 distance<\/li>\n<li>Connectivit\u00e9 : USB-C<\/li>\n<li>Branchement facile et rapide : Plug &amp; Play<\/li>\n<li>Dimensions et poids : 186 x 157 x 60,5mm \/ 188g<\/li>\n<\/ul>\n","protected":false},"featured_media":13548,"comment_status":"open","ping_status":"closed","template":"","meta":{"_acf_changed":false,"_monsterinsights_skip_tracking":false,"_monsterinsights_sitenote_active":false,"_monsterinsights_sitenote_note":"","_monsterinsights_sitenote_category":0,"_uf_show_specific_survey":0,"_uf_disable_surveys":false,"_joinchat":[]},"product_brand":[],"product_cat":[244,344,278],"product_tag":[],"class_list":{"0":"post-13547","1":"product","2":"type-product","3":"status-publish","4":"has-post-thumbnail","6":"product_cat-image-son","7":"product_cat-casque-ecouteur","8":"product_cat-son","10":"first","11":"instock","12":"sale","13":"shipping-taxable","14":"purchasable","15":"product-type-simple"},"acf":[],"jetpack_sharing_enabled":true,"_links":{"self":[{"href":"https:\/\/digistar.ma\/index.php?rest_route=\/wp\/v2\/product\/13547","targetHints":{"allow":["GET"]}}],"collection":[{"href":"https:\/\/digistar.ma\/index.php?rest_route=\/wp\/v2\/product"}],"about":[{"href":"https:\/\/digistar.ma\/index.php?rest_route=\/wp\/v2\/types\/product"}],"replies":[{"embeddable":true,"href":"https:\/\/digistar.ma\/index.php?rest_route=%2Fwp%2Fv2%2Fcomments&post=13547"}],"version-history":[{"count":1,"href":"https:\/\/digistar.ma\/index.php?rest_route=\/wp\/v2\/product\/13547\/revisions"}],"predecessor-version":[{"id":13552,"href":"https:\/\/digistar.ma\/index.php?rest_route=\/wp\/v2\/product\/13547\/revisions\/13552"}],"wp:featuredmedia":[{"embeddable":true,"href":"https:\/\/digistar.ma\/index.php?rest_route=\/wp\/v2\/media\/13548"}],"wp:attachment":[{"href":"https:\/\/digistar.ma\/index.php?rest_route=%2Fwp%2Fv2%2Fmedia&parent=13547"}],"wp:term":[{"taxonomy":"product_brand","embeddable":true,"href":"https:\/\/digistar.ma\/index.php?rest_route=%2Fwp%2Fv2%2Fproduct_brand&post=13547"},{"taxonomy":"product_cat","embeddable":true,"href":"https:\/\/digistar.ma\/index.php?rest_route=%2Fwp%2Fv2%2Fproduct_cat&post=13547"},{"taxonomy":"product_tag","embeddable":true,"href":"https:\/\/digistar.ma\/index.php?rest_route=%2Fwp%2Fv2%2Fproduct_tag&post=13547"}],"curies":[{"name":"wp","href":"https:\/\/api.w.org\/{rel}","templated":true}]}}