{"id":13553,"date":"2024-11-03T15:44:27","date_gmt":"2024-11-03T15:44:27","guid":{"rendered":"https:\/\/digistar.ma\/?post_type=product&#038;p=13553"},"modified":"2024-11-03T15:45:15","modified_gmt":"2024-11-03T15:45:15","slug":"lecteur-opticon-opc-3301i-sans-fil-bluetooth","status":"publish","type":"product","link":"https:\/\/digistar.ma\/?product=lecteur-opticon-opc-3301i-sans-fil-bluetooth","title":{"rendered":"Lecteur Opticon OPC-3301i sans fil Bluetooth"},"content":{"rendered":"<h3>Lecteur Opticon OPC-3301i sans fil Bluetooth<\/h3>\n<p>Laissez moi vous pr\u00e9senter\u00a0<b>l&#8217;OPC-3301i, un scanner CCD portable sans fil r\u00e9volutionnaire.<\/b>\u00a0Avec sa technologie Bluetooth pour un transfert de donn\u00e9es en temps r\u00e9el, cet appareil compact vous offre une libert\u00e9 de mouvement in\u00e9gal\u00e9e lors de la num\u00e9risation. Et ce n&#8217;est pas tout, l&#8217;OPC-3301i est certifi\u00e9 MFi par Apple, ce qui signifie qu&#8217;il se connecte sans effort \u00e0 n&#8217;importe quel produit Apple.<\/p>\n<p><b>Dot\u00e9 d&#8217;un moteur de lecture CCD puissant<\/b>, ce scanner est capable de lire des codes-barres \u00e0 faible contraste, \u00e0 haute densit\u00e9 et r\u00e9guli\u00e8res. Avec une vitesse de num\u00e9risation allant jusqu&#8217;\u00e0 300 scans par seconde, il am\u00e9liore votre productivit\u00e9.<\/p>\n<p>Son design ergonomique garantit une exp\u00e9rience de num\u00e9risation confortable, tandis que son poids l\u00e9ger de seulement 120 grammes et sa r\u00e9sistance IP 42 en font un compagnon id\u00e9al pour magasin tout, bureau ou entrep\u00f4t.<\/p>\n<p><b>L&#8217;OPC-3301i\u00a0<\/b>a \u00e9t\u00e9 con\u00e7u pour \u00eatre facile \u00e0 utiliser, ne n\u00e9cessitant qu&#8217;un minimum de conseils pour son utilisation. Pas besoin d&#8217;une formation d\u00e9taill\u00e9e ! Avec son apparence \u00e9l\u00e9gante, cet appareil est un v\u00e9ritable atout pour votre entreprise. Ne manquez pas l&#8217;opportunit\u00e9 d&#8217;apporter une efficacit\u00e9 accrue et un style raffin\u00e9 \u00e0 vos op\u00e9rations gr\u00e2ce au scanner CCD OPC-3301i.<\/p>\n<p>&nbsp;<\/p>\n<h3><a href=\"https:\/\/digistar.ma\/wp-content\/uploads\/2024\/11\/OPC-3301i.pdf\">FICHE TECHNIQUE\u00a0<\/a><\/h3>\n","protected":false},"excerpt":{"rendered":"<p>Scanner \u00e0 poign\u00e9e pistolet , Scanner sans fil<\/p>\n<p>Connexion : Sans fil<\/p>\n<p>Interface de Communication : Bluetooth Bluetooth : Ver. 2.1, SPP\/HID, puissance de sortie classe 2, port\u00e9e jusqu&#8217;\u00e0 10 m, connexion 1 \u00e0 1, mode ma\u00eetre\/esclave, authentification et cryptage<\/p>\n<p>Source de lumi\u00e8re : Diode laser de vis\u00e9e, LED d&#8217;\u00e9clairage<\/p>\n<p>Taux de num\u00e9risation : Jusqu&#8217;\u00e0 60 ips (hors mise au point)<\/p>\n<p>R\u00e9sistance : Chute de 1,5 m une surface en b\u00e9ton<\/p>\n<p>Dimensions (LxHxP) : 113 x 132 x 56 mm<\/p>\n<p>Poids : 132 g (batterie incluse)<\/p>\n<p>Socle USB &#8211; Bluetooth avec Alim et Cables<\/p>\n","protected":false},"featured_media":13554,"comment_status":"open","ping_status":"closed","template":"","meta":{"_acf_changed":false,"_monsterinsights_skip_tracking":false,"_monsterinsights_sitenote_active":false,"_monsterinsights_sitenote_note":"","_monsterinsights_sitenote_category":0,"_uf_show_specific_survey":0,"_uf_disable_surveys":false,"_joinchat":[]},"product_brand":[],"product_cat":[246],"product_tag":[],"class_list":{"0":"post-13553","1":"product","2":"type-product","3":"status-publish","4":"has-post-thumbnail","6":"product_cat-peripherique","8":"first","9":"instock","10":"sale","11":"shipping-taxable","12":"purchasable","13":"product-type-simple"},"acf":[],"jetpack_sharing_enabled":true,"_links":{"self":[{"href":"https:\/\/digistar.ma\/index.php?rest_route=\/wp\/v2\/product\/13553","targetHints":{"allow":["GET"]}}],"collection":[{"href":"https:\/\/digistar.ma\/index.php?rest_route=\/wp\/v2\/product"}],"about":[{"href":"https:\/\/digistar.ma\/index.php?rest_route=\/wp\/v2\/types\/product"}],"replies":[{"embeddable":true,"href":"https:\/\/digistar.ma\/index.php?rest_route=%2Fwp%2Fv2%2Fcomments&post=13553"}],"version-history":[{"count":2,"href":"https:\/\/digistar.ma\/index.php?rest_route=\/wp\/v2\/product\/13553\/revisions"}],"predecessor-version":[{"id":13560,"href":"https:\/\/digistar.ma\/index.php?rest_route=\/wp\/v2\/product\/13553\/revisions\/13560"}],"wp:featuredmedia":[{"embeddable":true,"href":"https:\/\/digistar.ma\/index.php?rest_route=\/wp\/v2\/media\/13554"}],"wp:attachment":[{"href":"https:\/\/digistar.ma\/index.php?rest_route=%2Fwp%2Fv2%2Fmedia&parent=13553"}],"wp:term":[{"taxonomy":"product_brand","embeddable":true,"href":"https:\/\/digistar.ma\/index.php?rest_route=%2Fwp%2Fv2%2Fproduct_brand&post=13553"},{"taxonomy":"product_cat","embeddable":true,"href":"https:\/\/digistar.ma\/index.php?rest_route=%2Fwp%2Fv2%2Fproduct_cat&post=13553"},{"taxonomy":"product_tag","embeddable":true,"href":"https:\/\/digistar.ma\/index.php?rest_route=%2Fwp%2Fv2%2Fproduct_tag&post=13553"}],"curies":[{"name":"wp","href":"https:\/\/api.w.org\/{rel}","templated":true}]}}