{"id":13561,"date":"2024-11-03T16:15:49","date_gmt":"2024-11-03T16:15:49","guid":{"rendered":"https:\/\/digistar.ma\/?post_type=product&#038;p=13561"},"modified":"2024-11-03T16:15:49","modified_gmt":"2024-11-03T16:15:49","slug":"lecteur-codes-barres-sans-fil-2d-datalogic-quickscan-qm2430","status":"publish","type":"product","link":"https:\/\/digistar.ma\/?product=lecteur-codes-barres-sans-fil-2d-datalogic-quickscan-qm2430","title":{"rendered":"Lecteur codes barres sans fil 2D Datalogic QuickScan QM2430"},"content":{"rendered":"<h3>Lecteur codes barres sans fil 2D Datalogic QuickScan QM2430<\/h3>\n<p>Le\u00a0<em>lecteur code barre<\/em>\u00a0<strong>QuickScan QM2430<\/strong>\u00a0du constructeur\u00a0<strong>Datalogic<\/strong>\u00a0constitue la version<em>\u00a0Imager 2D<\/em>\u00a0du\u00a0<strong>lecteur sans fil<\/strong>\u00a0renomm\u00e9\u00a0<em>Quickscan Mobile Datalogic<\/em>.<\/p>\n<div align=\"justify\">Cette\u00a0<strong>douchette code barre<\/strong>\u00a0est dot\u00e9e d&#8217;un mode de communication sans fil radio fr\u00e9quence 433 MHz se distinguant par sa faible sensibilit\u00e9 aux obstacles et son absence d&#8217;interf\u00e9rence avec les ondes Wifi. Il dispose d&#8217;une port\u00e9e maximale de 25 m.<\/div>\n<div align=\"justify\"><\/div>\n<div align=\"justify\">Sa batterie lithium-ion longue dur\u00e9e de 1400 mAh se caract\u00e9rise par sa simplicit\u00e9 de remplacement.<\/p>\n<p>De plus, le\u00a0<em>scanner<\/em>\u00a0<strong>QuickScan QM2400\u00a0<\/strong>est \u00e9quip\u00e9 d&#8217;un syst\u00e8me de vis\u00e9e \u00e0 LED \u00e9vitant l&#8217;emploi de faisceaux laser, d&#8217;un point lumineux de confirmation de bonne lecture aussi appel\u00e9 &#8220;Spot Vert&#8221; ainsi que d&#8217;une m\u00e9moire en mode Batch permettant de sauvegarder jusqu&#8217;\u00e0 500\u00a0<em>codes barres lin\u00e9aires<\/em>.<\/div>\n<div align=\"justify\"><\/div>\n<h3 align=\"justify\"><a href=\"https:\/\/digistar.ma\/wp-content\/uploads\/2024\/11\/DS-QUICKSCANIQM2400-EN.pdf\">FICHE TECHNIQUE\u00a0<\/a><\/h3>\n","protected":false},"excerpt":{"rendered":"<p><strong>DATALOGIC QUICKSCAN QM2430<\/strong><\/p>\n<p>Interface : USB, RS232, Bluetooth<\/p>\n<p>Distance de lecture : 0 \u00e0 30cm<\/p>\n<p>R\u00e9sistance aux chutes : 1.5M<\/p>\n<p><span class=\"featureName\">Poids\u00a0:<\/span>\u00a0200 g<\/p>\n<p>Dimensions : 163 x 91 x 41 mm<\/p>\n<p>Inclus :\u00a0 Station d&#8217;accueil, batterie<\/p>\n","protected":false},"featured_media":13562,"comment_status":"open","ping_status":"closed","template":"","meta":{"_acf_changed":false,"_monsterinsights_skip_tracking":false,"_monsterinsights_sitenote_active":false,"_monsterinsights_sitenote_note":"","_monsterinsights_sitenote_category":0,"_uf_show_specific_survey":0,"_uf_disable_surveys":false,"_joinchat":[]},"product_brand":[],"product_cat":[246],"product_tag":[],"class_list":{"0":"post-13561","1":"product","2":"type-product","3":"status-publish","4":"has-post-thumbnail","6":"product_cat-peripherique","8":"first","9":"instock","10":"sale","11":"shipping-taxable","12":"purchasable","13":"product-type-simple"},"acf":[],"jetpack_sharing_enabled":true,"_links":{"self":[{"href":"https:\/\/digistar.ma\/index.php?rest_route=\/wp\/v2\/product\/13561","targetHints":{"allow":["GET"]}}],"collection":[{"href":"https:\/\/digistar.ma\/index.php?rest_route=\/wp\/v2\/product"}],"about":[{"href":"https:\/\/digistar.ma\/index.php?rest_route=\/wp\/v2\/types\/product"}],"replies":[{"embeddable":true,"href":"https:\/\/digistar.ma\/index.php?rest_route=%2Fwp%2Fv2%2Fcomments&post=13561"}],"version-history":[{"count":2,"href":"https:\/\/digistar.ma\/index.php?rest_route=\/wp\/v2\/product\/13561\/revisions"}],"predecessor-version":[{"id":13568,"href":"https:\/\/digistar.ma\/index.php?rest_route=\/wp\/v2\/product\/13561\/revisions\/13568"}],"wp:featuredmedia":[{"embeddable":true,"href":"https:\/\/digistar.ma\/index.php?rest_route=\/wp\/v2\/media\/13562"}],"wp:attachment":[{"href":"https:\/\/digistar.ma\/index.php?rest_route=%2Fwp%2Fv2%2Fmedia&parent=13561"}],"wp:term":[{"taxonomy":"product_brand","embeddable":true,"href":"https:\/\/digistar.ma\/index.php?rest_route=%2Fwp%2Fv2%2Fproduct_brand&post=13561"},{"taxonomy":"product_cat","embeddable":true,"href":"https:\/\/digistar.ma\/index.php?rest_route=%2Fwp%2Fv2%2Fproduct_cat&post=13561"},{"taxonomy":"product_tag","embeddable":true,"href":"https:\/\/digistar.ma\/index.php?rest_route=%2Fwp%2Fv2%2Fproduct_tag&post=13561"}],"curies":[{"name":"wp","href":"https:\/\/api.w.org\/{rel}","templated":true}]}}