{"id":13569,"date":"2024-11-03T16:48:44","date_gmt":"2024-11-03T16:48:44","guid":{"rendered":"https:\/\/digistar.ma\/?post_type=product&#038;p=13569"},"modified":"2024-11-03T16:48:44","modified_gmt":"2024-11-03T16:48:44","slug":"solution-de-visioconference-complete-jabra-panacast-50-room-system-ms","status":"publish","type":"product","link":"https:\/\/digistar.ma\/?product=solution-de-visioconference-complete-jabra-panacast-50-room-system-ms","title":{"rendered":"Solution de visioconf\u00e9rence compl\u00e8te Jabra Panacast 50 Room System MS"},"content":{"rendered":"<h3>Solution de visioconf\u00e9rence compl\u00e8te Jabra Panacast 50 Room System MS<\/h3>\n<p>Pour rendre vos\u00a0<strong>salles de petite et moyenne taille<\/strong>\u00a0performantes et\u00a0<strong>100% autonomes<\/strong>, il n&#8217;y a pas de meilleure option que le\u00a0<strong>Jabra PanaCast 50 Room System<\/strong>\u00a0!<\/p>\n<p>Avec une\u00a0<strong>barre visio tout-en-un<\/strong>, une\u00a0<strong>tablette tactile<\/strong>\u00a0et un\u00a0<strong>bo\u00eetier de connexion intelligent<\/strong>, cette solution innovante allie une technologie avanc\u00e9e \u00e0 une grande facilit\u00e9 d&#8217;utilisation, et est donc id\u00e9ale pour fonctionner en mode hybride sous\u00a0<strong>Microsoft Teams.<\/strong><\/p>\n<h3><strong>Quels sont les avantages de cette solution technologique ?<\/strong><\/h3>\n<p>Le c\u0153ur de ce syst\u00e8me, c&#8217;est bien \u00e9videmment la cam\u00e9ra\u00a0<strong>Jabra PanaCast 50<\/strong>\u00a0! Avec ses\u00a0<strong>3 cam\u00e9ras 4K \u00e0 180\u00b0<\/strong>, elle d\u00e9livre une qualit\u00e9 d&#8217;image spectaculaire de l&#8217;ensemble de la salle, et de chaque participant qui s&#8217;y trouve.<\/p>\n<p><strong>Mouvements PTZ<\/strong>\u00a0et mode\u00a0<strong>Virtual Director<\/strong>\u00a0: ensemble, ils cr\u00e9ent une atmosph\u00e8re de r\u00e9union dynamique et naturelle, o\u00f9 les orateurs actifs sont repr\u00e9sent\u00e9s et mis en avant de mani\u00e8re optimale ! En plus, elle prend en charge le\u00a0<strong>tableau blanc<\/strong>, l&#8217;id\u00e9al pour partager des id\u00e9es en temps r\u00e9el au travers d&#8217;annotations !<\/p>\n<p>C\u00f4t\u00e9 audio, la Jabra PanaCast 50 fait en sorte que vos conversations virtuelles soient toujours fluides. Elle y parvient notamment gr\u00e2ce \u00e0 ses\u00a0<strong>8 micros beamforming<\/strong>\u00a0qui captent les voix en laissant les bruits de c\u00f4t\u00e9, et aussi gr\u00e2ce \u00e0 ses\u00a0<strong>4 haut-parleurs<\/strong>\u00a0sp\u00e9cialement con\u00e7us pour produire un son st\u00e9r\u00e9o HD.<\/p>\n<p>De l&#8217;autre c\u00f4t\u00e9 de ce syst\u00e8me, vous trouvez le kit informatique<strong>\u00a0ThinkSmart Core + Controller<\/strong>, destin\u00e9 \u00e0 rendre vos salles de r\u00e9union\u00a0<strong>100% autonomes.\u00a0<\/strong>Pour faire simple, le bo\u00eetier\u00a0<strong>ThinkSmart Core\u00a0<\/strong>de Lenovo permet d&#8217;installer tous vos modules audiovisuels de mani\u00e8re centralis\u00e9e et de prot\u00e9ger le\u00a0<strong>BIOS<\/strong>, la\u00a0<strong>vie priv\u00e9e<\/strong>\u00a0et toutes les\u00a0<strong>donn\u00e9es<\/strong>\u00a0de votre entreprise.<\/p>\n<p>La tablette de contr\u00f4le\u00a0<strong>ThinkSmart Controller<\/strong>\u00a0vous permet de lancer une r\u00e9union et d&#8217;en contr\u00f4ler les param\u00e8tres en un tour de main ! Connectez-vous \u00e0 votre session Teams via l&#8217;<strong>\u00e9cran tactile HD<\/strong>\u00a0et, d\u2019un\u00a0<strong>simple effleurement du doigt<\/strong>, s\u00e9lectionnez la r\u00e9union pr\u00e9vue pour que cette derni\u00e8re d\u00e9marre instantan\u00e9ment, activant ainsi tous les \u00e9quipements de la salle.<\/p>\n<h3><span class=\"od_red\"><strong>Caract\u00e9ristiques techniques :<\/strong><\/span><\/h3>\n<p><strong>Jabra PanaCast 50 :<\/strong><\/p>\n<ul>\n<li>3 cam\u00e9ras PTZ de 13 m\u00e9gapixels<\/li>\n<li>R\u00e9solution vid\u00e9o 4K \u00e0 30fps<\/li>\n<li>Large champ de vision \u00e0 180\u00b0<\/li>\n<li>Zoom num\u00e9rique sans perte jusqu\u2019\u00e0 6x<\/li>\n<li>Directeur visuel : d\u00e9tection et cadrage des orateurs<\/li>\n<li>8 micros en beamforming<\/li>\n<li>4 haut-parleurs st\u00e9r\u00e9o sans vibrations<\/li>\n<li>D\u00e9tection automatique des voix<\/li>\n<li>Utilisation possible sur un tableau blanc<\/li>\n<li>Comptage des personnes + d\u00e9tection des d\u00e9passements de capacit\u00e9<\/li>\n<li>Syst\u00e8me d\u2019exploitation : Windows 7 ou version ult\u00e9rieure, macOS X 10.9 ou version ult\u00e9rieure<\/li>\n<li>Logiciels compatibles : Jabra direct, Jabra Sound+ et Jabra Xpress<\/li>\n<li>Connectivit\u00e9 : USB-A ; USB-C et Ethernet (<em>RJ45<\/em>)<\/li>\n<li>Dimensions et poids : 650 x 80 x 125mm \/ 2200g<\/li>\n<\/ul>\n<p><strong><u>ThinkSmart Core\u00a0:<\/u><\/strong><\/p>\n<ul>\n<li>Bo\u00eetier pour relier tous les \u00e9quipements via un seul produit<\/li>\n<li>Intelligent : permet aux salles d\u2019\u00eatre autonomes<\/li>\n<li>S\u00e9curit\u00e9 maximale\u00a0: Lenovo ThinkShield prot\u00e9geant le BIOS, la vie priv\u00e9e et les donn\u00e9es<\/li>\n<li>Processeur Intel Core vPro i5-1145G7E 11<sup>e<\/sup>\u00a0g\u00e9n\u00e9ration<\/li>\n<li>Syst\u00e8me d\u2019exploitation\u00a0: Windows 10 IoT Entreprise SAC<\/li>\n<li>M\u00e9moire de 8Go et stockage SSD de 256Go<\/li>\n<li>Circuit \/ carte graphique Intel Iris X<\/li>\n<li>Connectivit\u00e9\u00a0: Wifi 802.11ac (2&#215;2)\u00a0; Bluetooth Low Energy 5.0<\/li>\n<li>Ports : 1 x Ethernet RJ45 ; 2 x sorties HDMI ; 1 x USB-C pour ThinkSmart Controller ; 1 x USB-C ; 1 x USB-A 3.2 GEN1 ; 2 x USB-A 3.2 GEN2<\/li>\n<li>Dimensions et poids : 37,5 x 226 x 200mm \/ 1,12kg<\/li>\n<\/ul>\n<p><strong><u>ThinkSmart Controller\u00a0:<\/u><\/strong><\/p>\n<ul>\n<li>Tablette de contr\u00f4le pour g\u00e9rer les r\u00e9unions<\/li>\n<li>\u00c9cran HD antireflets de 25,65cm<\/li>\n<li>Tactile \u00e0 10 points<\/li>\n<li>Format 16\u00a0: 10 + Rotatif \u00e0 30\u00b0 et 60\u00b0<\/li>\n<li>Capteur IR d\u00e9tecteur de pr\u00e9sence : mise en marche automatique<\/li>\n<li>Connectivit\u00e9 : 1 x USB-C 2.0 pour ThinkSmart Core ; 1 x connecteur mixte pour \u00e9couteurs\/micro<\/li>\n<li>S\u00e9curit\u00e9\u00a0: Emplacement de s\u00e9curit\u00e9 Kensington<\/li>\n<li>Dimensions et poids : 265,5 x 168,1 x 13mm \/ 753,8g<\/li>\n<\/ul>\n","protected":false},"excerpt":{"rendered":"<p>Solution de visioconf\u00e9rence compl\u00e8te pour salle de r\u00e9union autonome Microsoft Teams Rooms.<\/p>\n<p>Barre tout en un avec cam\u00e9ra 180\u00b0 et tablette de contr\u00f4le tactile.<\/p>\n<p>Kit de vid\u00e9o-conf\u00e9rence (Lenovo ThinkSmart Core, PanaCast 50, contr\u00f4leur Lenovo ThinkSmart)<\/p>\n<p>&#8211; avec 3 ans de Lenovo Premier Support &#8211; Certifi\u00e9 pour Microsoft Teams Rooms<\/p>\n","protected":false},"featured_media":13570,"comment_status":"open","ping_status":"closed","template":"","meta":{"_acf_changed":false,"_monsterinsights_skip_tracking":false,"_monsterinsights_sitenote_active":false,"_monsterinsights_sitenote_note":"","_monsterinsights_sitenote_category":0,"_uf_show_specific_survey":0,"_uf_disable_surveys":false,"_joinchat":[]},"product_brand":[],"product_cat":[244,246,337],"product_tag":[],"class_list":{"0":"post-13569","1":"product","2":"type-product","3":"status-publish","4":"has-post-thumbnail","6":"product_cat-image-son","7":"product_cat-peripherique","8":"product_cat-visioconference","10":"first","11":"onbackorder","12":"sale","13":"shipping-taxable","14":"purchasable","15":"product-type-simple"},"acf":[],"jetpack_sharing_enabled":true,"_links":{"self":[{"href":"https:\/\/digistar.ma\/index.php?rest_route=\/wp\/v2\/product\/13569","targetHints":{"allow":["GET"]}}],"collection":[{"href":"https:\/\/digistar.ma\/index.php?rest_route=\/wp\/v2\/product"}],"about":[{"href":"https:\/\/digistar.ma\/index.php?rest_route=\/wp\/v2\/types\/product"}],"replies":[{"embeddable":true,"href":"https:\/\/digistar.ma\/index.php?rest_route=%2Fwp%2Fv2%2Fcomments&post=13569"}],"version-history":[{"count":1,"href":"https:\/\/digistar.ma\/index.php?rest_route=\/wp\/v2\/product\/13569\/revisions"}],"predecessor-version":[{"id":13575,"href":"https:\/\/digistar.ma\/index.php?rest_route=\/wp\/v2\/product\/13569\/revisions\/13575"}],"wp:featuredmedia":[{"embeddable":true,"href":"https:\/\/digistar.ma\/index.php?rest_route=\/wp\/v2\/media\/13570"}],"wp:attachment":[{"href":"https:\/\/digistar.ma\/index.php?rest_route=%2Fwp%2Fv2%2Fmedia&parent=13569"}],"wp:term":[{"taxonomy":"product_brand","embeddable":true,"href":"https:\/\/digistar.ma\/index.php?rest_route=%2Fwp%2Fv2%2Fproduct_brand&post=13569"},{"taxonomy":"product_cat","embeddable":true,"href":"https:\/\/digistar.ma\/index.php?rest_route=%2Fwp%2Fv2%2Fproduct_cat&post=13569"},{"taxonomy":"product_tag","embeddable":true,"href":"https:\/\/digistar.ma\/index.php?rest_route=%2Fwp%2Fv2%2Fproduct_tag&post=13569"}],"curies":[{"name":"wp","href":"https:\/\/api.w.org\/{rel}","templated":true}]}}