{"id":13583,"date":"2024-11-03T17:41:06","date_gmt":"2024-11-03T17:41:06","guid":{"rendered":"https:\/\/digistar.ma\/?post_type=product&#038;p=13583"},"modified":"2024-11-03T17:41:42","modified_gmt":"2024-11-03T17:41:42","slug":"systeme-telephonique-ip-pbx-grandstream-ucm6302a","status":"publish","type":"product","link":"https:\/\/digistar.ma\/?product=systeme-telephonique-ip-pbx-grandstream-ucm6302a","title":{"rendered":"Syst\u00e8me t\u00e9l\u00e9phonique IP PBX Grandstream UCM6302A"},"content":{"rendered":"<h3>Syst\u00e8me t\u00e9l\u00e9phonique IP PBX Grandstream UCM6302A<\/h3>\n<h3><strong>Communication unifi\u00e9e pour les entreprises<\/strong><\/h3>\n<p>L&#8217;appareil\u00a0<strong>Grandstream UCM6302\u00a0<\/strong>est un PBX IP d&#8217;entreprise qui\u00a0<strong>fusionne les communications unifi\u00e9es<\/strong>, la\u00a0<strong>t\u00e9l\u00e9phonie VoIP<\/strong>\u00a0et la\u00a0<strong>vid\u00e9oconf\u00e9rence<\/strong>, sans frais de licence.<\/p>\n<p>Avec une capacit\u00e9 allant jusqu&#8217;\u00e0\u00a0<strong>1 000 utilisateurs et 150 appels simultan\u00e9s<\/strong>\u00a0(<em>100 avec cryptage SRTP<\/em>), il offre un pont de conf\u00e9rence int\u00e9gr\u00e9 pouvant accueillir jusqu&#8217;\u00e0\u00a0<strong>150 participants en audio et jusqu&#8217;\u00e0 20 en vid\u00e9oconf\u00e9rence Full HD 1080p<\/strong>, id\u00e9al pour les entreprises de taille moyenne recherchant contr\u00f4le total sur leurs communications.<\/p>\n<p>Il peut \u00eatre combin\u00e9 avec l&#8217;environnement\u00a0<strong>UCM6300\u00a0<\/strong>pour offrir une plateforme hybride combinant le contr\u00f4le d&#8217;un PBX IP local avec l&#8217;accessibilit\u00e9 \u00e0 distance d&#8217;une solution cloud.<\/p>\n<p>Ce syst\u00e8me permet la\u00a0<strong>vid\u00e9oconf\u00e9rence HD<\/strong>\u00a0avec des fonctionnalit\u00e9s avanc\u00e9es telles que le\u00a0<strong>partage d&#8217;\u00e9cran et le tableau blanc<\/strong>.<\/p>\n<p>En plus d&#8217;\u00eatre une solution de t\u00e9l\u00e9phonie compl\u00e8te avec identification de l&#8217;appelant, file d&#8217;attente et distribution personnalisables, elle comprend un\u00a0<strong>assistant automatique avec 5 niveaux de r\u00e9ponses vocales interactives<\/strong>.<\/p>\n<p>L&#8217;<strong>\u00e9cran LCD couleur<\/strong>\u00a0facilite la gestion, tandis que les mesures de s\u00e9curit\u00e9 de niveau entreprise, telles que le\u00a0<strong>d\u00e9marrage s\u00e9curis\u00e9 et le cryptage SRTP<\/strong>, prot\u00e8gent les communications. Ses\u00a0<strong>2 ports FXO<\/strong>\u00a0se connectent aux lignes t\u00e9l\u00e9phoniques analogiques et les\u00a0<strong>2 ports FXS<\/strong>\u00a0se connectent aux lignes PSTN.<\/p>\n<h3><strong><br \/>\n<span class=\"od_red\">Caract\u00e9ristiques techniques :<\/span><\/strong><\/h3>\n<ul>\n<li>\u00c9cran tactile LCD couleur 320x240px<\/li>\n<li>Utilisateurs : 1000<\/li>\n<li>Appels simultan\u00e9s : 150<\/li>\n<li>Appels SRTP simultan\u00e9s : 100<\/li>\n<li>3 salles de visioconf\u00e9rence et jusqu&#8217;\u00e0 20 participants en 1080p, en supposant 4 flux vid\u00e9o + 1 \u00e9cran partag\u00e9 (H.264 et G.711)<\/li>\n<li>Conf\u00e9rence vocale : jusqu&#8217;\u00e0 150 participants<\/li>\n<li>2 ports FXO RJ11<\/li>\n<li>2 ports FXS RJ11<\/li>\n<li>1 r\u00e9seau local Gigatit<\/li>\n<li>1 port Gigabit WAN<\/li>\n<li>Entr\u00e9e DC12V<\/li>\n<li>1 port USB 3.0<\/li>\n<li>Stockage : 1 carte SD<\/li>\n<li>Codecs audio\u00a0: Opus, G.711u\/a, G.722, G.722.1, G.722.1C, G.723.1, G.726-32, G.729A\/B, iLBC, GSM<\/li>\n<li>Fax sur IP : T.38<\/li>\n<li>Montage : sur table, au mur<\/li>\n<li>Dimensions et poids : 3,60 x 17,50 x 27cm \/ 715g<\/li>\n<\/ul>\n<h3><a href=\"https:\/\/digistar.ma\/wp-content\/uploads\/2024\/11\/Systeme-telephonique-IP-PBX-Grandstream-UCM6302A.pdf\">FICHE TECHNIQUE<\/a><\/h3>\n","protected":false},"excerpt":{"rendered":"<ul>\n<li>\u00c9cran tactile LCD couleur 320x240px<\/li>\n<li>Utilisateurs : 1000<\/li>\n<li>Appels simultan\u00e9s : 150<\/li>\n<li>Appels SRTP simultan\u00e9s : 100<\/li>\n<li>3 salles de visioconf\u00e9rence et jusqu&#8217;\u00e0 20 participants en 1080p, en supposant 4 flux vid\u00e9o + 1 \u00e9cran partag\u00e9 (H.264 et G.711)<\/li>\n<li>Conf\u00e9rence vocale : jusqu&#8217;\u00e0 150 participants<\/li>\n<li>2 ports FXO RJ11<\/li>\n<li>2 ports FXS RJ11<\/li>\n<li>1 r\u00e9seau local Gigatit<\/li>\n<li>1 port Gigabit WAN<\/li>\n<li>Entr\u00e9e DC12V<\/li>\n<li>1 port USB 3.0<\/li>\n<li>Stockage : 1 carte SD<\/li>\n<li>Codecs audio\u00a0: Opus, G.711u\/a, G.722, G.722.1, G.722.1C, G.723.1, G.726-32, G.729A\/B, iLBC, GSM<\/li>\n<li>Fax sur IP : T.38<\/li>\n<li>Montage : sur table, au mur<\/li>\n<li>Dimensions et poids : 3,60 x 17,50 x 27cm \/ 715g<\/li>\n<\/ul>\n","protected":false},"featured_media":13584,"comment_status":"open","ping_status":"closed","template":"","meta":{"_acf_changed":false,"_monsterinsights_skip_tracking":false,"_monsterinsights_sitenote_active":false,"_monsterinsights_sitenote_note":"","_monsterinsights_sitenote_category":0,"_uf_show_specific_survey":0,"_uf_disable_surveys":false,"_joinchat":[]},"product_brand":[],"product_cat":[243],"product_tag":[],"class_list":{"0":"post-13583","1":"product","2":"type-product","3":"status-publish","4":"has-post-thumbnail","6":"product_cat-reseaux","8":"first","9":"onbackorder","10":"sale","11":"shipping-taxable","12":"purchasable","13":"product-type-simple"},"acf":[],"jetpack_sharing_enabled":true,"_links":{"self":[{"href":"https:\/\/digistar.ma\/index.php?rest_route=\/wp\/v2\/product\/13583","targetHints":{"allow":["GET"]}}],"collection":[{"href":"https:\/\/digistar.ma\/index.php?rest_route=\/wp\/v2\/product"}],"about":[{"href":"https:\/\/digistar.ma\/index.php?rest_route=\/wp\/v2\/types\/product"}],"replies":[{"embeddable":true,"href":"https:\/\/digistar.ma\/index.php?rest_route=%2Fwp%2Fv2%2Fcomments&post=13583"}],"version-history":[{"count":1,"href":"https:\/\/digistar.ma\/index.php?rest_route=\/wp\/v2\/product\/13583\/revisions"}],"predecessor-version":[{"id":13588,"href":"https:\/\/digistar.ma\/index.php?rest_route=\/wp\/v2\/product\/13583\/revisions\/13588"}],"wp:featuredmedia":[{"embeddable":true,"href":"https:\/\/digistar.ma\/index.php?rest_route=\/wp\/v2\/media\/13584"}],"wp:attachment":[{"href":"https:\/\/digistar.ma\/index.php?rest_route=%2Fwp%2Fv2%2Fmedia&parent=13583"}],"wp:term":[{"taxonomy":"product_brand","embeddable":true,"href":"https:\/\/digistar.ma\/index.php?rest_route=%2Fwp%2Fv2%2Fproduct_brand&post=13583"},{"taxonomy":"product_cat","embeddable":true,"href":"https:\/\/digistar.ma\/index.php?rest_route=%2Fwp%2Fv2%2Fproduct_cat&post=13583"},{"taxonomy":"product_tag","embeddable":true,"href":"https:\/\/digistar.ma\/index.php?rest_route=%2Fwp%2Fv2%2Fproduct_tag&post=13583"}],"curies":[{"name":"wp","href":"https:\/\/api.w.org\/{rel}","templated":true}]}}