{"id":13589,"date":"2024-11-03T17:54:31","date_gmt":"2024-11-03T17:54:31","guid":{"rendered":"https:\/\/digistar.ma\/?post_type=product&#038;p=13589"},"modified":"2024-11-03T17:54:31","modified_gmt":"2024-11-03T17:54:31","slug":"telephone-ip-filaire-6-comptes-sip-3-lignes-grandstream-grp2604p","status":"publish","type":"product","link":"https:\/\/digistar.ma\/?product=telephone-ip-filaire-6-comptes-sip-3-lignes-grandstream-grp2604p","title":{"rendered":"T\u00e9l\u00e9phone IP filaire 6 Comptes SIP 3 lignes Grandstream GRP2604P"},"content":{"rendered":"<h4>T\u00e9l\u00e9phone IP filaire 6 Comptes SIP 3 lignes Grandstream GRP2604P<\/h4>\n<h3><strong>T\u00e9l\u00e9phone IP essentiel \u00e0 3 lignes<\/strong><\/h3>\n<p>Faisant partie de la s\u00e9rie de t\u00e9l\u00e9phones IP GRP, le\u00a0<strong>Grandstream GRP2604<\/strong>\u00a0est un\u00a0<strong>mod\u00e8le essentiel \u00e0 3 lignes<\/strong>\u00a0con\u00e7u avec un\u00a0<strong>approvisionnement sans contact<\/strong>\u00a0pour un\u00a0<strong>d\u00e9ploiement de masse et une gestion facile<\/strong>.<\/p>\n<p>Il pr\u00e9sente un design \u00e9l\u00e9gant et une suite de fonctionnalit\u00e9s nouvelle g\u00e9n\u00e9ration, parmi lesquelles on retrouve : la\u00a0<strong>conf\u00e9rence vocale \u00e0 5<\/strong>, le\u00a0<strong>PoE<\/strong>\u00a0(GRP2604P) ainsi que l&#8217;<strong>audio Full HD<\/strong>\u00a0sur le haut-parleur et le combin\u00e9.<\/p>\n<p>Prenant en charge les\u00a0<strong>casques Poly, Jabra et EPOS<\/strong>\u00a0via la\u00a0<strong>prise EHS<\/strong>, ce poste comprend des\u00a0<strong>fonctionnalit\u00e9s de s\u00e9curit\u00e9\u00a0<\/strong>fournissant une\u00a0<strong>s\u00e9curit\u00e9 de niveau entreprise.\u00a0<\/strong><\/p>\n<p>Pour l&#8217;<strong>approvisionnement cloud et la gestion centralis\u00e9e<\/strong>, le GRP2604 est pris en charge par le\u00a0<strong>syst\u00e8me de gestion des appareils<\/strong>\u00a0(GDMS) de Grandstream, qui fournit une interface centralis\u00e9e pour\u00a0<strong>configurer<\/strong>,\u00a0<strong>approvisionner<\/strong>,\u00a0<strong>g\u00e9rer<\/strong>\u00a0et\u00a0<strong>surveiller<\/strong>\u00a0les d\u00e9ploiements des terminaux Grandstream.<\/p>\n<h3><strong><br \/>\n<span class=\"od_red\">Caract\u00e9ristiques techniques :<\/span><\/strong><\/h3>\n<ul>\n<li>Poste \u00e0 protocole SIP<\/li>\n<li>\u00c9cran LCD graphique r\u00e9tro\u00e9clair\u00e9 132 x 64 (2,7&#8221;)<\/li>\n<li>3 touches de ligne avec LED bicolore et prise en charge de 6 comptes SIP<\/li>\n<li>4 touches programmables contextuelles XML ; 5 touches (navigation, menu) ; 10 touches BLF<\/li>\n<li>8 touches de fonction d\u00e9di\u00e9es : message, transfert, casque, silencieux, d\u00e9crocher\/raccrocher, haut-parleur, volume +\/-<\/li>\n<li>Combin\u00e9 HD et haut-parleur avec prise en charge du Full-Duplex<\/li>\n<li>Prise en charge des codecs audio G.729A\/B, G.711\u00b5\/a-law, G.726, G.722, G.723<\/li>\n<li>Ports Ethernet 10\/100\/1000 Mbps \u00e0 double commutation avec n\u00e9gociation automatique, PoE int\u00e9gr\u00e9 (GRP2604P uniquement)<\/li>\n<li>Fonctions t\u00e9l\u00e9phoniques : mise en attente, transfert, conf\u00e9rence \u00e0 5, interception d&#8217;appels, r\u00e9pertoire t\u00e9l\u00e9phonique t\u00e9l\u00e9chargeable, appel en attente, appel journal (jusqu&#8217;\u00e0 800 enregistrements), num\u00e9rotation automatique en mode d\u00e9croch\u00e9, r\u00e9ponse automatique, num\u00e9rotation en un clic, bureau partag\u00e9 et musique d&#8217;attente<\/li>\n<li>2 positions disponibles (39\u00b0 et 45\u00b0)<\/li>\n<li>Mots de passe de niveau utilisateur et administrateur, authentification bas\u00e9e sur MD5 et MD5-sess, fichier de configuration crypt\u00e9 AES 256 bits, SRTP, TLS, contr\u00f4le d&#8217;acc\u00e8s aux m\u00e9dias 802.1x, d\u00e9marrage s\u00e9curis\u00e9<\/li>\n<li>Mise \u00e0 niveau du micrologiciel via FTP\/TFTP\/HTTP\/HTTPS<\/li>\n<li>Approvisionnement de masse \u00e0 l&#8217;aide de GDMS\/TR069 ou d&#8217;un fichier de configuration XML crypt\u00e9 AES<\/li>\n<li>Alimentation universelle 100-240VAC 50-60Hz ;<\/li>\n<li>Sortie +5 VDC<\/li>\n<li>PoE : IEEE802.3af Classe 2<\/li>\n<li>Dimensions et poids (avec combin\u00e9) : 214x 206x68mm \/\u00a0790g<\/li>\n<\/ul>\n<p>&nbsp;<\/p>\n<h3><a href=\"https:\/\/digistar.ma\/wp-content\/uploads\/2024\/11\/Telephone-IP-filaire-6-Comptes-SIP-3-lignes-Grandstream-GRP2604P-DIGISTAR-MAROC.pdf\">FICHE TECHNIQUE<\/a><\/h3>\n","protected":false},"excerpt":{"rendered":"<ul>\n<li>Poste \u00e0 protocole SIP<\/li>\n<li>\u00c9cran LCD graphique r\u00e9tro\u00e9clair\u00e9 132 x 64 (2,7&#8221;)<\/li>\n<li>3 touches de ligne avec LED bicolore et prise en charge de 6 comptes SIP<\/li>\n<li>4 touches programmables contextuelles XML ; 5 touches (navigation, menu) ; 10 touches BLF<\/li>\n<li>8 touches de fonction d\u00e9di\u00e9es : message, transfert, casque, silencieux, d\u00e9crocher\/raccrocher, haut-parleur, volume +\/-<\/li>\n<li>Combin\u00e9 HD et haut-parleur avec prise en charge du Full-Duplex<\/li>\n<li>Prise en charge des codecs audio G.729A\/B, G.711\u00b5\/a-law, G.726, G.722, G.723<\/li>\n<li>Ports Ethernet 10\/100\/1000 Mbps \u00e0 double commutation avec n\u00e9gociation automatique, PoE int\u00e9gr\u00e9 (GRP2604P uniquement)<\/li>\n<li>Fonctions t\u00e9l\u00e9phoniques : mise en attente, transfert, conf\u00e9rence \u00e0 5, interception d&#8217;appels, r\u00e9pertoire t\u00e9l\u00e9phonique t\u00e9l\u00e9chargeable, appel en attente, appel journal (jusqu&#8217;\u00e0 800 enregistrements), num\u00e9rotation automatique en mode d\u00e9croch\u00e9, r\u00e9ponse automatique, num\u00e9rotation en un clic, bureau partag\u00e9 et musique d&#8217;attente<\/li>\n<li>2 positions disponibles (39\u00b0 et 45\u00b0)<\/li>\n<li>Mots de passe de niveau utilisateur et administrateur, authentification bas\u00e9e sur MD5 et MD5-sess, fichier de configuration crypt\u00e9 AES 256 bits, SRTP, TLS, contr\u00f4le d&#8217;acc\u00e8s aux m\u00e9dias 802.1x, d\u00e9marrage s\u00e9curis\u00e9<\/li>\n<li>Mise \u00e0 niveau du micrologiciel via FTP\/TFTP\/HTTP\/HTTPS<\/li>\n<li>Approvisionnement de masse \u00e0 l&#8217;aide de GDMS\/TR069 ou d&#8217;un fichier de configuration XML crypt\u00e9 AES<\/li>\n<li>Alimentation universelle 100-240VAC 50-60Hz ;<\/li>\n<li>Sortie +5 VDC<\/li>\n<li>PoE : IEEE802.3af Classe 2<\/li>\n<li>Dimensions et poids (avec combin\u00e9) : 214x 206x68mm \/\u00a0790g<\/li>\n<\/ul>\n","protected":false},"featured_media":13590,"comment_status":"open","ping_status":"closed","template":"","meta":{"_acf_changed":false,"_monsterinsights_skip_tracking":false,"_monsterinsights_sitenote_active":false,"_monsterinsights_sitenote_note":"","_monsterinsights_sitenote_category":0,"_uf_show_specific_survey":0,"_uf_disable_surveys":false,"_joinchat":[]},"product_brand":[],"product_cat":[243],"product_tag":[],"class_list":{"0":"post-13589","1":"product","2":"type-product","3":"status-publish","4":"has-post-thumbnail","6":"product_cat-reseaux","8":"first","9":"onbackorder","10":"sale","11":"shipping-taxable","12":"purchasable","13":"product-type-simple"},"acf":[],"jetpack_sharing_enabled":true,"_links":{"self":[{"href":"https:\/\/digistar.ma\/index.php?rest_route=\/wp\/v2\/product\/13589","targetHints":{"allow":["GET"]}}],"collection":[{"href":"https:\/\/digistar.ma\/index.php?rest_route=\/wp\/v2\/product"}],"about":[{"href":"https:\/\/digistar.ma\/index.php?rest_route=\/wp\/v2\/types\/product"}],"replies":[{"embeddable":true,"href":"https:\/\/digistar.ma\/index.php?rest_route=%2Fwp%2Fv2%2Fcomments&post=13589"}],"version-history":[{"count":1,"href":"https:\/\/digistar.ma\/index.php?rest_route=\/wp\/v2\/product\/13589\/revisions"}],"predecessor-version":[{"id":13594,"href":"https:\/\/digistar.ma\/index.php?rest_route=\/wp\/v2\/product\/13589\/revisions\/13594"}],"wp:featuredmedia":[{"embeddable":true,"href":"https:\/\/digistar.ma\/index.php?rest_route=\/wp\/v2\/media\/13590"}],"wp:attachment":[{"href":"https:\/\/digistar.ma\/index.php?rest_route=%2Fwp%2Fv2%2Fmedia&parent=13589"}],"wp:term":[{"taxonomy":"product_brand","embeddable":true,"href":"https:\/\/digistar.ma\/index.php?rest_route=%2Fwp%2Fv2%2Fproduct_brand&post=13589"},{"taxonomy":"product_cat","embeddable":true,"href":"https:\/\/digistar.ma\/index.php?rest_route=%2Fwp%2Fv2%2Fproduct_cat&post=13589"},{"taxonomy":"product_tag","embeddable":true,"href":"https:\/\/digistar.ma\/index.php?rest_route=%2Fwp%2Fv2%2Fproduct_tag&post=13589"}],"curies":[{"name":"wp","href":"https:\/\/api.w.org\/{rel}","templated":true}]}}