{"id":13595,"date":"2024-11-03T18:15:57","date_gmt":"2024-11-03T18:15:57","guid":{"rendered":"https:\/\/digistar.ma\/?post_type=product&#038;p=13595"},"modified":"2024-11-03T18:15:57","modified_gmt":"2024-11-03T18:15:57","slug":"telephone-ip-filaire-2-comptes-sip-2-lignes-grandstream-grp2601p","status":"publish","type":"product","link":"https:\/\/digistar.ma\/?product=telephone-ip-filaire-2-comptes-sip-2-lignes-grandstream-grp2601p","title":{"rendered":"T\u00e9l\u00e9phone IP filaire 2 Comptes SIP 2 lignes Grandstream GRP2601P"},"content":{"rendered":"<h3>T\u00e9l\u00e9phone IP filaire 2 Comptes SIP 2 lignes Grandstream GRP2601P<\/h3>\n<p><em><span>T\u00e9l\u00e9phone IP essentiel \u00e0 2 lignes con\u00e7u pour un d\u00e9ploiement de masse et une gestion facile<\/span><\/em><\/p>\n<p><em><br \/>\n<\/em><span>Le GRP2601 dispose d&#8217;une conf\u00e9rence vocale \u00e0 5 voies pour maximiser la productivit\u00e9, d&#8217;une alimentation PoE int\u00e9gr\u00e9e (GRP2601P), d&#8217;une prise en charge Wi-Fi (GRP2601W) et est pris en charge par le syst\u00e8me de gestion des appareils de Grandstream (GDMS).\u00a0<\/span><\/p>\n<ul>\n<li><span>2 comptes SIP, 2 lignes<\/span><\/li>\n<li><span>Gestion et approvisionnement en ligne des appareils GDMS<\/span><\/li>\n<li><span>Conf\u00e9rence audio \u00e0 5 voies pour des conf\u00e9rences t\u00e9l\u00e9phoniques faciles<\/span><\/li>\n<li><span>\u00c9quip\u00e9 de la technologie Noise Shield pour minimiser le bruit de fond<\/span><\/li>\n<li><span>Prise en charge du commutateur de d\u00e9crochage \u00e9lectronique (EHS) pour les casques Plantronics, Jabra et Sennheiser<\/span><\/li>\n<li><span>Le GRP2601P comprend un PoE int\u00e9gr\u00e9 pour alimenter l&#8217;appareil et lui donner une connexion r\u00e9seau<\/span><\/li>\n<li><span>Protection de niveau entreprise incluant d\u00e9marrage s\u00e9curis\u00e9, images de micrologiciel doubles et stockage de donn\u00e9es crypt\u00e9es<\/span><\/li>\n<li><span>Le GRP2601W inclut la prise en charge Wi-Fi 2,4 GHz<\/span><\/li>\n<\/ul>\n<h3><a href=\"https:\/\/digistar.ma\/wp-content\/uploads\/2024\/11\/Datasheet_GRP2601_French.pdf\">FICHE TECHNIQUE\u00a0<\/a><\/h3>\n","protected":false},"excerpt":{"rendered":"<ul>\n<li>2 comptes SIP, 2 lignes<\/li>\n<li>Gestion et approvisionnement en ligne des appareils GDMS<\/li>\n<li>Conf\u00e9rence audio \u00e0 5 voies pour des conf\u00e9rences t\u00e9l\u00e9phoniques faciles<\/li>\n<li>\u00c9quip\u00e9 de la technologie Noise Shield pour minimiser le bruit de fond<\/li>\n<li>Prise en charge du commutateur de d\u00e9crochage \u00e9lectronique (EHS) pour les casques Plantronics, Jabra et Sennheiser<\/li>\n<li>Le GRP2601P comprend un PoE int\u00e9gr\u00e9 pour alimenter l&#8217;appareil et lui donner une connexion r\u00e9seau<\/li>\n<li>Protection de niveau entreprise incluant d\u00e9marrage s\u00e9curis\u00e9, images de micrologiciel doubles et stockage de donn\u00e9es crypt\u00e9es<\/li>\n<li>Le GRP2601W inclut la prise en charge Wi-Fi 2,4 GHz<\/li>\n<\/ul>\n","protected":false},"featured_media":13597,"comment_status":"open","ping_status":"closed","template":"","meta":{"_acf_changed":false,"_monsterinsights_skip_tracking":false,"_monsterinsights_sitenote_active":false,"_monsterinsights_sitenote_note":"","_monsterinsights_sitenote_category":0,"_uf_show_specific_survey":0,"_uf_disable_surveys":false,"_joinchat":[]},"product_brand":[],"product_cat":[243],"product_tag":[],"class_list":{"0":"post-13595","1":"product","2":"type-product","3":"status-publish","4":"has-post-thumbnail","6":"product_cat-reseaux","8":"first","9":"onbackorder","10":"sale","11":"shipping-taxable","12":"purchasable","13":"product-type-simple"},"acf":[],"jetpack_sharing_enabled":true,"_links":{"self":[{"href":"https:\/\/digistar.ma\/index.php?rest_route=\/wp\/v2\/product\/13595","targetHints":{"allow":["GET"]}}],"collection":[{"href":"https:\/\/digistar.ma\/index.php?rest_route=\/wp\/v2\/product"}],"about":[{"href":"https:\/\/digistar.ma\/index.php?rest_route=\/wp\/v2\/types\/product"}],"replies":[{"embeddable":true,"href":"https:\/\/digistar.ma\/index.php?rest_route=%2Fwp%2Fv2%2Fcomments&post=13595"}],"version-history":[{"count":1,"href":"https:\/\/digistar.ma\/index.php?rest_route=\/wp\/v2\/product\/13595\/revisions"}],"predecessor-version":[{"id":13601,"href":"https:\/\/digistar.ma\/index.php?rest_route=\/wp\/v2\/product\/13595\/revisions\/13601"}],"wp:featuredmedia":[{"embeddable":true,"href":"https:\/\/digistar.ma\/index.php?rest_route=\/wp\/v2\/media\/13597"}],"wp:attachment":[{"href":"https:\/\/digistar.ma\/index.php?rest_route=%2Fwp%2Fv2%2Fmedia&parent=13595"}],"wp:term":[{"taxonomy":"product_brand","embeddable":true,"href":"https:\/\/digistar.ma\/index.php?rest_route=%2Fwp%2Fv2%2Fproduct_brand&post=13595"},{"taxonomy":"product_cat","embeddable":true,"href":"https:\/\/digistar.ma\/index.php?rest_route=%2Fwp%2Fv2%2Fproduct_cat&post=13595"},{"taxonomy":"product_tag","embeddable":true,"href":"https:\/\/digistar.ma\/index.php?rest_route=%2Fwp%2Fv2%2Fproduct_tag&post=13595"}],"curies":[{"name":"wp","href":"https:\/\/api.w.org\/{rel}","templated":true}]}}