{"id":13602,"date":"2024-11-03T19:14:38","date_gmt":"2024-11-03T19:14:38","guid":{"rendered":"https:\/\/digistar.ma\/?post_type=product&#038;p=13602"},"modified":"2024-11-03T19:14:38","modified_gmt":"2024-11-03T19:14:38","slug":"telephone-ip-4-comptes-sip-2-lignes-grandstream-grp2602p","status":"publish","type":"product","link":"https:\/\/digistar.ma\/?product=telephone-ip-4-comptes-sip-2-lignes-grandstream-grp2602p","title":{"rendered":"T\u00e9l\u00e9phone IP 4 Comptes SIP 2 lignes Grandstream GRP2602P"},"content":{"rendered":"<h3>T\u00e9l\u00e9phone IP 4 Comptes SIP 2 lignes Grandstream GRP2602P<\/h3>\n<p><em><span>T\u00e9l\u00e9phone IP essentiel \u00e0 2 lignes con\u00e7u pour un d\u00e9ploiement de masse et une gestion facile<\/span><\/em><\/p>\n<p><em><br \/>\n<\/em><span>Le GRP2602 dispose d&#8217;une conf\u00e9rence vocale \u00e0 5 voies pour maximiser la productivit\u00e9, d&#8217;une alimentation PoE int\u00e9gr\u00e9e (GRP2602P\/GRP2602G), d&#8217;une prise en charge Wi-Fi (GRP2602W) et est pris en charge par le syst\u00e8me de gestion des appareils de Grandstream (GDMS).\u00a0<\/span><\/p>\n<ul>\n<li><span>Prend en charge 2 lignes et 4 comptes SIP<\/span><\/li>\n<li><span>Pris en charge par GDMS qui fournit une interface centralis\u00e9e pour configurer, approvisionner, g\u00e9rer et surveiller les appareils Grandstream<\/span><\/li>\n<li><span>Prise en charge du commutateur de d\u00e9crochage \u00e9lectronique (EHS) pour les casques Plantronics, Jabra et Sennheiser<\/span><\/li>\n<li><span>Haut-parleur duplex int\u00e9gral avec audio HD pour maximiser la qualit\u00e9 et la clart\u00e9 audio<\/span><\/li>\n<li><span>\u00c9quip\u00e9 de la technologie Noise Shield pour minimiser le bruit de fond<\/span><\/li>\n<li><span>Le GRP2602P\/GRP2602G comprend un PoE int\u00e9gr\u00e9 pour alimenter l&#8217;appareil et lui donner une connexion r\u00e9seau<\/span><\/li>\n<li><span>Prend en charge la conf\u00e9rence audio \u00e0 5 voies pour des conf\u00e9rences t\u00e9l\u00e9phoniques faciles<\/span><\/li>\n<li><span>Protection de niveau entreprise incluant d\u00e9marrage s\u00e9curis\u00e9, images de micrologiciel doubles et stockage de donn\u00e9es crypt\u00e9es<\/span><\/li>\n<li><span>Fa\u00e7ade interchangeable pour permettre une personnalisation facile du logo<\/span><\/li>\n<li><span>Le GRP2602W inclut une prise en charge Wi-Fi double bande int\u00e9gr\u00e9e<\/span><\/li>\n<\/ul>\n","protected":false},"excerpt":{"rendered":"<ul>\n<li>Prend en charge 2 lignes et 4 comptes SIP<\/li>\n<li>Pris en charge par GDMS qui fournit une interface centralis\u00e9e pour configurer, approvisionner, g\u00e9rer et surveiller les appareils Grandstream<\/li>\n<li>Prise en charge du commutateur de d\u00e9crochage \u00e9lectronique (EHS) pour les casques Plantronics, Jabra et Sennheiser<\/li>\n<li>Haut-parleur duplex int\u00e9gral avec audio HD pour maximiser la qualit\u00e9 et la clart\u00e9 audio<\/li>\n<li>\u00c9quip\u00e9 de la technologie Noise Shield pour minimiser le bruit de fond<\/li>\n<li>Le GRP2602P\/GRP2602G comprend un PoE int\u00e9gr\u00e9 pour alimenter l&#8217;appareil et lui donner une connexion r\u00e9seau<\/li>\n<li>Prend en charge la conf\u00e9rence audio \u00e0 5 voies pour des conf\u00e9rences t\u00e9l\u00e9phoniques faciles<\/li>\n<li>Protection de niveau entreprise incluant d\u00e9marrage s\u00e9curis\u00e9, images de micrologiciel doubles et stockage de donn\u00e9es crypt\u00e9es<\/li>\n<li>Fa\u00e7ade interchangeable pour permettre une personnalisation facile du logo<\/li>\n<li>Le GRP2602W inclut une prise en charge Wi-Fi double bande int\u00e9gr\u00e9e<\/li>\n<\/ul>\n","protected":false},"featured_media":13603,"comment_status":"open","ping_status":"closed","template":"","meta":{"_acf_changed":false,"_monsterinsights_skip_tracking":false,"_monsterinsights_sitenote_active":false,"_monsterinsights_sitenote_note":"","_monsterinsights_sitenote_category":0,"_uf_show_specific_survey":0,"_uf_disable_surveys":false,"_joinchat":[]},"product_brand":[],"product_cat":[243],"product_tag":[],"class_list":{"0":"post-13602","1":"product","2":"type-product","3":"status-publish","4":"has-post-thumbnail","6":"product_cat-reseaux","8":"first","9":"onbackorder","10":"sale","11":"shipping-taxable","12":"purchasable","13":"product-type-simple"},"acf":[],"jetpack_sharing_enabled":true,"_links":{"self":[{"href":"https:\/\/digistar.ma\/index.php?rest_route=\/wp\/v2\/product\/13602","targetHints":{"allow":["GET"]}}],"collection":[{"href":"https:\/\/digistar.ma\/index.php?rest_route=\/wp\/v2\/product"}],"about":[{"href":"https:\/\/digistar.ma\/index.php?rest_route=\/wp\/v2\/types\/product"}],"replies":[{"embeddable":true,"href":"https:\/\/digistar.ma\/index.php?rest_route=%2Fwp%2Fv2%2Fcomments&post=13602"}],"version-history":[{"count":1,"href":"https:\/\/digistar.ma\/index.php?rest_route=\/wp\/v2\/product\/13602\/revisions"}],"predecessor-version":[{"id":13607,"href":"https:\/\/digistar.ma\/index.php?rest_route=\/wp\/v2\/product\/13602\/revisions\/13607"}],"wp:featuredmedia":[{"embeddable":true,"href":"https:\/\/digistar.ma\/index.php?rest_route=\/wp\/v2\/media\/13603"}],"wp:attachment":[{"href":"https:\/\/digistar.ma\/index.php?rest_route=%2Fwp%2Fv2%2Fmedia&parent=13602"}],"wp:term":[{"taxonomy":"product_brand","embeddable":true,"href":"https:\/\/digistar.ma\/index.php?rest_route=%2Fwp%2Fv2%2Fproduct_brand&post=13602"},{"taxonomy":"product_cat","embeddable":true,"href":"https:\/\/digistar.ma\/index.php?rest_route=%2Fwp%2Fv2%2Fproduct_cat&post=13602"},{"taxonomy":"product_tag","embeddable":true,"href":"https:\/\/digistar.ma\/index.php?rest_route=%2Fwp%2Fv2%2Fproduct_tag&post=13602"}],"curies":[{"name":"wp","href":"https:\/\/api.w.org\/{rel}","templated":true}]}}