{"id":13614,"date":"2024-11-03T19:49:31","date_gmt":"2024-11-03T19:49:31","guid":{"rendered":"https:\/\/digistar.ma\/?post_type=product&#038;p=13614"},"modified":"2024-11-03T19:49:32","modified_gmt":"2024-11-03T19:49:32","slug":"telephone-video-intelligent-ip-a-16-lignes-grandstream-gxv3350","status":"publish","type":"product","link":"https:\/\/digistar.ma\/?product=telephone-video-intelligent-ip-a-16-lignes-grandstream-gxv3350","title":{"rendered":"T\u00e9l\u00e9phone vid\u00e9o intelligent IP \u00e0 16 lignes Grandstream GXV3350"},"content":{"rendered":"<h3>T\u00e9l\u00e9phone vid\u00e9o intelligent IP \u00e0 16 lignes Grandstream GXV3350<\/h3>\n<h3><strong>T\u00e9l\u00e9phone IP intelligent avec \u00e9cran tactile, cam\u00e9ra et syst\u00e8me Android<\/strong><\/h3>\n<p>Le\u00a0<strong>GrandStream GXV3350\u00a0<\/strong>est un\u00a0<strong>t\u00e9l\u00e9phone de bureau intelligent\u00a0<\/strong>qui combine des fonctions de t\u00e9l\u00e9phonie classiques (<strong>lignes IP\u00a0<\/strong>) avec\u00a0<strong>Android 7.0.<\/strong><\/p>\n<p>Appareil multiplateforme, il<strong>\u00a0<\/strong>profite des<strong>\u00a0<\/strong>nouvelles technologies (syst\u00e8me\u00a0<strong>Android<\/strong>) pour am\u00e9liorer les processus de gestion, d&#8217;organisation, de transfert et de connexion entre les appareils IP. De plus, gr\u00e2ce \u00e0 l&#8217;int\u00e9gration d&#8217;une\u00a0<strong>cam\u00e9ra\u00a0<\/strong>et de\u00a0<strong>microphones\u00a0<\/strong>, vous pourrez r\u00e9aliser\u00a0des\u00a0<strong>vid\u00e9oconf\u00e9rences sans avoir \u00e0 installer de programmes tiers.<\/strong><\/p>\n<p>Avec son look\u00a0<strong>simple et \u00e9l\u00e9gant<\/strong>, et sa\u00a0<strong>performance<\/strong>\u00a0ind\u00e9niable, c&#8217;est<strong>\u00a0<\/strong>le\u00a0<strong>meilleur candidat pour les bureaux professionnels.<\/strong><\/p>\n<h3><strong><br \/>\n<span class=\"od_red\">Caract\u00e9ristiques techniques :<\/span><\/strong><\/h3>\n<ul>\n<li>\u00c9cran LCD de 5&#8221;<\/li>\n<li>Capteur 2MP pour les appels vid\u00e9o<\/li>\n<li>Obturateur de confidentialit\u00e9<\/li>\n<li>Haut-parleur \u00e0 double micro avec suppression avanc\u00e9e de l&#8217;\u00e9cho<\/li>\n<li>16 lignes avec jusqu&#8217;\u00e0 16 comptes SIP<\/li>\n<li>Syst\u00e8me d&#8217;exploitation : Android 7.0<\/li>\n<li>Connexions : Ethernet 10\/100\/1000 Mbps ; Wi-Fi double bande (2,4 GHz et 5 GHz) ; Bluetooth<\/li>\n<li>PoE\/PoE+ int\u00e9gr\u00e9 pour les connexions \u00e9lectriques et r\u00e9seau<\/li>\n<li>Processeur : \u00a064-bit quad-core, 2 GB de RAM y 16 GB de Flash<\/li>\n<\/ul>\n<p>&nbsp;<\/p>\n<h3><a href=\"https:\/\/digistar.ma\/wp-content\/uploads\/2024\/11\/Grandstream-GXV3350-Fiche-Technique-FR.pdf\">FICHE TECHNIQUE<\/a><\/h3>\n","protected":false},"excerpt":{"rendered":"<ul>\n<li>\u00c9cran LCD de 5&#8221;<\/li>\n<li>Capteur 2MP pour les appels vid\u00e9o<\/li>\n<li>Obturateur de confidentialit\u00e9<\/li>\n<li>Haut-parleur \u00e0 double micro avec suppression avanc\u00e9e de l&#8217;\u00e9cho<\/li>\n<li>16 lignes avec jusqu&#8217;\u00e0 16 comptes SIP<\/li>\n<li>Syst\u00e8me d&#8217;exploitation : Android 7.0<\/li>\n<li>Connexions : Ethernet 10\/100\/1000 Mbps ; Wi-Fi double bande (2,4 GHz et 5 GHz) ; Bluetooth<\/li>\n<li>PoE\/PoE+ int\u00e9gr\u00e9 pour les connexions \u00e9lectriques et r\u00e9seau<\/li>\n<li>Processeur : \u00a064-bit quad-core, 2 GB de RAM y 16 GB de Flash<\/li>\n<\/ul>\n","protected":false},"featured_media":13615,"comment_status":"open","ping_status":"closed","template":"","meta":{"_acf_changed":false,"_monsterinsights_skip_tracking":false,"_monsterinsights_sitenote_active":false,"_monsterinsights_sitenote_note":"","_monsterinsights_sitenote_category":0,"_uf_show_specific_survey":0,"_uf_disable_surveys":false,"_joinchat":[]},"product_brand":[],"product_cat":[243],"product_tag":[],"class_list":{"0":"post-13614","1":"product","2":"type-product","3":"status-publish","4":"has-post-thumbnail","6":"product_cat-reseaux","8":"first","9":"onbackorder","10":"sale","11":"shipping-taxable","12":"purchasable","13":"product-type-simple"},"acf":[],"jetpack_sharing_enabled":true,"_links":{"self":[{"href":"https:\/\/digistar.ma\/index.php?rest_route=\/wp\/v2\/product\/13614","targetHints":{"allow":["GET"]}}],"collection":[{"href":"https:\/\/digistar.ma\/index.php?rest_route=\/wp\/v2\/product"}],"about":[{"href":"https:\/\/digistar.ma\/index.php?rest_route=\/wp\/v2\/types\/product"}],"replies":[{"embeddable":true,"href":"https:\/\/digistar.ma\/index.php?rest_route=%2Fwp%2Fv2%2Fcomments&post=13614"}],"version-history":[{"count":1,"href":"https:\/\/digistar.ma\/index.php?rest_route=\/wp\/v2\/product\/13614\/revisions"}],"predecessor-version":[{"id":13622,"href":"https:\/\/digistar.ma\/index.php?rest_route=\/wp\/v2\/product\/13614\/revisions\/13622"}],"wp:featuredmedia":[{"embeddable":true,"href":"https:\/\/digistar.ma\/index.php?rest_route=\/wp\/v2\/media\/13615"}],"wp:attachment":[{"href":"https:\/\/digistar.ma\/index.php?rest_route=%2Fwp%2Fv2%2Fmedia&parent=13614"}],"wp:term":[{"taxonomy":"product_brand","embeddable":true,"href":"https:\/\/digistar.ma\/index.php?rest_route=%2Fwp%2Fv2%2Fproduct_brand&post=13614"},{"taxonomy":"product_cat","embeddable":true,"href":"https:\/\/digistar.ma\/index.php?rest_route=%2Fwp%2Fv2%2Fproduct_cat&post=13614"},{"taxonomy":"product_tag","embeddable":true,"href":"https:\/\/digistar.ma\/index.php?rest_route=%2Fwp%2Fv2%2Fproduct_tag&post=13614"}],"curies":[{"name":"wp","href":"https:\/\/api.w.org\/{rel}","templated":true}]}}