{"id":13623,"date":"2024-11-03T20:06:04","date_gmt":"2024-11-03T20:06:04","guid":{"rendered":"https:\/\/digistar.ma\/?post_type=product&#038;p=13623"},"modified":"2024-11-03T20:06:04","modified_gmt":"2024-11-03T20:06:04","slug":"telephone-ip-4-comptes-sip-lignes-grandstream-gxp1782","status":"publish","type":"product","link":"https:\/\/digistar.ma\/?product=telephone-ip-4-comptes-sip-lignes-grandstream-gxp1782","title":{"rendered":"T\u00e9l\u00e9phone IP 4 comptes SIP lignes Grandstream GXP1782"},"content":{"rendered":"<h4>T\u00e9l\u00e9phone IP 4 comptes SIP lignes Grandstream GXP1782<\/h4>\n<div class=\"row-fluid-wrapper row-depth-1 row-number-1 dnd-section dnd_area2-row-0-padding\">\n<div class=\"row-fluid \">\n<div class=\"span12 widget-span widget-type-cell dnd-column\" data-widget-type=\"cell\" data-x=\"0\" data-w=\"12\">\n<div class=\"row-fluid-wrapper row-depth-1 row-number-3 dnd-row\">\n<div class=\"row-fluid \">\n<div class=\"span12 widget-span widget-type-custom_widget dnd-module\" data-widget-type=\"custom_widget\" data-x=\"0\" data-w=\"12\">\n<div id=\"hs_cos_wrapper_widget_1615131059321\" class=\"hs_cos_wrapper hs_cos_wrapper_widget hs_cos_wrapper_type_module widget-type-rich_text\" data-hs-cos-general-type=\"widget\" data-hs-cos-type=\"module\">\n<div id=\"product-page-slide-description\">\n<div id=\"product-page-slide-description\">\n<div id=\"product-page-slide-description\">\n<div id=\"product-page-slide-description\">\n<div id=\"product-page-slide-description\">\n<div>\n<p><span>Le GXP1780\/1782 est un t\u00e9l\u00e9phone IP puissant de milieu de gamme dot\u00e9 de fonctions de t\u00e9l\u00e9phonie avanc\u00e9es. <\/span><\/p>\n<p><span>Ce t\u00e9l\u00e9phone IP de milieu de gamme est \u00e9quip\u00e9 de 8 lignes, de 4 comptes SIP, de 8 touches de ligne bicolores et de 4 touches programmables contextuelles XML sur un \u00e9cran LCD r\u00e9tro\u00e9clair\u00e9 de 200 x 80 pixels. <\/span><\/p>\n<p><span>Pour une personnalisation accrue, le GXP1780\/1782 propose une sonnerie\/une musique de retour d&#8217;appel personnalis\u00e9es et une int\u00e9gration avec des applications Web et d&#8217;entreprise avanc\u00e9es. <\/span><\/p>\n<p><span>C&#8217;est \u00e9galement l&#8217;un des premiers t\u00e9l\u00e9phones Grandstream \u00e0 \u00eatre \u00e9quip\u00e9 d&#8217;un emplacement de s\u00e9curit\u00e9 Kensington, l&#8217;une des solutions antivol les plus populaires du march\u00e9. <\/span><\/p>\n<p><span>Le GXP1780\/1782 prend en charge les vitesses de connexion les plus rapides possibles avec deux ports r\u00e9seau Gigabit \u00e0 d\u00e9tection automatique (sur le GXP1782 uniquement) ainsi que des fonctions de provisionnement automatis\u00e9 avec contr\u00f4le d&#8217;acc\u00e8s au support. <\/span><\/p>\n<p><span>Le GXP1780\/1782 est la solution id\u00e9ale pour les utilisateurs \u00e0 la recherche d&#8217;un t\u00e9l\u00e9phone IP dot\u00e9 de nombreuses fonctionnalit\u00e9s offrant des performances et un design \u00e9lev\u00e9s \u00e0 un prix abordable.<\/span><\/p>\n<\/div>\n<\/div>\n<\/div>\n<\/div>\n<\/div>\n<\/div>\n<\/div>\n<\/div>\n<\/div>\n<\/div>\n<\/div>\n<\/div>\n<\/div>\n<div class=\"row-fluid-wrapper row-depth-1 row-number-4 dnd_area2-row-1-padding dnd-section dnd_area2-row-1-vertical-alignment\">\n<div class=\"row-fluid \">\n<div class=\"span12 widget-span widget-type-cell cell_16151310628832-vertical-alignment dnd-column\" data-widget-type=\"cell\" data-x=\"0\" data-w=\"12\">\n<div class=\"row-fluid-wrapper row-depth-1 row-number-5 dnd-row\">\n<div class=\"row-fluid \">\n<div class=\"span12 widget-span widget-type-custom_widget dnd-module\" data-widget-type=\"custom_widget\" data-x=\"0\" data-w=\"12\">\n<div id=\"hs_cos_wrapper_widget_1615131194182\" class=\"hs_cos_wrapper hs_cos_wrapper_widget hs_cos_wrapper_type_module widget-type-header\" data-hs-cos-general-type=\"widget\" data-hs-cos-type=\"module\">\n<h1><span>Caract\u00e9ristiques<\/span><\/h1>\n<\/div>\n<\/div>\n<\/div>\n<\/div>\n<div class=\"row-fluid-wrapper row-depth-1 row-number-6 dnd-row\">\n<div class=\"row-fluid \">\n<div class=\"span8 widget-span widget-type-cell dnd-column\" data-widget-type=\"cell\" data-x=\"0\" data-w=\"8\">\n<div class=\"row-fluid-wrapper row-depth-1 row-number-7 dnd-row\">\n<div class=\"row-fluid \">\n<div class=\"span12 widget-span widget-type-custom_widget dnd-module\" data-widget-type=\"custom_widget\" data-x=\"0\" data-w=\"12\">\n<div id=\"hs_cos_wrapper_widget_1615131062373\" class=\"hs_cos_wrapper hs_cos_wrapper_widget hs_cos_wrapper_type_module widget-type-rich_text\" data-hs-cos-general-type=\"widget\" data-hs-cos-type=\"module\">\n<ul>\n<li><span>8 lignes, 8 touches de ligne bicolores (avec 4 comptes SIP), 4 touches programmables contextuelles XML<\/span><\/li>\n<li><span>32 touches BLF\/num\u00e9rotation rapide programmables et personnalisables num\u00e9riquement<\/span><\/li>\n<li><span>Audio HD large bande, haut-parleur full duplex avec annulation avanc\u00e9e de l&#8217;\u00e9cho acoustique<\/span><\/li>\n<li><span>Conf\u00e9rence audio \u00e0 5 voies pour des conf\u00e9rences t\u00e9l\u00e9phoniques faciles<\/span><\/li>\n<li><span>Ports Gigabit \u00e0 double commutation (GXP1782) ou ports 10\/100 Mbps \u00e0 double commutation (GXP1780), PoE int\u00e9gr\u00e9<\/span><\/li>\n<li><span>Port USB int\u00e9gr\u00e9 pour l&#8217;importation et l&#8217;exportation de donn\u00e9es uniquement<\/span><\/li>\n<li><span>Prend en charge l&#8217;utilisation d&#8217;un casque avec une prise casque RJ9 et la prise en charge EHS pour les casques Plantronics compatibles EHS<\/span><\/li>\n<li><span>Technologie de cryptage de s\u00e9curit\u00e9 TLS et SRTP pour prot\u00e9ger les appels et les comptes et prise en charge de la fente de s\u00e9curit\u00e9 Kensington<\/span><\/li>\n<li><span>Grande capacit\u00e9 de r\u00e9pertoire t\u00e9l\u00e9phonique avec jusqu&#8217;\u00e0 2 000 contacts et historique des appels avec jusqu&#8217;\u00e0 500 enregistrements<\/span><\/li>\n<li><span>\u00c0 utiliser avec l&#8217;appareil IP PBX de la s\u00e9rie UCM de Grandstream pour un provisionnement sans configuration, prend \u00e9galement en charge le provisionnement automatis\u00e9 \u00e0 l&#8217;aide du fichier de configuration XML crypt\u00e9 TR-069 ou AES<\/span><\/li>\n<\/ul>\n<\/div>\n<\/div>\n<\/div>\n<\/div>\n<\/div>\n<\/div>\n<\/div>\n<\/div>\n<\/div>\n<\/div>\n","protected":false},"excerpt":{"rendered":"<ul>\n<li>8 lignes, 8 touches de ligne bicolores (avec 4 comptes SIP), 4 touches programmables contextuelles XML<\/li>\n<li>32 touches BLF\/num\u00e9rotation rapide programmables et personnalisables num\u00e9riquement<\/li>\n<li>Audio HD large bande, haut-parleur full duplex avec annulation avanc\u00e9e de l&#8217;\u00e9cho acoustique<\/li>\n<li>Conf\u00e9rence audio \u00e0 5 voies pour des conf\u00e9rences t\u00e9l\u00e9phoniques faciles<\/li>\n<li>Ports Gigabit \u00e0 double commutation (GXP1782) ou ports 10\/100 Mbps \u00e0 double commutation (GXP1780), PoE int\u00e9gr\u00e9<\/li>\n<li>Port USB int\u00e9gr\u00e9 pour l&#8217;importation et l&#8217;exportation de donn\u00e9es uniquement<\/li>\n<li>Prend en charge l&#8217;utilisation d&#8217;un casque avec une prise casque RJ9 et la prise en charge EHS pour les casques Plantronics compatibles EHS<\/li>\n<li>Technologie de cryptage de s\u00e9curit\u00e9 TLS et SRTP pour prot\u00e9ger les appels et les comptes et prise en charge de la fente de s\u00e9curit\u00e9 Kensington<\/li>\n<li>Grande capacit\u00e9 de r\u00e9pertoire t\u00e9l\u00e9phonique avec jusqu&#8217;\u00e0 2 000 contacts et historique des appels avec jusqu&#8217;\u00e0 500 enregistrements<\/li>\n<li>\u00c0 utiliser avec l&#8217;appareil IP PBX de la s\u00e9rie UCM de Grandstream pour un provisionnement sans configuration, prend \u00e9galement en charge le provisionnement automatis\u00e9 \u00e0 l&#8217;aide du fichier de configuration XML crypt\u00e9 TR-069 ou AES<\/li>\n<\/ul>\n","protected":false},"featured_media":13625,"comment_status":"open","ping_status":"closed","template":"","meta":{"_acf_changed":false,"_monsterinsights_skip_tracking":false,"_monsterinsights_sitenote_active":false,"_monsterinsights_sitenote_note":"","_monsterinsights_sitenote_category":0,"_uf_show_specific_survey":0,"_uf_disable_surveys":false,"_joinchat":[]},"product_brand":[],"product_cat":[243],"product_tag":[],"class_list":{"0":"post-13623","1":"product","2":"type-product","3":"status-publish","4":"has-post-thumbnail","6":"product_cat-reseaux","8":"first","9":"onbackorder","10":"sale","11":"shipping-taxable","12":"purchasable","13":"product-type-simple"},"acf":[],"jetpack_sharing_enabled":true,"_links":{"self":[{"href":"https:\/\/digistar.ma\/index.php?rest_route=\/wp\/v2\/product\/13623","targetHints":{"allow":["GET"]}}],"collection":[{"href":"https:\/\/digistar.ma\/index.php?rest_route=\/wp\/v2\/product"}],"about":[{"href":"https:\/\/digistar.ma\/index.php?rest_route=\/wp\/v2\/types\/product"}],"replies":[{"embeddable":true,"href":"https:\/\/digistar.ma\/index.php?rest_route=%2Fwp%2Fv2%2Fcomments&post=13623"}],"version-history":[{"count":1,"href":"https:\/\/digistar.ma\/index.php?rest_route=\/wp\/v2\/product\/13623\/revisions"}],"predecessor-version":[{"id":13629,"href":"https:\/\/digistar.ma\/index.php?rest_route=\/wp\/v2\/product\/13623\/revisions\/13629"}],"wp:featuredmedia":[{"embeddable":true,"href":"https:\/\/digistar.ma\/index.php?rest_route=\/wp\/v2\/media\/13625"}],"wp:attachment":[{"href":"https:\/\/digistar.ma\/index.php?rest_route=%2Fwp%2Fv2%2Fmedia&parent=13623"}],"wp:term":[{"taxonomy":"product_brand","embeddable":true,"href":"https:\/\/digistar.ma\/index.php?rest_route=%2Fwp%2Fv2%2Fproduct_brand&post=13623"},{"taxonomy":"product_cat","embeddable":true,"href":"https:\/\/digistar.ma\/index.php?rest_route=%2Fwp%2Fv2%2Fproduct_cat&post=13623"},{"taxonomy":"product_tag","embeddable":true,"href":"https:\/\/digistar.ma\/index.php?rest_route=%2Fwp%2Fv2%2Fproduct_tag&post=13623"}],"curies":[{"name":"wp","href":"https:\/\/api.w.org\/{rel}","templated":true}]}}