{"id":13630,"date":"2024-11-03T20:25:23","date_gmt":"2024-11-03T20:25:23","guid":{"rendered":"https:\/\/digistar.ma\/?post_type=product&#038;p=13630"},"modified":"2024-11-03T20:25:23","modified_gmt":"2024-11-03T20:25:23","slug":"module-dextension-grandstream-gbx20","status":"publish","type":"product","link":"https:\/\/digistar.ma\/?product=module-dextension-grandstream-gbx20","title":{"rendered":"Module d&#8217;extension Grandstream GBX20"},"content":{"rendered":"<h3>Module d&#8217;extension Grandstream GBX20<\/h3>\n<h3><strong>Module d&#8217;extension id\u00e9al pour le contr\u00f4le, l&#8217;organisation et la gestion<br \/>\n<\/strong><\/h3>\n<p>Le GBX20 est un\u00a0<strong>module d&#8217;extension<\/strong>\u00a0qui offre au\u00a0<strong>Grandstream GXV3350 et GRP2615<\/strong>\u00a0polyvalence et flexibilit\u00e9. Dot\u00e9 d&#8217;un\u00a0<strong>\u00e9cran tactile LCD couleur de 4,3 pouces<\/strong>\u00a0et de\u00a0<strong>touches r\u00e9tro\u00e9clair\u00e9es<\/strong>, il est capable de stocker jusqu&#8217;\u00e0\u00a0<strong>40 contacts par module<\/strong>. Cela vous permet de :\u00a0<strong>Contr\u00f4lez<\/strong>,\u00a0<strong>organisez<\/strong>,\u00a0<strong>g\u00e9rez<\/strong>\u00a0et\u00a0<strong>transf\u00e9rez les appels de votre entreprise<\/strong>.<\/p>\n<h3><strong><br \/>\n<span class=\"od_red\">Caract\u00e9ristiques techniques :<\/span><\/strong><\/h3>\n<ul>\n<li>\u00c9cran LCD couleur de 4,3 pouces<\/li>\n<li>20 contacts par page (2 sur chaque module)<\/li>\n<li>Possibilit\u00e9 de combiner jusqu&#8217;\u00e0 4 modules<\/li>\n<li>Fonctionnalit\u00e9s : BLC, zone d&#8217;attente, num\u00e9rotation abr\u00e9g\u00e9e, renvoi\/transfert d&#8217;appel.<\/li>\n<\/ul>\n<p>&nbsp;<\/p>\n<h3><a href=\"https:\/\/digistar.ma\/wp-content\/uploads\/2024\/11\/Module-dextension-Grandstream-GBX20.pdf\">FICHE TECHNIQUE<\/a><\/h3>\n","protected":false},"excerpt":{"rendered":"<ul>\n<li>\u00c9cran LCD couleur de 4,3 pouces<\/li>\n<li>20 contacts par page (2 sur chaque module)<\/li>\n<li>Possibilit\u00e9 de combiner jusqu&#8217;\u00e0 4 modules<\/li>\n<li>Fonctionnalit\u00e9s : BLC, zone d&#8217;attente, num\u00e9rotation abr\u00e9g\u00e9e, renvoi\/transfert d&#8217;appel.<\/li>\n<\/ul>\n","protected":false},"featured_media":13631,"comment_status":"open","ping_status":"closed","template":"","meta":{"_acf_changed":false,"_monsterinsights_skip_tracking":false,"_monsterinsights_sitenote_active":false,"_monsterinsights_sitenote_note":"","_monsterinsights_sitenote_category":0,"_uf_show_specific_survey":0,"_uf_disable_surveys":false,"_joinchat":[]},"product_brand":[],"product_cat":[243],"product_tag":[],"class_list":{"0":"post-13630","1":"product","2":"type-product","3":"status-publish","4":"has-post-thumbnail","6":"product_cat-reseaux","8":"first","9":"onbackorder","10":"sale","11":"shipping-taxable","12":"purchasable","13":"product-type-simple"},"acf":[],"jetpack_sharing_enabled":true,"_links":{"self":[{"href":"https:\/\/digistar.ma\/index.php?rest_route=\/wp\/v2\/product\/13630","targetHints":{"allow":["GET"]}}],"collection":[{"href":"https:\/\/digistar.ma\/index.php?rest_route=\/wp\/v2\/product"}],"about":[{"href":"https:\/\/digistar.ma\/index.php?rest_route=\/wp\/v2\/types\/product"}],"replies":[{"embeddable":true,"href":"https:\/\/digistar.ma\/index.php?rest_route=%2Fwp%2Fv2%2Fcomments&post=13630"}],"version-history":[{"count":1,"href":"https:\/\/digistar.ma\/index.php?rest_route=\/wp\/v2\/product\/13630\/revisions"}],"predecessor-version":[{"id":13637,"href":"https:\/\/digistar.ma\/index.php?rest_route=\/wp\/v2\/product\/13630\/revisions\/13637"}],"wp:featuredmedia":[{"embeddable":true,"href":"https:\/\/digistar.ma\/index.php?rest_route=\/wp\/v2\/media\/13631"}],"wp:attachment":[{"href":"https:\/\/digistar.ma\/index.php?rest_route=%2Fwp%2Fv2%2Fmedia&parent=13630"}],"wp:term":[{"taxonomy":"product_brand","embeddable":true,"href":"https:\/\/digistar.ma\/index.php?rest_route=%2Fwp%2Fv2%2Fproduct_brand&post=13630"},{"taxonomy":"product_cat","embeddable":true,"href":"https:\/\/digistar.ma\/index.php?rest_route=%2Fwp%2Fv2%2Fproduct_cat&post=13630"},{"taxonomy":"product_tag","embeddable":true,"href":"https:\/\/digistar.ma\/index.php?rest_route=%2Fwp%2Fv2%2Fproduct_tag&post=13630"}],"curies":[{"name":"wp","href":"https:\/\/api.w.org\/{rel}","templated":true}]}}