{"id":13638,"date":"2024-11-03T20:37:39","date_gmt":"2024-11-03T20:37:39","guid":{"rendered":"https:\/\/digistar.ma\/?post_type=product&#038;p=13638"},"modified":"2024-11-03T20:37:39","modified_gmt":"2024-11-03T20:37:39","slug":"telephone-ip-wi-fi-sans-fil-grandstream-wp822","status":"publish","type":"product","link":"https:\/\/digistar.ma\/?product=telephone-ip-wi-fi-sans-fil-grandstream-wp822","title":{"rendered":"T\u00e9l\u00e9phone IP Wi-Fi sans fil Grandstream WP822"},"content":{"rendered":"<h2>T\u00e9l\u00e9phone IP Wi-Fi sans fil Grandstream WP822<\/h2>\n<h2><strong>T\u00e9l\u00e9phone IP sans fil Wi-FI<\/strong><\/h2>\n<p>Le WP822 est un t\u00e9l\u00e9phone IP Wi-Fi portable con\u00e7u pour une large gamme d&#8217;applications professionnelles et sp\u00e9cialis\u00e9es telles que la vente au d\u00e9tail, la logistique, les soins m\u00e9dicaux et la s\u00e9curit\u00e9.<\/p>\n<p>Ce t\u00e9l\u00e9phone Wi-Fi professionnel est dot\u00e9 d&#8217;une connexion Wi-Fi bibande 802.11a\/b\/g\/n\/ac int\u00e9gr\u00e9e, d&#8217;une antenne de conception avanc\u00e9e et d&#8217;une prise en charge de l&#8217;itin\u00e9rance.<br \/>\nitin\u00e9rance.<\/p>\n<p>Avec une autonomie de 8 heures en conversation, la voix HD avec double microphone et un bouton configurable pour parler, le WP822 est \u00e9quip\u00e9 d&#8217;une combinaison de fonctions, de mobilit\u00e9 et de durabilit\u00e9 pour r\u00e9pondre \u00e0 tous vos besoins en mati\u00e8re de t\u00e9l\u00e9phonie portable.<\/p>\n<h3>Caract\u00e9ristiques:<\/h3>\n<ul>\n<li>Protocole\/Normes : SIP RFC3261, TCP\/IP\/UDP, RTP\/RTCP, HTTP\/HTTPS, ARP, ICMP, DNS (A record, SRV, NAPTR), DHCP, SSH, TFTP, NTP, STUN, SIMPLE, 802.1x, TLS, SRTP, IPv6.<\/li>\n<li>Wi-Fi bi-bande int\u00e9gr\u00e9 (2.4Ghz et 5Ghz).<\/li>\n<li>Bluetooth<\/li>\n<li>3 touches programmables, appel, raccrochage, haut-parleur, r\u00e9pertoire, clavier r\u00e9tro\u00e9clair\u00e9, capteur de proximit\u00e9, vibration, bouton de volume, boutons de navigation et acc\u00e9l\u00e9rom\u00e8tre avec prise en charge des gestes configurables.<\/li>\n<li>Bouton &#8220;push-to-talk&#8221;\u00a0<strong>personnalisable<\/strong><\/li>\n<li>Ports auxiliaires : prise casque de 3,5 mm, port micro-USB pour la recharge, double microphone, LED MWI bicolore<\/li>\n<li>Fonctions t\u00e9l\u00e9phoniques : mise en attente, transfert, renvoi d&#8217;appel, conf\u00e9rence audio \u00e0 trois, appel en attente, jusqu&#8217;\u00e0 100 journaux d&#8217;appels, r\u00e9pertoire t\u00e9l\u00e9phonique t\u00e9l\u00e9chargeable (jusqu&#8217;\u00e0 500 entr\u00e9es), sonneries personnalis\u00e9es, push-to-talk, LDAP<\/li>\n<li>S\u00e9curit\u00e9 professionnelle<\/li>\n<li>Casque et haut-parleur avec support audio \u00e0 large bande<\/li>\n<li>Langues: anglais, chinois, allemand, fran\u00e7ais, italien, portugais, russe et espagnol.<\/li>\n<li>Batterie Li-ion 2000 mA, 200 heures en veille et\u00a0<strong>8 heures en conversation<\/strong><\/li>\n<li>Dimensions du\u00a0<strong>t\u00e9l\u00e9phone:<\/strong>\u00a0164 x 52 x 25,8 mm\/\u00a0<strong>Base de chargement<\/strong>: 77,9 x 81,2 x 38,2 mm<\/li>\n<li>Poids du t\u00e9l\u00e9phone: 185.90 grammes<\/li>\n<\/ul>\n","protected":false},"excerpt":{"rendered":"<ul>\n<li>Protocole\/Normes : SIP RFC3261, TCP\/IP\/UDP, RTP\/RTCP, HTTP\/HTTPS, ARP, ICMP, DNS (A record, SRV, NAPTR), DHCP, SSH, TFTP, NTP, STUN, SIMPLE, 802.1x, TLS, SRTP, IPv6.<\/li>\n<li>Wi-Fi bi-bande int\u00e9gr\u00e9 (2.4Ghz et 5Ghz).<\/li>\n<li>Bluetooth<\/li>\n<li>3 touches programmables, appel, raccrochage, haut-parleur, r\u00e9pertoire, clavier r\u00e9tro\u00e9clair\u00e9, capteur de proximit\u00e9, vibration, bouton de volume, boutons de navigation et acc\u00e9l\u00e9rom\u00e8tre avec prise en charge des gestes configurables.<\/li>\n<li>Bouton &#8220;push-to-talk&#8221;\u00a0<strong>personnalisable<\/strong><\/li>\n<li>Ports auxiliaires : prise casque de 3,5 mm, port micro-USB pour la recharge, double microphone, LED MWI bicolore<\/li>\n<li>Fonctions t\u00e9l\u00e9phoniques : mise en attente, transfert, renvoi d&#8217;appel, conf\u00e9rence audio \u00e0 trois, appel en attente, jusqu&#8217;\u00e0 100 journaux d&#8217;appels, r\u00e9pertoire t\u00e9l\u00e9phonique t\u00e9l\u00e9chargeable (jusqu&#8217;\u00e0 500 entr\u00e9es), sonneries personnalis\u00e9es, push-to-talk, LDAP<\/li>\n<li>S\u00e9curit\u00e9 professionnelle<\/li>\n<li>Casque et haut-parleur avec support audio \u00e0 large bande<\/li>\n<li>Langues: anglais, chinois, allemand, fran\u00e7ais, italien, portugais, russe et espagnol.<\/li>\n<li>Batterie Li-ion 2000 mA, 200 heures en veille et\u00a0<strong>8 heures en conversation<\/strong><\/li>\n<li>Dimensions du\u00a0<strong>t\u00e9l\u00e9phone:<\/strong>\u00a0164 x 52 x 25,8 mm\/\u00a0<strong>Base de chargement<\/strong>: 77,9 x 81,2 x 38,2 mm<\/li>\n<li>Poids du t\u00e9l\u00e9phone: 185.90 grammes<\/li>\n<\/ul>\n","protected":false},"featured_media":13639,"comment_status":"open","ping_status":"closed","template":"","meta":{"_acf_changed":false,"_monsterinsights_skip_tracking":false,"_monsterinsights_sitenote_active":false,"_monsterinsights_sitenote_note":"","_monsterinsights_sitenote_category":0,"_uf_show_specific_survey":0,"_uf_disable_surveys":false,"_joinchat":[]},"product_brand":[],"product_cat":[243],"product_tag":[],"class_list":{"0":"post-13638","1":"product","2":"type-product","3":"status-publish","4":"has-post-thumbnail","6":"product_cat-reseaux","8":"first","9":"onbackorder","10":"sale","11":"shipping-taxable","12":"purchasable","13":"product-type-simple"},"acf":[],"jetpack_sharing_enabled":true,"_links":{"self":[{"href":"https:\/\/digistar.ma\/index.php?rest_route=\/wp\/v2\/product\/13638","targetHints":{"allow":["GET"]}}],"collection":[{"href":"https:\/\/digistar.ma\/index.php?rest_route=\/wp\/v2\/product"}],"about":[{"href":"https:\/\/digistar.ma\/index.php?rest_route=\/wp\/v2\/types\/product"}],"replies":[{"embeddable":true,"href":"https:\/\/digistar.ma\/index.php?rest_route=%2Fwp%2Fv2%2Fcomments&post=13638"}],"version-history":[{"count":1,"href":"https:\/\/digistar.ma\/index.php?rest_route=\/wp\/v2\/product\/13638\/revisions"}],"predecessor-version":[{"id":13643,"href":"https:\/\/digistar.ma\/index.php?rest_route=\/wp\/v2\/product\/13638\/revisions\/13643"}],"wp:featuredmedia":[{"embeddable":true,"href":"https:\/\/digistar.ma\/index.php?rest_route=\/wp\/v2\/media\/13639"}],"wp:attachment":[{"href":"https:\/\/digistar.ma\/index.php?rest_route=%2Fwp%2Fv2%2Fmedia&parent=13638"}],"wp:term":[{"taxonomy":"product_brand","embeddable":true,"href":"https:\/\/digistar.ma\/index.php?rest_route=%2Fwp%2Fv2%2Fproduct_brand&post=13638"},{"taxonomy":"product_cat","embeddable":true,"href":"https:\/\/digistar.ma\/index.php?rest_route=%2Fwp%2Fv2%2Fproduct_cat&post=13638"},{"taxonomy":"product_tag","embeddable":true,"href":"https:\/\/digistar.ma\/index.php?rest_route=%2Fwp%2Fv2%2Fproduct_tag&post=13638"}],"curies":[{"name":"wp","href":"https:\/\/api.w.org\/{rel}","templated":true}]}}