{"id":13651,"date":"2024-11-03T21:11:03","date_gmt":"2024-11-03T21:11:03","guid":{"rendered":"https:\/\/digistar.ma\/?post_type=product&#038;p=13651"},"modified":"2024-11-03T21:11:03","modified_gmt":"2024-11-03T21:11:03","slug":"telephone-ip-filaire-grandstream-gxp1628","status":"publish","type":"product","link":"https:\/\/digistar.ma\/?product=telephone-ip-filaire-grandstream-gxp1628","title":{"rendered":"T\u00e9l\u00e9phone IP filaire Grandstream GXP1628"},"content":{"rendered":"<h2>T\u00e9l\u00e9phone IP filaire Grandstream GXP1628<\/h2>\n<p>Le\u00a0<span class=\"od_red\"><strong><span class=\"product_description_red\">Grandstream GPX1628<\/span><\/strong><\/span>\u00a0est un t\u00e9l\u00e9phone IP professionnel de bureau. Il est dot\u00e9 de la\u00a0<strong>technologie POE<\/strong>\u00a0( Power Over Ethernet ). Il s&#8217;agit d&#8217;un t\u00e9l\u00e9phone de bureau simple et convivial qui conviendra parfaitement aux petites entreprises.<\/p>\n<p>C&#8217;est le mod\u00e8le le plus avanc\u00e9 de la gamme Grandstream 16xx et il dispose de\u00a0<strong>2 comptes SIP.<\/strong><\/p>\n<h3><strong>Fonctions avanc\u00e9es<\/strong><\/h3>\n<p>Le\u00a0<strong>GXP1628<\/strong>\u00a0offre toutes les fonctions standards d&#8217;un t\u00e9l\u00e9phone de bureau telles que : mise en attente, transfert et renvoi d&#8217;appel, mies en sourdine. Il int\u00e8gre \u00e9galement plusieurs fonctions avanc\u00e9es comme les\u00a0<strong>conf\u00e9rences t\u00e9l\u00e9phonqiues \u00e0 trois<\/strong>, la num\u00e9rotation automatique, ou le d\u00e9croch\u00e9 automatique.<\/p>\n<p>Vous pouvez stocker jusqu&#8217;\u00e0\u00a0<strong>500 contacts<\/strong>\u00a0dans son repertoire et consulter jusqu&#8217;\u00e0 200 enristrements d&#8217;appels. L&#8217;\u00e9cran graphique LCD r\u00e9tro-\u00e9clair\u00e9 du GXP1628 facilite la navigation dans le menu<strong>.<\/strong><\/p>\n<h3><strong>Haute qualit\u00e9 audio<\/strong><\/h3>\n<p><strong>L&#8217;audio large bande<\/strong>\u00a0et\u00a0<strong>l&#8217;annulation avanc\u00e9e de l&#8217;\u00e9cho<\/strong>\u00a0acosutique assurent des communications claires. Ces technologies am\u00e9liorent \u00e9galement la qualit\u00e9 du son en mode haut-parleur ou en mode casque.<\/p>\n<h3><strong>Affichage personnalis\u00e9<\/strong><\/h3>\n<p>Pour donner \u00e0 votre GXP1628 une touche personnelle vous pouvez\u00a0<strong>personnaliser votre \u00e9cran<\/strong>\u00a0ainsi que s\u00e9lectionner vos propres sonneries musicales. Vous pouvez \u00e9galement programmer le service automatis\u00e9 d&#8217;informations personnelles pour vous tenir au courant de la m\u00e9t\u00e9o de la semaine par exemple.<\/p>\n","protected":false},"excerpt":{"rendered":"<ul>\n<li>Protocole SIP<\/li>\n<li>2 Ports Ethernet 10\/100\/1000<\/li>\n<li>PoE<\/li>\n<li>\u00c9cran LCD 2.95&#8243;<\/li>\n<li>Indicateurs lumineux<\/li>\n<li>Audio Full HD<\/li>\n<li>EHS pour casques Plantronics<\/li>\n<li>Montage mural possible<\/li>\n<li>Multilingue<\/li>\n<li>Dimensions : 209 x 184.5 x 76.2 mm<\/li>\n<li>Poids : 800 g<\/li>\n<\/ul>\n","protected":false},"featured_media":13652,"comment_status":"open","ping_status":"closed","template":"","meta":{"_acf_changed":false,"_monsterinsights_skip_tracking":false,"_monsterinsights_sitenote_active":false,"_monsterinsights_sitenote_note":"","_monsterinsights_sitenote_category":0,"_uf_show_specific_survey":0,"_uf_disable_surveys":false,"_joinchat":[]},"product_brand":[],"product_cat":[243],"product_tag":[],"class_list":{"0":"post-13651","1":"product","2":"type-product","3":"status-publish","4":"has-post-thumbnail","6":"product_cat-reseaux","8":"first","9":"onbackorder","10":"sale","11":"shipping-taxable","12":"purchasable","13":"product-type-simple"},"acf":[],"jetpack_sharing_enabled":true,"_links":{"self":[{"href":"https:\/\/digistar.ma\/index.php?rest_route=\/wp\/v2\/product\/13651","targetHints":{"allow":["GET"]}}],"collection":[{"href":"https:\/\/digistar.ma\/index.php?rest_route=\/wp\/v2\/product"}],"about":[{"href":"https:\/\/digistar.ma\/index.php?rest_route=\/wp\/v2\/types\/product"}],"replies":[{"embeddable":true,"href":"https:\/\/digistar.ma\/index.php?rest_route=%2Fwp%2Fv2%2Fcomments&post=13651"}],"version-history":[{"count":1,"href":"https:\/\/digistar.ma\/index.php?rest_route=\/wp\/v2\/product\/13651\/revisions"}],"predecessor-version":[{"id":13654,"href":"https:\/\/digistar.ma\/index.php?rest_route=\/wp\/v2\/product\/13651\/revisions\/13654"}],"wp:featuredmedia":[{"embeddable":true,"href":"https:\/\/digistar.ma\/index.php?rest_route=\/wp\/v2\/media\/13652"}],"wp:attachment":[{"href":"https:\/\/digistar.ma\/index.php?rest_route=%2Fwp%2Fv2%2Fmedia&parent=13651"}],"wp:term":[{"taxonomy":"product_brand","embeddable":true,"href":"https:\/\/digistar.ma\/index.php?rest_route=%2Fwp%2Fv2%2Fproduct_brand&post=13651"},{"taxonomy":"product_cat","embeddable":true,"href":"https:\/\/digistar.ma\/index.php?rest_route=%2Fwp%2Fv2%2Fproduct_cat&post=13651"},{"taxonomy":"product_tag","embeddable":true,"href":"https:\/\/digistar.ma\/index.php?rest_route=%2Fwp%2Fv2%2Fproduct_tag&post=13651"}],"curies":[{"name":"wp","href":"https:\/\/api.w.org\/{rel}","templated":true}]}}