{"id":13655,"date":"2024-11-03T21:32:30","date_gmt":"2024-11-03T21:32:30","guid":{"rendered":"https:\/\/digistar.ma\/?post_type=product&#038;p=13655"},"modified":"2024-11-03T21:32:31","modified_gmt":"2024-11-03T21:32:31","slug":"station-de-base-voip-dect-longue-portee-grandstream-dp750","status":"publish","type":"product","link":"https:\/\/digistar.ma\/?product=station-de-base-voip-dect-longue-portee-grandstream-dp750","title":{"rendered":"Station de base VoIP DECT longue port\u00e9e Grandstream DP750"},"content":{"rendered":"<h3>Station de base VoIP DECT longue port\u00e9e Grandstream DP750<\/h3>\n<p>La<strong>\u00a0base DECT Grandstream DP750<\/strong>\u00a0vous permet de coupler un maximum de\u00a0<strong>cinq combin\u00e9s Grandstream DP720 DECT<\/strong>\u00a0pour offrir une\u00a0<strong>mobilit\u00e9 et une flexibilit\u00e9<\/strong>\u00a0aux entreprises qui en ont besoin.<\/p>\n<p>Cette base vous permet de g\u00e9rer jusqu&#8217;\u00e0\u00a0<strong>10 comptes SIP<\/strong>\u00a0et<strong>\u00a04 appels simultan\u00e9s<\/strong>, de plus vous avez la possibilit\u00e9 de r\u00e9aliser des\u00a0<strong>conf\u00e9rences \u00e0 3 participants en qualit\u00e9 HD.<\/strong><\/p>\n<p>B\u00e9n\u00e9ficiant d&#8217;une port\u00e9e de\u00a0<strong>300 m\u00e8tres \u00e0 l&#8217;ext\u00e9rieur et 50 m\u00e8tres \u00e0 l&#8217;int\u00e9rieur,<\/strong>\u00a0cette station DECT vous offre une libert\u00e9 de mouvement autour de votre espace de travail.<\/p>\n<p>Moins de c\u00e2bles de connexions gr\u00e2ce au\u00a0<strong>PoE,<\/strong>\u00a0vous pouvez brancher tout simplement votre base DP750 sur une\u00a0<strong>prise Ethernet.<\/strong>\u00a0Chaque combin\u00e9 appair\u00e9 \u00e0 la base poss\u00e8de un compte SIP partag\u00e9 afin de b\u00e9n\u00e9ficier de\u00a0<strong>fonctionnalit\u00e9s unifi\u00e9es<\/strong>\u00a0sans aucunes difficult\u00e9s.<\/p>\n<p>Vous pouvez alors r\u00e9pondre \u00e0 tous les appels ind\u00e9pendamment de l\u2019emplacement, en temps r\u00e9el.<\/p>\n<p>Le DP750 prend en charge une vari\u00e9t\u00e9 de m\u00e9thodes de configuration automatique ainsi que le\u00a0<strong>cryptage s\u00e9curis\u00e9 TLS\/SRTP\/ HTTPS.<\/strong>\u00a0Associ\u00e9 au DP720, la base Grandstream DP750 offre une\u00a0<strong>solution VoIP sans fil puissante et de tr\u00e8s bonne qualit\u00e9.<\/strong><\/p>\n<p><span class=\"od_red15px_dottedbordertop\">Caract\u00e9ristiques techniques<\/span><\/p>\n<ul>\n<li>Jusqu&#8217;\u00e0<strong>\u00a010 comptes SIP par base<\/strong><\/li>\n<li>Jusqu&#8217;\u00e0\u00a0<strong>10 lignes<\/strong>\u00a0par combin\u00e9 et\u00a0<strong>4 appels simultan\u00e9s<\/strong><\/li>\n<li>P\u00e9rim\u00e8tre de fonctionnement de 300 m\u00e8tres \u00e0 l\u2019ext\u00e9rieur et de 50 m\u00e8tres \u00e0 l\u2019int\u00e9rieur<\/li>\n<li><strong>T\u00e9l\u00e9conf\u00e9rence \u00e0 3 en HD<\/strong><\/li>\n<li><strong>PoE i<\/strong>nt\u00e9gr\u00e9<\/li>\n<li>Technologie de\u00a0<strong>cryptage de s\u00e9curit\u00e9 TLS et SRTP<\/strong>\u00a0qui prot\u00e8ge les appels et les comptes<\/li>\n<li>Utilisable\u00a0<strong>avec les PBX IP<\/strong>\u00a0de la gamme UCM de Grandstream, ce qui permet d\u2019\u00e9viter toute configuration<\/li>\n<\/ul>\n<p>&nbsp;<\/p>\n<div class=\"embed-responsive embed-responsive-16by9\"><iframe class=\"embed-responsive-item\" src=\"https:\/\/www.youtube.com\/embed\/wfuRkDklmtM\" width=\"560\" height=\"315\" frameborder=\"0\" data-mce-fragment=\"1\"><\/iframe><\/div>\n","protected":false},"excerpt":{"rendered":"<ul>\n<li>Jusqu&#8217;\u00e0<strong>\u00a010 comptes SIP par base<\/strong><\/li>\n<li>Jusqu&#8217;\u00e0\u00a0<strong>10 lignes<\/strong>\u00a0par combin\u00e9 et\u00a0<strong>4 appels simultan\u00e9s<\/strong><\/li>\n<li>P\u00e9rim\u00e8tre de fonctionnement de 300 m\u00e8tres \u00e0 l\u2019ext\u00e9rieur et de 50 m\u00e8tres \u00e0 l\u2019int\u00e9rieur<\/li>\n<li><strong>T\u00e9l\u00e9conf\u00e9rence \u00e0 3 en HD<\/strong><\/li>\n<li><strong>PoE i<\/strong>nt\u00e9gr\u00e9<\/li>\n<li>Technologie de\u00a0<strong>cryptage de s\u00e9curit\u00e9 TLS et SRTP<\/strong>\u00a0qui prot\u00e8ge les appels et les comptes<\/li>\n<li>Utilisable\u00a0<strong>avec les PBX IP<\/strong>\u00a0de la gamme UCM de Grandstream, ce qui permet d\u2019\u00e9viter toute configuration<\/li>\n<\/ul>\n","protected":false},"featured_media":13656,"comment_status":"open","ping_status":"closed","template":"","meta":{"_acf_changed":false,"_monsterinsights_skip_tracking":false,"_monsterinsights_sitenote_active":false,"_monsterinsights_sitenote_note":"","_monsterinsights_sitenote_category":0,"_uf_show_specific_survey":0,"_uf_disable_surveys":false,"_joinchat":[]},"product_brand":[],"product_cat":[243],"product_tag":[],"class_list":{"0":"post-13655","1":"product","2":"type-product","3":"status-publish","4":"has-post-thumbnail","6":"product_cat-reseaux","8":"first","9":"onbackorder","10":"sale","11":"shipping-taxable","12":"purchasable","13":"product-type-simple"},"acf":[],"jetpack_sharing_enabled":true,"_links":{"self":[{"href":"https:\/\/digistar.ma\/index.php?rest_route=\/wp\/v2\/product\/13655","targetHints":{"allow":["GET"]}}],"collection":[{"href":"https:\/\/digistar.ma\/index.php?rest_route=\/wp\/v2\/product"}],"about":[{"href":"https:\/\/digistar.ma\/index.php?rest_route=\/wp\/v2\/types\/product"}],"replies":[{"embeddable":true,"href":"https:\/\/digistar.ma\/index.php?rest_route=%2Fwp%2Fv2%2Fcomments&post=13655"}],"version-history":[{"count":2,"href":"https:\/\/digistar.ma\/index.php?rest_route=\/wp\/v2\/product\/13655\/revisions"}],"predecessor-version":[{"id":13660,"href":"https:\/\/digistar.ma\/index.php?rest_route=\/wp\/v2\/product\/13655\/revisions\/13660"}],"wp:featuredmedia":[{"embeddable":true,"href":"https:\/\/digistar.ma\/index.php?rest_route=\/wp\/v2\/media\/13656"}],"wp:attachment":[{"href":"https:\/\/digistar.ma\/index.php?rest_route=%2Fwp%2Fv2%2Fmedia&parent=13655"}],"wp:term":[{"taxonomy":"product_brand","embeddable":true,"href":"https:\/\/digistar.ma\/index.php?rest_route=%2Fwp%2Fv2%2Fproduct_brand&post=13655"},{"taxonomy":"product_cat","embeddable":true,"href":"https:\/\/digistar.ma\/index.php?rest_route=%2Fwp%2Fv2%2Fproduct_cat&post=13655"},{"taxonomy":"product_tag","embeddable":true,"href":"https:\/\/digistar.ma\/index.php?rest_route=%2Fwp%2Fv2%2Fproduct_tag&post=13655"}],"curies":[{"name":"wp","href":"https:\/\/api.w.org\/{rel}","templated":true}]}}