{"id":13667,"date":"2024-11-03T22:01:48","date_gmt":"2024-11-03T22:01:48","guid":{"rendered":"https:\/\/digistar.ma\/?post_type=product&#038;p=13667"},"modified":"2024-11-03T22:01:48","modified_gmt":"2024-11-03T22:01:48","slug":"telephone-voip-dect-sans-fil-grandstream-dp720","status":"publish","type":"product","link":"https:\/\/digistar.ma\/?product=telephone-voip-dect-sans-fil-grandstream-dp720","title":{"rendered":"T\u00e9l\u00e9phone VoIP DECT sans fil Grandstream DP720"},"content":{"rendered":"<h3>T\u00e9l\u00e9phone VoIP DECT sans fil Grandstream DP720<\/h3>\n<p><img fetchpriority=\"high\" decoding=\"async\" class=\"img-fluid\" title=\"1\" src=\"https:\/\/www.onedirect.fr\/media\/catalog\/product\/g\/g\/ggg.jpg\" alt=\"1\" width=\"360\" height=\"360\" \/><\/p>\n<h3><span class=\"\u201dproduct_description_red\u201d\"><strong>Une port\u00e9e de signal incroyable pour un t\u00e9l\u00e9phone sans fil<\/strong><br \/>\n<\/span><\/h3>\n<p><span class=\"\u201dproduct_description_red\u201d\">Le\u00a0<span class=\"od_red\"><strong>Grandstream DP720 DECT Wireless Handset\u00a0<\/strong><\/span><\/span>est un t\u00e9l\u00e9phone VOIP sans fil DECT qui supporte une\u00a0<strong>port\u00e9e allant jusqu&#8217;\u00e0 300 m\u00e8tres<\/strong>\u00a0\u00e0 l&#8217;exterieur et 50 m\u00e8tres \u00e0 l&#8217;int\u00e9rieur depuis la station de base.<\/p>\n<h3>Fonctions t\u00e9l\u00e9phoniques avanc\u00e9es<\/h3>\n<p>Le DP720 offre une gamme de fonctions t\u00e9l\u00e9phonqiues utiles comme la\u00a0<strong>prise en charge de 10 comptes SIP par combin\u00e9<\/strong>, une prise casque Jack 3.5, une prise en charge multilingue ainsi qu&#8217;une fonction haut parleur et mise en sourdine.<\/p>\n<p>Associ\u00e9 \u00e0 la base DECT DP750 de grandstream, le DP720 offre un puissant combin\u00e9 qui permet \u00e0 tout utlisateur professionnel ou r\u00e9sidentiel de cr\u00e9er une solution VOIP sans fil.<\/p>\n<h3>Capacit\u00e9 de fonctionnement sans batterie<\/h3>\n<p>Le combin\u00e9 sans fil Grandstream DP720 est \u00e9quip\u00e9 d&#8217;une prise micro USB, qui, une fois connect\u00e9e, lui permet de<strong>\u00a0fonctionner m\u00eame sans batterie<\/strong>. Le combin\u00e9 poss\u00e8de un \u00e9cran LCD TFT couleur de 1,8 pouces ( 128&#215;160 ) qui affiche les pages Menu et Contacts sans \u00e9puiser la batterie, qui peut tenir\u00a0<strong>250h en veille et 20h en communication.<\/strong><\/p>\n","protected":false},"excerpt":{"rendered":"<ul>\n<li><strong>10 comptes SIP<\/strong>\u00a0par combin\u00e9<\/li>\n<li>Compatible avec les appareils de correction auditive<\/li>\n<li><strong>Audio HD<\/strong>\u00a0sur le combin\u00e9 ou le haut parleur<\/li>\n<li><strong>Authentification DECT et cryptage<\/strong><\/li>\n<li>Chaque combin\u00e9 peut acc\u00e9der \u00e0 dix (10) lignes maximum<\/li>\n<li>Mise en attente<\/li>\n<li>Transfert<\/li>\n<li>Acheminement<\/li>\n<li><strong>T\u00e9l\u00e9conf\u00e9rence \u00e0 3<\/strong><\/li>\n<li>Mise en attente par indicatif<\/li>\n<li>Prise d\u2019appel<\/li>\n<li>Annuaire t\u00e9l\u00e9chargeable<\/li>\n<li>Appel en attente<\/li>\n<li>R\u00e9ponse automatique<\/li>\n<li>num\u00e9rotation rapide<\/li>\n<li>Plan de num\u00e9rotation modulable<\/li>\n<li>Musique d\u2019attente<\/li>\n<\/ul>\n","protected":false},"featured_media":13668,"comment_status":"open","ping_status":"closed","template":"","meta":{"_acf_changed":false,"_monsterinsights_skip_tracking":false,"_monsterinsights_sitenote_active":false,"_monsterinsights_sitenote_note":"","_monsterinsights_sitenote_category":0,"_uf_show_specific_survey":0,"_uf_disable_surveys":false,"_joinchat":[]},"product_brand":[],"product_cat":[243],"product_tag":[],"class_list":{"0":"post-13667","1":"product","2":"type-product","3":"status-publish","4":"has-post-thumbnail","6":"product_cat-reseaux","8":"first","9":"onbackorder","10":"sale","11":"shipping-taxable","12":"purchasable","13":"product-type-simple"},"acf":[],"jetpack_sharing_enabled":true,"_links":{"self":[{"href":"https:\/\/digistar.ma\/index.php?rest_route=\/wp\/v2\/product\/13667","targetHints":{"allow":["GET"]}}],"collection":[{"href":"https:\/\/digistar.ma\/index.php?rest_route=\/wp\/v2\/product"}],"about":[{"href":"https:\/\/digistar.ma\/index.php?rest_route=\/wp\/v2\/types\/product"}],"replies":[{"embeddable":true,"href":"https:\/\/digistar.ma\/index.php?rest_route=%2Fwp%2Fv2%2Fcomments&post=13667"}],"version-history":[{"count":1,"href":"https:\/\/digistar.ma\/index.php?rest_route=\/wp\/v2\/product\/13667\/revisions"}],"predecessor-version":[{"id":13672,"href":"https:\/\/digistar.ma\/index.php?rest_route=\/wp\/v2\/product\/13667\/revisions\/13672"}],"wp:featuredmedia":[{"embeddable":true,"href":"https:\/\/digistar.ma\/index.php?rest_route=\/wp\/v2\/media\/13668"}],"wp:attachment":[{"href":"https:\/\/digistar.ma\/index.php?rest_route=%2Fwp%2Fv2%2Fmedia&parent=13667"}],"wp:term":[{"taxonomy":"product_brand","embeddable":true,"href":"https:\/\/digistar.ma\/index.php?rest_route=%2Fwp%2Fv2%2Fproduct_brand&post=13667"},{"taxonomy":"product_cat","embeddable":true,"href":"https:\/\/digistar.ma\/index.php?rest_route=%2Fwp%2Fv2%2Fproduct_cat&post=13667"},{"taxonomy":"product_tag","embeddable":true,"href":"https:\/\/digistar.ma\/index.php?rest_route=%2Fwp%2Fv2%2Fproduct_tag&post=13667"}],"curies":[{"name":"wp","href":"https:\/\/api.w.org\/{rel}","templated":true}]}}