{"id":13724,"date":"2024-11-16T17:14:20","date_gmt":"2024-11-16T17:14:20","guid":{"rendered":"https:\/\/digistar.ma\/?post_type=product&#038;p=13724"},"modified":"2026-02-28T03:41:38","modified_gmt":"2026-02-28T03:41:38","slug":"epson-ecotank-l1300-imprimante-a3-a-reservoirs-rechargeables","status":"publish","type":"product","link":"https:\/\/digistar.ma\/?product=epson-ecotank-l1300-imprimante-a3-a-reservoirs-rechargeables","title":{"rendered":"Epson EcoTank L1300 Imprimante A3+ \u00e0 r\u00e9servoirs rechargeables"},"content":{"rendered":"<h3>Epson EcoTank L1300 Imprimante A3+ \u00e0 r\u00e9servoirs rechargeables<\/h3>\n<div class=\"heading1\">\n<h4>Impression ultra \u00e9conomique<\/h4>\n<p>Un syst\u00e8me de r\u00e9servoirs d\u2019encre ultra haute capacit\u00e9 int\u00e9gr\u00e9 rend le mod\u00e8le L1300 parfait pour une utilisation intensive tout en obtenant un co\u00fbt par page r\u00e9duit. Parfait pour les petites entreprises souhaitant produire de longs rapports, des supports publicitaires ou des dessins CAO, le mod\u00e8le L1300 est fourni avec cinq bouteilles d\u2019encre 70\u00a0ml.<\/p>\n<\/div>\n<div class=\"heading2\">\n<h4>Augmentez votre productivit\u00e9<\/h4>\n<p>Dites bonjour au r\u00e9servoir d\u2019encre int\u00e9gr\u00e9 d\u2019EcoTank et laissez les tracas des cartouches derri\u00e8re vous. En utilisant les bouteilles d\u2019encre de 70\u00a0ml incluses \u00e0 l\u2019achat, vous pourrez imprimer jusqu\u2019\u00e0 7\u00a0500\u00a0pages monochromes et 6\u00a0500\u00a0pages en couleur<sup>1<\/sup>\u00a0avant de devoir les recharger.<\/p>\n<p>Et lorsqu\u2019il est enfin temps de recharger, il n\u2019y a pas de g\u00e2chis gr\u00e2ce aux buses anti gouttes et \u00e0 la technologie intuitive de recharge d\u2019encre.<\/p>\n<\/div>\n<div class=\"heading3\">\n<h4>Impression professionnelle rapide<\/h4>\n<p>Avec la technologie Micro Piezo et \u00e0 l\u2019encre d\u2019origine Epson, les imprimantes Epson EcoTank offrent des impressions de qualit\u00e9 professionnelle, quelle que soit la taille de votre entreprise. Profitez de vitesses d\u2019impression jusqu\u2019\u00e0 17\u00a0pages par minute (ppm) en couleur et 30\u00a0ppm en monochrome<sup>2<\/sup>\u00a0et de vitesses d\u2019impression ISO de 5,5\u00a0ppm en couleur et 15\u00a0ppm en monochrome<sup>3<\/sup>.<\/p>\n<\/div>\n<div class=\"heading4\">\n<h4>Garantie promotionnelle<\/h4>\n<p>Chaque imprimante EcoTank est livr\u00e9e avec une garantie d\u2019un\u00a0an, et jusqu\u2019\u00e0 trois ans avec une garantie promotionnelle, afin que vous puissiez profiter d\u2019une tranquillit\u00e9 d\u2019esprit et d\u2019une impression de qualit\u00e9<sup>4<\/sup>.<\/p>\n<\/div>\n<div class=\"heading5\">\n<h4>Rejoignez 50\u00a0millions de clients dans le monde entier<\/h4>\n<p>Depuis qu\u2019Epson a commenc\u00e9 \u00e0 fabriquer des imprimantes EcoTank en 2010, plus de 50\u00a0millions d\u2019imprimantes EcoTank ont \u00e9t\u00e9 vendues dans le monde<sup>5<\/sup>\u00a0et font d\u2019Epson l\u2019imprimante \u00e0 r\u00e9servoir d\u2019encre n\u00b0\u00a01 dans le monde\u202d<sup>6<\/sup>.<\/p>\n<p>7\u00a0imprimantes \u00e0 r\u00e9servoir d\u2019encre sur 10 vendues au Moyen-Orient et en Afrique sont des imprimantes Epson<sup>6<\/sup>.<\/p>\n<\/div>\n","protected":false},"excerpt":{"rendered":"<p>Livr\u00e9e avec encre noire jusqu&#8217;\u00e0 7100 pages et 5700 pages en couleur (2 bouteilles d&#8217;encre noire de 40ml; 3 Bouteilles d\u2019encre couleurs individuelles de 40ml)<br \/>\nVitesse d&#8217;impression noir: 30 pages\/min (15 pages\/min en norme ISO)<br \/>\nVitesse d&#8217;impression couleur: 17 pages\/min (5,5 pages\/min en norme ISO)<br \/>\nQualit\u00e9 d&#8217;impression noire: 5706 x 1440 DPI (ppp)<br \/>\nQualit\u00e9 d&#8217;impression couleur: 5706 x 1440 DPI (ppp)<br \/>\nImpression recto\/verso: Manuelle<br \/>\nFonctionne avec: 4 R\u00e9servoirs (noire, cyan, magenta, jaune)<br \/>\nConnectivit\u00e9: 1 port USB 2.0<\/p>\n","protected":false},"featured_media":13729,"comment_status":"open","ping_status":"closed","template":"","meta":{"_acf_changed":false,"_monsterinsights_skip_tracking":false,"_monsterinsights_sitenote_active":false,"_monsterinsights_sitenote_note":"","_monsterinsights_sitenote_category":0,"_uf_show_specific_survey":0,"_uf_disable_surveys":false,"_joinchat":[]},"product_brand":[],"product_cat":[15,380,253,265],"product_tag":[],"class_list":{"0":"post-13724","1":"product","2":"type-product","3":"status-publish","4":"has-post-thumbnail","6":"product_cat-imprimante-scanner","7":"product_cat-epson","8":"product_cat-imprimante","9":"product_cat-imprimante-a-reservoirs-rechargeables","11":"first","12":"instock","13":"sale","14":"shipping-taxable","15":"purchasable","16":"product-type-simple"},"acf":[],"jetpack_sharing_enabled":true,"_links":{"self":[{"href":"https:\/\/digistar.ma\/index.php?rest_route=\/wp\/v2\/product\/13724","targetHints":{"allow":["GET"]}}],"collection":[{"href":"https:\/\/digistar.ma\/index.php?rest_route=\/wp\/v2\/product"}],"about":[{"href":"https:\/\/digistar.ma\/index.php?rest_route=\/wp\/v2\/types\/product"}],"replies":[{"embeddable":true,"href":"https:\/\/digistar.ma\/index.php?rest_route=%2Fwp%2Fv2%2Fcomments&post=13724"}],"version-history":[{"count":3,"href":"https:\/\/digistar.ma\/index.php?rest_route=\/wp\/v2\/product\/13724\/revisions"}],"predecessor-version":[{"id":13731,"href":"https:\/\/digistar.ma\/index.php?rest_route=\/wp\/v2\/product\/13724\/revisions\/13731"}],"wp:featuredmedia":[{"embeddable":true,"href":"https:\/\/digistar.ma\/index.php?rest_route=\/wp\/v2\/media\/13729"}],"wp:attachment":[{"href":"https:\/\/digistar.ma\/index.php?rest_route=%2Fwp%2Fv2%2Fmedia&parent=13724"}],"wp:term":[{"taxonomy":"product_brand","embeddable":true,"href":"https:\/\/digistar.ma\/index.php?rest_route=%2Fwp%2Fv2%2Fproduct_brand&post=13724"},{"taxonomy":"product_cat","embeddable":true,"href":"https:\/\/digistar.ma\/index.php?rest_route=%2Fwp%2Fv2%2Fproduct_cat&post=13724"},{"taxonomy":"product_tag","embeddable":true,"href":"https:\/\/digistar.ma\/index.php?rest_route=%2Fwp%2Fv2%2Fproduct_tag&post=13724"}],"curies":[{"name":"wp","href":"https:\/\/api.w.org\/{rel}","templated":true}]}}