{"id":13778,"date":"2024-12-07T21:30:35","date_gmt":"2024-12-07T21:30:35","guid":{"rendered":"https:\/\/digistar.ma\/?post_type=product&#038;p=13778"},"modified":"2024-12-07T21:43:23","modified_gmt":"2024-12-07T21:43:23","slug":"casque-stereo-professionnel-h111-logitech-jack-35-mm","status":"publish","type":"product","link":"https:\/\/digistar.ma\/?product=casque-stereo-professionnel-h111-logitech-jack-35-mm","title":{"rendered":"Casque st\u00e9r\u00e9o professionnel H111 Logitech Jack 3,5 mm"},"content":{"rendered":"<h3>Casque st\u00e9r\u00e9o professionnel H111 Logitech Jack 3,5 mm<\/h3>\n<h2 class=\"h2-master\">Une conception polyvalente<\/h2>\n<section>Constitu\u00e9 d&#8217;un bandeau r\u00e9glable et d&#8217;oreillettes confortables, le casque\u00a0<strong>Logitech Stereo Headset H111<\/strong>\u00a0se porte avec un maximum de confort. De plus le micro peut \u00eatre port\u00e9 aussi bien du c\u00f4t\u00e9 droit que du c\u00f4t\u00e9 gauche. Avec sa tige modulable rotative, vous pouvez le positionner pour un enregistrement optimal de votre voix et le faire pivoter pour ne pas qu&#8217;il vous encombre quand vous ne l&#8217;utilisez pas.Vous profiterez d&#8217;un son st\u00e9r\u00e9o riche et d&#8217;un micro anti-bruit r\u00e9duisant les bruits de fond et retransmettant clairement vos conversations. N&#8217;utilisez pas uniquement le H111 pour vos discussions puisqu&#8217;avec le son st\u00e9r\u00e9o de ce dernier, vous pouvez l&#8217;utiliser aussi bien pour \u00e9couter de la musique, regarder vos films pr\u00e9f\u00e9r\u00e9s ou encore jouer aux jeux.<\/p>\n<\/section>\n<section>\n<div class=\"desc-image\"><img decoding=\"async\" src=\"https:\/\/media.ldlc.com\/bo\/images\/fiches\/casque\/Logitech\/H111\/1.jpg\" alt=\"\" \/><\/div>\n<div class=\"desc-text\">\n<h2>Micro anti-parasite gauche ou droite<\/h2>\n<p>Avec le Logitech Stereo Headset H111 vous allez pouvoir porter le\u00a0<strong>micro flexible anti-parasite<\/strong>\u00a0\u00e0 gauche comme \u00e0 droite et \u00e9cartez-le par simple rotation lorsque vous ne l&#8217;utilisez pas. De plus pour une clart\u00e9 encore meilleur lors de vos conversations, il \u00e9limine les bruits de fond.<br \/>\nAvec la\u00a0<strong>prise audio jack 3.5 mm<\/strong>, vous pouvez utiliser le casque sur presques tous les syst\u00e8mes d&#8217;exploitation et plates-formes. Tr\u00e8s simple \u00e0 installer, il vous suffit de brancher le H111 \u00e0 votre PC pour qu&#8217;il fonctionne imm\u00e9diatement.<\/p>\n<\/div>\n<\/section>\n<section class=\"list\">\n<h2>Caract\u00e9ristiques principales :<\/h2>\n<ul>\n<li>Un\u00a0<b>son st\u00e9r\u00e9o<\/b>\u00a0int\u00e9grale<\/li>\n<li>Bandeau r\u00e9glable avec oreilletes confortables<\/li>\n<li>Compatible avec les applications d&#8217;appel audio ou vid\u00e9o populaires (Skype, Hangouts, Yahoo Messenger&#8230;)<\/li>\n<li><strong>Micro anti-parasite gauche ou droite<\/strong><\/li>\n<li>Compatible avec les ordinateurs, les tablettes et les smartphones<\/li>\n<\/ul>\n<\/section>\n","protected":false},"excerpt":{"rendered":"<ul>\n<li>Un\u00a0<b>son st\u00e9r\u00e9o<\/b>\u00a0int\u00e9grale<\/li>\n<li>Bandeau r\u00e9glable avec oreilletes confortables<\/li>\n<li>Compatible avec les applications d&#8217;appel audio ou vid\u00e9o populaires (Skype, Hangouts, Yahoo Messenger&#8230;)<\/li>\n<li><strong>Micro anti-parasite gauche ou droite<\/strong><\/li>\n<li>Compatible avec les ordinateurs, les tablettes et les smartphones<\/li>\n<\/ul>\n","protected":false},"featured_media":13779,"comment_status":"open","ping_status":"closed","template":"","meta":{"_acf_changed":false,"_monsterinsights_skip_tracking":false,"_monsterinsights_sitenote_active":false,"_monsterinsights_sitenote_note":"","_monsterinsights_sitenote_category":0,"_uf_show_specific_survey":0,"_uf_disable_surveys":false,"_joinchat":[]},"product_brand":[],"product_cat":[244,344,278],"product_tag":[],"class_list":{"0":"post-13778","1":"product","2":"type-product","3":"status-publish","4":"has-post-thumbnail","6":"product_cat-image-son","7":"product_cat-casque-ecouteur","8":"product_cat-son","10":"first","11":"instock","12":"sale","13":"shipping-taxable","14":"purchasable","15":"product-type-simple"},"acf":[],"jetpack_sharing_enabled":true,"_links":{"self":[{"href":"https:\/\/digistar.ma\/index.php?rest_route=\/wp\/v2\/product\/13778","targetHints":{"allow":["GET"]}}],"collection":[{"href":"https:\/\/digistar.ma\/index.php?rest_route=\/wp\/v2\/product"}],"about":[{"href":"https:\/\/digistar.ma\/index.php?rest_route=\/wp\/v2\/types\/product"}],"replies":[{"embeddable":true,"href":"https:\/\/digistar.ma\/index.php?rest_route=%2Fwp%2Fv2%2Fcomments&post=13778"}],"version-history":[{"count":2,"href":"https:\/\/digistar.ma\/index.php?rest_route=\/wp\/v2\/product\/13778\/revisions"}],"predecessor-version":[{"id":13785,"href":"https:\/\/digistar.ma\/index.php?rest_route=\/wp\/v2\/product\/13778\/revisions\/13785"}],"wp:featuredmedia":[{"embeddable":true,"href":"https:\/\/digistar.ma\/index.php?rest_route=\/wp\/v2\/media\/13779"}],"wp:attachment":[{"href":"https:\/\/digistar.ma\/index.php?rest_route=%2Fwp%2Fv2%2Fmedia&parent=13778"}],"wp:term":[{"taxonomy":"product_brand","embeddable":true,"href":"https:\/\/digistar.ma\/index.php?rest_route=%2Fwp%2Fv2%2Fproduct_brand&post=13778"},{"taxonomy":"product_cat","embeddable":true,"href":"https:\/\/digistar.ma\/index.php?rest_route=%2Fwp%2Fv2%2Fproduct_cat&post=13778"},{"taxonomy":"product_tag","embeddable":true,"href":"https:\/\/digistar.ma\/index.php?rest_route=%2Fwp%2Fv2%2Fproduct_tag&post=13778"}],"curies":[{"name":"wp","href":"https:\/\/api.w.org\/{rel}","templated":true}]}}