{"id":13793,"date":"2024-12-07T22:07:37","date_gmt":"2024-12-07T22:07:37","guid":{"rendered":"https:\/\/digistar.ma\/?post_type=product&#038;p=13793"},"modified":"2024-12-07T22:09:27","modified_gmt":"2024-12-07T22:09:27","slug":"logitech-wireless-presenter-r400-telecommande-de-presentation","status":"publish","type":"product","link":"https:\/\/digistar.ma\/?product=logitech-wireless-presenter-r400-telecommande-de-presentation","title":{"rendered":"Logitech Wireless Presenter R400 T\u00e9l\u00e9commande de pr\u00e9sentation"},"content":{"rendered":"<h3>Logitech Wireless Presenter R400 T\u00e9l\u00e9commande de pr\u00e9sentation<\/h3>\n<section>Les commandes pratiques de la t\u00e9l\u00e9commande\u00a0<strong>Logitech Wireless Presenter R400<\/strong>\u00a0vous aident \u00e0 r\u00e9ussir vos pr\u00e9sentations. Avec les commandes intuitives et le pointeur laser rouge de la Wireless Presenter R400, les pr\u00e9sentations sont un vrai jeu d&#8217;enfant, m\u00eame dans les environnements les plus sombres. Le pointeur laser rouge est facile \u00e0 voir sur la plupart des surfaces et sa port\u00e9e peut atteindre 15 m\u00e8tres, vous permettant ainsi de vous d\u00e9placer dans la salle. Aucun logiciel n&#8217;est n\u00e9cessaire, il suffit de brancher le r\u00e9cepteur dans un port USB et le tour est jou\u00e9 !Lorsque vous avez termin\u00e9 votre pr\u00e9sentation, le r\u00e9cepteur se range dans le R400 pour faciliter le transport.<\/section>\n<section>\n<div class=\"desc-image\"><img decoding=\"async\" src=\"https:\/\/media.ldlc.com\/bo\/images\/fiches\/telecommande\/logitech%20R400\/6.jpg\" alt=\"\" \/><\/div>\n<div class=\"desc-text\">\n<h2>Un pointeur laser rouge<\/h2>\n<p>La t\u00e9l\u00e9commande Logitech Wireless Presenter R400 est \u00e9quip\u00e9e d&#8217;un\u00a0<strong>pointeur laser rouge<\/strong>\u00a0afin que votre public puisse voir distinctement ce que vous pointez. Avec\u00a0<strong>ses commandes intuitives<\/strong>, les boutons sont faciles \u00e0 trouver et les contours lisses sont doux au toucher.\u00a0C&#8217;est vous qui aurez le contr\u00f4le de la premi\u00e8re \u00e0 la derni\u00e8re diapositive !<\/p>\n<p>La\u00a0<strong>technologie sans fil 2,4 GHz<\/strong>\u00a0vous permet de vous d\u00e9placer librement dans la pi\u00e8ce (port\u00e9e allant jusqu&#8217;\u00e0 15 m\u00e8tres) et d&#8217;interagir avec votre public pour un impact garanti.\u00a0Vous pouvez \u00e9galement \u00e0 tout moment voir le niveau de charge des piles, un simple coup d\u2019\u0153il suffit pour savoir si oui ou non la charge est faible.<\/p>\n<\/div>\n<\/section>\n<section class=\"list\">\n<h2>Caract\u00e9ristiques principales :<\/h2>\n<ul>\n<li><strong>Un pointeur laser rouge efficace, vous permettant de montrer ce que vous voulez<\/strong><\/li>\n<li>Commandes de diaporama intuitives<\/li>\n<li>T\u00e9moin de niveau de charges des piles<\/li>\n<li>R\u00e9cepteur sans fil pr\u00eat \u00e0 l&#8217;emploi<\/li>\n<li><strong>Port\u00e9e allant jusqu&#8217;\u00e0 15 m\u00e8tres<\/strong><\/li>\n<li>Compatible Windows 10<\/li>\n<\/ul>\n<\/section>\n","protected":false},"excerpt":{"rendered":"<ul>\n<li><strong>Un pointeur laser rouge efficace, vous permettant de montrer ce que vous voulez<\/strong><\/li>\n<li>Commandes de diaporama intuitives<\/li>\n<li>T\u00e9moin de niveau de charges des piles<\/li>\n<li>R\u00e9cepteur sans fil pr\u00eat \u00e0 l&#8217;emploi<\/li>\n<li><strong>Port\u00e9e allant jusqu&#8217;\u00e0 15 m\u00e8tres<\/strong><\/li>\n<li>Compatible Windows 10<\/li>\n<\/ul>\n","protected":false},"featured_media":13800,"comment_status":"open","ping_status":"closed","template":"","meta":{"_acf_changed":false,"_monsterinsights_skip_tracking":false,"_monsterinsights_sitenote_active":false,"_monsterinsights_sitenote_note":"","_monsterinsights_sitenote_category":0,"_uf_show_specific_survey":0,"_uf_disable_surveys":false,"_joinchat":[]},"product_brand":[],"product_cat":[15],"product_tag":[],"class_list":{"0":"post-13793","1":"product","2":"type-product","3":"status-publish","4":"has-post-thumbnail","6":"product_cat-imprimante-scanner","8":"first","9":"instock","10":"sale","11":"shipping-taxable","12":"purchasable","13":"product-type-simple"},"acf":[],"jetpack_sharing_enabled":true,"_links":{"self":[{"href":"https:\/\/digistar.ma\/index.php?rest_route=\/wp\/v2\/product\/13793","targetHints":{"allow":["GET"]}}],"collection":[{"href":"https:\/\/digistar.ma\/index.php?rest_route=\/wp\/v2\/product"}],"about":[{"href":"https:\/\/digistar.ma\/index.php?rest_route=\/wp\/v2\/types\/product"}],"replies":[{"embeddable":true,"href":"https:\/\/digistar.ma\/index.php?rest_route=%2Fwp%2Fv2%2Fcomments&post=13793"}],"version-history":[{"count":3,"href":"https:\/\/digistar.ma\/index.php?rest_route=\/wp\/v2\/product\/13793\/revisions"}],"predecessor-version":[{"id":13802,"href":"https:\/\/digistar.ma\/index.php?rest_route=\/wp\/v2\/product\/13793\/revisions\/13802"}],"wp:featuredmedia":[{"embeddable":true,"href":"https:\/\/digistar.ma\/index.php?rest_route=\/wp\/v2\/media\/13800"}],"wp:attachment":[{"href":"https:\/\/digistar.ma\/index.php?rest_route=%2Fwp%2Fv2%2Fmedia&parent=13793"}],"wp:term":[{"taxonomy":"product_brand","embeddable":true,"href":"https:\/\/digistar.ma\/index.php?rest_route=%2Fwp%2Fv2%2Fproduct_brand&post=13793"},{"taxonomy":"product_cat","embeddable":true,"href":"https:\/\/digistar.ma\/index.php?rest_route=%2Fwp%2Fv2%2Fproduct_cat&post=13793"},{"taxonomy":"product_tag","embeddable":true,"href":"https:\/\/digistar.ma\/index.php?rest_route=%2Fwp%2Fv2%2Fproduct_tag&post=13793"}],"curies":[{"name":"wp","href":"https:\/\/api.w.org\/{rel}","templated":true}]}}