{"id":13938,"date":"2025-01-05T16:46:02","date_gmt":"2025-01-05T16:46:02","guid":{"rendered":"https:\/\/digistar.ma\/?post_type=product&#038;p=13938"},"modified":"2025-01-05T16:48:04","modified_gmt":"2025-01-05T16:48:04","slug":"imprimante-a-cartes-entrust-sigma-ds1","status":"publish","type":"product","link":"https:\/\/digistar.ma\/?product=imprimante-a-cartes-entrust-sigma-ds1","title":{"rendered":"Imprimante \u00e0 cartes Entrust Sigma DS1"},"content":{"rendered":"<h3>Imprimante \u00e0 cartes Entrust Sigma DS1<\/h3>\n<p>Les imprimantes de cartes d\u2019identit\u00e9 Entrust sigma ds1\u00a0repr\u00e9sentent la nouvelle g\u00e9n\u00e9ration d\u2019impression directe sur carte.<\/p>\n<p>Sp\u00e9cialement con\u00e7ues pour les environnements de cloud d\u2019aujourd\u2019hui, elles vous donnent la possibilit\u00e9 de d\u00e9livrer facilement des cartes d\u2019identification s\u00e9curis\u00e9es.<\/p>\n<p>D\u00e9couvrez la nouvelle gamme d&#8217;imprimante Datacard Entrust, derni\u00e8re g\u00e9n\u00e9ration, nouveau design et performances accrues ! La DS1 simple face, vous permettra d&#8217;imprimer des\u00a0petits et moyens volumes de cartes et badges PVC.<\/p>\n<p><strong>Sigma : La nouvelle g\u00e9n\u00e9ration d&#8217;imprimantes \u00e0 cartes et badges PVC.<br \/>\n<\/strong><br \/>\nCes imprimantes ont \u00e9t\u00e9 sp\u00e9cialement con\u00e7ues pour d\u00e9livrer facilement des cartes s\u00e9curis\u00e9es.<br \/>\nPlus simple et plus conviviale, avec un design moderne !<br \/>\nLe tableau de bord intuitif de l&#8217;imprimante vous permet de voir l&#8217;\u00e9tat de l&#8217;imprimante, de commander des fournitures et plus encore &#8211; le tout \u00e0 partir de votre appareil mobile.<br \/>\nUn anneau de lumi\u00e8re LED vous avertit de l&#8217;\u00e9tat de l&#8217;imprimante, en cas de probl\u00e8me.<\/p>\n<h1><a href=\"https:\/\/www.entrust.com\/sites\/default\/files\/documentation\/datasheets\/sigma-ds1-direct-to-card-printer-ds_fr.pdf\" target=\"_blank\" rel=\"noopener\">FICHE TECHNIQUE\u00a0<\/a><\/h1>\n","protected":false},"excerpt":{"rendered":"<p>Technologie d\u2019impression Sublimation<\/p>\n<p>Capacit\u00e9s d\u2019impression Recto<\/p>\n<p>R\u00e9solution d\u2019impression 300\u00a0points par pouce (ppp) (300\u00a0X\u00a0600, 300\u00a0X\u00a01\u00a0200)<\/p>\n<p>Vitesse d\u2019impression Ruban de couleur unilat\u00e9ral\u00a0: jusqu\u2019\u00e0 175 cartes par heure (cph)<\/p>\n<p>Impression monochrome : Jusqu\u2019\u00e0 660 cartes par heure recto (cph)<\/p>\n<p>Capacit\u00e9 de cartes Tr\u00e9mie d\u2019entr\u00e9e\u00a0\u2013 125\u00a0cartes Tr\u00e9mie de sortie\u00a0\u2013 125\u00a0cartes<\/p>\n<p>Taille des cartes \u00c9paisseur\u00a0: 0,25 mm\u00a0&#8211; 1,016 mm (0,010 pouces \u00e0 0,040 pouces)<\/p>\n<p>Dimension\u00a0: ID-1, CR-79, CR-80<\/p>\n<p>Environnement de fonctionnement Temp\u00e9rature\u00a0: De 15\u00a0\u00b0C \u00e0 35\u00a0\u00b0C (de 60\u00a0\u00b0F \u00e0 95\u00a0\u00b0F) Humidit\u00e9\u00a0: HR 20-80\u00a0%\u00a0\u2013 sans condensation<\/p>\n<p>Dimensions physiques L 44,2\u00a0cm x l 22,6\u00a0cm x h 22,9\u00a0cm \/ 17,4\u00a0po x 8,9\u00a0po x 9\u00a0po Poids 5,12\u00a0kg (11,3\u00a0lb)<\/p>\n<p>Connectivit\u00e9 USB<\/p>\n<h4>Ruban Couleur et 100 cartes badges <strong>OFFERT\u00a0<\/strong><\/h4>\n","protected":false},"featured_media":13939,"comment_status":"open","ping_status":"closed","template":"","meta":{"_acf_changed":false,"_monsterinsights_skip_tracking":false,"_monsterinsights_sitenote_active":false,"_monsterinsights_sitenote_note":"","_monsterinsights_sitenote_category":0,"_uf_show_specific_survey":0,"_uf_disable_surveys":false,"_joinchat":[]},"product_brand":[],"product_cat":[15,253],"product_tag":[],"class_list":{"0":"post-13938","1":"product","2":"type-product","3":"status-publish","4":"has-post-thumbnail","6":"product_cat-imprimante-scanner","7":"product_cat-imprimante","9":"first","10":"instock","11":"sale","12":"shipping-taxable","13":"purchasable","14":"product-type-simple"},"acf":[],"jetpack_sharing_enabled":true,"_links":{"self":[{"href":"https:\/\/digistar.ma\/index.php?rest_route=\/wp\/v2\/product\/13938","targetHints":{"allow":["GET"]}}],"collection":[{"href":"https:\/\/digistar.ma\/index.php?rest_route=\/wp\/v2\/product"}],"about":[{"href":"https:\/\/digistar.ma\/index.php?rest_route=\/wp\/v2\/types\/product"}],"replies":[{"embeddable":true,"href":"https:\/\/digistar.ma\/index.php?rest_route=%2Fwp%2Fv2%2Fcomments&post=13938"}],"version-history":[{"count":3,"href":"https:\/\/digistar.ma\/index.php?rest_route=\/wp\/v2\/product\/13938\/revisions"}],"predecessor-version":[{"id":13948,"href":"https:\/\/digistar.ma\/index.php?rest_route=\/wp\/v2\/product\/13938\/revisions\/13948"}],"wp:featuredmedia":[{"embeddable":true,"href":"https:\/\/digistar.ma\/index.php?rest_route=\/wp\/v2\/media\/13939"}],"wp:attachment":[{"href":"https:\/\/digistar.ma\/index.php?rest_route=%2Fwp%2Fv2%2Fmedia&parent=13938"}],"wp:term":[{"taxonomy":"product_brand","embeddable":true,"href":"https:\/\/digistar.ma\/index.php?rest_route=%2Fwp%2Fv2%2Fproduct_brand&post=13938"},{"taxonomy":"product_cat","embeddable":true,"href":"https:\/\/digistar.ma\/index.php?rest_route=%2Fwp%2Fv2%2Fproduct_cat&post=13938"},{"taxonomy":"product_tag","embeddable":true,"href":"https:\/\/digistar.ma\/index.php?rest_route=%2Fwp%2Fv2%2Fproduct_tag&post=13938"}],"curies":[{"name":"wp","href":"https:\/\/api.w.org\/{rel}","templated":true}]}}