{"id":13949,"date":"2025-01-05T17:54:12","date_gmt":"2025-01-05T17:54:12","guid":{"rendered":"https:\/\/digistar.ma\/?post_type=product&#038;p=13949"},"modified":"2025-01-05T18:04:04","modified_gmt":"2025-01-05T18:04:04","slug":"imprimante-a-carte-hiti-cs-200e","status":"publish","type":"product","link":"https:\/\/digistar.ma\/?product=imprimante-a-carte-hiti-cs-200e","title":{"rendered":"Imprimante \u00e0 carte HITI CS-200E"},"content":{"rendered":"<h3>Imprimante \u00e0 carte HITI CS-200E<\/h3>\n<p>Une nouvelle imprimante \u00e0 carte chez HITI, plus silencieuse, plus performante et adaptable en fonction de votre besoin. La machine reste simple, et des kits sont disponible pour pouvoir avoir plus d&#8217;option (kit pour impression recto-verso, cartouche de 1000 carte sur l&#8217;imprimante&#8230;). Une imprimante \u00e0 sublimation thermique qui montre \u00e0 HITI qu&#8217;il ne s\u2019arr\u00eate pas d&#8217;\u00e9voluer.<\/p>\n<p>Imprimante a badge \u00e0 Impression Couleur sur cartes et badges PVC<br \/>\n\u2013 Recto \/ verso : Impression recto\/verso actualisable sous forme de kit en option<br \/>\n\u2013 Conexion : USB, ethernet en option<br \/>\n\u2013 Technologie d\u2019impression : Sublimation couleur<br \/>\n\u2013 Vitesse d\u2019impression couleur : 240 cartes\/heure en couleur une face<br \/>\n\u2013 Vitesse d\u2019impression monochrome : Entre 800 et 1500 cartes\/heure en monochrome une face<br \/>\n\u2013 Chargeur de cartes :100 cartes, chargeur de 400 cartes en option<br \/>\n\u2013 R\u00e9ceptacle de cartes : 100 cartes<br \/>\n\u2013 R\u00e9solution d\u2019impression : 300 dpi<\/p>\n<p>La HiTi CS200 est aussi id\u00e9ale pour les impressions de cartes une \u00e0 une gr\u00e2ce \u00e0 la possibilit\u00e9 d\u2019ins\u00e9rer les cartes manuellement par une fente sous son chargeur, qu\u2019elle est fantastique pour les grandes s\u00e9ries o\u00f9 son chargeur de 100 cartes, voire son chargeur optionnel de 300 cartes, font merveille en s\u2019alliant \u00e0 la capacit\u00e9 du ruban couleur qui est de 400 impressions \u00e9galement.<\/p>\n<p>Avec un rythme de production en couleur pleine face de 240 cartes \u00e0 l\u2019heure, la HiTi CS200 est de tr\u00e8s loin l\u2019imprimante \u00e0 cartes dot\u00e9e de la plus grande vitesse d\u2019impression couleur.<\/p>\n","protected":false},"excerpt":{"rendered":"<p>Imprimante a badge \u00e0 Impression Couleur sur cartes et badges PVC<br \/>\n\u2013 Conexion : USB, ethernet en option<br \/>\n\u2013 Technologie d\u2019impression : Sublimation couleur<br \/>\n\u2013 Vitesse d\u2019impression couleur : 240 cartes\/heure en couleur une face<br \/>\n\u2013 Vitesse d\u2019impression monochrome : Entre 800 et 1500 cartes\/heure en monochrome une face<br \/>\n\u2013 Chargeur de cartes :100 cartes, chargeur de 400 cartes en option<br \/>\n\u2013 R\u00e9ceptacle de cartes : 100 cartes<br \/>\n\u2013 R\u00e9solution d\u2019impression : 300 dpi<\/p>\n<h4>Ruban couleur + 100 cartes pvc<\/h4>\n<p><strong>** Recto \/ verso : Impression recto\/verso actualisable sous forme de kit en option**<\/strong><\/p>\n","protected":false},"featured_media":13950,"comment_status":"open","ping_status":"closed","template":"","meta":{"_acf_changed":false,"_monsterinsights_skip_tracking":false,"_monsterinsights_sitenote_active":false,"_monsterinsights_sitenote_note":"","_monsterinsights_sitenote_category":0,"_uf_show_specific_survey":0,"_uf_disable_surveys":false,"_joinchat":[]},"product_brand":[],"product_cat":[15,253],"product_tag":[],"class_list":{"0":"post-13949","1":"product","2":"type-product","3":"status-publish","4":"has-post-thumbnail","6":"product_cat-imprimante-scanner","7":"product_cat-imprimante","9":"first","10":"instock","11":"sale","12":"shipping-taxable","13":"purchasable","14":"product-type-simple"},"acf":[],"jetpack_sharing_enabled":true,"_links":{"self":[{"href":"https:\/\/digistar.ma\/index.php?rest_route=\/wp\/v2\/product\/13949","targetHints":{"allow":["GET"]}}],"collection":[{"href":"https:\/\/digistar.ma\/index.php?rest_route=\/wp\/v2\/product"}],"about":[{"href":"https:\/\/digistar.ma\/index.php?rest_route=\/wp\/v2\/types\/product"}],"replies":[{"embeddable":true,"href":"https:\/\/digistar.ma\/index.php?rest_route=%2Fwp%2Fv2%2Fcomments&post=13949"}],"version-history":[{"count":1,"href":"https:\/\/digistar.ma\/index.php?rest_route=\/wp\/v2\/product\/13949\/revisions"}],"predecessor-version":[{"id":13956,"href":"https:\/\/digistar.ma\/index.php?rest_route=\/wp\/v2\/product\/13949\/revisions\/13956"}],"wp:featuredmedia":[{"embeddable":true,"href":"https:\/\/digistar.ma\/index.php?rest_route=\/wp\/v2\/media\/13950"}],"wp:attachment":[{"href":"https:\/\/digistar.ma\/index.php?rest_route=%2Fwp%2Fv2%2Fmedia&parent=13949"}],"wp:term":[{"taxonomy":"product_brand","embeddable":true,"href":"https:\/\/digistar.ma\/index.php?rest_route=%2Fwp%2Fv2%2Fproduct_brand&post=13949"},{"taxonomy":"product_cat","embeddable":true,"href":"https:\/\/digistar.ma\/index.php?rest_route=%2Fwp%2Fv2%2Fproduct_cat&post=13949"},{"taxonomy":"product_tag","embeddable":true,"href":"https:\/\/digistar.ma\/index.php?rest_route=%2Fwp%2Fv2%2Fproduct_tag&post=13949"}],"curies":[{"name":"wp","href":"https:\/\/api.w.org\/{rel}","templated":true}]}}