{"id":13972,"date":"2025-01-13T13:09:22","date_gmt":"2025-01-13T13:09:22","guid":{"rendered":"https:\/\/digistar.ma\/?post_type=product&#038;p=13972"},"modified":"2025-01-20T11:43:15","modified_gmt":"2025-01-20T11:43:15","slug":"pack-sublimation-presse-mugs-double-station-epson-l121","status":"publish","type":"product","link":"https:\/\/digistar.ma\/?product=pack-sublimation-presse-mugs-double-station-epson-l121","title":{"rendered":"Pack Sublimation Presse mugs double station Epson L121"},"content":{"rendered":"<h4>Pack Sublimation Presse mugs double station Epson L121<\/h4>\n<p>Ce pack complet est id\u00e9al pour d\u00e9marrer dans la sublimation ! Il comprend une presse \u00e0 mugs double station, parfaite pour personnaliser deux mugs simultan\u00e9ment, et l\u2019imprimante Epson L121, reconnue pour sa performance et son \u00e9conomie gr\u00e2ce \u00e0 son syst\u00e8me EcoTank.<\/p>\n<p>Que vous soyez d\u00e9butant ou professionnel, ce pack vous permet de r\u00e9aliser des cr\u00e9ations uniques et de qualit\u00e9 avec une grande facilit\u00e9. Transformez vos id\u00e9es en objets personnalis\u00e9s en un clin d\u2019\u0153il avec ce combo polyvalent et \u00e9conomique.<\/p>\n<h3><strong>Avantages de ce pack :<\/strong><\/h3>\n<ul>\n<li><strong>Polyvalence<\/strong>\u00a0: Parfait pour cr\u00e9er des cadeaux personnalis\u00e9s, des articles publicitaires ou des objets d\u00e9coratifs.<\/li>\n<li><strong>\u00c9conomie<\/strong>\u00a0: La technologie EcoTank et la double station de la presse garantissent une production \u00e0 faible co\u00fbt.<\/li>\n<li><strong>Facilit\u00e9 d\u2019utilisation<\/strong>\u00a0: Convient aussi bien aux d\u00e9butants qu\u2019aux professionnels gr\u00e2ce \u00e0 son interface intuitive.<\/li>\n<li><strong>Productivit\u00e9 accrue<\/strong>\u00a0: La presse double station vous permet de personnaliser plus rapidement et efficacement.<\/li>\n<\/ul>\n<h3>Contenu du pack **<\/h3>\n<ul>\n<li>Imprimante EPSON format A4\u00a0<strong>L121<\/strong><\/li>\n<li><strong>Presse mugs double station<\/strong><\/li>\n<li>4 bouteilles d\u2019encres (CMJN) 100 ml<\/li>\n<li>Ruban haute temp\u00e9rature<\/li>\n<li>100 feuilles de papier Sublimation A4<\/li>\n<li><strong>2 MUGS \u2013 OFFERT<\/strong><\/li>\n<\/ul>\n","protected":false},"excerpt":{"rendered":"<ul>\n<li>Imprimante EPSON format A4\u00a0<strong>L121<\/strong><\/li>\n<li><strong>Presse mugs double station<\/strong><\/li>\n<li>4 bouteilles d\u2019encres (CMJN) 100 ml<\/li>\n<li>Ruban haute temp\u00e9rature<\/li>\n<li>100 feuilles de papier Sublimation A4<\/li>\n<li><strong>2 MUGS \u2013 OFFERT<\/strong><\/li>\n<\/ul>\n","protected":false},"featured_media":14004,"comment_status":"open","ping_status":"closed","template":"","meta":{"_acf_changed":false,"_monsterinsights_skip_tracking":false,"_monsterinsights_sitenote_active":false,"_monsterinsights_sitenote_note":"","_monsterinsights_sitenote_category":0,"_uf_show_specific_survey":0,"_uf_disable_surveys":false,"_joinchat":[]},"product_brand":[],"product_cat":[384,385],"product_tag":[],"class_list":{"0":"post-13972","1":"product","2":"type-product","3":"status-publish","4":"has-post-thumbnail","6":"product_cat-fournitures-dimpression","7":"product_cat-sublimation","9":"first","10":"instock","11":"sale","12":"shipping-taxable","13":"purchasable","14":"product-type-simple"},"acf":[],"jetpack_sharing_enabled":true,"_links":{"self":[{"href":"https:\/\/digistar.ma\/index.php?rest_route=\/wp\/v2\/product\/13972","targetHints":{"allow":["GET"]}}],"collection":[{"href":"https:\/\/digistar.ma\/index.php?rest_route=\/wp\/v2\/product"}],"about":[{"href":"https:\/\/digistar.ma\/index.php?rest_route=\/wp\/v2\/types\/product"}],"replies":[{"embeddable":true,"href":"https:\/\/digistar.ma\/index.php?rest_route=%2Fwp%2Fv2%2Fcomments&post=13972"}],"version-history":[{"count":1,"href":"https:\/\/digistar.ma\/index.php?rest_route=\/wp\/v2\/product\/13972\/revisions"}],"predecessor-version":[{"id":13973,"href":"https:\/\/digistar.ma\/index.php?rest_route=\/wp\/v2\/product\/13972\/revisions\/13973"}],"wp:featuredmedia":[{"embeddable":true,"href":"https:\/\/digistar.ma\/index.php?rest_route=\/wp\/v2\/media\/14004"}],"wp:attachment":[{"href":"https:\/\/digistar.ma\/index.php?rest_route=%2Fwp%2Fv2%2Fmedia&parent=13972"}],"wp:term":[{"taxonomy":"product_brand","embeddable":true,"href":"https:\/\/digistar.ma\/index.php?rest_route=%2Fwp%2Fv2%2Fproduct_brand&post=13972"},{"taxonomy":"product_cat","embeddable":true,"href":"https:\/\/digistar.ma\/index.php?rest_route=%2Fwp%2Fv2%2Fproduct_cat&post=13972"},{"taxonomy":"product_tag","embeddable":true,"href":"https:\/\/digistar.ma\/index.php?rest_route=%2Fwp%2Fv2%2Fproduct_tag&post=13972"}],"curies":[{"name":"wp","href":"https:\/\/api.w.org\/{rel}","templated":true}]}}