{"id":13978,"date":"2025-01-13T13:40:04","date_gmt":"2025-01-13T13:40:04","guid":{"rendered":"https:\/\/digistar.ma\/?post_type=product&#038;p=13978"},"modified":"2025-06-17T16:12:58","modified_gmt":"2025-06-17T16:12:58","slug":"pack-sublimation-5en1-p8100-epson-l3210-a4","status":"publish","type":"product","link":"https:\/\/digistar.ma\/?product=pack-sublimation-5en1-p8100-epson-l3210-a4","title":{"rendered":"Pack Sublimation 5en1 P8100 Epson L3210 A4"},"content":{"rendered":"<h3>Pack Sublimation 5en1 P8100 Epson L3210 A4<\/h3>\n<div class=\"electro-description clearfix\">\n<ul>\n<li>Vous souhaitez vous lancer dans la\u00a0<em>sublimation<\/em>\u00a0? Optez pour l\u2019un de nos kits comprenant l\u2019imprimante, les encres et le papier de\u00a0<em>sublimation<\/em>\u2026<\/li>\n<\/ul>\n<p>Imprimante \u00e0 sublimation pour d\u00e9buter professionnellement dans le monde de la personnalisation.<\/p>\n<p>Un pack avec tout ce dont vous avez besoin parfaitement expliqu\u00e9 et avec des produits de grande qualit\u00e9 pour qu\u2019en 30 min. vous sublimez des t-shirts, mugs, etc\u2026 Sans complications et avec des mat\u00e9riaux de premi\u00e8re qualit\u00e9.<\/p>\n<p>Le kit comprend :<\/p>\n<ul>\n<li>Imprimante EPSON format A4\u00a0<strong>L3210<\/strong><\/li>\n<li>Presse a chaud 5en1 multifonctions\u00a0 38 x 30 cm de la marque FREESUB P8100<\/li>\n<li>4 bouteilles d\u2019encres (CMJN) 100 ml<\/li>\n<li>100 feuilles de papier A4<\/li>\n<li><strong>3 Mugs Sublimation\u00a0 \u2013 OFFERT<\/strong><\/li>\n<\/ul>\n<h3><strong>Avantages du pack :<\/strong><\/h3>\n<ul>\n<li><strong>Polyvalence<\/strong> : Personnalisez une grande vari\u00e9t\u00e9 d\u2019objets avec la presse 5-en-1.<\/li>\n<li><strong>\u00c9conomie<\/strong>\u00a0: Profitez de l\u2019encre EcoTank pour imprimer \u00e0 moindre co\u00fbt.<\/li>\n<li><strong>Productivit\u00e9<\/strong>\u00a0: Le pack est con\u00e7u pour optimiser votre travail, que vous soyez d\u00e9butant ou professionnel.<\/li>\n<li><strong>Facilit\u00e9 d\u2019utilisation<\/strong>\u00a0: Simple \u00e0 installer et \u00e0 utiliser, m\u00eame pour les d\u00e9butants en sublimation.<\/li>\n<\/ul>\n<p>Avec ce pack, vous serez pr\u00eat \u00e0 personnaliser une vaste gamme de produits et \u00e0 commencer votre activit\u00e9 de sublimation \u00e0 petit prix et avec des \u00e9quipements professionnels.<\/p>\n<p><strong>Disponible maintenant sur Digistar.ma !<\/strong><\/p>\n<\/div>\n<div class=\"product_meta\"><\/div>\n","protected":false},"excerpt":{"rendered":"<ul>\n<li>Imprimante EPSON format A4\u00a0<strong>L3210<\/strong><\/li>\n<li>Presse a chaud 5en1 multifonctions\u00a0 38 x 30 cm de la marque FREESUB P8100<\/li>\n<li>4 bouteilles d\u2019encres (CMJN) 100 ml<\/li>\n<li>100 feuilles de papier A4<\/li>\n<li><strong>3 Mugs Sublimation\u00a0 \u2013 OFFERT<\/strong><\/li>\n<\/ul>\n","protected":false},"featured_media":14001,"comment_status":"open","ping_status":"closed","template":"","meta":{"_acf_changed":false,"_monsterinsights_skip_tracking":false,"_monsterinsights_sitenote_active":false,"_monsterinsights_sitenote_note":"","_monsterinsights_sitenote_category":0,"_uf_show_specific_survey":0,"_uf_disable_surveys":false,"_joinchat":[]},"product_brand":[],"product_cat":[384,385],"product_tag":[],"class_list":{"0":"post-13978","1":"product","2":"type-product","3":"status-publish","4":"has-post-thumbnail","6":"product_cat-fournitures-dimpression","7":"product_cat-sublimation","9":"first","10":"instock","11":"sale","12":"shipping-taxable","13":"purchasable","14":"product-type-simple"},"acf":[],"jetpack_sharing_enabled":true,"_links":{"self":[{"href":"https:\/\/digistar.ma\/index.php?rest_route=\/wp\/v2\/product\/13978","targetHints":{"allow":["GET"]}}],"collection":[{"href":"https:\/\/digistar.ma\/index.php?rest_route=\/wp\/v2\/product"}],"about":[{"href":"https:\/\/digistar.ma\/index.php?rest_route=\/wp\/v2\/types\/product"}],"replies":[{"embeddable":true,"href":"https:\/\/digistar.ma\/index.php?rest_route=%2Fwp%2Fv2%2Fcomments&post=13978"}],"version-history":[{"count":3,"href":"https:\/\/digistar.ma\/index.php?rest_route=\/wp\/v2\/product\/13978\/revisions"}],"predecessor-version":[{"id":14691,"href":"https:\/\/digistar.ma\/index.php?rest_route=\/wp\/v2\/product\/13978\/revisions\/14691"}],"wp:featuredmedia":[{"embeddable":true,"href":"https:\/\/digistar.ma\/index.php?rest_route=\/wp\/v2\/media\/14001"}],"wp:attachment":[{"href":"https:\/\/digistar.ma\/index.php?rest_route=%2Fwp%2Fv2%2Fmedia&parent=13978"}],"wp:term":[{"taxonomy":"product_brand","embeddable":true,"href":"https:\/\/digistar.ma\/index.php?rest_route=%2Fwp%2Fv2%2Fproduct_brand&post=13978"},{"taxonomy":"product_cat","embeddable":true,"href":"https:\/\/digistar.ma\/index.php?rest_route=%2Fwp%2Fv2%2Fproduct_cat&post=13978"},{"taxonomy":"product_tag","embeddable":true,"href":"https:\/\/digistar.ma\/index.php?rest_route=%2Fwp%2Fv2%2Fproduct_tag&post=13978"}],"curies":[{"name":"wp","href":"https:\/\/api.w.org\/{rel}","templated":true}]}}