{"id":14055,"date":"2025-02-13T22:54:13","date_gmt":"2025-02-13T22:54:13","guid":{"rendered":"https:\/\/digistar.ma\/?post_type=product&#038;p=14055"},"modified":"2025-12-19T19:59:46","modified_gmt":"2025-12-19T19:59:46","slug":"pack-sublimation-presse-casquette-epson-l3210","status":"publish","type":"product","link":"https:\/\/digistar.ma\/?product=pack-sublimation-presse-casquette-epson-l3210","title":{"rendered":"Pack Sublimation Presse Casquette Epson L3210"},"content":{"rendered":"<h2>Pack Sublimation Presse Casquette Epson L3210<\/h2>\n<p data-start=\"70\" data-end=\"165\">D\u00e9marrez votre activit\u00e9 de personnalisation de casquettes avec ce pack complet et performant.<\/p>\n<p data-start=\"167\" data-end=\"517\">Le <strong data-start=\"170\" data-end=\"232\">Pack Sublimation Presse Casquette + Imprimante Epson L3210<\/strong> est con\u00e7u pour les professionnels et les passionn\u00e9s de sublimation. Gr\u00e2ce \u00e0 l\u2019imprimante <strong data-start=\"322\" data-end=\"345\">Epson L3210 EcoTank<\/strong>, aux <strong data-start=\"351\" data-end=\"390\">encres de sublimation haute qualit\u00e9<\/strong> et \u00e0 la <strong data-start=\"399\" data-end=\"437\">presse \u00e0 casquette professionnelle<\/strong>, r\u00e9alisez des impressions nettes et durables sur vos casquettes en polyester.<\/p>\n<h3 data-start=\"519\" data-end=\"546\"><strong data-start=\"523\" data-end=\"544\">Contenu du pack :<\/strong><\/h3>\n<ul data-start=\"547\" data-end=\"1065\">\n<li data-start=\"547\" data-end=\"681\"><strong data-start=\"549\" data-end=\"583\">Imprimante Epson L3210 EcoTank<\/strong> \u2013 Impression haute r\u00e9solution avec r\u00e9servoirs d&#8217;encre rechargeables pour une \u00e9conomie maximale.<\/li>\n<li data-start=\"682\" data-end=\"787\"><strong data-start=\"684\" data-end=\"720\">Presse thermique pour casquettes<\/strong> \u2013 Facile \u00e0 utiliser, garantit un transfert optimal des couleurs.<\/li>\n<li data-start=\"788\" data-end=\"907\"><strong data-start=\"790\" data-end=\"815\">Encres de sublimation<\/strong> \u2013 Formul\u00e9es sp\u00e9cialement pour l\u2019Epson L3210, offrant des couleurs \u00e9clatantes et durables.<\/li>\n<li data-start=\"908\" data-end=\"993\"><strong data-start=\"910\" data-end=\"943\">Papier de sublimation premium<\/strong> \u2013 Pour un transfert pr\u00e9cis et de haute qualit\u00e9.<\/li>\n<li data-start=\"994\" data-end=\"1065\"><strong data-start=\"996\" data-end=\"1031\">Casquettes vierges en polyester<\/strong> \u2013 Pr\u00eates \u00e0 \u00eatre personnalis\u00e9es.<\/li>\n<\/ul>\n<h3 data-start=\"1067\" data-end=\"1103\"><strong data-start=\"1071\" data-end=\"1101\">Pourquoi choisir ce pack ?<\/strong><\/h3>\n<ul data-start=\"1104\" data-end=\"1385\">\n<li data-start=\"1104\" data-end=\"1172\"><strong data-start=\"1106\" data-end=\"1130\">Solution cl\u00e9 en main<\/strong> pour la personnalisation de casquettes.<\/li>\n<li data-start=\"1173\" data-end=\"1250\"><strong data-start=\"1175\" data-end=\"1221\">Compatible avec la sublimation Epson L3210<\/strong> et les encres sp\u00e9cifiques.<\/li>\n<li data-start=\"1251\" data-end=\"1332\"><strong data-start=\"1253\" data-end=\"1330\">Id\u00e9al pour les imprimeurs, les entrepreneurs et les cr\u00e9ateurs de marques.<\/strong><\/li>\n<li data-start=\"1333\" data-end=\"1385\"><strong data-start=\"1335\" data-end=\"1383\">Impression r\u00e9sistante aux lavages et aux UV.<\/strong><\/li>\n<\/ul>\n<h3 data-start=\"1387\" data-end=\"1443\"><strong data-start=\"1391\" data-end=\"1441\">Commandez maintenant et boostez votre activit\u00e9<\/strong><\/h3>\n<p data-start=\"1444\" data-end=\"1502\" data-is-last-node=\"\"><strong data-start=\"1444\" data-end=\"1481\">Livraison rapide partout au Maroc<\/strong><\/p>\n","protected":false},"excerpt":{"rendered":"<ul>\n<li>Imprimante EPSON format A4\u00a0<strong>L3210<\/strong>\u00a0ou<strong>\u00a0L3211\u00a0<\/strong><\/li>\n<li>Presse Casquettes<\/li>\n<li>Bouteilles d\u2019encres (CMJN) 100 ml<\/li>\n<li>Ruban haute temp\u00e9rature<\/li>\n<li>100 feuilles de papier Sublimation A4<\/li>\n<li><strong>2 CASQUETTES \u2013 OFFERT<\/strong><\/li>\n<\/ul>\n","protected":false},"featured_media":15755,"comment_status":"open","ping_status":"closed","template":"","meta":{"_acf_changed":false,"_monsterinsights_skip_tracking":false,"_monsterinsights_sitenote_active":false,"_monsterinsights_sitenote_note":"","_monsterinsights_sitenote_category":0,"_uf_show_specific_survey":0,"_uf_disable_surveys":false,"_joinchat":[]},"product_brand":[],"product_cat":[384,385],"product_tag":[],"class_list":{"0":"post-14055","1":"product","2":"type-product","3":"status-publish","4":"has-post-thumbnail","6":"product_cat-fournitures-dimpression","7":"product_cat-sublimation","9":"first","10":"instock","11":"sale","12":"shipping-taxable","13":"purchasable","14":"product-type-simple"},"acf":[],"jetpack_sharing_enabled":true,"_links":{"self":[{"href":"https:\/\/digistar.ma\/index.php?rest_route=\/wp\/v2\/product\/14055","targetHints":{"allow":["GET"]}}],"collection":[{"href":"https:\/\/digistar.ma\/index.php?rest_route=\/wp\/v2\/product"}],"about":[{"href":"https:\/\/digistar.ma\/index.php?rest_route=\/wp\/v2\/types\/product"}],"replies":[{"embeddable":true,"href":"https:\/\/digistar.ma\/index.php?rest_route=%2Fwp%2Fv2%2Fcomments&post=14055"}],"version-history":[{"count":2,"href":"https:\/\/digistar.ma\/index.php?rest_route=\/wp\/v2\/product\/14055\/revisions"}],"predecessor-version":[{"id":14063,"href":"https:\/\/digistar.ma\/index.php?rest_route=\/wp\/v2\/product\/14055\/revisions\/14063"}],"wp:featuredmedia":[{"embeddable":true,"href":"https:\/\/digistar.ma\/index.php?rest_route=\/wp\/v2\/media\/15755"}],"wp:attachment":[{"href":"https:\/\/digistar.ma\/index.php?rest_route=%2Fwp%2Fv2%2Fmedia&parent=14055"}],"wp:term":[{"taxonomy":"product_brand","embeddable":true,"href":"https:\/\/digistar.ma\/index.php?rest_route=%2Fwp%2Fv2%2Fproduct_brand&post=14055"},{"taxonomy":"product_cat","embeddable":true,"href":"https:\/\/digistar.ma\/index.php?rest_route=%2Fwp%2Fv2%2Fproduct_cat&post=14055"},{"taxonomy":"product_tag","embeddable":true,"href":"https:\/\/digistar.ma\/index.php?rest_route=%2Fwp%2Fv2%2Fproduct_tag&post=14055"}],"curies":[{"name":"wp","href":"https:\/\/api.w.org\/{rel}","templated":true}]}}