{"id":14062,"date":"2025-02-13T23:10:49","date_gmt":"2025-02-13T23:10:49","guid":{"rendered":"https:\/\/digistar.ma\/?post_type=product&#038;p=14062"},"modified":"2026-02-05T09:54:21","modified_gmt":"2026-02-05T09:54:21","slug":"pack-sublimation-5en1-freesub-p8001-epson-l3210","status":"publish","type":"product","link":"https:\/\/digistar.ma\/?product=pack-sublimation-5en1-freesub-p8001-epson-l3210","title":{"rendered":"Pack Sublimation 5en1 FreeSub P8001 Epson L3210"},"content":{"rendered":"<h3>Pack Sublimation 5en1 FreeSub P8001 Epson L3210<\/h3>\n<p data-start=\"74\" data-end=\"439\">D\u00e9marrez votre activit\u00e9 de personnalisation avec le <strong data-start=\"126\" data-end=\"192\">Pack Sublimation 5 en 1 FreeSub P8001 + Imprimante Epson L3210<\/strong>, une solution compl\u00e8te pour l\u2019impression sur plusieurs supports. Ce pack est id\u00e9al pour la personnalisation de textiles, mugs, casquettes et autres objets sublimables gr\u00e2ce \u00e0 une presse multifonction performante et une imprimante haute qualit\u00e9.<\/p>\n<h3 data-start=\"441\" data-end=\"468\"><strong data-start=\"445\" data-end=\"466\">Contenu du pack :<\/strong><\/h3>\n<ul data-start=\"469\" data-end=\"961\">\n<li data-start=\"469\" data-end=\"577\"><strong data-start=\"471\" data-end=\"505\">Imprimante Epson L3210 EcoTank<\/strong> \u2013 Syst\u00e8me d&#8217;encre continue pour une impression \u00e9conomique et durable.<\/li>\n<li data-start=\"578\" data-end=\"712\"><strong data-start=\"580\" data-end=\"619\">Presse \u00e0 chaud FreeSub P8001 5 en 1<\/strong> \u2013 Inclut plusieurs plateaux interchangeables pour textiles, mugs, casquettes et assiettes.<\/li>\n<li data-start=\"713\" data-end=\"810\"><strong data-start=\"715\" data-end=\"754\">Encres de sublimation haute qualit\u00e9<\/strong> \u2013 Formul\u00e9es pour une restitution fid\u00e8le des couleurs.<\/li>\n<li data-start=\"811\" data-end=\"886\"><strong data-start=\"813\" data-end=\"846\">Papier de sublimation premium<\/strong> \u2013 Pour des transferts nets et pr\u00e9cis.<\/li>\n<li data-start=\"887\" data-end=\"961\"><strong data-start=\"889\" data-end=\"929\">Mugs, casquettes et T-shirts vierges<\/strong> \u2013 Pr\u00eats \u00e0 \u00eatre personnalis\u00e9s.<\/li>\n<\/ul>\n<h3 data-start=\"963\" data-end=\"999\"><strong data-start=\"967\" data-end=\"997\">Pourquoi choisir ce pack ?<\/strong><\/h3>\n<ul data-start=\"1000\" data-end=\"1282\">\n<li data-start=\"1000\" data-end=\"1074\"><strong data-start=\"1002\" data-end=\"1026\">Solution polyvalente<\/strong> pour la personnalisation sur divers supports.<\/li>\n<li data-start=\"1075\" data-end=\"1153\"><strong data-start=\"1077\" data-end=\"1151\">Compatible avec l\u2019imprimante Epson L3210 et les encres de sublimation.<\/strong><\/li>\n<li data-start=\"1154\" data-end=\"1227\"><strong data-start=\"1156\" data-end=\"1225\">Id\u00e9al pour les entrepreneurs, imprimeurs et cr\u00e9ateurs de marques.<\/strong><\/li>\n<li data-start=\"1228\" data-end=\"1282\"><strong data-start=\"1230\" data-end=\"1280\">Impressions r\u00e9sistantes aux lavages et aux UV.<\/strong><\/li>\n<\/ul>\n<h3 data-start=\"1284\" data-end=\"1354\"><strong data-start=\"1288\" data-end=\"1352\">Commandez maintenant et lancez votre activit\u00e9 de sublimation<\/strong><\/h3>\n<p data-start=\"1355\" data-end=\"1413\" data-is-last-node=\"\"><strong data-start=\"1355\" data-end=\"1392\">Livraison rapide partout au Maroc<\/strong><\/p>\n","protected":false},"excerpt":{"rendered":"<ul>\n<li>Imprimante EPSON format A4\u00a0<strong>L3210<\/strong><\/li>\n<li>Presse a chaud 6en1 multifonctions\u00a0 38 x 30 cm de la marque FREESUB<strong> P8001<\/strong><\/li>\n<li>4 bouteilles d\u2019encres (CMJN) 100 ml<\/li>\n<li>100 feuilles de papier A4<\/li>\n<li><strong>3 Mugs Sublimation\u00a0 \u2013 OFFERT<\/strong><\/li>\n<\/ul>\n","protected":false},"featured_media":15758,"comment_status":"open","ping_status":"closed","template":"","meta":{"_acf_changed":false,"_monsterinsights_skip_tracking":false,"_monsterinsights_sitenote_active":false,"_monsterinsights_sitenote_note":"","_monsterinsights_sitenote_category":0,"_uf_show_specific_survey":0,"_uf_disable_surveys":false,"_joinchat":[]},"product_brand":[],"product_cat":[384,385],"product_tag":[],"class_list":{"0":"post-14062","1":"product","2":"type-product","3":"status-publish","4":"has-post-thumbnail","6":"product_cat-fournitures-dimpression","7":"product_cat-sublimation","9":"first","10":"instock","11":"sale","12":"shipping-taxable","13":"purchasable","14":"product-type-simple"},"acf":[],"jetpack_sharing_enabled":true,"_links":{"self":[{"href":"https:\/\/digistar.ma\/index.php?rest_route=\/wp\/v2\/product\/14062","targetHints":{"allow":["GET"]}}],"collection":[{"href":"https:\/\/digistar.ma\/index.php?rest_route=\/wp\/v2\/product"}],"about":[{"href":"https:\/\/digistar.ma\/index.php?rest_route=\/wp\/v2\/types\/product"}],"replies":[{"embeddable":true,"href":"https:\/\/digistar.ma\/index.php?rest_route=%2Fwp%2Fv2%2Fcomments&post=14062"}],"version-history":[{"count":1,"href":"https:\/\/digistar.ma\/index.php?rest_route=\/wp\/v2\/product\/14062\/revisions"}],"predecessor-version":[{"id":14069,"href":"https:\/\/digistar.ma\/index.php?rest_route=\/wp\/v2\/product\/14062\/revisions\/14069"}],"wp:featuredmedia":[{"embeddable":true,"href":"https:\/\/digistar.ma\/index.php?rest_route=\/wp\/v2\/media\/15758"}],"wp:attachment":[{"href":"https:\/\/digistar.ma\/index.php?rest_route=%2Fwp%2Fv2%2Fmedia&parent=14062"}],"wp:term":[{"taxonomy":"product_brand","embeddable":true,"href":"https:\/\/digistar.ma\/index.php?rest_route=%2Fwp%2Fv2%2Fproduct_brand&post=14062"},{"taxonomy":"product_cat","embeddable":true,"href":"https:\/\/digistar.ma\/index.php?rest_route=%2Fwp%2Fv2%2Fproduct_cat&post=14062"},{"taxonomy":"product_tag","embeddable":true,"href":"https:\/\/digistar.ma\/index.php?rest_route=%2Fwp%2Fv2%2Fproduct_tag&post=14062"}],"curies":[{"name":"wp","href":"https:\/\/api.w.org\/{rel}","templated":true}]}}