{"id":14077,"date":"2025-02-15T22:50:31","date_gmt":"2025-02-15T22:50:31","guid":{"rendered":"https:\/\/digistar.ma\/?post_type=product&#038;p=14077"},"modified":"2025-02-15T22:59:48","modified_gmt":"2025-02-15T22:59:48","slug":"encolleuse-de-livre-semi-automatique","status":"publish","type":"product","link":"https:\/\/digistar.ma\/?product=encolleuse-de-livre-semi-automatique","title":{"rendered":"Encolleuse de livre Semi-Automatique"},"content":{"rendered":"<h2>Encolleuse de livre Semi-Automatique<\/h2>\n<h3 data-start=\"0\" data-end=\"84\">Encolleuse de Livre Semi-Automatique \u2013 Id\u00e9ale pour une Reliure Professionnelle<\/h3>\n<p data-start=\"86\" data-end=\"375\">Optimisez votre production avec notre encolleuse de livre semi-automatique, con\u00e7ue pour assurer une reliure rapide, solide et de qualit\u00e9 professionnelle. Que vous soyez imprimeur, relieur ou reprographe, cet \u00e9quipement est parfait pour la finition de vos livres, magazines et catalogues.<\/p>\n<h3 data-start=\"377\" data-end=\"411\">Caract\u00e9ristiques principales<\/h3>\n<ul data-start=\"412\" data-end=\"867\">\n<li data-start=\"412\" data-end=\"505\">Efficacit\u00e9 accrue : application homog\u00e8ne de la colle pour une reliure robuste et durable.<\/li>\n<li data-start=\"506\" data-end=\"596\">Compatibilit\u00e9 universelle : adapt\u00e9e \u00e0 diff\u00e9rents types de papier et formats de livres.<\/li>\n<li data-start=\"597\" data-end=\"685\">Facilit\u00e9 d\u2019utilisation : interface intuitive pour une manipulation rapide et simple.<\/li>\n<li data-start=\"686\" data-end=\"778\">Haute pr\u00e9cision : assure un alignement parfait des feuilles pour un rendu professionnel.<\/li>\n<li data-start=\"779\" data-end=\"867\">Gain de temps : r\u00e9duction du temps de travail par rapport \u00e0 une encolleuse manuelle.<\/li>\n<\/ul>\n<p><img fetchpriority=\"high\" decoding=\"async\" class=\"alignnone wp-image-14082\" src=\"https:\/\/digistar.ma\/wp-content\/uploads\/2025\/02\/Encolleuse-de-livre-Semi-Automatique-2-300x253.jpg\" alt=\"Encolleuse de livre Semi-Automatique\" width=\"374\" height=\"315\" srcset=\"https:\/\/digistar.ma\/wp-content\/uploads\/2025\/02\/Encolleuse-de-livre-Semi-Automatique-2-300x253.jpg 300w, https:\/\/digistar.ma\/wp-content\/uploads\/2025\/02\/Encolleuse-de-livre-Semi-Automatique-2-768x647.jpg 768w, https:\/\/digistar.ma\/wp-content\/uploads\/2025\/02\/Encolleuse-de-livre-Semi-Automatique-2-600x505.jpg 600w, https:\/\/digistar.ma\/wp-content\/uploads\/2025\/02\/Encolleuse-de-livre-Semi-Automatique-2.jpg 1000w\" sizes=\"(max-width: 374px) 100vw, 374px\" \/><\/p>\n<h3 data-start=\"869\" data-end=\"934\">Pourquoi choisir notre encolleuse de livre semi-automatique<\/h3>\n<ul data-start=\"935\" data-end=\"1148\">\n<li data-start=\"935\" data-end=\"1002\">Productivit\u00e9 am\u00e9lior\u00e9e pour les professionnels de l\u2019impression.<\/li>\n<li data-start=\"1003\" data-end=\"1073\">Qualit\u00e9 de reliure optimale, garantissant un rendu net et \u00e9l\u00e9gant.<\/li>\n<li data-start=\"1074\" data-end=\"1148\">Maintenance simple et conception robuste pour une longue dur\u00e9e de vie.<\/li>\n<\/ul>\n<p data-start=\"1150\" data-end=\"1295\">Commandez d\u00e8s maintenant votre encolleuse de livre semi-automatique sur <a href=\"https:\/\/www.digistar.ma\" target=\"_new\" rel=\"noopener\" data-start=\"1222\" data-end=\"1264\">www.digistar.ma<\/a> et boostez votre production.<\/p>\n","protected":false},"excerpt":{"rendered":"<ul>\n<li data-start=\"935\" data-end=\"1002\">Productivit\u00e9 am\u00e9lior\u00e9e pour les professionnels de l\u2019impression.<\/li>\n<li data-start=\"1003\" data-end=\"1073\">Qualit\u00e9 de reliure optimale, garantissant un rendu net et \u00e9l\u00e9gant.<\/li>\n<li data-start=\"1074\" data-end=\"1148\">Maintenance simple et conception robuste pour une longue dur\u00e9e de vie.<\/li>\n<\/ul>\n","protected":false},"featured_media":14083,"comment_status":"open","ping_status":"closed","template":"","meta":{"_acf_changed":false,"_monsterinsights_skip_tracking":false,"_monsterinsights_sitenote_active":false,"_monsterinsights_sitenote_note":"","_monsterinsights_sitenote_category":0,"_uf_show_specific_survey":0,"_uf_disable_surveys":false,"_joinchat":[]},"product_brand":[],"product_cat":[384],"product_tag":[],"class_list":{"0":"post-14077","1":"product","2":"type-product","3":"status-publish","4":"has-post-thumbnail","6":"product_cat-fournitures-dimpression","8":"first","9":"instock","10":"sale","11":"shipping-taxable","12":"purchasable","13":"product-type-simple"},"acf":[],"jetpack_sharing_enabled":true,"_links":{"self":[{"href":"https:\/\/digistar.ma\/index.php?rest_route=\/wp\/v2\/product\/14077","targetHints":{"allow":["GET"]}}],"collection":[{"href":"https:\/\/digistar.ma\/index.php?rest_route=\/wp\/v2\/product"}],"about":[{"href":"https:\/\/digistar.ma\/index.php?rest_route=\/wp\/v2\/types\/product"}],"replies":[{"embeddable":true,"href":"https:\/\/digistar.ma\/index.php?rest_route=%2Fwp%2Fv2%2Fcomments&post=14077"}],"version-history":[{"count":3,"href":"https:\/\/digistar.ma\/index.php?rest_route=\/wp\/v2\/product\/14077\/revisions"}],"predecessor-version":[{"id":14086,"href":"https:\/\/digistar.ma\/index.php?rest_route=\/wp\/v2\/product\/14077\/revisions\/14086"}],"wp:featuredmedia":[{"embeddable":true,"href":"https:\/\/digistar.ma\/index.php?rest_route=\/wp\/v2\/media\/14083"}],"wp:attachment":[{"href":"https:\/\/digistar.ma\/index.php?rest_route=%2Fwp%2Fv2%2Fmedia&parent=14077"}],"wp:term":[{"taxonomy":"product_brand","embeddable":true,"href":"https:\/\/digistar.ma\/index.php?rest_route=%2Fwp%2Fv2%2Fproduct_brand&post=14077"},{"taxonomy":"product_cat","embeddable":true,"href":"https:\/\/digistar.ma\/index.php?rest_route=%2Fwp%2Fv2%2Fproduct_cat&post=14077"},{"taxonomy":"product_tag","embeddable":true,"href":"https:\/\/digistar.ma\/index.php?rest_route=%2Fwp%2Fv2%2Fproduct_tag&post=14077"}],"curies":[{"name":"wp","href":"https:\/\/api.w.org\/{rel}","templated":true}]}}